{"id":17795,"date":"2025-01-06T16:19:39","date_gmt":"2025-01-06T13:19:39","guid":{"rendered":"https:\/\/akerkimya.com\/eticaret\/?post_type=product&#038;p=17795"},"modified":"2026-03-30T02:24:23","modified_gmt":"2026-03-29T23:24:23","slug":"sodyum-metil-paraben","status":"publish","type":"product","link":"https:\/\/akerkimya.com\/eticaret\/urun\/sodyum-metil-paraben\/","title":{"rendered":"SODYUM MET\u0130L PARABEN"},"content":{"rendered":"<h1>SODYUM MET\u0130L PARABEN <\/h1>\n<p><strong>Sodyum metil paraben, Na (CH3(C6H4COO) O) kimyasal form\u00fcl\u00fcne sahip bile\u015fiktir. Metilparabenin sodyum tuzudur. Sodyum hidroksite p-hidroksibenzoat ilave edilerek ve reaksiyon bittikten sonra kristalizasyon i\u00e7in bekletilerek, santrif\u00fcjle s\u00fcz\u00fclerek ve son olarak vakumla kurutarak haz\u0131rlan\u0131r.<\/strong><\/p>\n<p><strong>\u00a0<\/strong><\/p>\n<p><strong>SODYUM MET\u0130L PARABEN \u00d6ZELL\u0130KLER\u0130<\/strong><\/p>\n<p><strong>Beyaz renkte toz veya kristal formdad\u0131r.<\/strong><\/p>\n<p><strong>Hafif bir karakteristik kokuya sahiptir.<\/strong><\/p>\n<p><strong>Suda kolayca \u00e7\u00f6z\u00fcn\u00fcr. Etanolde az \u00e7\u00f6z\u00fcn\u00fcr. Metilen klor\u00fcrde hemen hemen \u00e7\u00f6z\u00fcnmez.<\/strong><\/p>\n<p><strong>Hidroskopik bir kimyasald\u0131r.<\/strong><\/p>\n<p><strong>\u00a0<\/strong><\/p>\n<p><strong>TEKN\u0130K \u00d6ZELL\u0130KLER\u0130 <\/strong><\/p>\n<p><strong>CAS NUMARASI: 5026-62-0<\/strong><\/p>\n<p><strong>MOLEK\u00dcLER FORM\u00dcL: Na (CH3(C6H4COO) O)<\/strong><\/p>\n<p><strong>K\u0130MYASAL \u0130SM\u0130: Sodyum Metil Paraben, Sodyum Metil para- hidroksibenzoat, E219<\/strong><\/p>\n<p><strong>MOLEK\u00dcLER A\u011eIRLIK: 174.13<\/strong><\/p>\n<p><strong>ER\u0130ME NOKTASI: 125 \u00b0C<\/strong><\/p>\n<p><strong>PH: 9,5-10,5<\/strong><\/p>\n<p><strong>\u00a0<\/strong><\/p>\n<p><strong>KULLANIM ALANLARI<\/strong><\/p>\n<p><strong>Kozmetik sekt\u00f6r\u00fcnde <\/strong><\/p>\n<p><strong>G\u0131da sekt\u00f6r\u00fcnde, g\u0131da muhafazas\u0131n\u0131 sa\u011flamak i\u00e7in g\u0131da katk\u0131 maddesi olarak kullan\u0131l\u0131r.<\/strong><\/p>\n<p><strong>Antimikrobiyal \u00f6zelliklerinden dolay\u0131 ila\u00e7, kozmetik, tar\u0131m, hayvan yemi gibi alanlarda s\u0131k\u00e7a kullan\u0131l\u0131r.<\/strong><\/p>\n<p><strong>Tuvalet ila\u00e7lar\u0131n\u0131n korunmas\u0131 i\u00e7in kullan\u0131l\u0131r.<\/strong><\/p>\n<p><strong>Bakteri, k\u00fcf ve mayalara kar\u015f\u0131 \u00f6nlem almak i\u00e7in kullan\u0131l\u0131r.<\/strong><\/p>\n<p><strong>\u00a0<\/strong><\/p>\n<p><strong>AMBALAJ<\/strong><\/p>\n<p><strong>1-2-5-25 kg torbalar halinde<\/strong><\/p>\n<p><strong>\u00a0<\/strong><\/p>\n<p><strong>DEPOLMA<\/strong><\/p>\n<p><strong>Serin ve kuru bir alanda muhafaza ediniz.<\/strong><\/p>\n<p><strong>\u00a0<\/strong><\/p>\n","protected":false},"excerpt":{"rendered":"<p>SODYUM MET\u0130L PARABEN Sodyum metil paraben, Na (CH3(C6H4COO) O) kimyasal form\u00fcl\u00fcne sahip bile\u015fiktir. Metilparabenin sodyum tuzudur. Sodyum hidroksite p-hidroksibenzoat ilave<\/p>\n","protected":false},"featured_media":17796,"comment_status":"open","ping_status":"closed","template":"","meta":{"_joinchat":[]},"product_cat":[74,76,80,81],"product_tag":[],"class_list":{"0":"post-17795","1":"product","2":"type-product","3":"status-publish","4":"has-post-thumbnail","6":"product_cat-deterjan-ve-kozmetik-kimyasallari","7":"product_cat-gida-ve-katki-kimyasallari","8":"product_cat-veteriner-ve-ilac-kimyasallari","9":"product_cat-yem-katki-kimyasallari","11":"first","12":"instock","13":"shipping-taxable","14":"purchasable","15":"product-type-variable"},"yoast_head":"<!-- This site is optimized with the Yoast SEO Premium plugin v20.2.1 (Yoast SEO v20.2.1) - https:\/\/yoast.com\/wordpress\/plugins\/seo\/ -->\n<title>SODYUM MET\u0130L PARABEN - Akerkimya<\/title>\n<meta name=\"robots\" content=\"index, follow, max-snippet:-1, max-image-preview:large, max-video-preview:-1\" \/>\n<link rel=\"canonical\" href=\"https:\/\/akerkimya.com\/eticaret\/urun\/sodyum-metil-paraben\/\" \/>\n<meta property=\"og:locale\" content=\"tr_TR\" \/>\n<meta property=\"og:type\" content=\"article\" \/>\n<meta property=\"og:title\" content=\"SODYUM MET\u0130L PARABEN\" \/>\n<meta property=\"og:description\" content=\"SODYUM MET\u0130L PARABEN Sodyum metil paraben, Na (CH3(C6H4COO) O) kimyasal form\u00fcl\u00fcne sahip bile\u015fiktir. Metilparabenin sodyum tuzudur. Sodyum hidroksite p-hidroksibenzoat ilave\" \/>\n<meta property=\"og:url\" content=\"https:\/\/akerkimya.com\/eticaret\/urun\/sodyum-metil-paraben\/\" \/>\n<meta property=\"og:site_name\" content=\"Akerkimya\" \/>\n<meta property=\"article:modified_time\" content=\"2026-03-29T23:24:23+00:00\" \/>\n<meta property=\"og:image\" content=\"https:\/\/akerkimya.com\/eticaret\/wp-content\/uploads\/2025\/01\/SODYUM-METIL-PARABEN-GUNCEL.png\" \/>\n\t<meta property=\"og:image:width\" content=\"1000\" \/>\n\t<meta property=\"og:image:height\" content=\"1000\" \/>\n\t<meta property=\"og:image:type\" content=\"image\/png\" \/>\n<meta name=\"twitter:card\" content=\"summary_large_image\" \/>\n<meta name=\"twitter:label1\" content=\"Tahmini okuma s\u00fcresi\" \/>\n\t<meta name=\"twitter:data1\" content=\"1 dakika\" \/>\n<script type=\"application\/ld+json\" class=\"yoast-schema-graph\">{\"@context\":\"https:\/\/schema.org\",\"@graph\":[{\"@type\":\"WebPage\",\"@id\":\"https:\/\/akerkimya.com\/eticaret\/urun\/sodyum-metil-paraben\/\",\"url\":\"https:\/\/akerkimya.com\/eticaret\/urun\/sodyum-metil-paraben\/\",\"name\":\"SODYUM MET\u0130L PARABEN - Akerkimya\",\"isPartOf\":{\"@id\":\"https:\/\/akerkimya.com\/eticaret\/#website\"},\"datePublished\":\"2025-01-06T13:19:39+00:00\",\"dateModified\":\"2026-03-29T23:24:23+00:00\",\"breadcrumb\":{\"@id\":\"https:\/\/akerkimya.com\/eticaret\/urun\/sodyum-metil-paraben\/#breadcrumb\"},\"inLanguage\":\"tr\",\"potentialAction\":[{\"@type\":\"ReadAction\",\"target\":[\"https:\/\/akerkimya.com\/eticaret\/urun\/sodyum-metil-paraben\/\"]}]},{\"@type\":\"BreadcrumbList\",\"@id\":\"https:\/\/akerkimya.com\/eticaret\/urun\/sodyum-metil-paraben\/#breadcrumb\",\"itemListElement\":[{\"@type\":\"ListItem\",\"position\":1,\"name\":\"Home\",\"item\":\"https:\/\/akerkimya.com\/eticaret\/\"},{\"@type\":\"ListItem\",\"position\":2,\"name\":\"Market\",\"item\":\"https:\/\/akerkimya.com\/eticaret\/market\/\"},{\"@type\":\"ListItem\",\"position\":3,\"name\":\"SODYUM MET\u0130L PARABEN\"}]},{\"@type\":\"WebSite\",\"@id\":\"https:\/\/akerkimya.com\/eticaret\/#website\",\"url\":\"https:\/\/akerkimya.com\/eticaret\/\",\"name\":\"Akerkimya\",\"description\":\"\",\"potentialAction\":[{\"@type\":\"SearchAction\",\"target\":{\"@type\":\"EntryPoint\",\"urlTemplate\":\"https:\/\/akerkimya.com\/eticaret\/?s={search_term_string}\"},\"query-input\":\"required name=search_term_string\"}],\"inLanguage\":\"tr\"}]}<\/script>\n<!-- \/ Yoast SEO Premium plugin. -->","yoast_head_json":{"title":"SODYUM MET\u0130L PARABEN - Akerkimya","robots":{"index":"index","follow":"follow","max-snippet":"max-snippet:-1","max-image-preview":"max-image-preview:large","max-video-preview":"max-video-preview:-1"},"canonical":"https:\/\/akerkimya.com\/eticaret\/urun\/sodyum-metil-paraben\/","og_locale":"tr_TR","og_type":"article","og_title":"SODYUM MET\u0130L PARABEN","og_description":"SODYUM MET\u0130L PARABEN Sodyum metil paraben, Na (CH3(C6H4COO) O) kimyasal form\u00fcl\u00fcne sahip bile\u015fiktir. Metilparabenin sodyum tuzudur. Sodyum hidroksite p-hidroksibenzoat ilave","og_url":"https:\/\/akerkimya.com\/eticaret\/urun\/sodyum-metil-paraben\/","og_site_name":"Akerkimya","article_modified_time":"2026-03-29T23:24:23+00:00","og_image":[{"width":1000,"height":1000,"url":"https:\/\/akerkimya.com\/eticaret\/wp-content\/uploads\/2025\/01\/SODYUM-METIL-PARABEN-GUNCEL.png","type":"image\/png"}],"twitter_card":"summary_large_image","twitter_misc":{"Tahmini okuma s\u00fcresi":"1 dakika"},"schema":{"@context":"https:\/\/schema.org","@graph":[{"@type":"WebPage","@id":"https:\/\/akerkimya.com\/eticaret\/urun\/sodyum-metil-paraben\/","url":"https:\/\/akerkimya.com\/eticaret\/urun\/sodyum-metil-paraben\/","name":"SODYUM MET\u0130L PARABEN - Akerkimya","isPartOf":{"@id":"https:\/\/akerkimya.com\/eticaret\/#website"},"datePublished":"2025-01-06T13:19:39+00:00","dateModified":"2026-03-29T23:24:23+00:00","breadcrumb":{"@id":"https:\/\/akerkimya.com\/eticaret\/urun\/sodyum-metil-paraben\/#breadcrumb"},"inLanguage":"tr","potentialAction":[{"@type":"ReadAction","target":["https:\/\/akerkimya.com\/eticaret\/urun\/sodyum-metil-paraben\/"]}]},{"@type":"BreadcrumbList","@id":"https:\/\/akerkimya.com\/eticaret\/urun\/sodyum-metil-paraben\/#breadcrumb","itemListElement":[{"@type":"ListItem","position":1,"name":"Home","item":"https:\/\/akerkimya.com\/eticaret\/"},{"@type":"ListItem","position":2,"name":"Market","item":"https:\/\/akerkimya.com\/eticaret\/market\/"},{"@type":"ListItem","position":3,"name":"SODYUM MET\u0130L PARABEN"}]},{"@type":"WebSite","@id":"https:\/\/akerkimya.com\/eticaret\/#website","url":"https:\/\/akerkimya.com\/eticaret\/","name":"Akerkimya","description":"","potentialAction":[{"@type":"SearchAction","target":{"@type":"EntryPoint","urlTemplate":"https:\/\/akerkimya.com\/eticaret\/?s={search_term_string}"},"query-input":"required name=search_term_string"}],"inLanguage":"tr"}]}},"_links":{"self":[{"href":"https:\/\/akerkimya.com\/eticaret\/wp-json\/wp\/v2\/product\/17795","targetHints":{"allow":["GET"]}}],"collection":[{"href":"https:\/\/akerkimya.com\/eticaret\/wp-json\/wp\/v2\/product"}],"about":[{"href":"https:\/\/akerkimya.com\/eticaret\/wp-json\/wp\/v2\/types\/product"}],"replies":[{"embeddable":true,"href":"https:\/\/akerkimya.com\/eticaret\/wp-json\/wp\/v2\/comments?post=17795"}],"version-history":[{"count":1,"href":"https:\/\/akerkimya.com\/eticaret\/wp-json\/wp\/v2\/product\/17795\/revisions"}],"predecessor-version":[{"id":17801,"href":"https:\/\/akerkimya.com\/eticaret\/wp-json\/wp\/v2\/product\/17795\/revisions\/17801"}],"wp:featuredmedia":[{"embeddable":true,"href":"https:\/\/akerkimya.com\/eticaret\/wp-json\/wp\/v2\/media\/17796"}],"wp:attachment":[{"href":"https:\/\/akerkimya.com\/eticaret\/wp-json\/wp\/v2\/media?parent=17795"}],"wp:term":[{"taxonomy":"product_cat","embeddable":true,"href":"https:\/\/akerkimya.com\/eticaret\/wp-json\/wp\/v2\/product_cat?post=17795"},{"taxonomy":"product_tag","embeddable":true,"href":"https:\/\/akerkimya.com\/eticaret\/wp-json\/wp\/v2\/product_tag?post=17795"}],"curies":[{"name":"wp","href":"https:\/\/api.w.org\/{rel}","templated":true}]}}