{"id":17802,"date":"2025-01-06T16:26:47","date_gmt":"2025-01-06T13:26:47","guid":{"rendered":"https:\/\/akerkimya.com\/eticaret\/?post_type=product&#038;p=17802"},"modified":"2026-03-30T02:24:24","modified_gmt":"2026-03-29T23:24:24","slug":"sodyum-tripolifosfat","status":"publish","type":"product","link":"https:\/\/akerkimya.com\/eticaret\/urun\/sodyum-tripolifosfat\/","title":{"rendered":"SODYUM TR\u0130POL\u0130FOSFAT(STPP)"},"content":{"rendered":"<h1>SODYUM TR\u0130POL\u0130FOSFAT<\/h1>\n<p><strong>Tifosforik asit, STTP, pentasodyum tuzu olarak ta adland\u0131r\u0131lan Sodyum tripolifosfat Na5P3O10<\/strong> <strong>kimyasal form\u00fcl\u00fcne sahip trifosforik asidin sodyum tuzudur. \u0130norganik bir tuzdur. Y\u00fcksek PH l\u0131 bir \u00fcr\u00fcnd\u00fcr ve PH yakla\u015f\u0131k 10,5 gibidir.<\/strong><\/p>\n<p><strong>\u00a0<\/strong><\/p>\n<p><strong>SODYUM TR\u0130POL\u0130FOSFAT \u00d6ZELL\u0130KLER\u0130<\/strong><\/p>\n<p><strong>Beyaz ve renksiz g\u00f6r\u00fcn\u00fcm\u00fc vard\u0131r.<\/strong><\/p>\n<p><strong>Kristal gran\u00fcl ve toz halinde g\u00f6r\u00fclebilir.<\/strong><\/p>\n<p><strong>Da\u011f\u0131tma, ay\u0131rma ve tamponlama kabiliyeti vard\u0131r.<\/strong><\/p>\n<p><strong>G\u00fc\u00e7l\u00fc oksitleyici maddeler ile g\u00fc\u00e7l\u00fc asitlerle uyumlu de\u011fildir.<\/strong><\/p>\n<p><strong>\u00a0<\/strong><\/p>\n<p><strong>SODYUM TR\u0130POL\u0130FOSFAT TEKN\u0130K \u00d6ZLELL\u0130KLER\u0130<\/strong><\/p>\n<p><strong>MOLEK\u00dcL FORM\u00dcL\u00dc: Na5P3O10<\/strong><\/p>\n<p><strong>MOLAR K\u00dcTLE:\u00a0367,864\u00a0g\/mol<\/strong><\/p>\n<p><strong>ER\u0130ME NOKTASI:\u00a0622\u00a0\u00b0C<\/strong><\/p>\n<p><strong>YO\u011eUNLUK:\u00a02,52\u00a0g\/cm\u00b3<\/strong><\/p>\n<p><strong>G\u00d6R\u00dcN\u00dcM: Beyaz toz, gran\u00fcl<\/strong><\/p>\n<p><strong>\u00c7\u00d6Z\u00dcN\u00dcRL\u00dcK: Su i\u00e7inde tamamen \u00e7\u00f6z\u00fcn\u00fcr.<\/strong><\/p>\n<p><strong>\u00a0<\/strong><\/p>\n<p><strong>KULLANIM ALANLARI<\/strong><\/p>\n<p><strong>Su sertli\u011finin ayr\u0131lmas\u0131 d\u00fc\u015f\u00fcr\u00fclmesi i\u015flemlerinde kullan\u0131l\u0131yor.<\/strong><\/p>\n<p><strong>Kimya sekt\u00f6r\u00fcnde pH tamponlamak i\u00e7in kullan\u0131lmakta.<\/strong><\/p>\n<p><strong>Kir em\u00fclsifikasyonu ve tortula\u015fmay\u0131 engelleme \u00f6zellikleriyle kullan\u0131lmaktad\u0131r.<\/strong><\/p>\n<p><strong>D\u00fczenli ve kompakt \u00e7ama\u015f\u0131r deterjanlar\u0131nda, tuvalet temizleyici ve y\u00fczey temizleyicilerde, otomatik bula\u015f\u0131k y\u0131kama deterjanlar\u0131nda kullan\u0131lmaktad\u0131r.<\/strong><\/p>\n<p><strong>Deniz \u00fcr\u00fcnleri, et, tavuk ve evcil hayvan yemleri i\u00e7in koruyucu olarak de\u011fi\u015fik alanlarda kullan\u0131lmaktad\u0131r.<\/strong><\/p>\n<p><strong>Ya\u011f kuyusunda p\u0131ht\u0131la\u015fma bozucu ajan ve koton kaynatmada ay\u0131r\u0131c\u0131 ajan olarak kullan\u0131lmaktad\u0131r.<\/strong><\/p>\n<p><strong>Di\u015f macunu, sabun ve deterjanlarda temizleme i\u015flevini g\u00fc\u00e7lendirmek amac\u0131yla kullan\u0131l\u0131r.<\/strong><\/p>\n<p><strong>STTP end\u00fcstriyel temizleyiciler de kullan\u0131l\u0131r.<\/strong><\/p>\n<p><strong>Su yumu\u015fatma i\u015fleminde ve g\u0131da koruyucu olarak kullan\u0131l\u0131r.<\/strong><\/p>\n<p><strong>Enerji santrallerinde, solventlerin imalat\u0131nda kullan\u0131lmaktad\u0131r.<\/strong><\/p>\n<p><strong>Et i\u015fletme sekt\u00f6r\u00fcnde, <\/strong><\/p>\n<p><strong>\u015eekerleme \u00fcretiminde yumu\u015fak su sa\u011flamak i\u00e7in kullan\u0131l\u0131r.<\/strong><\/p>\n<p><strong>Lokomotif ara\u00e7lar\u0131nda, g\u00fcbre \u00fcretim so\u011futma sular\u0131nda da kullan\u0131m\u0131 g\u00f6r\u00fclmektedir.<\/strong><\/p>\n<p><strong>K\u00e2\u011f\u0131t end\u00fcstrisinde anti ya\u011f ajanlar\u0131 olarak kullan\u0131l\u0131r. \u00dcreticilerin do\u011fru rengi ortama uygularken istenmeyen renkleri uzak tutmas\u0131n\u0131 sa\u011flar.<\/strong><\/p>\n<p><strong>Sosis, jambon, et i\u015fletme sekt\u00f6r\u00fcnde ba\u015fka hammaddeler ile birlikte kullan\u0131larak k\u00fcrleme ajan\u0131 olarak i\u015flev g\u00f6rmektedir.<\/strong><\/p>\n<p><strong>Deri i\u00e7in hem bronzla\u015fma hem de tabaklama maddesi olarak kullan\u0131l\u0131r.<\/strong><\/p>\n<p><strong>\u00a0<\/strong><\/p>\n<p><strong>AMBALAJ<\/strong><\/p>\n<p><strong>1-5-25 kg torbalar halinde<\/strong><\/p>\n<p><strong>\u00a0<\/strong><\/p>\n<p><strong>DEPOLAMA<\/strong><\/p>\n<p><strong>\u00dcr\u00fcn kuru ve serin bir yerde saklanmal\u0131d\u0131r. Raf \u00f6mr\u00fc uygun \u015fartlarda 1 y\u0131ld\u0131r. \u0130stifleme \u00fcst \u00fcste 8 s\u0131ray\u0131 ge\u00e7memelidir.<\/strong><\/p>\n<p><strong>\u00a0<\/strong><\/p>\n<p><strong>\u00a0<\/strong><\/p>\n","protected":false},"excerpt":{"rendered":"<p>SODYUM TR\u0130POL\u0130FOSFAT Tifosforik asit, STTP, pentasodyum tuzu olarak ta adland\u0131r\u0131lan Sodyum tripolifosfat Na5P3O10 kimyasal form\u00fcl\u00fcne sahip trifosforik asidin sodyum tuzudur.<\/p>\n","protected":false},"featured_media":17803,"comment_status":"open","ping_status":"closed","template":"","meta":{"_joinchat":[]},"product_cat":[74,76,81],"product_tag":[],"class_list":{"0":"post-17802","1":"product","2":"type-product","3":"status-publish","4":"has-post-thumbnail","6":"product_cat-deterjan-ve-kozmetik-kimyasallari","7":"product_cat-gida-ve-katki-kimyasallari","8":"product_cat-yem-katki-kimyasallari","10":"first","11":"instock","12":"shipping-taxable","13":"purchasable","14":"product-type-variable"},"yoast_head":"<!-- This site is optimized with the Yoast SEO Premium plugin v20.2.1 (Yoast SEO v20.2.1) - https:\/\/yoast.com\/wordpress\/plugins\/seo\/ -->\n<title>SODYUM TR\u0130POL\u0130FOSFAT(STPP) - Akerkimya<\/title>\n<meta name=\"robots\" content=\"index, follow, max-snippet:-1, max-image-preview:large, max-video-preview:-1\" \/>\n<link rel=\"canonical\" href=\"https:\/\/akerkimya.com\/eticaret\/urun\/sodyum-tripolifosfat\/\" \/>\n<meta property=\"og:locale\" content=\"tr_TR\" \/>\n<meta property=\"og:type\" content=\"article\" \/>\n<meta property=\"og:title\" content=\"SODYUM TR\u0130POL\u0130FOSFAT(STPP)\" \/>\n<meta property=\"og:description\" content=\"SODYUM TR\u0130POL\u0130FOSFAT Tifosforik asit, STTP, pentasodyum tuzu olarak ta adland\u0131r\u0131lan Sodyum tripolifosfat Na5P3O10 kimyasal form\u00fcl\u00fcne sahip trifosforik asidin sodyum tuzudur.\" \/>\n<meta property=\"og:url\" content=\"https:\/\/akerkimya.com\/eticaret\/urun\/sodyum-tripolifosfat\/\" \/>\n<meta property=\"og:site_name\" content=\"Akerkimya\" \/>\n<meta property=\"article:modified_time\" content=\"2026-03-29T23:24:24+00:00\" \/>\n<meta property=\"og:image\" content=\"https:\/\/akerkimya.com\/eticaret\/wp-content\/uploads\/2025\/01\/SODYUM-TRIPOLIFOSFAT-GUNCEL.png\" \/>\n\t<meta property=\"og:image:width\" content=\"1000\" \/>\n\t<meta property=\"og:image:height\" content=\"1000\" \/>\n\t<meta property=\"og:image:type\" content=\"image\/png\" \/>\n<meta name=\"twitter:card\" content=\"summary_large_image\" \/>\n<meta name=\"twitter:label1\" content=\"Tahmini okuma s\u00fcresi\" \/>\n\t<meta name=\"twitter:data1\" content=\"2 dakika\" \/>\n<script type=\"application\/ld+json\" class=\"yoast-schema-graph\">{\"@context\":\"https:\/\/schema.org\",\"@graph\":[{\"@type\":\"WebPage\",\"@id\":\"https:\/\/akerkimya.com\/eticaret\/urun\/sodyum-tripolifosfat\/\",\"url\":\"https:\/\/akerkimya.com\/eticaret\/urun\/sodyum-tripolifosfat\/\",\"name\":\"SODYUM TR\u0130POL\u0130FOSFAT(STPP) - Akerkimya\",\"isPartOf\":{\"@id\":\"https:\/\/akerkimya.com\/eticaret\/#website\"},\"datePublished\":\"2025-01-06T13:26:47+00:00\",\"dateModified\":\"2026-03-29T23:24:24+00:00\",\"breadcrumb\":{\"@id\":\"https:\/\/akerkimya.com\/eticaret\/urun\/sodyum-tripolifosfat\/#breadcrumb\"},\"inLanguage\":\"tr\",\"potentialAction\":[{\"@type\":\"ReadAction\",\"target\":[\"https:\/\/akerkimya.com\/eticaret\/urun\/sodyum-tripolifosfat\/\"]}]},{\"@type\":\"BreadcrumbList\",\"@id\":\"https:\/\/akerkimya.com\/eticaret\/urun\/sodyum-tripolifosfat\/#breadcrumb\",\"itemListElement\":[{\"@type\":\"ListItem\",\"position\":1,\"name\":\"Home\",\"item\":\"https:\/\/akerkimya.com\/eticaret\/\"},{\"@type\":\"ListItem\",\"position\":2,\"name\":\"Market\",\"item\":\"https:\/\/akerkimya.com\/eticaret\/market\/\"},{\"@type\":\"ListItem\",\"position\":3,\"name\":\"SODYUM TR\u0130POL\u0130FOSFAT(STPP)\"}]},{\"@type\":\"WebSite\",\"@id\":\"https:\/\/akerkimya.com\/eticaret\/#website\",\"url\":\"https:\/\/akerkimya.com\/eticaret\/\",\"name\":\"Akerkimya\",\"description\":\"\",\"potentialAction\":[{\"@type\":\"SearchAction\",\"target\":{\"@type\":\"EntryPoint\",\"urlTemplate\":\"https:\/\/akerkimya.com\/eticaret\/?s={search_term_string}\"},\"query-input\":\"required name=search_term_string\"}],\"inLanguage\":\"tr\"}]}<\/script>\n<!-- \/ Yoast SEO Premium plugin. -->","yoast_head_json":{"title":"SODYUM TR\u0130POL\u0130FOSFAT(STPP) - Akerkimya","robots":{"index":"index","follow":"follow","max-snippet":"max-snippet:-1","max-image-preview":"max-image-preview:large","max-video-preview":"max-video-preview:-1"},"canonical":"https:\/\/akerkimya.com\/eticaret\/urun\/sodyum-tripolifosfat\/","og_locale":"tr_TR","og_type":"article","og_title":"SODYUM TR\u0130POL\u0130FOSFAT(STPP)","og_description":"SODYUM TR\u0130POL\u0130FOSFAT Tifosforik asit, STTP, pentasodyum tuzu olarak ta adland\u0131r\u0131lan Sodyum tripolifosfat Na5P3O10 kimyasal form\u00fcl\u00fcne sahip trifosforik asidin sodyum tuzudur.","og_url":"https:\/\/akerkimya.com\/eticaret\/urun\/sodyum-tripolifosfat\/","og_site_name":"Akerkimya","article_modified_time":"2026-03-29T23:24:24+00:00","og_image":[{"width":1000,"height":1000,"url":"https:\/\/akerkimya.com\/eticaret\/wp-content\/uploads\/2025\/01\/SODYUM-TRIPOLIFOSFAT-GUNCEL.png","type":"image\/png"}],"twitter_card":"summary_large_image","twitter_misc":{"Tahmini okuma s\u00fcresi":"2 dakika"},"schema":{"@context":"https:\/\/schema.org","@graph":[{"@type":"WebPage","@id":"https:\/\/akerkimya.com\/eticaret\/urun\/sodyum-tripolifosfat\/","url":"https:\/\/akerkimya.com\/eticaret\/urun\/sodyum-tripolifosfat\/","name":"SODYUM TR\u0130POL\u0130FOSFAT(STPP) - Akerkimya","isPartOf":{"@id":"https:\/\/akerkimya.com\/eticaret\/#website"},"datePublished":"2025-01-06T13:26:47+00:00","dateModified":"2026-03-29T23:24:24+00:00","breadcrumb":{"@id":"https:\/\/akerkimya.com\/eticaret\/urun\/sodyum-tripolifosfat\/#breadcrumb"},"inLanguage":"tr","potentialAction":[{"@type":"ReadAction","target":["https:\/\/akerkimya.com\/eticaret\/urun\/sodyum-tripolifosfat\/"]}]},{"@type":"BreadcrumbList","@id":"https:\/\/akerkimya.com\/eticaret\/urun\/sodyum-tripolifosfat\/#breadcrumb","itemListElement":[{"@type":"ListItem","position":1,"name":"Home","item":"https:\/\/akerkimya.com\/eticaret\/"},{"@type":"ListItem","position":2,"name":"Market","item":"https:\/\/akerkimya.com\/eticaret\/market\/"},{"@type":"ListItem","position":3,"name":"SODYUM TR\u0130POL\u0130FOSFAT(STPP)"}]},{"@type":"WebSite","@id":"https:\/\/akerkimya.com\/eticaret\/#website","url":"https:\/\/akerkimya.com\/eticaret\/","name":"Akerkimya","description":"","potentialAction":[{"@type":"SearchAction","target":{"@type":"EntryPoint","urlTemplate":"https:\/\/akerkimya.com\/eticaret\/?s={search_term_string}"},"query-input":"required name=search_term_string"}],"inLanguage":"tr"}]}},"_links":{"self":[{"href":"https:\/\/akerkimya.com\/eticaret\/wp-json\/wp\/v2\/product\/17802","targetHints":{"allow":["GET"]}}],"collection":[{"href":"https:\/\/akerkimya.com\/eticaret\/wp-json\/wp\/v2\/product"}],"about":[{"href":"https:\/\/akerkimya.com\/eticaret\/wp-json\/wp\/v2\/types\/product"}],"replies":[{"embeddable":true,"href":"https:\/\/akerkimya.com\/eticaret\/wp-json\/wp\/v2\/comments?post=17802"}],"version-history":[{"count":3,"href":"https:\/\/akerkimya.com\/eticaret\/wp-json\/wp\/v2\/product\/17802\/revisions"}],"predecessor-version":[{"id":18324,"href":"https:\/\/akerkimya.com\/eticaret\/wp-json\/wp\/v2\/product\/17802\/revisions\/18324"}],"wp:featuredmedia":[{"embeddable":true,"href":"https:\/\/akerkimya.com\/eticaret\/wp-json\/wp\/v2\/media\/17803"}],"wp:attachment":[{"href":"https:\/\/akerkimya.com\/eticaret\/wp-json\/wp\/v2\/media?parent=17802"}],"wp:term":[{"taxonomy":"product_cat","embeddable":true,"href":"https:\/\/akerkimya.com\/eticaret\/wp-json\/wp\/v2\/product_cat?post=17802"},{"taxonomy":"product_tag","embeddable":true,"href":"https:\/\/akerkimya.com\/eticaret\/wp-json\/wp\/v2\/product_tag?post=17802"}],"curies":[{"name":"wp","href":"https:\/\/api.w.org\/{rel}","templated":true}]}}