{"id":17808,"date":"2025-01-06T16:33:13","date_gmt":"2025-01-06T13:33:13","guid":{"rendered":"https:\/\/akerkimya.com\/eticaret\/?post_type=product&#038;p=17808"},"modified":"2026-03-30T02:24:24","modified_gmt":"2026-03-29T23:24:24","slug":"sunset-yellow","status":"publish","type":"product","link":"https:\/\/akerkimya.com\/eticaret\/urun\/sunset-yellow\/","title":{"rendered":"SUNSET YELLOW"},"content":{"rendered":"<h1>SUNSET YELLOW<\/h1>\n<p><strong>Sunset yellow, C16H10N2Na2O7S2 form\u00fcl\u00fcne sahip yapay g\u0131da boyas\u0131d\u0131r.<\/strong><\/p>\n<p><strong>\u00a0<\/strong><\/p>\n<p><strong>\u00d6ZELL\u0130KLER\u0130<\/strong><\/p>\n<p><strong>Turuncu renkte toz formundad\u0131r. Kokusuzdur.<\/strong><\/p>\n<p><strong>Suda, gliserin ve propilen glikol \u00e7\u00f6z\u00fcn\u00fcr. Etanolde \u00e7ok az miktar \u00e7\u00f6z\u00fcn\u00fcr. Ya\u011fda \u00e7\u00f6z\u00fcnmez. <\/strong><\/p>\n<p><strong>Asitler ile reaksiyona girdi\u011finde renginde de\u011fi\u015fmeler meydana gelir.<\/strong><\/p>\n<p><strong>Yaz s\u0131cakl\u0131\u011f\u0131 ve g\u00fcne\u015f \u0131\u015f\u0131nlar\u0131na maruz kald\u0131\u011f\u0131nda rengini kaybetmektedir.<\/strong><\/p>\n<p><strong>\u00a0<\/strong><\/p>\n<p><strong>TEKN\u0130K \u00d6ZELL\u0130KLER\u0130<\/strong><\/p>\n<p><strong>CAS NUMARASI: 2783-94-0<\/strong><\/p>\n<p><strong>E GIDA KODU: E 110<\/strong><\/p>\n<p><strong>K\u0130MYASAL \u0130SM\u0130: Sunset yellow, Turuncu g\u0131da boyas\u0131<\/strong><\/p>\n<p><strong>MOLEK\u00dcLER FORM\u00dcL: C16H10N2Na2O7S2<\/strong><\/p>\n<p><strong>MOLEK\u00dcL K\u00dcTLES\u0130: 452,37 g\/mol\u00ad\u00b9<\/strong><\/p>\n<p><strong>PH ARALI\u011eI: 4-6<\/strong><\/p>\n<p><strong>YO\u011eUNLUK: 0.65 gr\/cm\u00b3<\/strong><\/p>\n<p><strong>ER\u0130ME NOKTASI: 300 \u00b0C<\/strong><\/p>\n<p><strong>\u00a0<\/strong><\/p>\n<p><strong>KULLANIM ALANLARI<\/strong><\/p>\n<p><strong>\u015eekerlemelerde, tatl\u0131larda at\u0131\u015ft\u0131rmal\u0131klarda, soslarda ve konserve meyvelerde renk vermek amac\u0131yla kullan\u0131l\u0131r.<\/strong><\/p>\n<p><strong>\u00c7ikolata ve karamelde genelde Amaranth (E123) ile kullan\u0131l\u0131r.<\/strong><\/p>\n<p><strong>Oyun hamurlar\u0131nda kullan\u0131l\u0131r.<\/strong><\/p>\n<p><strong>Renkli ta\u015f yap\u0131m\u0131nda renk vermek amac\u0131yla kullan\u0131l\u0131r.<\/strong><\/p>\n<p><strong>Meyveli soda \u00fcretiminde kullan\u0131l\u0131r.<\/strong><\/p>\n<p><strong>Dondurma \u00fcretimlerinde, buzlu ve gazl\u0131 i\u00e7eceklerde kullan\u0131l\u0131r.<\/strong><\/p>\n<p><strong>Kozmetik, deterjan, oto bak\u0131m \u00fcr\u00fcnlerinde kullan\u0131l\u0131r.<\/strong><\/p>\n<p><strong>\u00c7ok az miktarda tar\u0131m \u00fcr\u00fcnlerinde de kullan\u0131m\u0131 mevcuttur.<\/strong><\/p>\n<p><strong>\u00a0<\/strong><\/p>\n<p><strong>AMBALAJ<\/strong><\/p>\n<p><strong>1 kg ambalajlar halinde <\/strong><\/p>\n<p><strong>\u00a0<\/strong><\/p>\n<p><strong>DEPOLAMA <\/strong><\/p>\n<p><strong>Serin ve nem olmayan yerde kapal\u0131 ambalajlar\u0131nda muhafaza ediniz.<\/strong><\/p>\n","protected":false},"excerpt":{"rendered":"<p>SUNSET YELLOW Sunset yellow, C16H10N2Na2O7S2 form\u00fcl\u00fcne sahip yapay g\u0131da boyas\u0131d\u0131r. \u00a0 \u00d6ZELL\u0130KLER\u0130 Turuncu renkte toz formundad\u0131r. Kokusuzdur. Suda, gliserin ve<\/p>\n","protected":false},"featured_media":17809,"comment_status":"open","ping_status":"closed","template":"","meta":{"_joinchat":[]},"product_cat":[74,76],"product_tag":[],"class_list":{"0":"post-17808","1":"product","2":"type-product","3":"status-publish","4":"has-post-thumbnail","6":"product_cat-deterjan-ve-kozmetik-kimyasallari","7":"product_cat-gida-ve-katki-kimyasallari","9":"first","10":"instock","11":"shipping-taxable","12":"purchasable","13":"product-type-variable"},"yoast_head":"<!-- This site is optimized with the Yoast SEO Premium plugin v20.2.1 (Yoast SEO v20.2.1) - https:\/\/yoast.com\/wordpress\/plugins\/seo\/ -->\n<title>SUNSET YELLOW - Akerkimya<\/title>\n<meta name=\"robots\" content=\"index, follow, max-snippet:-1, max-image-preview:large, max-video-preview:-1\" \/>\n<link rel=\"canonical\" href=\"https:\/\/akerkimya.com\/eticaret\/urun\/sunset-yellow\/\" \/>\n<meta property=\"og:locale\" content=\"tr_TR\" \/>\n<meta property=\"og:type\" content=\"article\" \/>\n<meta property=\"og:title\" content=\"SUNSET YELLOW\" \/>\n<meta property=\"og:description\" content=\"SUNSET YELLOW Sunset yellow, C16H10N2Na2O7S2 form\u00fcl\u00fcne sahip yapay g\u0131da boyas\u0131d\u0131r. \u00a0 \u00d6ZELL\u0130KLER\u0130 Turuncu renkte toz formundad\u0131r. Kokusuzdur. Suda, gliserin ve\" \/>\n<meta property=\"og:url\" content=\"https:\/\/akerkimya.com\/eticaret\/urun\/sunset-yellow\/\" \/>\n<meta property=\"og:site_name\" content=\"Akerkimya\" \/>\n<meta property=\"article:modified_time\" content=\"2026-03-29T23:24:24+00:00\" \/>\n<meta property=\"og:image\" content=\"https:\/\/akerkimya.com\/eticaret\/wp-content\/uploads\/2025\/01\/SUNSET-YELLOW-GUNCEL-.png\" \/>\n\t<meta property=\"og:image:width\" content=\"1000\" \/>\n\t<meta property=\"og:image:height\" content=\"1000\" \/>\n\t<meta property=\"og:image:type\" content=\"image\/png\" \/>\n<meta name=\"twitter:card\" content=\"summary_large_image\" \/>\n<meta name=\"twitter:label1\" content=\"Tahmini okuma s\u00fcresi\" \/>\n\t<meta name=\"twitter:data1\" content=\"1 dakika\" \/>\n<script type=\"application\/ld+json\" class=\"yoast-schema-graph\">{\"@context\":\"https:\/\/schema.org\",\"@graph\":[{\"@type\":\"WebPage\",\"@id\":\"https:\/\/akerkimya.com\/eticaret\/urun\/sunset-yellow\/\",\"url\":\"https:\/\/akerkimya.com\/eticaret\/urun\/sunset-yellow\/\",\"name\":\"SUNSET YELLOW - Akerkimya\",\"isPartOf\":{\"@id\":\"https:\/\/akerkimya.com\/eticaret\/#website\"},\"datePublished\":\"2025-01-06T13:33:13+00:00\",\"dateModified\":\"2026-03-29T23:24:24+00:00\",\"breadcrumb\":{\"@id\":\"https:\/\/akerkimya.com\/eticaret\/urun\/sunset-yellow\/#breadcrumb\"},\"inLanguage\":\"tr\",\"potentialAction\":[{\"@type\":\"ReadAction\",\"target\":[\"https:\/\/akerkimya.com\/eticaret\/urun\/sunset-yellow\/\"]}]},{\"@type\":\"BreadcrumbList\",\"@id\":\"https:\/\/akerkimya.com\/eticaret\/urun\/sunset-yellow\/#breadcrumb\",\"itemListElement\":[{\"@type\":\"ListItem\",\"position\":1,\"name\":\"Home\",\"item\":\"https:\/\/akerkimya.com\/eticaret\/\"},{\"@type\":\"ListItem\",\"position\":2,\"name\":\"Market\",\"item\":\"https:\/\/akerkimya.com\/eticaret\/market\/\"},{\"@type\":\"ListItem\",\"position\":3,\"name\":\"SUNSET YELLOW\"}]},{\"@type\":\"WebSite\",\"@id\":\"https:\/\/akerkimya.com\/eticaret\/#website\",\"url\":\"https:\/\/akerkimya.com\/eticaret\/\",\"name\":\"Akerkimya\",\"description\":\"\",\"potentialAction\":[{\"@type\":\"SearchAction\",\"target\":{\"@type\":\"EntryPoint\",\"urlTemplate\":\"https:\/\/akerkimya.com\/eticaret\/?s={search_term_string}\"},\"query-input\":\"required name=search_term_string\"}],\"inLanguage\":\"tr\"}]}<\/script>\n<!-- \/ Yoast SEO Premium plugin. -->","yoast_head_json":{"title":"SUNSET YELLOW - Akerkimya","robots":{"index":"index","follow":"follow","max-snippet":"max-snippet:-1","max-image-preview":"max-image-preview:large","max-video-preview":"max-video-preview:-1"},"canonical":"https:\/\/akerkimya.com\/eticaret\/urun\/sunset-yellow\/","og_locale":"tr_TR","og_type":"article","og_title":"SUNSET YELLOW","og_description":"SUNSET YELLOW Sunset yellow, C16H10N2Na2O7S2 form\u00fcl\u00fcne sahip yapay g\u0131da boyas\u0131d\u0131r. \u00a0 \u00d6ZELL\u0130KLER\u0130 Turuncu renkte toz formundad\u0131r. Kokusuzdur. Suda, gliserin ve","og_url":"https:\/\/akerkimya.com\/eticaret\/urun\/sunset-yellow\/","og_site_name":"Akerkimya","article_modified_time":"2026-03-29T23:24:24+00:00","og_image":[{"width":1000,"height":1000,"url":"https:\/\/akerkimya.com\/eticaret\/wp-content\/uploads\/2025\/01\/SUNSET-YELLOW-GUNCEL-.png","type":"image\/png"}],"twitter_card":"summary_large_image","twitter_misc":{"Tahmini okuma s\u00fcresi":"1 dakika"},"schema":{"@context":"https:\/\/schema.org","@graph":[{"@type":"WebPage","@id":"https:\/\/akerkimya.com\/eticaret\/urun\/sunset-yellow\/","url":"https:\/\/akerkimya.com\/eticaret\/urun\/sunset-yellow\/","name":"SUNSET YELLOW - Akerkimya","isPartOf":{"@id":"https:\/\/akerkimya.com\/eticaret\/#website"},"datePublished":"2025-01-06T13:33:13+00:00","dateModified":"2026-03-29T23:24:24+00:00","breadcrumb":{"@id":"https:\/\/akerkimya.com\/eticaret\/urun\/sunset-yellow\/#breadcrumb"},"inLanguage":"tr","potentialAction":[{"@type":"ReadAction","target":["https:\/\/akerkimya.com\/eticaret\/urun\/sunset-yellow\/"]}]},{"@type":"BreadcrumbList","@id":"https:\/\/akerkimya.com\/eticaret\/urun\/sunset-yellow\/#breadcrumb","itemListElement":[{"@type":"ListItem","position":1,"name":"Home","item":"https:\/\/akerkimya.com\/eticaret\/"},{"@type":"ListItem","position":2,"name":"Market","item":"https:\/\/akerkimya.com\/eticaret\/market\/"},{"@type":"ListItem","position":3,"name":"SUNSET YELLOW"}]},{"@type":"WebSite","@id":"https:\/\/akerkimya.com\/eticaret\/#website","url":"https:\/\/akerkimya.com\/eticaret\/","name":"Akerkimya","description":"","potentialAction":[{"@type":"SearchAction","target":{"@type":"EntryPoint","urlTemplate":"https:\/\/akerkimya.com\/eticaret\/?s={search_term_string}"},"query-input":"required name=search_term_string"}],"inLanguage":"tr"}]}},"_links":{"self":[{"href":"https:\/\/akerkimya.com\/eticaret\/wp-json\/wp\/v2\/product\/17808","targetHints":{"allow":["GET"]}}],"collection":[{"href":"https:\/\/akerkimya.com\/eticaret\/wp-json\/wp\/v2\/product"}],"about":[{"href":"https:\/\/akerkimya.com\/eticaret\/wp-json\/wp\/v2\/types\/product"}],"replies":[{"embeddable":true,"href":"https:\/\/akerkimya.com\/eticaret\/wp-json\/wp\/v2\/comments?post=17808"}],"version-history":[{"count":1,"href":"https:\/\/akerkimya.com\/eticaret\/wp-json\/wp\/v2\/product\/17808\/revisions"}],"predecessor-version":[{"id":17811,"href":"https:\/\/akerkimya.com\/eticaret\/wp-json\/wp\/v2\/product\/17808\/revisions\/17811"}],"wp:featuredmedia":[{"embeddable":true,"href":"https:\/\/akerkimya.com\/eticaret\/wp-json\/wp\/v2\/media\/17809"}],"wp:attachment":[{"href":"https:\/\/akerkimya.com\/eticaret\/wp-json\/wp\/v2\/media?parent=17808"}],"wp:term":[{"taxonomy":"product_cat","embeddable":true,"href":"https:\/\/akerkimya.com\/eticaret\/wp-json\/wp\/v2\/product_cat?post=17808"},{"taxonomy":"product_tag","embeddable":true,"href":"https:\/\/akerkimya.com\/eticaret\/wp-json\/wp\/v2\/product_tag?post=17808"}],"curies":[{"name":"wp","href":"https:\/\/api.w.org\/{rel}","templated":true}]}}