{"id":17819,"date":"2025-01-06T16:56:50","date_gmt":"2025-01-06T13:56:50","guid":{"rendered":"https:\/\/akerkimya.com\/eticaret\/?post_type=product&#038;p=17819"},"modified":"2026-03-30T02:24:24","modified_gmt":"2026-03-29T23:24:24","slug":"toz-aktif-karbon","status":"publish","type":"product","link":"https:\/\/akerkimya.com\/eticaret\/urun\/toz-aktif-karbon\/","title":{"rendered":"TOZ AKT\u0130F KARBON"},"content":{"rendered":"<h1>TOZ AKT\u0130F KARBON<\/h1>\n<p><strong>Toz aktif karbon genel olarak 100\u00b5m\u2019den daha k\u00fc\u00e7\u00fck tane boyutuna sahiptir. Kullan\u0131mdaki esnekli\u011fi ve d\u00fc\u015f\u00fck i\u015flem maliyeti avantaj olu\u015fturur. Toz aktif karbonlar s\u0131v\u0131 faz adsorpsiyonu i\u00e7in kullan\u0131l\u0131r. Karbon, s\u0131v\u0131 \u00e7\u00f6zeltiye eklenir; kar\u0131\u015ft\u0131r\u0131l\u0131r ve k\u0131sa bir s\u00fcre temas ettirilir (5-30 dk.) daha sonra filtrasyon i\u015flemi ile ayr\u0131l\u0131r. Toz aktif karbonlar genellikle kesikli i\u015flemlerde, t\u0131bbi ama\u00e7lar ve renk giderme i\u00e7in kullan\u0131l\u0131r.<\/strong><\/p>\n<p><strong>AKT\u0130F KARBON<\/strong><\/p>\n<p><strong>Aktif Karbon,\u00a0 karbon elementinin bir allotropudur.\u00a0 Renk ve koku yapan bile\u015fikleri tutmas\u0131 ve yakalamas\u0131 i\u00e7in, \u0131s\u0131 ve rutubet etkisine maruz b\u0131rak\u0131lan, \u00e7ok ince toz halinde siyah renkli organik bir maddedir. Odun, k\u00f6m\u00fcr, hindistan cevizi kabu\u011fu gibi maddelerin \u00e7e\u015fitli i\u015flemlerden ge\u00e7irilmesiyle olu\u015fur. Bu aktif karbonlar tanecik boyutu ve tanecik \u015fekline g\u00f6re s\u0131n\u0131fland\u0131r\u0131lm\u0131\u015ft\u0131r.<\/strong><\/p>\n<p><strong>\u00a0<\/strong><\/p>\n<p><strong>AKT\u0130F KARBON \u00d6ELL\u0130KLER\u0130<\/strong><\/p>\n<p><strong>Y\u00fcksek emme \u00f6zelli\u011fine sahiptir.<\/strong><\/p>\n<p><strong>Is\u0131n\u0131rsa yava\u015f\u00e7a \u0131s\u0131n\u0131r ve havada tutu\u015fabilir \u00f6zelli\u011fe sahiptir.<\/strong><\/p>\n<p><strong>1 gr aktif karbonun y\u00fczey alan\u0131 500- 1500 m2\/g aral\u0131\u011f\u0131ndand\u0131r. Bir tatl\u0131 ka\u015f\u0131\u011f\u0131 aktif karbon bir futbol sahas\u0131n\u0131n y\u00fczey alan\u0131na e\u015fit alan kaplayabilir.<\/strong><\/p>\n<p><strong>G\u00f6zenek hacim da\u011f\u0131l\u0131m\u0131 karbon tipi ve b\u00fcy\u00fckl\u00fc\u011f\u00fcne g\u00f6re da\u011f\u0131l\u0131m\u0131 de\u011fi\u015fir. Gaz molek\u00fcllerini adsorbe eden aktif karbonlar mikro (k\u00fc\u00e7\u00fck) g\u00f6zeneklidir. Renk giderimi i\u00e7in uygun olan karbonlar ise daha y\u00fcksek mezopor (orta) da\u011f\u0131l\u0131m\u0131na sahiptir.<\/strong><\/p>\n<p><strong>Mikroporlar(k\u00fc\u00e7\u00fck) r&lt;1 nm<\/strong><\/p>\n<p><strong>Mesopores( orta)\u00a0\u00a0\u00a0 r=1-25 nm<\/strong><\/p>\n<p><strong>Makroporlar\u00a0\u00a0\u00a0\u00a0\u00a0\u00a0\u00a0\u00a0\u00a0\u00a0\u00a0 r&gt;25 nm<\/strong><\/p>\n<p><strong>\u00a0<\/strong><\/p>\n<p><strong>TEKN\u0130K \u00d6ELL\u0130KLER\u0130<\/strong><\/p>\n<p><strong>CAS NUMARASI: 1333-86-4<\/strong><\/p>\n<p><strong>K\u0130MYASAL ADI: Aktif Karbon, Amorf Karbon<\/strong><\/p>\n<p><strong>G\u00d6R\u00dcN\u00dcM\u00dc: Siyah grafit<\/strong><\/p>\n<p><strong>ER\u0130ME NOKTASI: 3500 \u00a0\u00b0C den y\u00fcksektir.<\/strong><\/p>\n<p><strong>KAYNAM NOKTASI: 4000 \u00b0C den y\u00fcksektir.<\/strong><\/p>\n<p><strong>YO\u011eUNLUK: 2.00- 2.25<\/strong><\/p>\n<p><strong>\u00c7\u00d6Z\u00dcN\u00dcRL\u00dcK: Su ve organik \u00e7\u00f6z\u00fcc\u00fclerde \u00e7\u00f6z\u00fcnmez.<\/strong><\/p>\n<p><strong>\u00a0<\/strong><\/p>\n<p><strong>KULLANIM ALANLARI<\/strong><\/p>\n<p><strong>Koku kontrol sistemlerinde; hidrojen s\u00fclf\u00fcr, merkaptanlar, DMS ve amonyak gibi bile\u015fikleri gidermek i\u00e7in emprenye aktif karbon kullan\u0131l\u0131r.<\/strong><\/p>\n<p><strong>Petrol ve do\u011falgaz end\u00fcstrisinde, merkaptan oksidasyonu i\u00e7in kullan\u0131lan Merox s\u00fcrecinde kataliz\u00f6r deste\u011fi olarak aktif karbon kullan\u0131l\u0131r.<\/strong><\/p>\n<p><strong>Solunum maskeleri ve ka\u00e7\u0131\u015f ba\u015fl\u0131klar\u0131 gibi ki\u015fisel koruma uygulamalar\u0131nda, bir\u00e7ok zararl\u0131 veya zehirli gaz bile\u015fi\u011fini gidermek i\u00e7in kullan\u0131l\u0131r.<\/strong><\/p>\n<p><strong>Temizlik malzemelerinde kir tutucu olarak kullan\u0131l\u0131r. Normal bir temizlik \u00fcr\u00fcn\u00fc ile kar\u015f\u0131la\u015ft\u0131r\u0131ld\u0131\u011f\u0131nda iki kat daha fazla hijyene sahiptir.<\/strong><\/p>\n<p><strong>Kozmetik ve ki\u015fisel bak\u0131m sekt\u00f6r\u00fcnde g\u00f6zenek temizleyici olarak kullan\u0131m\u0131 mevcuttur.<\/strong><\/p>\n<p><strong>Otomotiv gibi end\u00fcstride, depolama tanklar\u0131nda ve emisyon kontrol\u00fcnde kullan\u0131l\u0131r.<\/strong><\/p>\n<p><strong>Aktif karbon, g\u00f6zenekli bir yap\u0131ya sahip oldu\u011fu i\u00e7in y\u00fczeye s\u0131k\u0131 bir \u015fekilde tutunur ve tutundu\u011fu y\u00fczeydeki bakteri ve toksik \u00f6zelli\u011fe sahip her \u015feyi s\u00f6ker. Bu \u00f6zelli\u011finden dolay\u0131 di\u015f macunlar\u0131nda kullan\u0131l\u0131r.<\/strong><\/p>\n<p><strong>Sigara filtrelerinde, dumandaki baz\u0131 bile\u015fenlerin giderek tat deneyiminin iyile\u015ftirilmesi i\u00e7in aktif karbon kullan\u0131l\u0131r.<\/strong><\/p>\n<p><strong>Ara\u00e7 i\u00e7i havaland\u0131rma sistemlerinde kirleticilerin gideriminde kullan\u0131l\u0131r.<\/strong><\/p>\n<p><strong>Yumu\u015fat\u0131c\u0131lar, \u015felak, gliserin, enzimler, parafin, vazelin, mum, ince kimyasal maddeler ve organik asitler gibi \u00fcr\u00fcnlerin temizlenmesinde kullan\u0131l\u0131r.<\/strong><\/p>\n<p><strong>\u015eeker \u00e7\u00f6zeltilerin safla\u015ft\u0131r\u0131lmas\u0131nda ve renksizle\u015ftirilmesinde kullan\u0131l\u0131r.<\/strong><\/p>\n<p><strong>Bitkisel ve hayvansal ya\u011flar\u0131n i\u015flenmesinde kullan\u0131l\u0131r.<\/strong><\/p>\n<p><strong>Aktif karbon, zehri tutup v\u00fccut d\u0131\u015f\u0131na kolay at\u0131lmas\u0131n\u0131 sa\u011flar. Do\u011fru miktarda verildi\u011fi s\u00fcrece olduk\u00e7a g\u00fcvenlidir.<\/strong><\/p>\n<p><strong>Pigment \u00fcretiminde, kavurma ve topla\u015ft\u0131rma tesislerinde ya da s\u00fclf\u00fcrik asit \u00fcretiminde, k\u00fck\u00fcrt dioksit gideriminde kullan\u0131l\u0131r.<\/strong><\/p>\n<p><strong>\u00c7e\u015fitli end\u00fcstrilerde solvent geri kazan\u0131mda ve buhar veya s\u0131cak gaz geri d\u00f6n\u00fc\u015f\u00fcmde kullan\u0131l\u0131r.<\/strong><\/p>\n<p><strong>G\u0131da, kimya gibi \u00e7e\u015fitli end\u00fcstrilerde kullan\u0131lan kaplama ve bask\u0131 i\u015flemlerinde solvent geri kazand\u0131rma da kullan\u0131l\u0131r.<\/strong><\/p>\n<p><strong>At\u0131k yakma tesislerinde, at\u0131k gaz\u0131n temizlenmesinde ve i\u00e7eri\u011fi dioksinlerin ve a\u011f\u0131r metallerin gideriminde kullan\u0131l\u0131r.<\/strong><\/p>\n<p><strong>Tat vericilerin ve glutamat\u0131n renksizle\u015ftirilmesinde kullan\u0131l\u0131r.<\/strong><\/p>\n<p><strong>\u00c7\u0131k\u0131\u015f suyu k\u0131s\u0131tlamalar\u0131n\u0131n \u00e7ok fazla oldu\u011fu tersiyer at\u0131k su ar\u0131tma tesislerinde suyun ar\u0131t\u0131lmas\u0131nda kullan\u0131l\u0131r.<\/strong><\/p>\n<p><strong>Meyve sular\u0131n\u0131n ve meyve ekstralar\u0131n\u0131n renksizle\u015ftirilmesinde ve safla\u015ft\u0131r\u0131lmas\u0131nda kullan\u0131l\u0131r.<\/strong><\/p>\n<p><strong>Galvanizasyon havuzlar\u0131n\u0131n temizlenmesinde.<\/strong><\/p>\n<p><strong>Egzoz gaz\u0131 safla\u015ft\u0131r\u0131lma sistemlerinde hidrokarbon ve BTX gideriminde kullan\u0131l\u0131r.<\/strong><\/p>\n<p><strong>\u0130klimlendirme, havaland\u0131rma ve \u0131s\u0131tma sistemlerinde kirleticilerin gideriminde kullan\u0131l\u0131r.<\/strong><\/p>\n<p><strong>\u0130la\u00e7 end\u00fcstrisinde ara ve son \u00fcr\u00fcnlerin renksizle\u015ftirilmesinde ve safla\u015ft\u0131r\u0131lmas\u0131nda kullan\u0131l\u0131r.<\/strong><\/p>\n<p><strong>Glikoz, dekstroz ve di\u011fer ni\u015fasta \u00fcr\u00fcnlerinin, ayr\u0131ca laktozun \u00fcretiminde kullan\u0131lan \u00e7\u00f6zeltinin safla\u015ft\u0131r\u0131lmas\u0131nda ve renksizle\u015ftirilmesinde kullan\u0131l\u0131r.<\/strong><\/p>\n<p><strong>Biyolojik ar\u0131tma sistemlerinde, bakteriler i\u00e7in toksik olabilecek maddelerin giderilmesinde kullan\u0131l\u0131r.<\/strong><\/p>\n<p><strong>\u00a0<\/strong><\/p>\n<p><strong>AMBALAJ<\/strong><\/p>\n<p><strong>1-5-20 kg torbalar halinde<\/strong><\/p>\n<p><strong>\u00a0<\/strong><\/p>\n<p><strong>DEPOLAMA<\/strong><\/p>\n<p><strong>\u00dcr\u00fcn kullan\u0131ld\u0131ktan sonra a\u011fz\u0131 a\u00e7\u0131k b\u0131rak\u0131lmamal\u0131 ve s\u0131k\u0131ca kapat\u0131lmal\u0131d\u0131r. Serin, kuru ve havaland\u0131r\u0131lm\u0131\u015f bir alanda muhafaza edilmelidir.<\/strong><\/p>\n<p><strong>\u00a0<\/strong><\/p>\n","protected":false},"excerpt":{"rendered":"<p>TOZ AKT\u0130F KARBON Toz aktif karbon genel olarak 100\u00b5m\u2019den daha k\u00fc\u00e7\u00fck tane boyutuna sahiptir. Kullan\u0131mdaki esnekli\u011fi ve d\u00fc\u015f\u00fck i\u015flem maliyeti<\/p>\n","protected":false},"featured_media":17820,"comment_status":"open","ping_status":"closed","template":"","meta":{"_joinchat":[]},"product_cat":[74,80],"product_tag":[],"class_list":{"0":"post-17819","1":"product","2":"type-product","3":"status-publish","4":"has-post-thumbnail","6":"product_cat-deterjan-ve-kozmetik-kimyasallari","7":"product_cat-veteriner-ve-ilac-kimyasallari","9":"first","10":"instock","11":"shipping-taxable","12":"purchasable","13":"product-type-variable"},"yoast_head":"<!-- This site is optimized with the Yoast SEO Premium plugin v20.2.1 (Yoast SEO v20.2.1) - https:\/\/yoast.com\/wordpress\/plugins\/seo\/ -->\n<title>TOZ AKT\u0130F KARBON - Akerkimya<\/title>\n<meta name=\"robots\" content=\"index, follow, max-snippet:-1, max-image-preview:large, max-video-preview:-1\" \/>\n<link rel=\"canonical\" href=\"https:\/\/akerkimya.com\/eticaret\/urun\/toz-aktif-karbon\/\" \/>\n<meta property=\"og:locale\" content=\"tr_TR\" \/>\n<meta property=\"og:type\" content=\"article\" \/>\n<meta property=\"og:title\" content=\"TOZ AKT\u0130F KARBON\" \/>\n<meta property=\"og:description\" content=\"TOZ AKT\u0130F KARBON Toz aktif karbon genel olarak 100\u00b5m\u2019den daha k\u00fc\u00e7\u00fck tane boyutuna sahiptir. Kullan\u0131mdaki esnekli\u011fi ve d\u00fc\u015f\u00fck i\u015flem maliyeti\" \/>\n<meta property=\"og:url\" content=\"https:\/\/akerkimya.com\/eticaret\/urun\/toz-aktif-karbon\/\" \/>\n<meta property=\"og:site_name\" content=\"Akerkimya\" \/>\n<meta property=\"article:modified_time\" content=\"2026-03-29T23:24:24+00:00\" \/>\n<meta property=\"og:image\" content=\"https:\/\/akerkimya.com\/eticaret\/wp-content\/uploads\/2025\/01\/TOZ-AKTIF-KARBON-GUNCEL.png\" \/>\n\t<meta property=\"og:image:width\" content=\"1000\" \/>\n\t<meta property=\"og:image:height\" content=\"1000\" \/>\n\t<meta property=\"og:image:type\" content=\"image\/png\" \/>\n<meta name=\"twitter:card\" content=\"summary_large_image\" \/>\n<meta name=\"twitter:label1\" content=\"Tahmini okuma s\u00fcresi\" \/>\n\t<meta name=\"twitter:data1\" content=\"4 dakika\" \/>\n<script type=\"application\/ld+json\" class=\"yoast-schema-graph\">{\"@context\":\"https:\/\/schema.org\",\"@graph\":[{\"@type\":\"WebPage\",\"@id\":\"https:\/\/akerkimya.com\/eticaret\/urun\/toz-aktif-karbon\/\",\"url\":\"https:\/\/akerkimya.com\/eticaret\/urun\/toz-aktif-karbon\/\",\"name\":\"TOZ AKT\u0130F KARBON - Akerkimya\",\"isPartOf\":{\"@id\":\"https:\/\/akerkimya.com\/eticaret\/#website\"},\"datePublished\":\"2025-01-06T13:56:50+00:00\",\"dateModified\":\"2026-03-29T23:24:24+00:00\",\"breadcrumb\":{\"@id\":\"https:\/\/akerkimya.com\/eticaret\/urun\/toz-aktif-karbon\/#breadcrumb\"},\"inLanguage\":\"tr\",\"potentialAction\":[{\"@type\":\"ReadAction\",\"target\":[\"https:\/\/akerkimya.com\/eticaret\/urun\/toz-aktif-karbon\/\"]}]},{\"@type\":\"BreadcrumbList\",\"@id\":\"https:\/\/akerkimya.com\/eticaret\/urun\/toz-aktif-karbon\/#breadcrumb\",\"itemListElement\":[{\"@type\":\"ListItem\",\"position\":1,\"name\":\"Home\",\"item\":\"https:\/\/akerkimya.com\/eticaret\/\"},{\"@type\":\"ListItem\",\"position\":2,\"name\":\"Market\",\"item\":\"https:\/\/akerkimya.com\/eticaret\/market\/\"},{\"@type\":\"ListItem\",\"position\":3,\"name\":\"TOZ AKT\u0130F KARBON\"}]},{\"@type\":\"WebSite\",\"@id\":\"https:\/\/akerkimya.com\/eticaret\/#website\",\"url\":\"https:\/\/akerkimya.com\/eticaret\/\",\"name\":\"Akerkimya\",\"description\":\"\",\"potentialAction\":[{\"@type\":\"SearchAction\",\"target\":{\"@type\":\"EntryPoint\",\"urlTemplate\":\"https:\/\/akerkimya.com\/eticaret\/?s={search_term_string}\"},\"query-input\":\"required name=search_term_string\"}],\"inLanguage\":\"tr\"}]}<\/script>\n<!-- \/ Yoast SEO Premium plugin. -->","yoast_head_json":{"title":"TOZ AKT\u0130F KARBON - Akerkimya","robots":{"index":"index","follow":"follow","max-snippet":"max-snippet:-1","max-image-preview":"max-image-preview:large","max-video-preview":"max-video-preview:-1"},"canonical":"https:\/\/akerkimya.com\/eticaret\/urun\/toz-aktif-karbon\/","og_locale":"tr_TR","og_type":"article","og_title":"TOZ AKT\u0130F KARBON","og_description":"TOZ AKT\u0130F KARBON Toz aktif karbon genel olarak 100\u00b5m\u2019den daha k\u00fc\u00e7\u00fck tane boyutuna sahiptir. Kullan\u0131mdaki esnekli\u011fi ve d\u00fc\u015f\u00fck i\u015flem maliyeti","og_url":"https:\/\/akerkimya.com\/eticaret\/urun\/toz-aktif-karbon\/","og_site_name":"Akerkimya","article_modified_time":"2026-03-29T23:24:24+00:00","og_image":[{"width":1000,"height":1000,"url":"https:\/\/akerkimya.com\/eticaret\/wp-content\/uploads\/2025\/01\/TOZ-AKTIF-KARBON-GUNCEL.png","type":"image\/png"}],"twitter_card":"summary_large_image","twitter_misc":{"Tahmini okuma s\u00fcresi":"4 dakika"},"schema":{"@context":"https:\/\/schema.org","@graph":[{"@type":"WebPage","@id":"https:\/\/akerkimya.com\/eticaret\/urun\/toz-aktif-karbon\/","url":"https:\/\/akerkimya.com\/eticaret\/urun\/toz-aktif-karbon\/","name":"TOZ AKT\u0130F KARBON - Akerkimya","isPartOf":{"@id":"https:\/\/akerkimya.com\/eticaret\/#website"},"datePublished":"2025-01-06T13:56:50+00:00","dateModified":"2026-03-29T23:24:24+00:00","breadcrumb":{"@id":"https:\/\/akerkimya.com\/eticaret\/urun\/toz-aktif-karbon\/#breadcrumb"},"inLanguage":"tr","potentialAction":[{"@type":"ReadAction","target":["https:\/\/akerkimya.com\/eticaret\/urun\/toz-aktif-karbon\/"]}]},{"@type":"BreadcrumbList","@id":"https:\/\/akerkimya.com\/eticaret\/urun\/toz-aktif-karbon\/#breadcrumb","itemListElement":[{"@type":"ListItem","position":1,"name":"Home","item":"https:\/\/akerkimya.com\/eticaret\/"},{"@type":"ListItem","position":2,"name":"Market","item":"https:\/\/akerkimya.com\/eticaret\/market\/"},{"@type":"ListItem","position":3,"name":"TOZ AKT\u0130F KARBON"}]},{"@type":"WebSite","@id":"https:\/\/akerkimya.com\/eticaret\/#website","url":"https:\/\/akerkimya.com\/eticaret\/","name":"Akerkimya","description":"","potentialAction":[{"@type":"SearchAction","target":{"@type":"EntryPoint","urlTemplate":"https:\/\/akerkimya.com\/eticaret\/?s={search_term_string}"},"query-input":"required name=search_term_string"}],"inLanguage":"tr"}]}},"_links":{"self":[{"href":"https:\/\/akerkimya.com\/eticaret\/wp-json\/wp\/v2\/product\/17819","targetHints":{"allow":["GET"]}}],"collection":[{"href":"https:\/\/akerkimya.com\/eticaret\/wp-json\/wp\/v2\/product"}],"about":[{"href":"https:\/\/akerkimya.com\/eticaret\/wp-json\/wp\/v2\/types\/product"}],"replies":[{"embeddable":true,"href":"https:\/\/akerkimya.com\/eticaret\/wp-json\/wp\/v2\/comments?post=17819"}],"version-history":[{"count":2,"href":"https:\/\/akerkimya.com\/eticaret\/wp-json\/wp\/v2\/product\/17819\/revisions"}],"predecessor-version":[{"id":18170,"href":"https:\/\/akerkimya.com\/eticaret\/wp-json\/wp\/v2\/product\/17819\/revisions\/18170"}],"wp:featuredmedia":[{"embeddable":true,"href":"https:\/\/akerkimya.com\/eticaret\/wp-json\/wp\/v2\/media\/17820"}],"wp:attachment":[{"href":"https:\/\/akerkimya.com\/eticaret\/wp-json\/wp\/v2\/media?parent=17819"}],"wp:term":[{"taxonomy":"product_cat","embeddable":true,"href":"https:\/\/akerkimya.com\/eticaret\/wp-json\/wp\/v2\/product_cat?post=17819"},{"taxonomy":"product_tag","embeddable":true,"href":"https:\/\/akerkimya.com\/eticaret\/wp-json\/wp\/v2\/product_tag?post=17819"}],"curies":[{"name":"wp","href":"https:\/\/api.w.org\/{rel}","templated":true}]}}