{"id":17831,"date":"2025-01-06T17:17:26","date_gmt":"2025-01-06T14:17:26","guid":{"rendered":"https:\/\/akerkimya.com\/eticaret\/?post_type=product&#038;p=17831"},"modified":"2026-03-30T02:24:25","modified_gmt":"2026-03-29T23:24:25","slug":"vitamin-b7-d-biotin","status":"publish","type":"product","link":"https:\/\/akerkimya.com\/eticaret\/urun\/vitamin-b7-d-biotin\/","title":{"rendered":"V\u0130TAM\u0130N B7 (D-B\u0130OT\u0130N)"},"content":{"rendered":"<h1>V\u0130TAM\u0130N B7 (D-B\u0130OT\u0130N)<\/h1>\n<p><strong>Biotin, C10H16N2O3S form\u00fcl\u00fcne sahip H vitamini veya B7 vitamini olarak da adland\u0131r\u0131lan vitamindir. Ya\u011f, protein ve karbonhidrat metabolizmalar\u0131nda koenzimdir. H\u00fccre geli\u015fimine, sa\u00e7lara ve t\u0131rnaklara pozitif etkisi ile katk\u0131da bulunur.<\/strong><\/p>\n<p><strong>B\u0130OT\u0130N \u00d6ZELL\u0130KLER\u0130<\/strong><\/p>\n<p><strong>Beyaz kristal toz formdad\u0131r.<\/strong><\/p>\n<p><strong>Suda \u00e7\u00f6z\u00fcnen bir B kompleksidir.<\/strong><\/p>\n<p><strong>Biotinin do\u011fal stabilizat\u00f6r\u00fc askorbik asittir.<\/strong><\/p>\n<p><strong>Permanganat, H2O2 ve asetik asit bulunan ortamlarda okside olan biotin s\u00fclfonlar\u0131 olu\u015fturur.<\/strong><\/p>\n<p><strong>Nitroz asit ve formaldehit varl\u0131\u011f\u0131nda vitamin aktivitesini kaybeder ya da inaktif olur.<\/strong><\/p>\n<p><strong>\u00a0<\/strong><\/p>\n<p><strong>TEKN\u0130K \u00d6ZELL\u0130KLER\u0130<\/strong><\/p>\n<p><strong>CAS NUMARASI: 58-85-5<\/strong><\/p>\n<p><strong>MOLEK\u00dcLER FORM\u00dcL\u00dc: C10H16N2O3S<\/strong><\/p>\n<p><strong>K\u0130MYASAL \u0130SM\u0130: D-Biotin, Vitamin B7, Vitamin H, Coenzyme<\/strong><\/p>\n<p><strong>MOLEK\u00dcLER A\u011eIRLI\u011eI: 244.31 g\/mol<\/strong><\/p>\n<p><strong>ER\u0130ME NOKTASI: 232-233 \u00b0C<\/strong><\/p>\n<p><strong>KIRILMA \u0130NDEKS\u0130: 90,5<\/strong><\/p>\n<p><strong>\u00a0<\/strong><\/p>\n<p><strong>KULLANIM ALANLARI<\/strong><\/p>\n<p><strong>Hayvanlarda mineral, biotin ve iyot ihtiyac\u0131n\u0131 kar\u015f\u0131lamak i\u00e7in, hayvanlarda 10 kg yemine veya suyuna 30 gr kat\u0131larak kullan\u0131l\u0131r.<\/strong><\/p>\n<p><strong>Biotin sabit bir kan \u015fekeri seviyesinin korunmas\u0131nda yard\u0131mc\u0131 olur.<\/strong><\/p>\n<p><strong>\u015ea\u00e7\u0131n d\u00f6k\u00fclmesini ve beyaz sa\u00e7lar\u0131n \u00f6nlenmesi i\u00e7in kullan\u0131l\u0131r.<\/strong><\/p>\n<p><strong>Kozmetik sekt\u00f6r\u00fcnde, cilt bak\u0131m kreminde, \u015fampuanlarda cilt damarlar\u0131ndaki kan\u0131n bile\u015fenlerini korumas\u0131 nedeni ile kullan\u0131l\u0131r.<\/strong><\/p>\n<p><strong>\u0130la\u00e7 olarak damar sertli\u011fi, fel\u00e7, lipid metabolizmas\u0131 bozuklu\u011fu, ameliyat, g\u00f6z kalp hastal\u0131\u011f\u0131 ve kan damarlar\u0131n\u0131 tedavi etmek i\u00e7in kullan\u0131l\u0131r.<\/strong><\/p>\n<p><strong>Biotin, doku olu\u015fumunu ve yenilemesini destekler.<\/strong><\/p>\n<p><strong>\u00a0<\/strong><\/p>\n<p><strong>AMBALAJ<\/strong><\/p>\n<p><strong>50-100-250-500 gram ve 1 kg torbalar halinde<\/strong><\/p>\n<p><strong>\u00a0<\/strong><\/p>\n<p><strong>DEPOLAMA<\/strong><\/p>\n<p><strong>Serin ve kuru bir alanda muhafaza ediniz.<\/strong><\/p>\n<p><strong>\u00a0<\/strong><\/p>\n","protected":false},"excerpt":{"rendered":"<p>V\u0130TAM\u0130N B7 (D-B\u0130OT\u0130N) Biotin, C10H16N2O3S form\u00fcl\u00fcne sahip H vitamini veya B7 vitamini olarak da adland\u0131r\u0131lan vitamindir. Ya\u011f, protein ve karbonhidrat<\/p>\n","protected":false},"featured_media":17832,"comment_status":"open","ping_status":"closed","template":"","meta":{"_joinchat":[]},"product_cat":[74,81],"product_tag":[],"class_list":{"0":"post-17831","1":"product","2":"type-product","3":"status-publish","4":"has-post-thumbnail","6":"product_cat-deterjan-ve-kozmetik-kimyasallari","7":"product_cat-yem-katki-kimyasallari","9":"first","10":"instock","11":"shipping-taxable","12":"purchasable","13":"product-type-variable"},"yoast_head":"<!-- This site is optimized with the Yoast SEO Premium plugin v20.2.1 (Yoast SEO v20.2.1) - https:\/\/yoast.com\/wordpress\/plugins\/seo\/ -->\n<title>V\u0130TAM\u0130N B7 (D-B\u0130OT\u0130N) - Akerkimya<\/title>\n<meta name=\"robots\" content=\"index, follow, max-snippet:-1, max-image-preview:large, max-video-preview:-1\" \/>\n<link rel=\"canonical\" href=\"https:\/\/akerkimya.com\/eticaret\/urun\/vitamin-b7-d-biotin\/\" \/>\n<meta property=\"og:locale\" content=\"tr_TR\" \/>\n<meta property=\"og:type\" content=\"article\" \/>\n<meta property=\"og:title\" content=\"V\u0130TAM\u0130N B7 (D-B\u0130OT\u0130N)\" \/>\n<meta property=\"og:description\" content=\"V\u0130TAM\u0130N B7 (D-B\u0130OT\u0130N) Biotin, C10H16N2O3S form\u00fcl\u00fcne sahip H vitamini veya B7 vitamini olarak da adland\u0131r\u0131lan vitamindir. Ya\u011f, protein ve karbonhidrat\" \/>\n<meta property=\"og:url\" content=\"https:\/\/akerkimya.com\/eticaret\/urun\/vitamin-b7-d-biotin\/\" \/>\n<meta property=\"og:site_name\" content=\"Akerkimya\" \/>\n<meta property=\"article:modified_time\" content=\"2026-03-29T23:24:25+00:00\" \/>\n<meta property=\"og:image\" content=\"https:\/\/akerkimya.com\/eticaret\/wp-content\/uploads\/2025\/01\/VITAMIN-B7-D-BIOTIN-GUNCEL.png\" \/>\n\t<meta property=\"og:image:width\" content=\"1000\" \/>\n\t<meta property=\"og:image:height\" content=\"1000\" \/>\n\t<meta property=\"og:image:type\" content=\"image\/png\" \/>\n<meta name=\"twitter:card\" content=\"summary_large_image\" \/>\n<meta name=\"twitter:label1\" content=\"Tahmini okuma s\u00fcresi\" \/>\n\t<meta name=\"twitter:data1\" content=\"1 dakika\" \/>\n<script type=\"application\/ld+json\" class=\"yoast-schema-graph\">{\"@context\":\"https:\/\/schema.org\",\"@graph\":[{\"@type\":\"WebPage\",\"@id\":\"https:\/\/akerkimya.com\/eticaret\/urun\/vitamin-b7-d-biotin\/\",\"url\":\"https:\/\/akerkimya.com\/eticaret\/urun\/vitamin-b7-d-biotin\/\",\"name\":\"V\u0130TAM\u0130N B7 (D-B\u0130OT\u0130N) - Akerkimya\",\"isPartOf\":{\"@id\":\"https:\/\/akerkimya.com\/eticaret\/#website\"},\"datePublished\":\"2025-01-06T14:17:26+00:00\",\"dateModified\":\"2026-03-29T23:24:25+00:00\",\"breadcrumb\":{\"@id\":\"https:\/\/akerkimya.com\/eticaret\/urun\/vitamin-b7-d-biotin\/#breadcrumb\"},\"inLanguage\":\"tr\",\"potentialAction\":[{\"@type\":\"ReadAction\",\"target\":[\"https:\/\/akerkimya.com\/eticaret\/urun\/vitamin-b7-d-biotin\/\"]}]},{\"@type\":\"BreadcrumbList\",\"@id\":\"https:\/\/akerkimya.com\/eticaret\/urun\/vitamin-b7-d-biotin\/#breadcrumb\",\"itemListElement\":[{\"@type\":\"ListItem\",\"position\":1,\"name\":\"Home\",\"item\":\"https:\/\/akerkimya.com\/eticaret\/\"},{\"@type\":\"ListItem\",\"position\":2,\"name\":\"Market\",\"item\":\"https:\/\/akerkimya.com\/eticaret\/market\/\"},{\"@type\":\"ListItem\",\"position\":3,\"name\":\"V\u0130TAM\u0130N B7 (D-B\u0130OT\u0130N)\"}]},{\"@type\":\"WebSite\",\"@id\":\"https:\/\/akerkimya.com\/eticaret\/#website\",\"url\":\"https:\/\/akerkimya.com\/eticaret\/\",\"name\":\"Akerkimya\",\"description\":\"\",\"potentialAction\":[{\"@type\":\"SearchAction\",\"target\":{\"@type\":\"EntryPoint\",\"urlTemplate\":\"https:\/\/akerkimya.com\/eticaret\/?s={search_term_string}\"},\"query-input\":\"required name=search_term_string\"}],\"inLanguage\":\"tr\"}]}<\/script>\n<!-- \/ Yoast SEO Premium plugin. -->","yoast_head_json":{"title":"V\u0130TAM\u0130N B7 (D-B\u0130OT\u0130N) - Akerkimya","robots":{"index":"index","follow":"follow","max-snippet":"max-snippet:-1","max-image-preview":"max-image-preview:large","max-video-preview":"max-video-preview:-1"},"canonical":"https:\/\/akerkimya.com\/eticaret\/urun\/vitamin-b7-d-biotin\/","og_locale":"tr_TR","og_type":"article","og_title":"V\u0130TAM\u0130N B7 (D-B\u0130OT\u0130N)","og_description":"V\u0130TAM\u0130N B7 (D-B\u0130OT\u0130N) Biotin, C10H16N2O3S form\u00fcl\u00fcne sahip H vitamini veya B7 vitamini olarak da adland\u0131r\u0131lan vitamindir. Ya\u011f, protein ve karbonhidrat","og_url":"https:\/\/akerkimya.com\/eticaret\/urun\/vitamin-b7-d-biotin\/","og_site_name":"Akerkimya","article_modified_time":"2026-03-29T23:24:25+00:00","og_image":[{"width":1000,"height":1000,"url":"https:\/\/akerkimya.com\/eticaret\/wp-content\/uploads\/2025\/01\/VITAMIN-B7-D-BIOTIN-GUNCEL.png","type":"image\/png"}],"twitter_card":"summary_large_image","twitter_misc":{"Tahmini okuma s\u00fcresi":"1 dakika"},"schema":{"@context":"https:\/\/schema.org","@graph":[{"@type":"WebPage","@id":"https:\/\/akerkimya.com\/eticaret\/urun\/vitamin-b7-d-biotin\/","url":"https:\/\/akerkimya.com\/eticaret\/urun\/vitamin-b7-d-biotin\/","name":"V\u0130TAM\u0130N B7 (D-B\u0130OT\u0130N) - Akerkimya","isPartOf":{"@id":"https:\/\/akerkimya.com\/eticaret\/#website"},"datePublished":"2025-01-06T14:17:26+00:00","dateModified":"2026-03-29T23:24:25+00:00","breadcrumb":{"@id":"https:\/\/akerkimya.com\/eticaret\/urun\/vitamin-b7-d-biotin\/#breadcrumb"},"inLanguage":"tr","potentialAction":[{"@type":"ReadAction","target":["https:\/\/akerkimya.com\/eticaret\/urun\/vitamin-b7-d-biotin\/"]}]},{"@type":"BreadcrumbList","@id":"https:\/\/akerkimya.com\/eticaret\/urun\/vitamin-b7-d-biotin\/#breadcrumb","itemListElement":[{"@type":"ListItem","position":1,"name":"Home","item":"https:\/\/akerkimya.com\/eticaret\/"},{"@type":"ListItem","position":2,"name":"Market","item":"https:\/\/akerkimya.com\/eticaret\/market\/"},{"@type":"ListItem","position":3,"name":"V\u0130TAM\u0130N B7 (D-B\u0130OT\u0130N)"}]},{"@type":"WebSite","@id":"https:\/\/akerkimya.com\/eticaret\/#website","url":"https:\/\/akerkimya.com\/eticaret\/","name":"Akerkimya","description":"","potentialAction":[{"@type":"SearchAction","target":{"@type":"EntryPoint","urlTemplate":"https:\/\/akerkimya.com\/eticaret\/?s={search_term_string}"},"query-input":"required name=search_term_string"}],"inLanguage":"tr"}]}},"_links":{"self":[{"href":"https:\/\/akerkimya.com\/eticaret\/wp-json\/wp\/v2\/product\/17831","targetHints":{"allow":["GET"]}}],"collection":[{"href":"https:\/\/akerkimya.com\/eticaret\/wp-json\/wp\/v2\/product"}],"about":[{"href":"https:\/\/akerkimya.com\/eticaret\/wp-json\/wp\/v2\/types\/product"}],"replies":[{"embeddable":true,"href":"https:\/\/akerkimya.com\/eticaret\/wp-json\/wp\/v2\/comments?post=17831"}],"version-history":[{"count":2,"href":"https:\/\/akerkimya.com\/eticaret\/wp-json\/wp\/v2\/product\/17831\/revisions"}],"predecessor-version":[{"id":18975,"href":"https:\/\/akerkimya.com\/eticaret\/wp-json\/wp\/v2\/product\/17831\/revisions\/18975"}],"wp:featuredmedia":[{"embeddable":true,"href":"https:\/\/akerkimya.com\/eticaret\/wp-json\/wp\/v2\/media\/17832"}],"wp:attachment":[{"href":"https:\/\/akerkimya.com\/eticaret\/wp-json\/wp\/v2\/media?parent=17831"}],"wp:term":[{"taxonomy":"product_cat","embeddable":true,"href":"https:\/\/akerkimya.com\/eticaret\/wp-json\/wp\/v2\/product_cat?post=17831"},{"taxonomy":"product_tag","embeddable":true,"href":"https:\/\/akerkimya.com\/eticaret\/wp-json\/wp\/v2\/product_tag?post=17831"}],"curies":[{"name":"wp","href":"https:\/\/api.w.org\/{rel}","templated":true}]}}