{"id":17839,"date":"2025-01-06T17:24:08","date_gmt":"2025-01-06T14:24:08","guid":{"rendered":"https:\/\/akerkimya.com\/eticaret\/?post_type=product&#038;p=17839"},"modified":"2026-03-30T02:23:20","modified_gmt":"2026-03-29T23:23:20","slug":"vitamin-b12-siyanokobalamin","status":"publish","type":"product","link":"https:\/\/akerkimya.com\/eticaret\/urun\/vitamin-b12-siyanokobalamin\/","title":{"rendered":"V\u0130TAM\u0130N B12 (S\u0130YANOKOBALAM\u0130N)"},"content":{"rendered":"<h1>V\u0130TAM\u0130N B12 (S\u0130YANOKOBALAM\u0130N)<\/h1>\n<p><strong>Siyanokobalamin olarak da adland\u0131r\u0131lan B12 Vitamini, \u00fc\u00e7 de\u011ferlikli kobalt i\u00e7eren polisiklik bir bile\u015fiktir. Metal i\u00e7eren tek bile\u015fiktir. T\u00fcm vitaminler aras\u0131nda en son ke\u015ffedilen ve molek\u00fcler yap\u0131s\u0131 en karma\u015f\u0131k oland\u0131r.<\/strong><\/p>\n<p><strong>\u00a0<\/strong><\/p>\n<h3><strong>\u00d6zellikler ve Avantajlar\u0131<\/strong><\/h3>\n<p><strong>K\u0131rm\u0131z\u0131 renkte kristal toz formundad\u0131r.<\/strong><\/p>\n<p><strong>Suda \u00e7\u00f6z\u00fcn\u00fcr. Etanol, aseton, kloroform ve eterde \u00e7\u00f6z\u00fcnmez.<\/strong><\/p>\n<p><strong>Kuvvetli asit veya alkali \u00e7\u00f6zeltilerde ayr\u0131\u015f\u0131r ve \u0131s\u0131ya maruz kald\u0131\u011f\u0131nda belli \u00f6l\u00e7\u00fcde bozulur.<\/strong><\/p>\n<p><em><strong>\u00a0<\/strong><\/em><\/p>\n<h3><strong>Teknik \u00d6zellikleri<\/strong><\/h3>\n<p><strong>CAS NUMARASI: 68-19-9<\/strong><\/p>\n<p><strong>EC NUMARASI: 200-680-0<\/strong><\/p>\n<p><strong>MOLEK\u00dcLER FORM\u00dcL: C63H88CoN14O14P<\/strong><\/p>\n<p><strong>K\u0130MYASAL \u0130S\u0130M: Vitamin B12, Siyanokobalamin,<\/strong><\/p>\n<p><strong>MOLAR K\u00dcTLE:1355.388 g\/mol-1<\/strong><\/p>\n<p><strong>ER\u0130ME NOKTASI: 300 \u00b0C (572\u00b0F)<\/strong><\/p>\n<p><strong>KAYNAMA NOKTASI: 300 \u00b0C (572\u00b0F)<\/strong><\/p>\n<p><strong>SUDA \u00c7\u00d6Z\u00dcN\u00dcRL\u00dcK: 1\/80 g\/mol<\/strong><\/p>\n<p><em><strong>\u00a0<\/strong><\/em><\/p>\n<h3><strong>Kullan\u0131m Alanlar\u0131<\/strong><\/h3>\n<p><strong>Cilt yenilenmesi \u00fczerinde m\u00fckemmel etkileri vard\u0131r. H\u00fccre yenilenmesi ve hematopoez i\u00e7in vazge\u00e7ilmezdir. Bu nedenle sivilce izlerini gidermek, yara izlerini \u00f6nlemek, k\u0131r\u0131kl\u0131klar\u0131 \u00f6nlemek amac\u0131yla kullan\u0131l\u0131r.<\/strong><\/p>\n<p><strong>\u00c7e\u015fitli nedenlerle olu\u015fabilecek anemi tedavisinde kullan\u0131l\u0131r.<\/strong><\/p>\n<p><strong>Sinir, kas ve eklem a\u011fr\u0131lar\u0131ndan kullan\u0131l\u0131r.<\/strong><\/p>\n<p><strong>Radyoaktiflerin neden oldu\u011fu l\u00f6kopeni tedavisinde kullan\u0131l\u0131r.<\/strong><\/p>\n<p><strong>Hayvanlar\u0131n vitamin ihtiyac\u0131n\u0131n kar\u015f\u0131lanmas\u0131 i\u00e7in yem katk\u0131 olarak kullan\u0131l\u0131r.<\/strong><\/p>\n<p><strong>G\u0131da renklendirici olarak, jambon, sosis, dondurma gibi \u00fcr\u00fcnlerde kullan\u0131l\u0131r.<\/strong><\/p>\n<p><strong>Sabunlarda, di\u015f macunlar\u0131nda kullan\u0131l\u0131r.<\/strong><\/p>\n<p><em><strong>\u00a0<\/strong><\/em><\/p>\n<p><strong>AMBALAJ<\/strong><\/p>\n<p><strong>50-100-250-500 gram ve 1-5-25 kg ambalajlar halinde<\/strong><\/p>\n<p><strong>\u00a0<\/strong><\/p>\n<p><strong>DEPOLAMA<\/strong><\/p>\n<p><strong>Serin ve kuru bir alanda muhafaza ediniz.<\/strong><\/p>\n<p><em><strong>\u00a0<\/strong><\/em><\/p>\n","protected":false},"excerpt":{"rendered":"<p>V\u0130TAM\u0130N B12 (S\u0130YANOKOBALAM\u0130N) Siyanokobalamin olarak da adland\u0131r\u0131lan B12 Vitamini, \u00fc\u00e7 de\u011ferlikli kobalt i\u00e7eren polisiklik bir bile\u015fiktir. Metal i\u00e7eren tek bile\u015fiktir.<\/p>\n","protected":false},"featured_media":17840,"comment_status":"open","ping_status":"closed","template":"","meta":{"_joinchat":[]},"product_cat":[74,76,80,81],"product_tag":[],"class_list":{"0":"post-17839","1":"product","2":"type-product","3":"status-publish","4":"has-post-thumbnail","6":"product_cat-deterjan-ve-kozmetik-kimyasallari","7":"product_cat-gida-ve-katki-kimyasallari","8":"product_cat-veteriner-ve-ilac-kimyasallari","9":"product_cat-yem-katki-kimyasallari","11":"first","12":"instock","13":"shipping-taxable","14":"purchasable","15":"product-type-variable"},"yoast_head":"<!-- This site is optimized with the Yoast SEO Premium plugin v20.2.1 (Yoast SEO v20.2.1) - https:\/\/yoast.com\/wordpress\/plugins\/seo\/ -->\n<title>V\u0130TAM\u0130N B12 (S\u0130YANOKOBALAM\u0130N) - Akerkimya<\/title>\n<meta name=\"robots\" content=\"index, follow, max-snippet:-1, max-image-preview:large, max-video-preview:-1\" \/>\n<link rel=\"canonical\" href=\"https:\/\/akerkimya.com\/eticaret\/urun\/vitamin-b12-siyanokobalamin\/\" \/>\n<meta property=\"og:locale\" content=\"tr_TR\" \/>\n<meta property=\"og:type\" content=\"article\" \/>\n<meta property=\"og:title\" content=\"V\u0130TAM\u0130N B12 (S\u0130YANOKOBALAM\u0130N)\" \/>\n<meta property=\"og:description\" content=\"V\u0130TAM\u0130N B12 (S\u0130YANOKOBALAM\u0130N) Siyanokobalamin olarak da adland\u0131r\u0131lan B12 Vitamini, \u00fc\u00e7 de\u011ferlikli kobalt i\u00e7eren polisiklik bir bile\u015fiktir. Metal i\u00e7eren tek bile\u015fiktir.\" \/>\n<meta property=\"og:url\" content=\"https:\/\/akerkimya.com\/eticaret\/urun\/vitamin-b12-siyanokobalamin\/\" \/>\n<meta property=\"og:site_name\" content=\"Akerkimya\" \/>\n<meta property=\"article:modified_time\" content=\"2026-03-29T23:23:20+00:00\" \/>\n<meta property=\"og:image\" content=\"https:\/\/akerkimya.com\/eticaret\/wp-content\/uploads\/2025\/01\/VITAMIN-B12-SIYANOKOBALAMIN.jpeg\" \/>\n\t<meta property=\"og:image:width\" content=\"800\" \/>\n\t<meta property=\"og:image:height\" content=\"800\" \/>\n\t<meta property=\"og:image:type\" content=\"image\/jpeg\" \/>\n<meta name=\"twitter:card\" content=\"summary_large_image\" \/>\n<meta name=\"twitter:label1\" content=\"Tahmini okuma s\u00fcresi\" \/>\n\t<meta name=\"twitter:data1\" content=\"1 dakika\" \/>\n<script type=\"application\/ld+json\" class=\"yoast-schema-graph\">{\"@context\":\"https:\/\/schema.org\",\"@graph\":[{\"@type\":\"WebPage\",\"@id\":\"https:\/\/akerkimya.com\/eticaret\/urun\/vitamin-b12-siyanokobalamin\/\",\"url\":\"https:\/\/akerkimya.com\/eticaret\/urun\/vitamin-b12-siyanokobalamin\/\",\"name\":\"V\u0130TAM\u0130N B12 (S\u0130YANOKOBALAM\u0130N) - Akerkimya\",\"isPartOf\":{\"@id\":\"https:\/\/akerkimya.com\/eticaret\/#website\"},\"datePublished\":\"2025-01-06T14:24:08+00:00\",\"dateModified\":\"2026-03-29T23:23:20+00:00\",\"breadcrumb\":{\"@id\":\"https:\/\/akerkimya.com\/eticaret\/urun\/vitamin-b12-siyanokobalamin\/#breadcrumb\"},\"inLanguage\":\"tr\",\"potentialAction\":[{\"@type\":\"ReadAction\",\"target\":[\"https:\/\/akerkimya.com\/eticaret\/urun\/vitamin-b12-siyanokobalamin\/\"]}]},{\"@type\":\"BreadcrumbList\",\"@id\":\"https:\/\/akerkimya.com\/eticaret\/urun\/vitamin-b12-siyanokobalamin\/#breadcrumb\",\"itemListElement\":[{\"@type\":\"ListItem\",\"position\":1,\"name\":\"Home\",\"item\":\"https:\/\/akerkimya.com\/eticaret\/\"},{\"@type\":\"ListItem\",\"position\":2,\"name\":\"Market\",\"item\":\"https:\/\/akerkimya.com\/eticaret\/market\/\"},{\"@type\":\"ListItem\",\"position\":3,\"name\":\"V\u0130TAM\u0130N B12 (S\u0130YANOKOBALAM\u0130N)\"}]},{\"@type\":\"WebSite\",\"@id\":\"https:\/\/akerkimya.com\/eticaret\/#website\",\"url\":\"https:\/\/akerkimya.com\/eticaret\/\",\"name\":\"Akerkimya\",\"description\":\"\",\"potentialAction\":[{\"@type\":\"SearchAction\",\"target\":{\"@type\":\"EntryPoint\",\"urlTemplate\":\"https:\/\/akerkimya.com\/eticaret\/?s={search_term_string}\"},\"query-input\":\"required name=search_term_string\"}],\"inLanguage\":\"tr\"}]}<\/script>\n<!-- \/ Yoast SEO Premium plugin. -->","yoast_head_json":{"title":"V\u0130TAM\u0130N B12 (S\u0130YANOKOBALAM\u0130N) - Akerkimya","robots":{"index":"index","follow":"follow","max-snippet":"max-snippet:-1","max-image-preview":"max-image-preview:large","max-video-preview":"max-video-preview:-1"},"canonical":"https:\/\/akerkimya.com\/eticaret\/urun\/vitamin-b12-siyanokobalamin\/","og_locale":"tr_TR","og_type":"article","og_title":"V\u0130TAM\u0130N B12 (S\u0130YANOKOBALAM\u0130N)","og_description":"V\u0130TAM\u0130N B12 (S\u0130YANOKOBALAM\u0130N) Siyanokobalamin olarak da adland\u0131r\u0131lan B12 Vitamini, \u00fc\u00e7 de\u011ferlikli kobalt i\u00e7eren polisiklik bir bile\u015fiktir. Metal i\u00e7eren tek bile\u015fiktir.","og_url":"https:\/\/akerkimya.com\/eticaret\/urun\/vitamin-b12-siyanokobalamin\/","og_site_name":"Akerkimya","article_modified_time":"2026-03-29T23:23:20+00:00","og_image":[{"width":800,"height":800,"url":"https:\/\/akerkimya.com\/eticaret\/wp-content\/uploads\/2025\/01\/VITAMIN-B12-SIYANOKOBALAMIN.jpeg","type":"image\/jpeg"}],"twitter_card":"summary_large_image","twitter_misc":{"Tahmini okuma s\u00fcresi":"1 dakika"},"schema":{"@context":"https:\/\/schema.org","@graph":[{"@type":"WebPage","@id":"https:\/\/akerkimya.com\/eticaret\/urun\/vitamin-b12-siyanokobalamin\/","url":"https:\/\/akerkimya.com\/eticaret\/urun\/vitamin-b12-siyanokobalamin\/","name":"V\u0130TAM\u0130N B12 (S\u0130YANOKOBALAM\u0130N) - Akerkimya","isPartOf":{"@id":"https:\/\/akerkimya.com\/eticaret\/#website"},"datePublished":"2025-01-06T14:24:08+00:00","dateModified":"2026-03-29T23:23:20+00:00","breadcrumb":{"@id":"https:\/\/akerkimya.com\/eticaret\/urun\/vitamin-b12-siyanokobalamin\/#breadcrumb"},"inLanguage":"tr","potentialAction":[{"@type":"ReadAction","target":["https:\/\/akerkimya.com\/eticaret\/urun\/vitamin-b12-siyanokobalamin\/"]}]},{"@type":"BreadcrumbList","@id":"https:\/\/akerkimya.com\/eticaret\/urun\/vitamin-b12-siyanokobalamin\/#breadcrumb","itemListElement":[{"@type":"ListItem","position":1,"name":"Home","item":"https:\/\/akerkimya.com\/eticaret\/"},{"@type":"ListItem","position":2,"name":"Market","item":"https:\/\/akerkimya.com\/eticaret\/market\/"},{"@type":"ListItem","position":3,"name":"V\u0130TAM\u0130N B12 (S\u0130YANOKOBALAM\u0130N)"}]},{"@type":"WebSite","@id":"https:\/\/akerkimya.com\/eticaret\/#website","url":"https:\/\/akerkimya.com\/eticaret\/","name":"Akerkimya","description":"","potentialAction":[{"@type":"SearchAction","target":{"@type":"EntryPoint","urlTemplate":"https:\/\/akerkimya.com\/eticaret\/?s={search_term_string}"},"query-input":"required name=search_term_string"}],"inLanguage":"tr"}]}},"_links":{"self":[{"href":"https:\/\/akerkimya.com\/eticaret\/wp-json\/wp\/v2\/product\/17839","targetHints":{"allow":["GET"]}}],"collection":[{"href":"https:\/\/akerkimya.com\/eticaret\/wp-json\/wp\/v2\/product"}],"about":[{"href":"https:\/\/akerkimya.com\/eticaret\/wp-json\/wp\/v2\/types\/product"}],"replies":[{"embeddable":true,"href":"https:\/\/akerkimya.com\/eticaret\/wp-json\/wp\/v2\/comments?post=17839"}],"version-history":[{"count":1,"href":"https:\/\/akerkimya.com\/eticaret\/wp-json\/wp\/v2\/product\/17839\/revisions"}],"predecessor-version":[{"id":17848,"href":"https:\/\/akerkimya.com\/eticaret\/wp-json\/wp\/v2\/product\/17839\/revisions\/17848"}],"wp:featuredmedia":[{"embeddable":true,"href":"https:\/\/akerkimya.com\/eticaret\/wp-json\/wp\/v2\/media\/17840"}],"wp:attachment":[{"href":"https:\/\/akerkimya.com\/eticaret\/wp-json\/wp\/v2\/media?parent=17839"}],"wp:term":[{"taxonomy":"product_cat","embeddable":true,"href":"https:\/\/akerkimya.com\/eticaret\/wp-json\/wp\/v2\/product_cat?post=17839"},{"taxonomy":"product_tag","embeddable":true,"href":"https:\/\/akerkimya.com\/eticaret\/wp-json\/wp\/v2\/product_tag?post=17839"}],"curies":[{"name":"wp","href":"https:\/\/api.w.org\/{rel}","templated":true}]}}