{"id":17849,"date":"2025-01-06T18:44:16","date_gmt":"2025-01-06T15:44:16","guid":{"rendered":"https:\/\/akerkimya.com\/eticaret\/?post_type=product&#038;p=17849"},"modified":"2026-03-30T02:24:25","modified_gmt":"2026-03-29T23:24:25","slug":"vitamin-e","status":"publish","type":"product","link":"https:\/\/akerkimya.com\/eticaret\/urun\/vitamin-e\/","title":{"rendered":"V\u0130TAM\u0130N E50"},"content":{"rendered":"<h1>Vitamin E&lt;\/h1 &gt; <strong>Vitamin E, C29H52O3 form\u00fcl\u00fcne sahip ya\u011fda \u00e7\u00f6z\u00fcnen bir vitamindir. A-tokoferol biyolojik aktivitesine sahip bir madde s\u0131n\u0131f\u0131 ve en \u00f6nemli antioksidanlardan biridir. Hammadde olarak do\u011fal E vitamini, soya fasulyesi, kolza tohumu, bu\u011fday tohumu ve di\u011fer do\u011fal bitkilerin ekstraksiyon ve rafinasyon yoluyla elde edilir.<\/strong><\/h1>\n<p><strong>\u00a0<\/strong><\/p>\n<h3><strong>\u00d6zellikler ve Avantajlar\u0131<\/strong><\/h3>\n<p><strong>Beyaz renkte kristal formdad\u0131r. Kokusuzdur.<\/strong><\/p>\n<p><strong>Asit ve \u0131s\u0131ya kar\u015f\u0131 \u00e7ok kararl\u0131 ancak alkaliye kar\u015f\u0131 karars\u0131zd\u0131r.<\/strong><\/p>\n<p><strong>Is\u0131ya kar\u015f\u0131 koruyucudur, yaln\u0131zca 230 \u00b0C \u2018nin \u00fczerinde ayr\u0131\u015fmaya ba\u015flar<\/strong><\/p>\n<p><em><strong>\u00a0<\/strong><\/em><\/p>\n<h3><strong>Teknik \u00d6zellikleri<\/strong><\/h3>\n<p><strong>CAS NUMARASI:7695-91-2 \/ 58-95-7<\/strong><\/p>\n<p><strong>K\u0130MYASAL FORM\u00dcL: C31H5203<\/strong><\/p>\n<p><strong>K\u0130MYASAL \u0130S\u0130MLER\u0130: DL-Alpha Tocopherly Acetate, Vitamin E<\/strong><\/p>\n<p><strong>\u0130\u015eLEV: Vitamin \/ aktif<\/strong><\/p>\n<p><strong>\u00d6NER\u0130LEN KULLANIM: 0.5- 5%<\/strong><\/p>\n<p><strong>KAYNAMA NOKTASI: 363 \u00b0F<\/strong><\/p>\n<p><strong>ER\u0130ME NOKTASI: 82 \u00b0F<\/strong><\/p>\n<p><strong>MOLAR K\u00dcTLE: 472.710 g\/mol<\/strong><\/p>\n<p><strong>YO\u011eUNLUK: 0.95 gr\/cm\u00b3<\/strong><\/p>\n<p><strong>ALEVLENME NOKTASI: 210.2<\/strong><\/p>\n<p><strong>KIRILMA \u0130NDEKS\u0130: 1.495<\/strong><\/p>\n<p><strong>\u00c7\u00d6Z\u00dcN\u00dcRL\u00dcK: Suda pratik olarak \u00e7\u00f6z\u00fcnmez.<\/strong><\/p>\n<p><em><strong>\u00a0<\/strong><\/em><\/p>\n<h3><strong>Kullan\u0131m Alanlar\u0131<\/strong><\/h3>\n<p><strong>Kozmetik sekt\u00f6r\u00fcnde, leke kremlerinde kullan\u0131ld\u0131\u011f\u0131nda kahverengi lekelerin etkisini azalt\u0131r.<\/strong><\/p>\n<p><strong>\u0130la\u00e7 sekt\u00f6r\u00fcnde, vitamin E eksikli\u011fi ya\u015fayan insanlara diyet takviyesi olarak kullan\u0131l\u0131r.<\/strong><\/p>\n<p><strong>Cildi nemlendirmede kullan\u0131l\u0131r.<\/strong><\/p>\n<p><strong>As\u0131l i\u015flevi en \u00f6nemli antioksidanlardan biri olan anti-oksidasyondur.<\/strong><\/p>\n<p><strong>Islak mendil yap\u0131m\u0131nda kullan\u0131l\u0131r.<\/strong><\/p>\n<p><strong>Deodorantlarda, kremlerde, \u015fampuanlarda, renkli kozmetik \u00fcr\u00fcnlerde kullan\u0131m\u0131 mevcuttur.<\/strong><\/p>\n<p><strong>Cilt ya\u015flanmas\u0131n\u0131 geciktirmek i\u00e7in kullan\u0131lan kremlerde kullan\u0131l\u0131r.<\/strong><\/p>\n<p><em><strong>\u00a0<\/strong><\/em><\/p>\n<p><strong>AMBALAJ<\/strong><\/p>\n<p><strong>1-5-25 kg torbalar halinde<\/strong><\/p>\n<p><strong>\u00a0<\/strong><\/p>\n<p><strong>DEPOLAMA<\/strong><\/p>\n<p><strong>Serin ve kuru bir alanda muhafaza ediniz.<\/strong><\/p>\n<p><em><strong>\u00a0<\/strong><\/em><\/p>\n","protected":false},"excerpt":{"rendered":"<p>Vitamin E&lt;\/h1 &gt; Vitamin E, C29H52O3 form\u00fcl\u00fcne sahip ya\u011fda \u00e7\u00f6z\u00fcnen bir vitamindir. A-tokoferol biyolojik aktivitesine sahip bir madde s\u0131n\u0131f\u0131 ve<\/p>\n","protected":false},"featured_media":17850,"comment_status":"open","ping_status":"closed","template":"","meta":{"_joinchat":[]},"product_cat":[74,80],"product_tag":[],"class_list":{"0":"post-17849","1":"product","2":"type-product","3":"status-publish","4":"has-post-thumbnail","6":"product_cat-deterjan-ve-kozmetik-kimyasallari","7":"product_cat-veteriner-ve-ilac-kimyasallari","9":"first","10":"instock","11":"shipping-taxable","12":"purchasable","13":"product-type-variable"},"yoast_head":"<!-- This site is optimized with the Yoast SEO Premium plugin v20.2.1 (Yoast SEO v20.2.1) - https:\/\/yoast.com\/wordpress\/plugins\/seo\/ -->\n<title>V\u0130TAM\u0130N E50 - Akerkimya<\/title>\n<meta name=\"robots\" content=\"index, follow, max-snippet:-1, max-image-preview:large, max-video-preview:-1\" \/>\n<link rel=\"canonical\" href=\"https:\/\/akerkimya.com\/eticaret\/urun\/vitamin-e\/\" \/>\n<meta property=\"og:locale\" content=\"tr_TR\" \/>\n<meta property=\"og:type\" content=\"article\" \/>\n<meta property=\"og:title\" content=\"V\u0130TAM\u0130N E50\" \/>\n<meta property=\"og:description\" content=\"Vitamin E&lt;\/h1 &gt; Vitamin E, C29H52O3 form\u00fcl\u00fcne sahip ya\u011fda \u00e7\u00f6z\u00fcnen bir vitamindir. A-tokoferol biyolojik aktivitesine sahip bir madde s\u0131n\u0131f\u0131 ve\" \/>\n<meta property=\"og:url\" content=\"https:\/\/akerkimya.com\/eticaret\/urun\/vitamin-e\/\" \/>\n<meta property=\"og:site_name\" content=\"Akerkimya\" \/>\n<meta property=\"article:modified_time\" content=\"2026-03-29T23:24:25+00:00\" \/>\n<meta property=\"og:image\" content=\"https:\/\/akerkimya.com\/eticaret\/wp-content\/uploads\/2025\/01\/VITAMIN-E-GUNCEL.png\" \/>\n\t<meta property=\"og:image:width\" content=\"1000\" \/>\n\t<meta property=\"og:image:height\" content=\"1000\" \/>\n\t<meta property=\"og:image:type\" content=\"image\/png\" \/>\n<meta name=\"twitter:card\" content=\"summary_large_image\" \/>\n<meta name=\"twitter:label1\" content=\"Tahmini okuma s\u00fcresi\" \/>\n\t<meta name=\"twitter:data1\" content=\"1 dakika\" \/>\n<script type=\"application\/ld+json\" class=\"yoast-schema-graph\">{\"@context\":\"https:\/\/schema.org\",\"@graph\":[{\"@type\":\"WebPage\",\"@id\":\"https:\/\/akerkimya.com\/eticaret\/urun\/vitamin-e\/\",\"url\":\"https:\/\/akerkimya.com\/eticaret\/urun\/vitamin-e\/\",\"name\":\"V\u0130TAM\u0130N E50 - Akerkimya\",\"isPartOf\":{\"@id\":\"https:\/\/akerkimya.com\/eticaret\/#website\"},\"datePublished\":\"2025-01-06T15:44:16+00:00\",\"dateModified\":\"2026-03-29T23:24:25+00:00\",\"breadcrumb\":{\"@id\":\"https:\/\/akerkimya.com\/eticaret\/urun\/vitamin-e\/#breadcrumb\"},\"inLanguage\":\"tr\",\"potentialAction\":[{\"@type\":\"ReadAction\",\"target\":[\"https:\/\/akerkimya.com\/eticaret\/urun\/vitamin-e\/\"]}]},{\"@type\":\"BreadcrumbList\",\"@id\":\"https:\/\/akerkimya.com\/eticaret\/urun\/vitamin-e\/#breadcrumb\",\"itemListElement\":[{\"@type\":\"ListItem\",\"position\":1,\"name\":\"Home\",\"item\":\"https:\/\/akerkimya.com\/eticaret\/\"},{\"@type\":\"ListItem\",\"position\":2,\"name\":\"Market\",\"item\":\"https:\/\/akerkimya.com\/eticaret\/market\/\"},{\"@type\":\"ListItem\",\"position\":3,\"name\":\"V\u0130TAM\u0130N E50\"}]},{\"@type\":\"WebSite\",\"@id\":\"https:\/\/akerkimya.com\/eticaret\/#website\",\"url\":\"https:\/\/akerkimya.com\/eticaret\/\",\"name\":\"Akerkimya\",\"description\":\"\",\"potentialAction\":[{\"@type\":\"SearchAction\",\"target\":{\"@type\":\"EntryPoint\",\"urlTemplate\":\"https:\/\/akerkimya.com\/eticaret\/?s={search_term_string}\"},\"query-input\":\"required name=search_term_string\"}],\"inLanguage\":\"tr\"}]}<\/script>\n<!-- \/ Yoast SEO Premium plugin. -->","yoast_head_json":{"title":"V\u0130TAM\u0130N E50 - Akerkimya","robots":{"index":"index","follow":"follow","max-snippet":"max-snippet:-1","max-image-preview":"max-image-preview:large","max-video-preview":"max-video-preview:-1"},"canonical":"https:\/\/akerkimya.com\/eticaret\/urun\/vitamin-e\/","og_locale":"tr_TR","og_type":"article","og_title":"V\u0130TAM\u0130N E50","og_description":"Vitamin E&lt;\/h1 &gt; Vitamin E, C29H52O3 form\u00fcl\u00fcne sahip ya\u011fda \u00e7\u00f6z\u00fcnen bir vitamindir. A-tokoferol biyolojik aktivitesine sahip bir madde s\u0131n\u0131f\u0131 ve","og_url":"https:\/\/akerkimya.com\/eticaret\/urun\/vitamin-e\/","og_site_name":"Akerkimya","article_modified_time":"2026-03-29T23:24:25+00:00","og_image":[{"width":1000,"height":1000,"url":"https:\/\/akerkimya.com\/eticaret\/wp-content\/uploads\/2025\/01\/VITAMIN-E-GUNCEL.png","type":"image\/png"}],"twitter_card":"summary_large_image","twitter_misc":{"Tahmini okuma s\u00fcresi":"1 dakika"},"schema":{"@context":"https:\/\/schema.org","@graph":[{"@type":"WebPage","@id":"https:\/\/akerkimya.com\/eticaret\/urun\/vitamin-e\/","url":"https:\/\/akerkimya.com\/eticaret\/urun\/vitamin-e\/","name":"V\u0130TAM\u0130N E50 - Akerkimya","isPartOf":{"@id":"https:\/\/akerkimya.com\/eticaret\/#website"},"datePublished":"2025-01-06T15:44:16+00:00","dateModified":"2026-03-29T23:24:25+00:00","breadcrumb":{"@id":"https:\/\/akerkimya.com\/eticaret\/urun\/vitamin-e\/#breadcrumb"},"inLanguage":"tr","potentialAction":[{"@type":"ReadAction","target":["https:\/\/akerkimya.com\/eticaret\/urun\/vitamin-e\/"]}]},{"@type":"BreadcrumbList","@id":"https:\/\/akerkimya.com\/eticaret\/urun\/vitamin-e\/#breadcrumb","itemListElement":[{"@type":"ListItem","position":1,"name":"Home","item":"https:\/\/akerkimya.com\/eticaret\/"},{"@type":"ListItem","position":2,"name":"Market","item":"https:\/\/akerkimya.com\/eticaret\/market\/"},{"@type":"ListItem","position":3,"name":"V\u0130TAM\u0130N E50"}]},{"@type":"WebSite","@id":"https:\/\/akerkimya.com\/eticaret\/#website","url":"https:\/\/akerkimya.com\/eticaret\/","name":"Akerkimya","description":"","potentialAction":[{"@type":"SearchAction","target":{"@type":"EntryPoint","urlTemplate":"https:\/\/akerkimya.com\/eticaret\/?s={search_term_string}"},"query-input":"required name=search_term_string"}],"inLanguage":"tr"}]}},"_links":{"self":[{"href":"https:\/\/akerkimya.com\/eticaret\/wp-json\/wp\/v2\/product\/17849","targetHints":{"allow":["GET"]}}],"collection":[{"href":"https:\/\/akerkimya.com\/eticaret\/wp-json\/wp\/v2\/product"}],"about":[{"href":"https:\/\/akerkimya.com\/eticaret\/wp-json\/wp\/v2\/types\/product"}],"replies":[{"embeddable":true,"href":"https:\/\/akerkimya.com\/eticaret\/wp-json\/wp\/v2\/comments?post=17849"}],"version-history":[{"count":2,"href":"https:\/\/akerkimya.com\/eticaret\/wp-json\/wp\/v2\/product\/17849\/revisions"}],"predecessor-version":[{"id":18486,"href":"https:\/\/akerkimya.com\/eticaret\/wp-json\/wp\/v2\/product\/17849\/revisions\/18486"}],"wp:featuredmedia":[{"embeddable":true,"href":"https:\/\/akerkimya.com\/eticaret\/wp-json\/wp\/v2\/media\/17850"}],"wp:attachment":[{"href":"https:\/\/akerkimya.com\/eticaret\/wp-json\/wp\/v2\/media?parent=17849"}],"wp:term":[{"taxonomy":"product_cat","embeddable":true,"href":"https:\/\/akerkimya.com\/eticaret\/wp-json\/wp\/v2\/product_cat?post=17849"},{"taxonomy":"product_tag","embeddable":true,"href":"https:\/\/akerkimya.com\/eticaret\/wp-json\/wp\/v2\/product_tag?post=17849"}],"curies":[{"name":"wp","href":"https:\/\/api.w.org\/{rel}","templated":true}]}}