{"id":17868,"date":"2025-01-06T19:15:16","date_gmt":"2025-01-06T16:15:16","guid":{"rendered":"https:\/\/akerkimya.com\/eticaret\/?post_type=product&#038;p=17868"},"modified":"2026-03-30T02:24:25","modified_gmt":"2026-03-29T23:24:25","slug":"xantham-gum","status":"publish","type":"product","link":"https:\/\/akerkimya.com\/eticaret\/urun\/xantham-gum\/","title":{"rendered":"XANTHAM GUM"},"content":{"rendered":"<h1>Xantham Gum<\/h1>\n<p><strong>Xantham gum, C35H49O29 form\u00fcl\u00fcne sahip Xanthomons campestris bakterisi taraf\u0131ndan \u015feker, dekstroz, m\u0131s\u0131r \u015furubu veya ni\u015fastan\u0131n fermantasyonu ile \u00fcretilen do\u011fal bir biyopolimerdir. Bile\u015fenlerin ayr\u0131lmas\u0131n\u0131 \u00f6nleyen etkili bir koyula\u015ft\u0131r\u0131c\u0131, em\u00fclgat\u00f6r, ve stabilizat\u00f6rd\u00fcr.<\/strong><\/p>\n<p><strong>\u00a0<\/strong><\/p>\n<h3><strong>\u00d6zellikler ve Avantajlar\u0131<\/strong><\/h3>\n<p><strong>Beyaz renkte, toz formundad\u0131r.<\/strong><\/p>\n<p><strong>Organik solventler i\u00e7erisinde \u00e7\u00f6z\u00fcnmemektedir.<\/strong><\/p>\n<p><strong>Y\u00fcksek viskoziteye sahiptir.<\/strong><\/p>\n<p><strong>pH 4 ile pH 10 Aral\u0131\u011f\u0131nda en iyi stabilizasyona sahiptir.<\/strong><\/p>\n<p><strong>Y\u00fcksek konsantrasyonlarda bile g\u00f6zle g\u00f6r\u00fcl\u00fcr berrak \u00e7\u00f6zeltiler olu\u015fturur.<\/strong><\/p>\n<p><strong>Hem asidik hem de alkali \u00e7\u00f6zeltilerde \u00e7\u00f6z\u00fcnebilir.<\/strong><\/p>\n<p><strong>Enzimatik degtadasyona y\u00fcksek diren\u00e7 g\u00f6sterir.<\/strong><\/p>\n<p><strong>\u00a0<\/strong><\/p>\n<h3><strong>Teknik \u00d6zellikleri<\/strong><\/h3>\n<p><strong>CAS NUMARASI: 11138-66-2<\/strong><\/p>\n<p><strong>K\u0130MYASAL FORM\u00dcL: C35H49O29<\/strong><\/p>\n<p><strong>K\u0130MYASAL \u0130SM\u0130: Xantham gum, E415, Ksantan gam<\/strong><\/p>\n<p><strong>MOLAR K\u00dcTLE: 933.748 g\/mol<\/strong><\/p>\n<p><strong>\u00c7\u00d6Z\u00dcN\u00dcRL\u00dcK (su i\u00e7erisinde): So\u011fuk ve s\u0131cak suda \u00e7\u00f6z\u00fcnebilir.<\/strong><\/p>\n<p><strong>\u00a0<\/strong><\/p>\n<h3><strong>Kullan\u0131m Alanlar\u0131<\/strong><\/h3>\n<p><strong>Organik solventlerde \u00e7\u00f6z\u00fcnmeyen xanthan gam; su i\u00e7eren sistemlerde reolojik kontrol ajan\u0131 olarak, em\u00fclsiyon ve s\u00fcspansiyonlar i\u00e7in stabilizat\u00f6r olarak kullan\u0131lmaktad\u0131r.<\/strong><\/p>\n<p><strong>Suyu tutmakta, donma-\u00e7\u00f6z\u00fcnme stabilitesini artt\u0131rmakta, ni\u015fastan\u0131n retrogradasyonunu \u00f6nlemekte ve raf \u00f6mr\u00fcn\u00fc iyile\u015ftirmekte kullan\u0131l\u0131r.<\/strong><\/p>\n<p><strong>Salata soslar\u0131, \u00e7ikolata \u015furuplar\u0131 gibi buzdolab\u0131ndan \u00e7\u0131kar \u00e7\u0131kmaz t\u00fcketebilecek \u00fcr\u00fcnlerde, so\u011fuduk\u00e7a k\u0131vam\u0131 artt\u0131rmas\u0131 nedeni ile kullan\u0131l\u0131r.<\/strong><\/p>\n<p><strong>Antibiyotik gibi ila\u00e7lar\u0131n etkilerini d\u00fczenlemede ve d\u00fczenli dozaj\u0131n sa\u011flanmas\u0131nda kullan\u0131l\u0131r.<\/strong><\/p>\n<p><strong>G\u0131da sekt\u00f6r\u00fcnde, ke\u00e7iboynuzu, dondurma ve dondurulmu\u015f \u00fcr\u00fcnlerde stabilizasyonu sa\u011flamak i\u00e7in kullan\u0131l\u0131r.<\/strong><\/p>\n<p><strong>Sivrisinek kovucu spreylerin i\u00e7erisinde k\u0131vamla\u015ft\u0131r\u0131c\u0131 etken madde olarak kullan\u0131l\u0131r.<\/strong><\/p>\n<p><strong>Meyveli i\u00e7eceklerde daha iyi bir g\u00f6r\u00fcn\u00fcm saplamak i\u00e7in kullan\u0131l\u0131r. \u00a0D\u00fc\u015f\u00fck ph ortamlar\u0131nda h\u0131zl\u0131 \u00e7\u00f6z\u00fcn\u00fcrl\u00fc\u011fe sahiptir. Bu sayede \u00e7\u00f6z\u00fclmeyen partik\u00fclleri s\u00fcspanse etmek i\u00e7in kullan\u0131l\u0131r.<\/strong><\/p>\n<p><strong>Peynir imalat\u0131nda, ke\u00e7iboynuzu zamk\u0131 kar\u0131\u015f\u0131m\u0131 ile sertli\u011fi artt\u0131rmak i\u00e7in kullan\u0131l\u0131r.<\/strong><\/p>\n<p><strong>Gl\u00fctensiz \u00fcr\u00fcnlerin ve az ya\u011fl\u0131 yiyeceklerin imalat\u0131nda kullan\u0131l\u0131r.<\/strong><\/p>\n<p><strong>Petrol sahalar\u0131nda sodyum perkarbonat ve amonyum pers\u00fclfat gibi oksitleyici ajanlarla birlikte kullan\u0131larak k\u0131r\u0131c\u0131 maddenin olu\u015fturulmas\u0131n\u0131 sa\u011flar.<\/strong><\/p>\n<p><strong>Unlu mamuller ve makarnada gl\u00fcten yerine ve hamur i\u015flemede kullan\u0131l\u0131r.<\/strong><\/p>\n<p><strong>\u015earap \u00fcretiminde kontroll\u00fc sal\u0131m maddesi olarak kullan\u0131lan tabletlerin \u00fcretiminde ba\u011flay\u0131c\u0131 olarak kullan\u0131l\u0131r.<\/strong><\/p>\n<p><strong>\u0130\u015flenmi\u015f et \u00fcr\u00fcnlerinde kabartma malzemesi olarak kullan\u0131l\u0131r.<\/strong><\/p>\n<p><strong>Di\u015f macunu, kremler, losyonlar ve \u015fampuanlar\u0131n imalat\u0131nda viskozite artt\u0131rmak ve iyi bir ak\u0131\u015f sa\u011flamak amac\u0131yla kullan\u0131l\u0131r.<\/strong><\/p>\n<p><strong>Mantar ve b\u00f6cek \u00f6ld\u00fcr\u00fcc\u00fclerin imalat\u0131nda k\u0131vam verici olarak kullan\u0131l\u0131r.<\/strong><\/p>\n<p><strong>Deterjan, boya sekt\u00f6r\u00fcnde kullan\u0131lmaktad\u0131r.<\/strong><\/p>\n<p><strong>Akne ve sivilce tedavisi i\u00e7in salisilik asit ve di\u011fer baz\u0131 kimyasallarla kullan\u0131larak k\u0131vam vermeyi ve ilac\u0131n di\u011fer maddelerinin bir birine ba\u011flanmas\u0131 i\u00e7in kullan\u0131l\u0131r.<\/strong><\/p>\n<p><strong>Tutkal yap\u0131m\u0131nda k\u0131vam vermek i\u00e7in kullan\u0131l\u0131r.<\/strong><\/p>\n<p><strong>Evcil hayvan mamalar\u0131nda ba\u011flay\u0131c\u0131 olarak kullan\u0131lmaktad\u0131r.<\/strong><\/p>\n<p><strong>Sosis kaplamas\u0131nda film olu\u015fturmak i\u00e7in kullan\u0131l\u0131r.<\/strong><\/p>\n<p><strong>\u00a0<\/strong><\/p>\n<p><strong>AMBALAJ<\/strong><\/p>\n<p><strong>1-5-25 kg torbalar halinde<\/strong><\/p>\n<p><strong>\u00a0<\/strong><\/p>\n<p><strong>DEPOLAMA<\/strong><\/p>\n<p><strong>Serin ve kuru bir alanda muhafaza edilmelidir.<\/strong><\/p>\n<p><strong>\u00a0<\/strong><\/p>\n","protected":false},"excerpt":{"rendered":"<p>Xantham Gum Xantham gum, C35H49O29 form\u00fcl\u00fcne sahip Xanthomons campestris bakterisi taraf\u0131ndan \u015feker, dekstroz, m\u0131s\u0131r \u015furubu veya ni\u015fastan\u0131n fermantasyonu ile \u00fcretilen<\/p>\n","protected":false},"featured_media":17864,"comment_status":"open","ping_status":"closed","template":"","meta":{"_joinchat":[]},"product_cat":[74,76,80,81],"product_tag":[],"class_list":{"0":"post-17868","1":"product","2":"type-product","3":"status-publish","4":"has-post-thumbnail","6":"product_cat-deterjan-ve-kozmetik-kimyasallari","7":"product_cat-gida-ve-katki-kimyasallari","8":"product_cat-veteriner-ve-ilac-kimyasallari","9":"product_cat-yem-katki-kimyasallari","11":"first","12":"instock","13":"shipping-taxable","14":"purchasable","15":"product-type-variable"},"yoast_head":"<!-- This site is optimized with the Yoast SEO Premium plugin v20.2.1 (Yoast SEO v20.2.1) - https:\/\/yoast.com\/wordpress\/plugins\/seo\/ -->\n<title>XANTHAM GUM - Akerkimya<\/title>\n<meta name=\"robots\" content=\"index, follow, max-snippet:-1, max-image-preview:large, max-video-preview:-1\" \/>\n<link rel=\"canonical\" href=\"https:\/\/akerkimya.com\/eticaret\/urun\/xantham-gum\/\" \/>\n<meta property=\"og:locale\" content=\"tr_TR\" \/>\n<meta property=\"og:type\" content=\"article\" \/>\n<meta property=\"og:title\" content=\"XANTHAM GUM\" \/>\n<meta property=\"og:description\" content=\"Xantham Gum Xantham gum, C35H49O29 form\u00fcl\u00fcne sahip Xanthomons campestris bakterisi taraf\u0131ndan \u015feker, dekstroz, m\u0131s\u0131r \u015furubu veya ni\u015fastan\u0131n fermantasyonu ile \u00fcretilen\" \/>\n<meta property=\"og:url\" content=\"https:\/\/akerkimya.com\/eticaret\/urun\/xantham-gum\/\" \/>\n<meta property=\"og:site_name\" content=\"Akerkimya\" \/>\n<meta property=\"article:modified_time\" content=\"2026-03-29T23:24:25+00:00\" \/>\n<meta property=\"og:image\" content=\"https:\/\/akerkimya.com\/eticaret\/wp-content\/uploads\/2025\/01\/XANTHAM-GUM-GUNCEL.png\" \/>\n\t<meta property=\"og:image:width\" content=\"1000\" \/>\n\t<meta property=\"og:image:height\" content=\"1000\" \/>\n\t<meta property=\"og:image:type\" content=\"image\/png\" \/>\n<meta name=\"twitter:card\" content=\"summary_large_image\" \/>\n<meta name=\"twitter:label1\" content=\"Tahmini okuma s\u00fcresi\" \/>\n\t<meta name=\"twitter:data1\" content=\"3 dakika\" \/>\n<script type=\"application\/ld+json\" class=\"yoast-schema-graph\">{\"@context\":\"https:\/\/schema.org\",\"@graph\":[{\"@type\":\"WebPage\",\"@id\":\"https:\/\/akerkimya.com\/eticaret\/urun\/xantham-gum\/\",\"url\":\"https:\/\/akerkimya.com\/eticaret\/urun\/xantham-gum\/\",\"name\":\"XANTHAM GUM - Akerkimya\",\"isPartOf\":{\"@id\":\"https:\/\/akerkimya.com\/eticaret\/#website\"},\"datePublished\":\"2025-01-06T16:15:16+00:00\",\"dateModified\":\"2026-03-29T23:24:25+00:00\",\"breadcrumb\":{\"@id\":\"https:\/\/akerkimya.com\/eticaret\/urun\/xantham-gum\/#breadcrumb\"},\"inLanguage\":\"tr\",\"potentialAction\":[{\"@type\":\"ReadAction\",\"target\":[\"https:\/\/akerkimya.com\/eticaret\/urun\/xantham-gum\/\"]}]},{\"@type\":\"BreadcrumbList\",\"@id\":\"https:\/\/akerkimya.com\/eticaret\/urun\/xantham-gum\/#breadcrumb\",\"itemListElement\":[{\"@type\":\"ListItem\",\"position\":1,\"name\":\"Home\",\"item\":\"https:\/\/akerkimya.com\/eticaret\/\"},{\"@type\":\"ListItem\",\"position\":2,\"name\":\"Market\",\"item\":\"https:\/\/akerkimya.com\/eticaret\/market\/\"},{\"@type\":\"ListItem\",\"position\":3,\"name\":\"XANTHAM GUM\"}]},{\"@type\":\"WebSite\",\"@id\":\"https:\/\/akerkimya.com\/eticaret\/#website\",\"url\":\"https:\/\/akerkimya.com\/eticaret\/\",\"name\":\"Akerkimya\",\"description\":\"\",\"potentialAction\":[{\"@type\":\"SearchAction\",\"target\":{\"@type\":\"EntryPoint\",\"urlTemplate\":\"https:\/\/akerkimya.com\/eticaret\/?s={search_term_string}\"},\"query-input\":\"required name=search_term_string\"}],\"inLanguage\":\"tr\"}]}<\/script>\n<!-- \/ Yoast SEO Premium plugin. -->","yoast_head_json":{"title":"XANTHAM GUM - Akerkimya","robots":{"index":"index","follow":"follow","max-snippet":"max-snippet:-1","max-image-preview":"max-image-preview:large","max-video-preview":"max-video-preview:-1"},"canonical":"https:\/\/akerkimya.com\/eticaret\/urun\/xantham-gum\/","og_locale":"tr_TR","og_type":"article","og_title":"XANTHAM GUM","og_description":"Xantham Gum Xantham gum, C35H49O29 form\u00fcl\u00fcne sahip Xanthomons campestris bakterisi taraf\u0131ndan \u015feker, dekstroz, m\u0131s\u0131r \u015furubu veya ni\u015fastan\u0131n fermantasyonu ile \u00fcretilen","og_url":"https:\/\/akerkimya.com\/eticaret\/urun\/xantham-gum\/","og_site_name":"Akerkimya","article_modified_time":"2026-03-29T23:24:25+00:00","og_image":[{"width":1000,"height":1000,"url":"https:\/\/akerkimya.com\/eticaret\/wp-content\/uploads\/2025\/01\/XANTHAM-GUM-GUNCEL.png","type":"image\/png"}],"twitter_card":"summary_large_image","twitter_misc":{"Tahmini okuma s\u00fcresi":"3 dakika"},"schema":{"@context":"https:\/\/schema.org","@graph":[{"@type":"WebPage","@id":"https:\/\/akerkimya.com\/eticaret\/urun\/xantham-gum\/","url":"https:\/\/akerkimya.com\/eticaret\/urun\/xantham-gum\/","name":"XANTHAM GUM - Akerkimya","isPartOf":{"@id":"https:\/\/akerkimya.com\/eticaret\/#website"},"datePublished":"2025-01-06T16:15:16+00:00","dateModified":"2026-03-29T23:24:25+00:00","breadcrumb":{"@id":"https:\/\/akerkimya.com\/eticaret\/urun\/xantham-gum\/#breadcrumb"},"inLanguage":"tr","potentialAction":[{"@type":"ReadAction","target":["https:\/\/akerkimya.com\/eticaret\/urun\/xantham-gum\/"]}]},{"@type":"BreadcrumbList","@id":"https:\/\/akerkimya.com\/eticaret\/urun\/xantham-gum\/#breadcrumb","itemListElement":[{"@type":"ListItem","position":1,"name":"Home","item":"https:\/\/akerkimya.com\/eticaret\/"},{"@type":"ListItem","position":2,"name":"Market","item":"https:\/\/akerkimya.com\/eticaret\/market\/"},{"@type":"ListItem","position":3,"name":"XANTHAM GUM"}]},{"@type":"WebSite","@id":"https:\/\/akerkimya.com\/eticaret\/#website","url":"https:\/\/akerkimya.com\/eticaret\/","name":"Akerkimya","description":"","potentialAction":[{"@type":"SearchAction","target":{"@type":"EntryPoint","urlTemplate":"https:\/\/akerkimya.com\/eticaret\/?s={search_term_string}"},"query-input":"required name=search_term_string"}],"inLanguage":"tr"}]}},"_links":{"self":[{"href":"https:\/\/akerkimya.com\/eticaret\/wp-json\/wp\/v2\/product\/17868","targetHints":{"allow":["GET"]}}],"collection":[{"href":"https:\/\/akerkimya.com\/eticaret\/wp-json\/wp\/v2\/product"}],"about":[{"href":"https:\/\/akerkimya.com\/eticaret\/wp-json\/wp\/v2\/types\/product"}],"replies":[{"embeddable":true,"href":"https:\/\/akerkimya.com\/eticaret\/wp-json\/wp\/v2\/comments?post=17868"}],"version-history":[{"count":2,"href":"https:\/\/akerkimya.com\/eticaret\/wp-json\/wp\/v2\/product\/17868\/revisions"}],"predecessor-version":[{"id":18272,"href":"https:\/\/akerkimya.com\/eticaret\/wp-json\/wp\/v2\/product\/17868\/revisions\/18272"}],"wp:featuredmedia":[{"embeddable":true,"href":"https:\/\/akerkimya.com\/eticaret\/wp-json\/wp\/v2\/media\/17864"}],"wp:attachment":[{"href":"https:\/\/akerkimya.com\/eticaret\/wp-json\/wp\/v2\/media?parent=17868"}],"wp:term":[{"taxonomy":"product_cat","embeddable":true,"href":"https:\/\/akerkimya.com\/eticaret\/wp-json\/wp\/v2\/product_cat?post=17868"},{"taxonomy":"product_tag","embeddable":true,"href":"https:\/\/akerkimya.com\/eticaret\/wp-json\/wp\/v2\/product_tag?post=17868"}],"curies":[{"name":"wp","href":"https:\/\/api.w.org\/{rel}","templated":true}]}}