{"id":17873,"date":"2025-01-07T02:22:42","date_gmt":"2025-01-06T23:22:42","guid":{"rendered":"https:\/\/akerkimya.com\/eticaret\/?post_type=product&#038;p=17873"},"modified":"2026-03-30T02:24:25","modified_gmt":"2026-03-29T23:24:25","slug":"askorbik-asit","status":"publish","type":"product","link":"https:\/\/akerkimya.com\/eticaret\/urun\/askorbik-asit\/","title":{"rendered":"ASKORB\u0130K AS\u0130T"},"content":{"rendered":"<h1>ASKORB\u0130K AS\u0130T<\/h1>\n<p><strong>Kimyasal yap\u0131s\u0131 itibariyle alt\u0131 karbonlu bir bile\u015fiktir. E300 ve C vitamini olarak da bilinir. Narenciye \u00fcr\u00fcnlerinde ve bilinenin aksine ye\u015fil yaprakl\u0131 bitkilerde daha fazla miktarda do\u011fal olarak bulunmaktad\u0131r. Ba\u011f\u0131\u015f\u0131kl\u0131k sistemini g\u00fc\u00e7lendiricidir.<\/strong><\/p>\n<p><strong>\u00a0<\/strong><\/p>\n<p><strong>ASKORB\u0130K AS\u0130T \u00d6ZELL\u0130KLER\u0130<\/strong><\/p>\n<p><strong>Kemik ile ba\u011f dokular\u0131n\u0131 korur.<\/strong><\/p>\n<p><strong>Antioksidan \u00f6zelli\u011fine sahiptir.<\/strong><\/p>\n<p><strong>Ba\u011f\u0131\u015f\u0131kl\u0131k sistemi i\u00e7in son derece b\u00fcy\u00fck \u00f6neme sahiptir.<\/strong><\/p>\n<p><strong>Suyun i\u00e7indeki \u00e7\u00f6zeltisi orta \u015fiddette bir \u00e7\u00f6zeltidir.<\/strong><\/p>\n<p><strong>Askorbik Asit yan\u0131c\u0131 bir kimyasald\u0131r.<\/strong><\/p>\n<p><strong>Bir\u00e7ok mineralin emilebilir hale gelmesini sa\u011flar.<\/strong><\/p>\n<p><strong>V\u00fccudun oksitlenme seviyesinin d\u00fc\u015f\u00fcr\u00fclmesinde \u00e7ok \u00f6nemli pay\u0131 vard\u0131r.<\/strong><\/p>\n<p><strong>Kan h\u00fccrelerinin yenilenmesini sa\u011flar.<\/strong><\/p>\n<p><strong>\u00a0<\/strong><\/p>\n<p><strong>ASKORB\u0130K AS\u0130T TEKN\u0130K \u00d6ZELL\u0130KLER\u0130<\/strong><\/p>\n<p><strong>D\u0130\u011eER \u0130S\u0130MLER\u0130: Antiscorbik Vitamin<\/strong><\/p>\n<p><strong>MOLEK\u00dcL FORM\u00dcL\u00dc: C6H8O6<\/strong><\/p>\n<p><strong>MOLEK\u00dcL A\u011eIRLI\u011eI: 176.174 g\/mol<\/strong><\/p>\n<p><strong>K\u0130MYASAL ADI: Askorbik Asit (C Vitamini)<\/strong><\/p>\n<p><strong>CAS NUMARASI: 50-81-7<\/strong><\/p>\n<p><strong>KOKUSU: Azd\u0131r.<\/strong><\/p>\n<p><strong>G\u00d6R\u00dcN\u00dcM: A\u00e7\u0131k sar\u0131 kristal toz<\/strong><\/p>\n<p><strong>\u00c7\u00d6Z\u00dcN\u00dcRL\u00dcK: Suda \u00e7\u00f6z\u00fcn\u00fcr.<\/strong><\/p>\n<p><strong>\u00a0<\/strong><\/p>\n<p><strong>ASKORB\u0130K AS\u0130T KULLANIM ALANLARI<\/strong><\/p>\n<p><strong>Genellikle t\u0131bbi alanda c vitamini kayna\u011f\u0131 olarak kullan\u0131l\u0131r.<\/strong><\/p>\n<p><strong>Kurutulmu\u015f etlere eklenerek renklerinin korunmas\u0131 sa\u011flan\u0131r.<\/strong><\/p>\n<p><strong>G\u0131dalarda koruyucu olarak antioksidan etkiye sahiptir.<\/strong><\/p>\n<p><strong>G\u0131dalar\u0131n bozulmas\u0131n\u0131 ve bakterilerin olu\u015fmas\u0131n\u0131 engeller.<\/strong><\/p>\n<p><strong>Ya\u011flardaki oksidatif kokunun gecikmesini sa\u011flar.<\/strong><\/p>\n<p><strong>Bu\u011fday unu ve hamurun kalitesinin iyile\u015ftirilmesinde de kullan\u0131l\u0131r.<\/strong><\/p>\n<p><strong>\u0130\u015flenmi\u015f meyve ve sebzeleri kahverengile\u015fmeye kar\u015f\u0131 korur.<\/strong><\/p>\n<p><strong>\u015earap ve biran\u0131n berrak g\u00f6r\u00fcnmesini sa\u011flar.<\/strong><\/p>\n<p><strong>So\u011fuk alg\u0131nl\u0131\u011f\u0131 tedavisinde kullan\u0131lan ila\u00e7lar\u0131n \u00fcretiminde kullan\u0131l\u0131r.<\/strong><\/p>\n<p><strong>Antioksidan \u00f6zelli\u011fi sayesinde kanser tedavisinde kullan\u0131l\u0131r.<\/strong><\/p>\n<p><strong>\u00a0<\/strong><\/p>\n<p><strong>AMBALAJ <\/strong><\/p>\n<p><strong>1-5-25 kg torbalar halinde <\/strong><\/p>\n<p><strong>\u00a0<\/strong><\/p>\n<p><strong>DEPOLAMA <\/strong><\/p>\n<p><strong>Serin ve nem olmayan yerde kapal\u0131 ambalajlarda muhafaza edilmelidir. <\/strong><\/p>\n<p><strong>\u00a0<\/strong><\/p>\n<p><strong>\u00a0<\/strong><\/p>\n","protected":false},"excerpt":{"rendered":"<p>ASKORB\u0130K AS\u0130T Kimyasal yap\u0131s\u0131 itibariyle alt\u0131 karbonlu bir bile\u015fiktir. E300 ve C vitamini olarak da bilinir. Narenciye \u00fcr\u00fcnlerinde ve bilinenin<\/p>\n","protected":false},"featured_media":17874,"comment_status":"open","ping_status":"closed","template":"","meta":{"_joinchat":[]},"product_cat":[76],"product_tag":[],"class_list":{"0":"post-17873","1":"product","2":"type-product","3":"status-publish","4":"has-post-thumbnail","6":"product_cat-gida-ve-katki-kimyasallari","8":"first","9":"instock","10":"shipping-taxable","11":"purchasable","12":"product-type-variable"},"yoast_head":"<!-- This site is optimized with the Yoast SEO Premium plugin v20.2.1 (Yoast SEO v20.2.1) - https:\/\/yoast.com\/wordpress\/plugins\/seo\/ -->\n<title>ASKORB\u0130K AS\u0130T - Akerkimya<\/title>\n<meta name=\"robots\" content=\"index, follow, max-snippet:-1, max-image-preview:large, max-video-preview:-1\" \/>\n<link rel=\"canonical\" href=\"https:\/\/akerkimya.com\/eticaret\/urun\/askorbik-asit\/\" \/>\n<meta property=\"og:locale\" content=\"tr_TR\" \/>\n<meta property=\"og:type\" content=\"article\" \/>\n<meta property=\"og:title\" content=\"ASKORB\u0130K AS\u0130T\" \/>\n<meta property=\"og:description\" content=\"ASKORB\u0130K AS\u0130T Kimyasal yap\u0131s\u0131 itibariyle alt\u0131 karbonlu bir bile\u015fiktir. E300 ve C vitamini olarak da bilinir. Narenciye \u00fcr\u00fcnlerinde ve bilinenin\" \/>\n<meta property=\"og:url\" content=\"https:\/\/akerkimya.com\/eticaret\/urun\/askorbik-asit\/\" \/>\n<meta property=\"og:site_name\" content=\"Akerkimya\" \/>\n<meta property=\"article:modified_time\" content=\"2026-03-29T23:24:25+00:00\" \/>\n<meta property=\"og:image\" content=\"https:\/\/akerkimya.com\/eticaret\/wp-content\/uploads\/2025\/01\/ASKORBIK-ASIT-GUNCEL-.png\" \/>\n\t<meta property=\"og:image:width\" content=\"1000\" \/>\n\t<meta property=\"og:image:height\" content=\"1000\" \/>\n\t<meta property=\"og:image:type\" content=\"image\/png\" \/>\n<meta name=\"twitter:card\" content=\"summary_large_image\" \/>\n<meta name=\"twitter:label1\" content=\"Tahmini okuma s\u00fcresi\" \/>\n\t<meta name=\"twitter:data1\" content=\"1 dakika\" \/>\n<script type=\"application\/ld+json\" class=\"yoast-schema-graph\">{\"@context\":\"https:\/\/schema.org\",\"@graph\":[{\"@type\":\"WebPage\",\"@id\":\"https:\/\/akerkimya.com\/eticaret\/urun\/askorbik-asit\/\",\"url\":\"https:\/\/akerkimya.com\/eticaret\/urun\/askorbik-asit\/\",\"name\":\"ASKORB\u0130K AS\u0130T - Akerkimya\",\"isPartOf\":{\"@id\":\"https:\/\/akerkimya.com\/eticaret\/#website\"},\"datePublished\":\"2025-01-06T23:22:42+00:00\",\"dateModified\":\"2026-03-29T23:24:25+00:00\",\"breadcrumb\":{\"@id\":\"https:\/\/akerkimya.com\/eticaret\/urun\/askorbik-asit\/#breadcrumb\"},\"inLanguage\":\"tr\",\"potentialAction\":[{\"@type\":\"ReadAction\",\"target\":[\"https:\/\/akerkimya.com\/eticaret\/urun\/askorbik-asit\/\"]}]},{\"@type\":\"BreadcrumbList\",\"@id\":\"https:\/\/akerkimya.com\/eticaret\/urun\/askorbik-asit\/#breadcrumb\",\"itemListElement\":[{\"@type\":\"ListItem\",\"position\":1,\"name\":\"Home\",\"item\":\"https:\/\/akerkimya.com\/eticaret\/\"},{\"@type\":\"ListItem\",\"position\":2,\"name\":\"Market\",\"item\":\"https:\/\/akerkimya.com\/eticaret\/market\/\"},{\"@type\":\"ListItem\",\"position\":3,\"name\":\"ASKORB\u0130K AS\u0130T\"}]},{\"@type\":\"WebSite\",\"@id\":\"https:\/\/akerkimya.com\/eticaret\/#website\",\"url\":\"https:\/\/akerkimya.com\/eticaret\/\",\"name\":\"Akerkimya\",\"description\":\"\",\"potentialAction\":[{\"@type\":\"SearchAction\",\"target\":{\"@type\":\"EntryPoint\",\"urlTemplate\":\"https:\/\/akerkimya.com\/eticaret\/?s={search_term_string}\"},\"query-input\":\"required name=search_term_string\"}],\"inLanguage\":\"tr\"}]}<\/script>\n<!-- \/ Yoast SEO Premium plugin. -->","yoast_head_json":{"title":"ASKORB\u0130K AS\u0130T - Akerkimya","robots":{"index":"index","follow":"follow","max-snippet":"max-snippet:-1","max-image-preview":"max-image-preview:large","max-video-preview":"max-video-preview:-1"},"canonical":"https:\/\/akerkimya.com\/eticaret\/urun\/askorbik-asit\/","og_locale":"tr_TR","og_type":"article","og_title":"ASKORB\u0130K AS\u0130T","og_description":"ASKORB\u0130K AS\u0130T Kimyasal yap\u0131s\u0131 itibariyle alt\u0131 karbonlu bir bile\u015fiktir. E300 ve C vitamini olarak da bilinir. Narenciye \u00fcr\u00fcnlerinde ve bilinenin","og_url":"https:\/\/akerkimya.com\/eticaret\/urun\/askorbik-asit\/","og_site_name":"Akerkimya","article_modified_time":"2026-03-29T23:24:25+00:00","og_image":[{"width":1000,"height":1000,"url":"https:\/\/akerkimya.com\/eticaret\/wp-content\/uploads\/2025\/01\/ASKORBIK-ASIT-GUNCEL-.png","type":"image\/png"}],"twitter_card":"summary_large_image","twitter_misc":{"Tahmini okuma s\u00fcresi":"1 dakika"},"schema":{"@context":"https:\/\/schema.org","@graph":[{"@type":"WebPage","@id":"https:\/\/akerkimya.com\/eticaret\/urun\/askorbik-asit\/","url":"https:\/\/akerkimya.com\/eticaret\/urun\/askorbik-asit\/","name":"ASKORB\u0130K AS\u0130T - Akerkimya","isPartOf":{"@id":"https:\/\/akerkimya.com\/eticaret\/#website"},"datePublished":"2025-01-06T23:22:42+00:00","dateModified":"2026-03-29T23:24:25+00:00","breadcrumb":{"@id":"https:\/\/akerkimya.com\/eticaret\/urun\/askorbik-asit\/#breadcrumb"},"inLanguage":"tr","potentialAction":[{"@type":"ReadAction","target":["https:\/\/akerkimya.com\/eticaret\/urun\/askorbik-asit\/"]}]},{"@type":"BreadcrumbList","@id":"https:\/\/akerkimya.com\/eticaret\/urun\/askorbik-asit\/#breadcrumb","itemListElement":[{"@type":"ListItem","position":1,"name":"Home","item":"https:\/\/akerkimya.com\/eticaret\/"},{"@type":"ListItem","position":2,"name":"Market","item":"https:\/\/akerkimya.com\/eticaret\/market\/"},{"@type":"ListItem","position":3,"name":"ASKORB\u0130K AS\u0130T"}]},{"@type":"WebSite","@id":"https:\/\/akerkimya.com\/eticaret\/#website","url":"https:\/\/akerkimya.com\/eticaret\/","name":"Akerkimya","description":"","potentialAction":[{"@type":"SearchAction","target":{"@type":"EntryPoint","urlTemplate":"https:\/\/akerkimya.com\/eticaret\/?s={search_term_string}"},"query-input":"required name=search_term_string"}],"inLanguage":"tr"}]}},"_links":{"self":[{"href":"https:\/\/akerkimya.com\/eticaret\/wp-json\/wp\/v2\/product\/17873","targetHints":{"allow":["GET"]}}],"collection":[{"href":"https:\/\/akerkimya.com\/eticaret\/wp-json\/wp\/v2\/product"}],"about":[{"href":"https:\/\/akerkimya.com\/eticaret\/wp-json\/wp\/v2\/types\/product"}],"replies":[{"embeddable":true,"href":"https:\/\/akerkimya.com\/eticaret\/wp-json\/wp\/v2\/comments?post=17873"}],"version-history":[{"count":1,"href":"https:\/\/akerkimya.com\/eticaret\/wp-json\/wp\/v2\/product\/17873\/revisions"}],"predecessor-version":[{"id":17878,"href":"https:\/\/akerkimya.com\/eticaret\/wp-json\/wp\/v2\/product\/17873\/revisions\/17878"}],"wp:featuredmedia":[{"embeddable":true,"href":"https:\/\/akerkimya.com\/eticaret\/wp-json\/wp\/v2\/media\/17874"}],"wp:attachment":[{"href":"https:\/\/akerkimya.com\/eticaret\/wp-json\/wp\/v2\/media?parent=17873"}],"wp:term":[{"taxonomy":"product_cat","embeddable":true,"href":"https:\/\/akerkimya.com\/eticaret\/wp-json\/wp\/v2\/product_cat?post=17873"},{"taxonomy":"product_tag","embeddable":true,"href":"https:\/\/akerkimya.com\/eticaret\/wp-json\/wp\/v2\/product_tag?post=17873"}],"curies":[{"name":"wp","href":"https:\/\/api.w.org\/{rel}","templated":true}]}}