{"id":17886,"date":"2025-01-07T02:58:03","date_gmt":"2025-01-06T23:58:03","guid":{"rendered":"https:\/\/akerkimya.com\/eticaret\/?post_type=product&#038;p=17886"},"modified":"2026-03-30T02:24:26","modified_gmt":"2026-03-29T23:24:26","slug":"diamonyum-fosfat-dap","status":"publish","type":"product","link":"https:\/\/akerkimya.com\/eticaret\/urun\/diamonyum-fosfat-dap\/","title":{"rendered":"D\u0130AMONYUM FOSFAT (DAP)"},"content":{"rendered":"<h1>D\u0130AMONYUM FOSFAT (DAP)<\/h1>\n<p><strong>Diamonyum fosfat, (NH4) 2HPO4 form\u00fcl\u00fcne sahip fosforik asidin 2 tane amonyum molek\u00fcl\u00fc ile olu\u015fan inorganik bir bile\u015fiktir. Amonyum tuzlar\u0131 ve diamonyum hidrojen fosfat olarak da bilinir. Beyaz kristal bir yap\u0131ya sahiptir. En yayg\u0131n olarak g\u00fcbre yap\u0131m\u0131nda kullan\u0131l\u0131r.<\/strong><\/p>\n<p><strong>D\u0130AMONYUM FOSFAT \u00d6ZELL\u0130KLER\u0130<\/strong><\/p>\n<p><strong>Tuzlu ve serinlik veren bir tada sahiptir.<\/strong><\/p>\n<p><strong>G\u00f6r\u00fcn\u00fcm olarak beyaz kristal bir formdad\u0131r.<\/strong><\/p>\n<p><strong>Kokusu olmaz ya da \u00e7ok az amonyak kokusu bulunur.<\/strong><\/p>\n<p><strong>Kararl\u0131 bir bile\u015fik de\u011fildir. Hava ile temas etmesi durumunda zamanla i\u00e7erisinde bulunan amonyum %8\u2019 ini kaybetmektedir.<\/strong><\/p>\n<p><strong>\u00a0<\/strong><\/p>\n<p><strong>TEKN\u0130K \u00d6ZELL\u0130KLER<\/strong><\/p>\n<p><strong>CAS NUMARASI: 7783-28-0<\/strong><\/p>\n<p><strong>MOLEK\u00dcLER FORM\u00dcL\u00dc: (NH4) 2HPO4<\/strong><\/p>\n<p><strong>K\u0130MYASAL ADI: Diamonyum Fosfat, Diamonyum Hidrojen Fosfat, Amonyum Ortofosfat Dibazik<\/strong><\/p>\n<p><strong>MOLAR K\u00dcTLE: 132,07 g\/mol<\/strong><\/p>\n<p><strong>YO\u011eUNLUK: 1.619 g\/cm\u00b3<\/strong><\/p>\n<p><strong>ER\u0130ME NOKTASI: 155 \u00b0C \u00e7\u00fcr\u00fcme<\/strong><\/p>\n<p><strong>PH ARALI\u011eI: 8<\/strong><\/p>\n<p><strong>SUDA \u00c7\u00d6Z\u00dcN\u00dcRL\u00dcK: 57.5 g\/100 ml (10 \u00b0C) 106.7 g\/100 ml (100 \u00b0C)<\/strong><\/p>\n<p><strong>\u00c7\u00d6Z\u00dcN\u00dcRL\u00dcK: Alkol, aseton ve s\u0131v\u0131 amonyak i\u00e7inde \u00e7\u00f6z\u00fcnmez.<\/strong><\/p>\n<p><strong>\u00a0<\/strong><\/p>\n<p><strong>KULLANIM ALANLARI<\/strong><\/p>\n<p><strong>G\u0131da sekt\u00f6r\u00fcnde \u00f6zellikle mayalarda, fermantasyon i\u015flemlerinde s\u0131kl\u0131kla bu maddeden yararlan\u0131l\u0131r.<\/strong><\/p>\n<p><strong>At\u0131k sularda kimyasal ar\u0131tma i\u015fleminden sonra ya da tek ba\u015f\u0131na biyolojik ar\u0131tma ger\u00e7ekle\u015ftirilir. At\u0131k sular\u0131n biyokimyasal ar\u0131tma tesislerinde \u00f6nemli bir bile\u015fendir.<\/strong><\/p>\n<p><strong>Elektronik t\u00fcplerin \u00fcretiminde kullan\u0131l\u0131r.<\/strong><\/p>\n<p><strong>Tar\u0131m sekt\u00f6r\u00fcnde, g\u00fcbre imalat\u0131nda kullan\u0131l\u0131r. Azot oran\u0131 %18 ve fosfor oran\u0131 (P2O5 cinsinden) %46 olacak \u015fekilde fosfor ve azot kayna\u011f\u0131 \u00fcretiminde kullan\u0131l\u0131r.<\/strong><\/p>\n<p><strong>Su yumu\u015fat\u0131c\u0131s\u0131 olarak kullan\u0131l\u0131r.<\/strong><\/p>\n<p><strong>End\u00fcstriyel alanda s\u0131kl\u0131kla bu maddeye ihtiya\u00e7 duyulur. \u00d6zellikle yem \u00fcretilirken katk\u0131 maddesi olarak, yang\u0131n s\u00f6nd\u00fcrme aletlerinde ve genel olarak alev geciktirici olarak kullan\u0131l\u0131r.<\/strong><\/p>\n<p><strong>Bitkiler i\u00e7in azot, bitki geli\u015fimi ve bitkinin b\u00fcy\u00fcmesi i\u00e7in \u00f6nemli bir elementtir. Bu t\u00fcr g\u00fcbre s\u0131n\u0131f\u0131 topra\u011f\u0131n ekime haz\u0131rlanmas\u0131 s\u0131ras\u0131nda kullan\u0131l\u0131r.<\/strong><\/p>\n<p><strong>Askeri alanlarda \u00f6zellikle roket yap\u0131m\u0131nda kullan\u0131l\u0131r.<\/strong><\/p>\n<p><strong>\u0130la\u00e7 \u00fcretiminde kullan\u0131l\u0131r.<\/strong><\/p>\n<p><strong>G\u00fcbre seviyesi esas olarak y\u00fcksek konsantrasyonlarda azot ve fosfor bile\u015fik g\u00fcbre i\u00e7in kullan\u0131l\u0131r.<\/strong><\/p>\n<p><strong>End\u00fcstriyel kalite, dayan\u0131kl\u0131l\u0131\u011f\u0131n\u0131 artt\u0131rmak i\u00e7in ah\u015fap ve kuma\u015f\u0131n emprenye edilmesi i\u00e7in kullan\u0131l\u0131r.<\/strong><\/p>\n<p><strong>Analiz reaktifleri ve tampon olarak kullan\u0131l\u0131r.<\/strong><\/p>\n<p><strong>\u015earap \u00fcretimi s\u0131ras\u0131nda hidrojen s\u00fclf\u00fcr gaz\u0131 olu\u015fumunu engellemek i\u00e7in kullan\u0131l\u0131r.<\/strong><\/p>\n<p><strong>\u015earap \u00fcretiminde, 1. Fermantasyon s\u0131ras\u0131nda mayalar\u0131n canl\u0131 kalmas\u0131n\u0131 sa\u011flamak i\u00e7in \u00f6nemli etkilere sahiptir. Bu sayede fermantasyon verimi artmaktad\u0131r.<\/strong><\/p>\n<p><strong>Ruminant yem katk\u0131 maddesi olarak kullan\u0131l\u0131r.<\/strong><\/p>\n<p><strong>Tekstil sekt\u00f6r\u00fc ve mobilya sekt\u00f6r\u00fcnde, kuma\u015f ve ah\u015fab\u0131n dayan\u0131kl\u0131l\u0131\u011f\u0131n\u0131 artt\u0131rmak i\u00e7in emprenye y\u00f6ntemi ile uygulan\u0131r.<\/strong><\/p>\n<p><strong>Savunma sanayisinde roketlerin motorunun \u00fcretimi s\u0131ras\u0131nda motor yal\u0131t\u0131m malzemesi olarak kullan\u0131l\u0131r. Roket motorlar\u0131 y\u00fcksek \u0131s\u0131nma yapmas\u0131ndan kaynakl\u0131 bu \u0131s\u0131n\u0131n izole edilmesi gerekmektedir. Y\u00fcksek \u0131s\u0131ya ula\u015fan motorlar\u0131n yanmas\u0131n\u0131 engellemek i\u00e7in alev geciktirici olarak kullan\u0131l\u0131r.<\/strong><\/p>\n<p><strong>T\u0131bbi alanda y\u00fcksek safl\u0131kta DAP kullan\u0131l\u0131r.<\/strong><\/p>\n<p><strong>\u00a0<\/strong><\/p>\n<p><strong>AMBALAJ <\/strong><\/p>\n<p><strong>1-5-25 kg ambalajlar halinde <\/strong><\/p>\n<p><strong>\u00a0<\/strong><\/p>\n<p><strong>DEPOLAMA<\/strong><\/p>\n<p><strong>Serin ve nem olmayan yerde ve kapal\u0131 ambalajlarda muhafaza edilmelidir.<\/strong><\/p>\n<p><strong>\u00a0<\/strong><\/p>\n","protected":false},"excerpt":{"rendered":"<p>D\u0130AMONYUM FOSFAT (DAP) Diamonyum fosfat, (NH4) 2HPO4 form\u00fcl\u00fcne sahip fosforik asidin 2 tane amonyum molek\u00fcl\u00fc ile olu\u015fan inorganik bir bile\u015fiktir.<\/p>\n","protected":false},"featured_media":17887,"comment_status":"open","ping_status":"closed","template":"","meta":{"_joinchat":[]},"product_cat":[76,79,80],"product_tag":[],"class_list":{"0":"post-17886","1":"product","2":"type-product","3":"status-publish","4":"has-post-thumbnail","6":"product_cat-gida-ve-katki-kimyasallari","7":"product_cat-tarim-kimyasallari","8":"product_cat-veteriner-ve-ilac-kimyasallari","10":"first","11":"instock","12":"shipping-taxable","13":"purchasable","14":"product-type-variable"},"yoast_head":"<!-- This site is optimized with the Yoast SEO Premium plugin v20.2.1 (Yoast SEO v20.2.1) - https:\/\/yoast.com\/wordpress\/plugins\/seo\/ -->\n<title>D\u0130AMONYUM FOSFAT (DAP) - Akerkimya<\/title>\n<meta name=\"robots\" content=\"index, follow, max-snippet:-1, max-image-preview:large, max-video-preview:-1\" \/>\n<link rel=\"canonical\" href=\"https:\/\/akerkimya.com\/eticaret\/urun\/diamonyum-fosfat-dap\/\" \/>\n<meta property=\"og:locale\" content=\"tr_TR\" \/>\n<meta property=\"og:type\" content=\"article\" \/>\n<meta property=\"og:title\" content=\"D\u0130AMONYUM FOSFAT (DAP)\" \/>\n<meta property=\"og:description\" content=\"D\u0130AMONYUM FOSFAT (DAP) Diamonyum fosfat, (NH4) 2HPO4 form\u00fcl\u00fcne sahip fosforik asidin 2 tane amonyum molek\u00fcl\u00fc ile olu\u015fan inorganik bir bile\u015fiktir.\" \/>\n<meta property=\"og:url\" content=\"https:\/\/akerkimya.com\/eticaret\/urun\/diamonyum-fosfat-dap\/\" \/>\n<meta property=\"og:site_name\" content=\"Akerkimya\" \/>\n<meta property=\"article:modified_time\" content=\"2026-03-29T23:24:26+00:00\" \/>\n<meta property=\"og:image\" content=\"https:\/\/akerkimya.com\/eticaret\/wp-content\/uploads\/2025\/01\/DIAMONYUM-FODFAT-GUNCEL.png\" \/>\n\t<meta property=\"og:image:width\" content=\"1000\" \/>\n\t<meta property=\"og:image:height\" content=\"1000\" \/>\n\t<meta property=\"og:image:type\" content=\"image\/png\" \/>\n<meta name=\"twitter:card\" content=\"summary_large_image\" \/>\n<meta name=\"twitter:label1\" content=\"Tahmini okuma s\u00fcresi\" \/>\n\t<meta name=\"twitter:data1\" content=\"3 dakika\" \/>\n<script type=\"application\/ld+json\" class=\"yoast-schema-graph\">{\"@context\":\"https:\/\/schema.org\",\"@graph\":[{\"@type\":\"WebPage\",\"@id\":\"https:\/\/akerkimya.com\/eticaret\/urun\/diamonyum-fosfat-dap\/\",\"url\":\"https:\/\/akerkimya.com\/eticaret\/urun\/diamonyum-fosfat-dap\/\",\"name\":\"D\u0130AMONYUM FOSFAT (DAP) - Akerkimya\",\"isPartOf\":{\"@id\":\"https:\/\/akerkimya.com\/eticaret\/#website\"},\"datePublished\":\"2025-01-06T23:58:03+00:00\",\"dateModified\":\"2026-03-29T23:24:26+00:00\",\"breadcrumb\":{\"@id\":\"https:\/\/akerkimya.com\/eticaret\/urun\/diamonyum-fosfat-dap\/#breadcrumb\"},\"inLanguage\":\"tr\",\"potentialAction\":[{\"@type\":\"ReadAction\",\"target\":[\"https:\/\/akerkimya.com\/eticaret\/urun\/diamonyum-fosfat-dap\/\"]}]},{\"@type\":\"BreadcrumbList\",\"@id\":\"https:\/\/akerkimya.com\/eticaret\/urun\/diamonyum-fosfat-dap\/#breadcrumb\",\"itemListElement\":[{\"@type\":\"ListItem\",\"position\":1,\"name\":\"Home\",\"item\":\"https:\/\/akerkimya.com\/eticaret\/\"},{\"@type\":\"ListItem\",\"position\":2,\"name\":\"Market\",\"item\":\"https:\/\/akerkimya.com\/eticaret\/market\/\"},{\"@type\":\"ListItem\",\"position\":3,\"name\":\"D\u0130AMONYUM FOSFAT (DAP)\"}]},{\"@type\":\"WebSite\",\"@id\":\"https:\/\/akerkimya.com\/eticaret\/#website\",\"url\":\"https:\/\/akerkimya.com\/eticaret\/\",\"name\":\"Akerkimya\",\"description\":\"\",\"potentialAction\":[{\"@type\":\"SearchAction\",\"target\":{\"@type\":\"EntryPoint\",\"urlTemplate\":\"https:\/\/akerkimya.com\/eticaret\/?s={search_term_string}\"},\"query-input\":\"required name=search_term_string\"}],\"inLanguage\":\"tr\"}]}<\/script>\n<!-- \/ Yoast SEO Premium plugin. -->","yoast_head_json":{"title":"D\u0130AMONYUM FOSFAT (DAP) - Akerkimya","robots":{"index":"index","follow":"follow","max-snippet":"max-snippet:-1","max-image-preview":"max-image-preview:large","max-video-preview":"max-video-preview:-1"},"canonical":"https:\/\/akerkimya.com\/eticaret\/urun\/diamonyum-fosfat-dap\/","og_locale":"tr_TR","og_type":"article","og_title":"D\u0130AMONYUM FOSFAT (DAP)","og_description":"D\u0130AMONYUM FOSFAT (DAP) Diamonyum fosfat, (NH4) 2HPO4 form\u00fcl\u00fcne sahip fosforik asidin 2 tane amonyum molek\u00fcl\u00fc ile olu\u015fan inorganik bir bile\u015fiktir.","og_url":"https:\/\/akerkimya.com\/eticaret\/urun\/diamonyum-fosfat-dap\/","og_site_name":"Akerkimya","article_modified_time":"2026-03-29T23:24:26+00:00","og_image":[{"width":1000,"height":1000,"url":"https:\/\/akerkimya.com\/eticaret\/wp-content\/uploads\/2025\/01\/DIAMONYUM-FODFAT-GUNCEL.png","type":"image\/png"}],"twitter_card":"summary_large_image","twitter_misc":{"Tahmini okuma s\u00fcresi":"3 dakika"},"schema":{"@context":"https:\/\/schema.org","@graph":[{"@type":"WebPage","@id":"https:\/\/akerkimya.com\/eticaret\/urun\/diamonyum-fosfat-dap\/","url":"https:\/\/akerkimya.com\/eticaret\/urun\/diamonyum-fosfat-dap\/","name":"D\u0130AMONYUM FOSFAT (DAP) - Akerkimya","isPartOf":{"@id":"https:\/\/akerkimya.com\/eticaret\/#website"},"datePublished":"2025-01-06T23:58:03+00:00","dateModified":"2026-03-29T23:24:26+00:00","breadcrumb":{"@id":"https:\/\/akerkimya.com\/eticaret\/urun\/diamonyum-fosfat-dap\/#breadcrumb"},"inLanguage":"tr","potentialAction":[{"@type":"ReadAction","target":["https:\/\/akerkimya.com\/eticaret\/urun\/diamonyum-fosfat-dap\/"]}]},{"@type":"BreadcrumbList","@id":"https:\/\/akerkimya.com\/eticaret\/urun\/diamonyum-fosfat-dap\/#breadcrumb","itemListElement":[{"@type":"ListItem","position":1,"name":"Home","item":"https:\/\/akerkimya.com\/eticaret\/"},{"@type":"ListItem","position":2,"name":"Market","item":"https:\/\/akerkimya.com\/eticaret\/market\/"},{"@type":"ListItem","position":3,"name":"D\u0130AMONYUM FOSFAT (DAP)"}]},{"@type":"WebSite","@id":"https:\/\/akerkimya.com\/eticaret\/#website","url":"https:\/\/akerkimya.com\/eticaret\/","name":"Akerkimya","description":"","potentialAction":[{"@type":"SearchAction","target":{"@type":"EntryPoint","urlTemplate":"https:\/\/akerkimya.com\/eticaret\/?s={search_term_string}"},"query-input":"required name=search_term_string"}],"inLanguage":"tr"}]}},"_links":{"self":[{"href":"https:\/\/akerkimya.com\/eticaret\/wp-json\/wp\/v2\/product\/17886","targetHints":{"allow":["GET"]}}],"collection":[{"href":"https:\/\/akerkimya.com\/eticaret\/wp-json\/wp\/v2\/product"}],"about":[{"href":"https:\/\/akerkimya.com\/eticaret\/wp-json\/wp\/v2\/types\/product"}],"replies":[{"embeddable":true,"href":"https:\/\/akerkimya.com\/eticaret\/wp-json\/wp\/v2\/comments?post=17886"}],"version-history":[{"count":2,"href":"https:\/\/akerkimya.com\/eticaret\/wp-json\/wp\/v2\/product\/17886\/revisions"}],"predecessor-version":[{"id":19026,"href":"https:\/\/akerkimya.com\/eticaret\/wp-json\/wp\/v2\/product\/17886\/revisions\/19026"}],"wp:featuredmedia":[{"embeddable":true,"href":"https:\/\/akerkimya.com\/eticaret\/wp-json\/wp\/v2\/media\/17887"}],"wp:attachment":[{"href":"https:\/\/akerkimya.com\/eticaret\/wp-json\/wp\/v2\/media?parent=17886"}],"wp:term":[{"taxonomy":"product_cat","embeddable":true,"href":"https:\/\/akerkimya.com\/eticaret\/wp-json\/wp\/v2\/product_cat?post=17886"},{"taxonomy":"product_tag","embeddable":true,"href":"https:\/\/akerkimya.com\/eticaret\/wp-json\/wp\/v2\/product_tag?post=17886"}],"curies":[{"name":"wp","href":"https:\/\/api.w.org\/{rel}","templated":true}]}}