{"id":17892,"date":"2025-01-07T03:14:30","date_gmt":"2025-01-07T00:14:30","guid":{"rendered":"https:\/\/akerkimya.com\/eticaret\/?post_type=product&#038;p=17892"},"modified":"2026-03-30T02:24:26","modified_gmt":"2026-03-29T23:24:26","slug":"fumarik-asit","status":"publish","type":"product","link":"https:\/\/akerkimya.com\/eticaret\/urun\/fumarik-asit\/","title":{"rendered":"FUMAR\u0130K AS\u0130T"},"content":{"rendered":"<h1>FUMAR\u0130K AS\u0130T<\/h1>\n<p><strong>Fumarik asit, C4H4O4 form\u00fcl\u00fcne sahip organik bir bile\u015fiktir. E kodu E297\u2019dir. Maleik anhidritten \u00fcretilen mali asitin izomerizasyonu ile \u00fcretilmektedir. Do\u011fal kaynak olarak; fumitory, bolete mantarlar\u0131nda, liken ve \u0130zlanda yosununda bulunur.<\/strong><\/p>\n<p><strong>\u00a0<\/strong><\/p>\n<p><strong>F\u0130Z\u0130KSEL \u00d6ZELL\u0130KLER<\/strong><\/p>\n<p><strong>Ek\u015fi ve kokusuz bir formdad\u0131r.<\/strong><\/p>\n<p><strong>Meyvemsi bir tada sahiptir.<\/strong><\/p>\n<p><strong>Kimyasal olarak doymam\u0131\u015f dikarbonik asittir.<\/strong><\/p>\n<p><strong>\u00a0<\/strong><\/p>\n<p><strong>TEKN\u0130K \u00d6ZELL\u0130KLER<\/strong><\/p>\n<p><strong>CAS NUMARASI: 110-17-8<\/strong><\/p>\n<p><strong>EC NUMARASI: 203-743-0<\/strong><\/p>\n<p><strong>MOLEK\u00dcLER FORM\u00dcL\u00dc: C4H4O4<\/strong><\/p>\n<p><strong>K\u0130MYASAL \u0130S\u0130MLER\u0130: Fumarik asit, Trans-butenedioik asit, E297<\/strong><\/p>\n<p><strong>MOLEK\u00dcLER K\u00dcTLE: 116.07 g\/mol<\/strong><\/p>\n<p><strong>YO\u011eUNLUK: 1.635 g\/100 ml<\/strong><\/p>\n<p><strong>ER\u0130ME NOKTASI: 287\u00b0C<\/strong><\/p>\n<p><strong>KAYNAMA NOKTASI: 355.5\u00b0C<\/strong><\/p>\n<p><strong>PARLAMA NOKTASI: 183\u00b0C<\/strong><\/p>\n<p><strong>KIRILMA \u0130ND\u0130S\u0130: 1.526 (20\u00b0C)<\/strong><\/p>\n<p><strong>SUDA \u00c7\u00d6Z\u00dcN\u00dcRL\u00dcK: 0.63 g\/100 ml <\/strong><\/p>\n<p><strong>AS\u0130T (pKa): 3.03, pKa22=4.44<\/strong><\/p>\n<p><strong>\u00a0<\/strong><\/p>\n<p><strong>KULLANIM ALANLARI <\/strong><\/p>\n<p><strong>Fumarik asit, g\u0131dalar\u0131n haz\u0131rlanmas\u0131nda antioksidan olarak kullan\u0131lmaktad\u0131r.<\/strong><\/p>\n<p><strong>Cam elyaf \u00fcretiminde stiren kopolimeri formunda kullan\u0131l\u0131r. <\/strong><\/p>\n<p><strong>Lateks yap\u0131\u015ft\u0131r\u0131c\u0131lar i\u00e7in k\u0131vam artt\u0131r\u0131c\u0131 olarak kullan\u0131l\u0131r.<\/strong><\/p>\n<p><strong>\u015earap \u00fcretimi s\u00fcrecinde bakterilerin olu\u015fmas\u0131n\u0131 engellemek amac\u0131yla kullan\u0131l\u0131r.<\/strong><\/p>\n<p><strong>Sedef hastal\u0131\u011f\u0131 tedavisi i\u00e7in \u00fcretilen ila\u00e7lar\u0131n form\u00fcl\u00fcnde kullan\u0131l\u0131r.<\/strong><\/p>\n<p><strong>Tatl\u0131 ve pasta yap\u0131m\u0131nda kullan\u0131lan dolgu malzemelerine tat vermesi i\u00e7in kullan\u0131l\u0131r.<\/strong><\/p>\n<p><strong>Sodyum benzoat\u0131n koruyucu olarak kullan\u0131ld\u0131\u011f\u0131 ye\u015fil yiyecek ve bal\u0131klarda ihtiya\u00e7 duyulan asitli\u011fi sa\u011flamak i\u00e7in kullan\u0131l\u0131r.<\/strong><\/p>\n<p><strong>Fumarik asit, aljinat i\u00e7eren form\u00fcllerde kullan\u0131lmaktad\u0131r.<\/strong><\/p>\n<p><strong>K\u0131rm\u0131z\u0131 kan h\u00fccresi anemisinin tedavi edilmesi i\u00e7in demir s\u00fclfat ile de\u011fi\u015ftirilerek demir fumarat \u00fcretilir.<\/strong><\/p>\n<p><strong>Baz\u0131 s\u00fct \u00fcr\u00fcnlerin stabilize edilmesinde yard\u0131mc\u0131 olmak ve ek\u015fi bir tat katmas\u0131 amac\u0131yla kullan\u0131l\u0131r.<\/strong><\/p>\n<p><strong>Kanatl\u0131 hayvan yemleri, b\u00fcy\u00fckba\u015f hayvan yemi olarak kullan\u0131lan silajlarda asilli\u011fi d\u00fc\u015f\u00fcrmek, bakteri ve maya olu\u015fumu \u00f6nlemek i\u00e7in kullan\u0131l\u0131r.<\/strong><\/p>\n<p><strong>Baz\u0131 tah\u0131l \u00fcr\u00fcnlerin yap\u0131m\u0131nda kullan\u0131l\u0131r.<\/strong><\/p>\n<p><strong>Fumarik asit, hayvan yemlerinde antioksidan olarak kullan\u0131lmaktad\u0131r.<\/strong><\/p>\n<p><strong>Baz\u0131 i\u015flenmi\u015f g\u0131dalar\u0131n lezzetini artt\u0131rmak amac\u0131yla kullan\u0131l\u0131r.<\/strong><\/p>\n<p><strong>Jelatin yap\u0131daki jellerin mukavemetini artt\u0131r\u0131r.<\/strong><\/p>\n<p><strong>Besin de\u011ferlerin korunmas\u0131 ve enerji sa\u011flanmas\u0131 i\u00e7in kullan\u0131lan organik asitlerden biri olarak kullan\u0131l\u0131r.<\/strong><\/p>\n<p><strong>Yap\u0131\u015ft\u0131r\u0131c\u0131 imalat\u0131nda kullan\u0131l\u0131r.<\/strong><\/p>\n<p><strong>Fumarik asit, sitrik asit gibi maddelerle kar\u0131\u015ft\u0131r\u0131larak elde edilen \u00e7\u00f6zelti ile petrol kuyular\u0131ndaki kireci \u00f6nlemek ve verimi artt\u0131rmak i\u00e7in kullan\u0131lmaktad\u0131r. <\/strong><\/p>\n<p><strong>\u00a0<\/strong><\/p>\n<p><strong>AMBALAJ <\/strong><\/p>\n<p><strong>1-5-25 Kg torbalar halinde<\/strong><\/p>\n<p><strong>\u00a0<\/strong><\/p>\n<p><strong>DEPOLAMA<\/strong><\/p>\n<p><strong>Serin ve kuru bir alanda, torbalar hava almayacak \u015fekilde muhafaza ediniz.<\/strong><\/p>\n","protected":false},"excerpt":{"rendered":"<p>FUMAR\u0130K AS\u0130T Fumarik asit, C4H4O4 form\u00fcl\u00fcne sahip organik bir bile\u015fiktir. E kodu E297\u2019dir. Maleik anhidritten \u00fcretilen mali asitin izomerizasyonu ile<\/p>\n","protected":false},"featured_media":17893,"comment_status":"open","ping_status":"closed","template":"","meta":{"_joinchat":[]},"product_cat":[76,80,81],"product_tag":[],"class_list":{"0":"post-17892","1":"product","2":"type-product","3":"status-publish","4":"has-post-thumbnail","6":"product_cat-gida-ve-katki-kimyasallari","7":"product_cat-veteriner-ve-ilac-kimyasallari","8":"product_cat-yem-katki-kimyasallari","10":"first","11":"instock","12":"shipping-taxable","13":"purchasable","14":"product-type-variable"},"yoast_head":"<!-- This site is optimized with the Yoast SEO Premium plugin v20.2.1 (Yoast SEO v20.2.1) - https:\/\/yoast.com\/wordpress\/plugins\/seo\/ -->\n<title>FUMAR\u0130K AS\u0130T - Akerkimya<\/title>\n<meta name=\"robots\" content=\"index, follow, max-snippet:-1, max-image-preview:large, max-video-preview:-1\" \/>\n<link rel=\"canonical\" href=\"https:\/\/akerkimya.com\/eticaret\/urun\/fumarik-asit\/\" \/>\n<meta property=\"og:locale\" content=\"tr_TR\" \/>\n<meta property=\"og:type\" content=\"article\" \/>\n<meta property=\"og:title\" content=\"FUMAR\u0130K AS\u0130T\" \/>\n<meta property=\"og:description\" content=\"FUMAR\u0130K AS\u0130T Fumarik asit, C4H4O4 form\u00fcl\u00fcne sahip organik bir bile\u015fiktir. E kodu E297\u2019dir. Maleik anhidritten \u00fcretilen mali asitin izomerizasyonu ile\" \/>\n<meta property=\"og:url\" content=\"https:\/\/akerkimya.com\/eticaret\/urun\/fumarik-asit\/\" \/>\n<meta property=\"og:site_name\" content=\"Akerkimya\" \/>\n<meta property=\"article:modified_time\" content=\"2026-03-29T23:24:26+00:00\" \/>\n<meta property=\"og:image\" content=\"https:\/\/akerkimya.com\/eticaret\/wp-content\/uploads\/2025\/01\/FUMARIK-ASIT-GUNCEL.png\" \/>\n\t<meta property=\"og:image:width\" content=\"1000\" \/>\n\t<meta property=\"og:image:height\" content=\"1000\" \/>\n\t<meta property=\"og:image:type\" content=\"image\/png\" \/>\n<meta name=\"twitter:card\" content=\"summary_large_image\" \/>\n<meta name=\"twitter:label1\" content=\"Tahmini okuma s\u00fcresi\" \/>\n\t<meta name=\"twitter:data1\" content=\"2 dakika\" \/>\n<script type=\"application\/ld+json\" class=\"yoast-schema-graph\">{\"@context\":\"https:\/\/schema.org\",\"@graph\":[{\"@type\":\"WebPage\",\"@id\":\"https:\/\/akerkimya.com\/eticaret\/urun\/fumarik-asit\/\",\"url\":\"https:\/\/akerkimya.com\/eticaret\/urun\/fumarik-asit\/\",\"name\":\"FUMAR\u0130K AS\u0130T - Akerkimya\",\"isPartOf\":{\"@id\":\"https:\/\/akerkimya.com\/eticaret\/#website\"},\"datePublished\":\"2025-01-07T00:14:30+00:00\",\"dateModified\":\"2026-03-29T23:24:26+00:00\",\"breadcrumb\":{\"@id\":\"https:\/\/akerkimya.com\/eticaret\/urun\/fumarik-asit\/#breadcrumb\"},\"inLanguage\":\"tr\",\"potentialAction\":[{\"@type\":\"ReadAction\",\"target\":[\"https:\/\/akerkimya.com\/eticaret\/urun\/fumarik-asit\/\"]}]},{\"@type\":\"BreadcrumbList\",\"@id\":\"https:\/\/akerkimya.com\/eticaret\/urun\/fumarik-asit\/#breadcrumb\",\"itemListElement\":[{\"@type\":\"ListItem\",\"position\":1,\"name\":\"Home\",\"item\":\"https:\/\/akerkimya.com\/eticaret\/\"},{\"@type\":\"ListItem\",\"position\":2,\"name\":\"Market\",\"item\":\"https:\/\/akerkimya.com\/eticaret\/market\/\"},{\"@type\":\"ListItem\",\"position\":3,\"name\":\"FUMAR\u0130K AS\u0130T\"}]},{\"@type\":\"WebSite\",\"@id\":\"https:\/\/akerkimya.com\/eticaret\/#website\",\"url\":\"https:\/\/akerkimya.com\/eticaret\/\",\"name\":\"Akerkimya\",\"description\":\"\",\"potentialAction\":[{\"@type\":\"SearchAction\",\"target\":{\"@type\":\"EntryPoint\",\"urlTemplate\":\"https:\/\/akerkimya.com\/eticaret\/?s={search_term_string}\"},\"query-input\":\"required name=search_term_string\"}],\"inLanguage\":\"tr\"}]}<\/script>\n<!-- \/ Yoast SEO Premium plugin. -->","yoast_head_json":{"title":"FUMAR\u0130K AS\u0130T - Akerkimya","robots":{"index":"index","follow":"follow","max-snippet":"max-snippet:-1","max-image-preview":"max-image-preview:large","max-video-preview":"max-video-preview:-1"},"canonical":"https:\/\/akerkimya.com\/eticaret\/urun\/fumarik-asit\/","og_locale":"tr_TR","og_type":"article","og_title":"FUMAR\u0130K AS\u0130T","og_description":"FUMAR\u0130K AS\u0130T Fumarik asit, C4H4O4 form\u00fcl\u00fcne sahip organik bir bile\u015fiktir. E kodu E297\u2019dir. Maleik anhidritten \u00fcretilen mali asitin izomerizasyonu ile","og_url":"https:\/\/akerkimya.com\/eticaret\/urun\/fumarik-asit\/","og_site_name":"Akerkimya","article_modified_time":"2026-03-29T23:24:26+00:00","og_image":[{"width":1000,"height":1000,"url":"https:\/\/akerkimya.com\/eticaret\/wp-content\/uploads\/2025\/01\/FUMARIK-ASIT-GUNCEL.png","type":"image\/png"}],"twitter_card":"summary_large_image","twitter_misc":{"Tahmini okuma s\u00fcresi":"2 dakika"},"schema":{"@context":"https:\/\/schema.org","@graph":[{"@type":"WebPage","@id":"https:\/\/akerkimya.com\/eticaret\/urun\/fumarik-asit\/","url":"https:\/\/akerkimya.com\/eticaret\/urun\/fumarik-asit\/","name":"FUMAR\u0130K AS\u0130T - Akerkimya","isPartOf":{"@id":"https:\/\/akerkimya.com\/eticaret\/#website"},"datePublished":"2025-01-07T00:14:30+00:00","dateModified":"2026-03-29T23:24:26+00:00","breadcrumb":{"@id":"https:\/\/akerkimya.com\/eticaret\/urun\/fumarik-asit\/#breadcrumb"},"inLanguage":"tr","potentialAction":[{"@type":"ReadAction","target":["https:\/\/akerkimya.com\/eticaret\/urun\/fumarik-asit\/"]}]},{"@type":"BreadcrumbList","@id":"https:\/\/akerkimya.com\/eticaret\/urun\/fumarik-asit\/#breadcrumb","itemListElement":[{"@type":"ListItem","position":1,"name":"Home","item":"https:\/\/akerkimya.com\/eticaret\/"},{"@type":"ListItem","position":2,"name":"Market","item":"https:\/\/akerkimya.com\/eticaret\/market\/"},{"@type":"ListItem","position":3,"name":"FUMAR\u0130K AS\u0130T"}]},{"@type":"WebSite","@id":"https:\/\/akerkimya.com\/eticaret\/#website","url":"https:\/\/akerkimya.com\/eticaret\/","name":"Akerkimya","description":"","potentialAction":[{"@type":"SearchAction","target":{"@type":"EntryPoint","urlTemplate":"https:\/\/akerkimya.com\/eticaret\/?s={search_term_string}"},"query-input":"required name=search_term_string"}],"inLanguage":"tr"}]}},"_links":{"self":[{"href":"https:\/\/akerkimya.com\/eticaret\/wp-json\/wp\/v2\/product\/17892","targetHints":{"allow":["GET"]}}],"collection":[{"href":"https:\/\/akerkimya.com\/eticaret\/wp-json\/wp\/v2\/product"}],"about":[{"href":"https:\/\/akerkimya.com\/eticaret\/wp-json\/wp\/v2\/types\/product"}],"replies":[{"embeddable":true,"href":"https:\/\/akerkimya.com\/eticaret\/wp-json\/wp\/v2\/comments?post=17892"}],"version-history":[{"count":1,"href":"https:\/\/akerkimya.com\/eticaret\/wp-json\/wp\/v2\/product\/17892\/revisions"}],"predecessor-version":[{"id":17897,"href":"https:\/\/akerkimya.com\/eticaret\/wp-json\/wp\/v2\/product\/17892\/revisions\/17897"}],"wp:featuredmedia":[{"embeddable":true,"href":"https:\/\/akerkimya.com\/eticaret\/wp-json\/wp\/v2\/media\/17893"}],"wp:attachment":[{"href":"https:\/\/akerkimya.com\/eticaret\/wp-json\/wp\/v2\/media?parent=17892"}],"wp:term":[{"taxonomy":"product_cat","embeddable":true,"href":"https:\/\/akerkimya.com\/eticaret\/wp-json\/wp\/v2\/product_cat?post=17892"},{"taxonomy":"product_tag","embeddable":true,"href":"https:\/\/akerkimya.com\/eticaret\/wp-json\/wp\/v2\/product_tag?post=17892"}],"curies":[{"name":"wp","href":"https:\/\/api.w.org\/{rel}","templated":true}]}}