{"id":17899,"date":"2025-01-07T13:23:12","date_gmt":"2025-01-07T10:23:12","guid":{"rendered":"https:\/\/akerkimya.com\/eticaret\/?post_type=product&#038;p=17899"},"modified":"2026-05-08T15:49:05","modified_gmt":"2026-05-08T12:49:05","slug":"aseton-di-metil-keton","status":"publish","type":"product","link":"https:\/\/akerkimya.com\/eticaret\/urun\/aseton-di-metil-keton\/","title":{"rendered":"ASETON (D\u0130 MET\u0130L KETON)"},"content":{"rendered":"<h1>ASETON (D\u0130 MET\u0130L KETON)<\/h1>\n<p><strong>Aseton(dimetil keton)alifatik ketonlar zincirinin birinci \u00fcyesidir. Keskin ho\u015f kokulu, toksik olmayan \u015feffaf organik bir s\u0131v\u0131d\u0131r. Genelde piyasada solvent olarak kullan\u0131l\u0131r. Yan\u0131c\u0131 \u00f6zellikte olup insan sa\u011fl\u0131\u011f\u0131na zarars\u0131zd\u0131r.<\/strong><\/p>\n<p><strong>\u00a0<\/strong><\/p>\n<p><strong>ASETON TEKN\u0130K \u00d6ZELL\u0130KLER\u0130<\/strong><\/p>\n<p><strong>CAS NO: 67-64-1<\/strong><\/p>\n<p><strong>FORM\u00dcL: C3H6O<\/strong><\/p>\n<p><strong>G\u00d6R\u00dcN\u00dcM: Renksiz S\u0131v\u0131<\/strong><\/p>\n<p><strong>YO\u011eUNLUK: 0.791 g cm3<\/strong><\/p>\n<p><strong>AS\u0130TL\u0130K: 24,2 pKa<\/strong><\/p>\n<p><strong>MOLAR K\u00dcTLE: 58,08 g mol-1<\/strong><\/p>\n<p><strong>\u00a0<\/strong><\/p>\n<p><strong>ASETON\u00a0 KULLANIM ALANLARI<\/strong><\/p>\n<p><strong>Su, eter ve etil alkolle kar\u0131\u015fabilir.<\/strong><\/p>\n<p><strong>Kozmetik sekt\u00f6r\u00fcnde, Oje temizlemede kullan\u0131l\u0131r.<\/strong><\/p>\n<p><strong>Boya, izopiren, kloroform, bromoform ve iyodopform \u00fcr\u00fcnlerin elde edili\u015finde kullan\u0131l\u0131r.<\/strong><\/p>\n<p><strong>Metil metakrilat \u00fcretiminde kullan\u0131l\u0131r.<\/strong><\/p>\n<p><strong>Ya\u011f, kau\u00e7uk re\u00e7ine, sel\u00fcloz nitrat gibi kimyasallarda \u00e7\u00f6z\u00fcc\u00fc olarak kullan\u0131l\u0131r.<\/strong><\/p>\n<p><strong>Poli\u00fcretan epoksi re\u00e7ine \u00fcretiminde ana bile\u015fen olan Bisferol A maddesinin sentezidir.<\/strong><\/p>\n<p><strong>Temizlik malzemelerinde hijyen ajan\u0131 olarak kullan\u0131l\u0131r.<\/strong><\/p>\n<p><strong>Cam temizli\u011finde kirden ar\u0131nd\u0131rmada kullan\u0131l\u0131r.<\/strong><\/p>\n<p><strong>Boya sekt\u00f6r\u00fcnde inceltici olarak kullan\u0131l\u0131r.<\/strong><\/p>\n<p><strong>Sigara \u00fcretiminde kullan\u0131lmaktad\u0131r.<\/strong><\/p>\n<p><strong>\u00a0<\/strong><\/p>\n<p><strong>AMBALAJ <\/strong><\/p>\n<p><strong>1-5-10-25 kg bidonlar ve 165 kg variller halinde<\/strong><\/p>\n<p><strong>\u00a0<\/strong><\/p>\n<p><strong>DEPOLAMA <\/strong><\/p>\n<p><strong>G\u00fcne\u015f \u0131\u015f\u0131\u011f\u0131na temas etmeyen kuru ve serin yerlerde muhafaza ediniz. \u00dcr\u00fcn kullan\u0131ld\u0131ktan sonra a\u011fz\u0131 a\u00e7\u0131k b\u0131rak\u0131lmamal\u0131 ve s\u0131k\u0131ca kapat\u0131lmal\u0131d\u0131r.<\/strong><\/p>\n","protected":false},"excerpt":{"rendered":"<p>ASETON (D\u0130 MET\u0130L KETON) Aseton(dimetil keton)alifatik ketonlar zincirinin birinci \u00fcyesidir. Keskin ho\u015f kokulu, toksik olmayan \u015feffaf organik bir s\u0131v\u0131d\u0131r. Genelde<\/p>\n","protected":false},"featured_media":17900,"comment_status":"open","ping_status":"closed","template":"","meta":{"_joinchat":[]},"product_cat":[78],"product_tag":[],"class_list":{"0":"post-17899","1":"product","2":"type-product","3":"status-publish","4":"has-post-thumbnail","6":"product_cat-metal-dokum-kaplama","8":"first","9":"instock","10":"shipping-taxable","11":"purchasable","12":"product-type-variable"},"yoast_head":"<!-- This site is optimized with the Yoast SEO Premium plugin v20.2.1 (Yoast SEO v20.2.1) - https:\/\/yoast.com\/wordpress\/plugins\/seo\/ -->\n<title>ASETON (D\u0130 MET\u0130L KETON) - Akerkimya<\/title>\n<meta name=\"robots\" content=\"index, follow, max-snippet:-1, max-image-preview:large, max-video-preview:-1\" \/>\n<link rel=\"canonical\" href=\"https:\/\/akerkimya.com\/eticaret\/urun\/aseton-di-metil-keton\/\" \/>\n<meta property=\"og:locale\" content=\"tr_TR\" \/>\n<meta property=\"og:type\" content=\"article\" \/>\n<meta property=\"og:title\" content=\"ASETON (D\u0130 MET\u0130L KETON)\" \/>\n<meta property=\"og:description\" content=\"ASETON (D\u0130 MET\u0130L KETON) Aseton(dimetil keton)alifatik ketonlar zincirinin birinci \u00fcyesidir. Keskin ho\u015f kokulu, toksik olmayan \u015feffaf organik bir s\u0131v\u0131d\u0131r. Genelde\" \/>\n<meta property=\"og:url\" content=\"https:\/\/akerkimya.com\/eticaret\/urun\/aseton-di-metil-keton\/\" \/>\n<meta property=\"og:site_name\" content=\"Akerkimya\" \/>\n<meta property=\"article:modified_time\" content=\"2026-05-08T12:49:05+00:00\" \/>\n<meta property=\"og:image\" content=\"https:\/\/akerkimya.com\/eticaret\/wp-content\/uploads\/2025\/01\/ASETON-DIMETIL-KETON-GUNCEL.png\" \/>\n\t<meta property=\"og:image:width\" content=\"1000\" \/>\n\t<meta property=\"og:image:height\" content=\"1000\" \/>\n\t<meta property=\"og:image:type\" content=\"image\/png\" \/>\n<meta name=\"twitter:card\" content=\"summary_large_image\" \/>\n<meta name=\"twitter:label1\" content=\"Tahmini okuma s\u00fcresi\" \/>\n\t<meta name=\"twitter:data1\" content=\"1 dakika\" \/>\n<script type=\"application\/ld+json\" class=\"yoast-schema-graph\">{\"@context\":\"https:\/\/schema.org\",\"@graph\":[{\"@type\":\"WebPage\",\"@id\":\"https:\/\/akerkimya.com\/eticaret\/urun\/aseton-di-metil-keton\/\",\"url\":\"https:\/\/akerkimya.com\/eticaret\/urun\/aseton-di-metil-keton\/\",\"name\":\"ASETON (D\u0130 MET\u0130L KETON) - Akerkimya\",\"isPartOf\":{\"@id\":\"https:\/\/akerkimya.com\/eticaret\/#website\"},\"datePublished\":\"2025-01-07T10:23:12+00:00\",\"dateModified\":\"2026-05-08T12:49:05+00:00\",\"breadcrumb\":{\"@id\":\"https:\/\/akerkimya.com\/eticaret\/urun\/aseton-di-metil-keton\/#breadcrumb\"},\"inLanguage\":\"tr\",\"potentialAction\":[{\"@type\":\"ReadAction\",\"target\":[\"https:\/\/akerkimya.com\/eticaret\/urun\/aseton-di-metil-keton\/\"]}]},{\"@type\":\"BreadcrumbList\",\"@id\":\"https:\/\/akerkimya.com\/eticaret\/urun\/aseton-di-metil-keton\/#breadcrumb\",\"itemListElement\":[{\"@type\":\"ListItem\",\"position\":1,\"name\":\"Home\",\"item\":\"https:\/\/akerkimya.com\/eticaret\/\"},{\"@type\":\"ListItem\",\"position\":2,\"name\":\"Market\",\"item\":\"https:\/\/akerkimya.com\/eticaret\/market\/\"},{\"@type\":\"ListItem\",\"position\":3,\"name\":\"ASETON (D\u0130 MET\u0130L KETON)\"}]},{\"@type\":\"WebSite\",\"@id\":\"https:\/\/akerkimya.com\/eticaret\/#website\",\"url\":\"https:\/\/akerkimya.com\/eticaret\/\",\"name\":\"Akerkimya\",\"description\":\"\",\"potentialAction\":[{\"@type\":\"SearchAction\",\"target\":{\"@type\":\"EntryPoint\",\"urlTemplate\":\"https:\/\/akerkimya.com\/eticaret\/?s={search_term_string}\"},\"query-input\":\"required name=search_term_string\"}],\"inLanguage\":\"tr\"}]}<\/script>\n<!-- \/ Yoast SEO Premium plugin. -->","yoast_head_json":{"title":"ASETON (D\u0130 MET\u0130L KETON) - Akerkimya","robots":{"index":"index","follow":"follow","max-snippet":"max-snippet:-1","max-image-preview":"max-image-preview:large","max-video-preview":"max-video-preview:-1"},"canonical":"https:\/\/akerkimya.com\/eticaret\/urun\/aseton-di-metil-keton\/","og_locale":"tr_TR","og_type":"article","og_title":"ASETON (D\u0130 MET\u0130L KETON)","og_description":"ASETON (D\u0130 MET\u0130L KETON) Aseton(dimetil keton)alifatik ketonlar zincirinin birinci \u00fcyesidir. Keskin ho\u015f kokulu, toksik olmayan \u015feffaf organik bir s\u0131v\u0131d\u0131r. Genelde","og_url":"https:\/\/akerkimya.com\/eticaret\/urun\/aseton-di-metil-keton\/","og_site_name":"Akerkimya","article_modified_time":"2026-05-08T12:49:05+00:00","og_image":[{"width":1000,"height":1000,"url":"https:\/\/akerkimya.com\/eticaret\/wp-content\/uploads\/2025\/01\/ASETON-DIMETIL-KETON-GUNCEL.png","type":"image\/png"}],"twitter_card":"summary_large_image","twitter_misc":{"Tahmini okuma s\u00fcresi":"1 dakika"},"schema":{"@context":"https:\/\/schema.org","@graph":[{"@type":"WebPage","@id":"https:\/\/akerkimya.com\/eticaret\/urun\/aseton-di-metil-keton\/","url":"https:\/\/akerkimya.com\/eticaret\/urun\/aseton-di-metil-keton\/","name":"ASETON (D\u0130 MET\u0130L KETON) - Akerkimya","isPartOf":{"@id":"https:\/\/akerkimya.com\/eticaret\/#website"},"datePublished":"2025-01-07T10:23:12+00:00","dateModified":"2026-05-08T12:49:05+00:00","breadcrumb":{"@id":"https:\/\/akerkimya.com\/eticaret\/urun\/aseton-di-metil-keton\/#breadcrumb"},"inLanguage":"tr","potentialAction":[{"@type":"ReadAction","target":["https:\/\/akerkimya.com\/eticaret\/urun\/aseton-di-metil-keton\/"]}]},{"@type":"BreadcrumbList","@id":"https:\/\/akerkimya.com\/eticaret\/urun\/aseton-di-metil-keton\/#breadcrumb","itemListElement":[{"@type":"ListItem","position":1,"name":"Home","item":"https:\/\/akerkimya.com\/eticaret\/"},{"@type":"ListItem","position":2,"name":"Market","item":"https:\/\/akerkimya.com\/eticaret\/market\/"},{"@type":"ListItem","position":3,"name":"ASETON (D\u0130 MET\u0130L KETON)"}]},{"@type":"WebSite","@id":"https:\/\/akerkimya.com\/eticaret\/#website","url":"https:\/\/akerkimya.com\/eticaret\/","name":"Akerkimya","description":"","potentialAction":[{"@type":"SearchAction","target":{"@type":"EntryPoint","urlTemplate":"https:\/\/akerkimya.com\/eticaret\/?s={search_term_string}"},"query-input":"required name=search_term_string"}],"inLanguage":"tr"}]}},"_links":{"self":[{"href":"https:\/\/akerkimya.com\/eticaret\/wp-json\/wp\/v2\/product\/17899","targetHints":{"allow":["GET"]}}],"collection":[{"href":"https:\/\/akerkimya.com\/eticaret\/wp-json\/wp\/v2\/product"}],"about":[{"href":"https:\/\/akerkimya.com\/eticaret\/wp-json\/wp\/v2\/types\/product"}],"replies":[{"embeddable":true,"href":"https:\/\/akerkimya.com\/eticaret\/wp-json\/wp\/v2\/comments?post=17899"}],"version-history":[{"count":1,"href":"https:\/\/akerkimya.com\/eticaret\/wp-json\/wp\/v2\/product\/17899\/revisions"}],"predecessor-version":[{"id":17906,"href":"https:\/\/akerkimya.com\/eticaret\/wp-json\/wp\/v2\/product\/17899\/revisions\/17906"}],"wp:featuredmedia":[{"embeddable":true,"href":"https:\/\/akerkimya.com\/eticaret\/wp-json\/wp\/v2\/media\/17900"}],"wp:attachment":[{"href":"https:\/\/akerkimya.com\/eticaret\/wp-json\/wp\/v2\/media?parent=17899"}],"wp:term":[{"taxonomy":"product_cat","embeddable":true,"href":"https:\/\/akerkimya.com\/eticaret\/wp-json\/wp\/v2\/product_cat?post=17899"},{"taxonomy":"product_tag","embeddable":true,"href":"https:\/\/akerkimya.com\/eticaret\/wp-json\/wp\/v2\/product_tag?post=17899"}],"curies":[{"name":"wp","href":"https:\/\/api.w.org\/{rel}","templated":true}]}}