{"id":17907,"date":"2025-01-07T13:45:06","date_gmt":"2025-01-07T10:45:06","guid":{"rendered":"https:\/\/akerkimya.com\/eticaret\/?post_type=product&#038;p=17907"},"modified":"2026-03-30T02:24:26","modified_gmt":"2026-03-29T23:24:26","slug":"demir-iii-klorur-likit","status":"publish","type":"product","link":"https:\/\/akerkimya.com\/eticaret\/urun\/demir-iii-klorur-likit\/","title":{"rendered":"DEM\u0130R III KLOR\u00dcR L\u0130K\u0130T"},"content":{"rendered":"<h1>DEM\u0130R III KLOR\u00dcR L\u0130K\u0130T<\/h1>\n<p><strong>Demir III klor\u00fcr likit, FeCI3 form\u00fcl\u00fcne sahip inorganik bile\u015fiktir. \u00c7\u00f6zeltileri end\u00fcstriyel olarak hem demirden hem de cevherden kapal\u0131 d\u00f6ng\u00fc i\u015fleminde \u00fcretilmektedir. Galvaniz firmalar\u0131ndan at\u0131k (\u00e7\u00fcr\u00fck) ve hidroklorik asitlerin i\u015flenmesiyle meydana gelmektedir.<\/strong><\/p>\n<p><strong>F\u0130Z\u0130KSEL \u00d6ZELL\u0130KLER\u00a0\u00a0<\/strong><\/p>\n<p><strong>Koyu kahverengi ve hafif asit kokulu bir forma sahiptir.<\/strong><\/p>\n<p><strong>Su, etil alkol, metil alkol, aseton ve dietil ester i\u00e7erisinde \u00e7\u00f6z\u00fcnebilirdir.<\/strong><\/p>\n<p><strong>End\u00fcstriyel \u00f6l\u00e7ekli metaldir.<\/strong><\/p>\n<p><strong>\u00a0<\/strong><\/p>\n<p><strong>TEKN\u0130K \u00d6ZELL\u0130KLER\u0130<\/strong><\/p>\n<p><strong>CAS NUMARASI: 7705-08-0, 10025-77-1 (hekzahidrat)<\/strong><\/p>\n<p><strong>K\u0130MYASAL FORM\u00dcL: FeCI3<\/strong><\/p>\n<p><strong>K\u0130MYASAL \u0130S\u0130MLER\u0130: Demir III Klor\u00fcr Likit, Ferric Chloride, \u0130ron (+3) Chloride<\/strong><\/p>\n<p><strong>MOLAR K\u00dcTLE: 1.62.2 g\/mol (susuz), 270.3 g\/mol (hekzahidrat)<\/strong><\/p>\n<p><strong>YO\u011eUNLUK: 2.989 g\/cm\u00b3 (susuz), 1.82 g\/ cm\u00b3 (hekzahidrat)<\/strong><\/p>\n<p><strong>ER\u0130ME NOKTASI: 306 \u00b0C (susuz), 37\u00b0C (hekzahidrat)<\/strong><\/p>\n<p><strong>KAYNAMA NOKTASI: 315\u00b0C (susuz, decomp)<\/strong><\/p>\n<p><strong>SUDA \u00c7\u00d6Z\u00dcN\u00dcRL\u00dcK: 74.4 g 100 ml (0\u00b0)<\/strong><\/p>\n<p><strong>\u00a0<\/strong><\/p>\n<p><strong>KULLANIM ALANLARI<\/strong><\/p>\n<p><strong>Demir III klor\u00fcr, kanalizasyon ar\u0131tmas\u0131nda ve i\u00e7me suyu \u00fcretiminde p\u0131ht\u0131la\u015ft\u0131r\u0131c\u0131 ve topakla\u015ft\u0131r\u0131c\u0131 olarak kullan\u0131lmaktad\u0131r.<\/strong><\/p>\n<p><strong>Al\u00fcminyum kaplamay\u0131 aynalardan \u00e7\u0131karmak i\u00e7in kullan\u0131l\u0131r.<\/strong><\/p>\n<p><strong>Paslanmaz \u00e7eliklerde ve di\u011fer ala\u015f\u0131mlarda \u00e7ukurla\u015fma ve \u00e7atlak korozyonu dayan\u0131kl\u0131\u011f\u0131n\u0131 test etmek i\u00e7in kullan\u0131l\u0131r.<\/strong><\/p>\n<p><strong>Klor\u00fcr hidrometalurjisinde s\u00fczd\u00fcrme maddesi olarak kullan\u0131l\u0131r.<\/strong><\/p>\n<p><strong>B\u0131\u00e7ak ustalar\u0131 ve zanaatkarlar taraf\u0131ndan metali a\u015f\u0131nd\u0131rmak i\u00e7in kullan\u0131lmaktad\u0131r.<\/strong><\/p>\n<p><strong>Demir III klor\u00fcr, bir \u00e7\u00f6mlek par\u00e7as\u0131n\u0131 pembe, kahverengi ve turuncu tonlar\u0131na boyamak i\u00e7in kullan\u0131l\u0131r.<\/strong><\/p>\n<p><strong>Etilen ile klorun reaksiyona girmesi i\u00e7in kataliz\u00f6r olarak kullan\u0131l\u0131r.<\/strong><\/p>\n<p><strong>End\u00fcstriyel vinil klor\u00fcr \u00fcretimi i\u00e7in kullan\u0131l\u0131r.<\/strong><\/p>\n<p><strong>Demir III klor\u00fcr, karma\u015f\u0131k t\u0131bbi cihazlar\u0131 a\u015f\u0131nd\u0131rmak i\u00e7in kullan\u0131lmaktad\u0131r.<\/strong><\/p>\n<p><strong>Koku kontrol\u00fc i\u00e7in su ar\u0131tmas\u0131nda kullan\u0131l\u0131r.<\/strong><\/p>\n<p><strong>Hayvan trombozu modelinde kullan\u0131l\u0131r.<\/strong><\/p>\n<p><strong>PVC yapmak i\u00e7in monomerdir.<\/strong><\/p>\n<p><strong>Demir III klor\u00fcr, al\u00fcminyum kaplamay\u0131 aynadan \u00e7\u0131karmak i\u00e7in kullan\u0131l\u0131r.<\/strong><\/p>\n<p><strong>Demir g\u00f6kta\u015flar\u0131nda desen kaz\u0131mak i\u00e7in kullan\u0131l\u0131r.<\/strong><\/p>\n<p><strong>Veteriner hekimli\u011finde, \u00f6zellikle kanama sonucu kanaman\u0131n meydana geldi\u011fi durumlarda bir hayvan t\u0131rna\u011f\u0131n\u0131n z\u0131vanas\u0131n\u0131 tedavi etmek i\u00e7in kullan\u0131l\u0131r.<\/strong><\/p>\n<p><strong>Susuz formu belirli reaksiyonlarda kurutma reaktifi olarak kullan\u0131l\u0131r.<\/strong><\/p>\n<p><strong>Organik sentezde fenol bile\u015fiklerinin varl\u0131\u011f\u0131n\u0131 tespit etmek i\u00e7in kullan\u0131l\u0131r.<\/strong><\/p>\n<p><strong>Demir III klor\u00fcr, bask\u0131l\u0131 devre kartlar\u0131n imalat\u0131nda kullan\u0131l\u0131r.<\/strong><\/p>\n<p><strong>Su ve at\u0131k su ar\u0131t\u0131m\u0131nda fosfat\u0131n demir III fosfat olarak \u00e7\u00f6keltilmesi i\u00e7in kullan\u0131l\u0131r.<\/strong><\/p>\n<p><strong>\u00a0<\/strong><\/p>\n<p><strong>AMBALAJ<\/strong><\/p>\n<p><strong>1-5-25-85 Kg bidonlar halinde<\/strong><\/p>\n<p><strong>\u00a0<\/strong><\/p>\n<p><strong>DEPOLAMA<\/strong><\/p>\n<p><strong>Serin ve kuru bir alanda, bidonlar hava almayacak \u015fekilde muhafaza ediniz<\/strong><\/p>\n","protected":false},"excerpt":{"rendered":"<p>DEM\u0130R III KLOR\u00dcR L\u0130K\u0130T Demir III klor\u00fcr likit, FeCI3 form\u00fcl\u00fcne sahip inorganik bile\u015fiktir. \u00c7\u00f6zeltileri end\u00fcstriyel olarak hem demirden hem de<\/p>\n","protected":false},"featured_media":17909,"comment_status":"open","ping_status":"closed","template":"","meta":{"_joinchat":[]},"product_cat":[78,80],"product_tag":[],"class_list":{"0":"post-17907","1":"product","2":"type-product","3":"status-publish","4":"has-post-thumbnail","6":"product_cat-metal-dokum-kaplama","7":"product_cat-veteriner-ve-ilac-kimyasallari","9":"first","10":"instock","11":"shipping-taxable","12":"purchasable","13":"product-type-variable"},"yoast_head":"<!-- This site is optimized with the Yoast SEO Premium plugin v20.2.1 (Yoast SEO v20.2.1) - https:\/\/yoast.com\/wordpress\/plugins\/seo\/ -->\n<title>DEM\u0130R III KLOR\u00dcR L\u0130K\u0130T - Akerkimya<\/title>\n<meta name=\"robots\" content=\"index, follow, max-snippet:-1, max-image-preview:large, max-video-preview:-1\" \/>\n<link rel=\"canonical\" href=\"https:\/\/akerkimya.com\/eticaret\/urun\/demir-iii-klorur-likit\/\" \/>\n<meta property=\"og:locale\" content=\"tr_TR\" \/>\n<meta property=\"og:type\" content=\"article\" \/>\n<meta property=\"og:title\" content=\"DEM\u0130R III KLOR\u00dcR L\u0130K\u0130T\" \/>\n<meta property=\"og:description\" content=\"DEM\u0130R III KLOR\u00dcR L\u0130K\u0130T Demir III klor\u00fcr likit, FeCI3 form\u00fcl\u00fcne sahip inorganik bile\u015fiktir. \u00c7\u00f6zeltileri end\u00fcstriyel olarak hem demirden hem de\" \/>\n<meta property=\"og:url\" content=\"https:\/\/akerkimya.com\/eticaret\/urun\/demir-iii-klorur-likit\/\" \/>\n<meta property=\"og:site_name\" content=\"Akerkimya\" \/>\n<meta property=\"article:modified_time\" content=\"2026-03-29T23:24:26+00:00\" \/>\n<meta property=\"og:image\" content=\"https:\/\/akerkimya.com\/eticaret\/wp-content\/uploads\/2025\/01\/DEMIR-III-KLORUR-LIKIT-GUNCEL.png\" \/>\n\t<meta property=\"og:image:width\" content=\"1000\" \/>\n\t<meta property=\"og:image:height\" content=\"1000\" \/>\n\t<meta property=\"og:image:type\" content=\"image\/png\" \/>\n<meta name=\"twitter:card\" content=\"summary_large_image\" \/>\n<meta name=\"twitter:label1\" content=\"Tahmini okuma s\u00fcresi\" \/>\n\t<meta name=\"twitter:data1\" content=\"2 dakika\" \/>\n<script type=\"application\/ld+json\" class=\"yoast-schema-graph\">{\"@context\":\"https:\/\/schema.org\",\"@graph\":[{\"@type\":\"WebPage\",\"@id\":\"https:\/\/akerkimya.com\/eticaret\/urun\/demir-iii-klorur-likit\/\",\"url\":\"https:\/\/akerkimya.com\/eticaret\/urun\/demir-iii-klorur-likit\/\",\"name\":\"DEM\u0130R III KLOR\u00dcR L\u0130K\u0130T - Akerkimya\",\"isPartOf\":{\"@id\":\"https:\/\/akerkimya.com\/eticaret\/#website\"},\"datePublished\":\"2025-01-07T10:45:06+00:00\",\"dateModified\":\"2026-03-29T23:24:26+00:00\",\"breadcrumb\":{\"@id\":\"https:\/\/akerkimya.com\/eticaret\/urun\/demir-iii-klorur-likit\/#breadcrumb\"},\"inLanguage\":\"tr\",\"potentialAction\":[{\"@type\":\"ReadAction\",\"target\":[\"https:\/\/akerkimya.com\/eticaret\/urun\/demir-iii-klorur-likit\/\"]}]},{\"@type\":\"BreadcrumbList\",\"@id\":\"https:\/\/akerkimya.com\/eticaret\/urun\/demir-iii-klorur-likit\/#breadcrumb\",\"itemListElement\":[{\"@type\":\"ListItem\",\"position\":1,\"name\":\"Home\",\"item\":\"https:\/\/akerkimya.com\/eticaret\/\"},{\"@type\":\"ListItem\",\"position\":2,\"name\":\"Market\",\"item\":\"https:\/\/akerkimya.com\/eticaret\/market\/\"},{\"@type\":\"ListItem\",\"position\":3,\"name\":\"DEM\u0130R III KLOR\u00dcR L\u0130K\u0130T\"}]},{\"@type\":\"WebSite\",\"@id\":\"https:\/\/akerkimya.com\/eticaret\/#website\",\"url\":\"https:\/\/akerkimya.com\/eticaret\/\",\"name\":\"Akerkimya\",\"description\":\"\",\"potentialAction\":[{\"@type\":\"SearchAction\",\"target\":{\"@type\":\"EntryPoint\",\"urlTemplate\":\"https:\/\/akerkimya.com\/eticaret\/?s={search_term_string}\"},\"query-input\":\"required name=search_term_string\"}],\"inLanguage\":\"tr\"}]}<\/script>\n<!-- \/ Yoast SEO Premium plugin. -->","yoast_head_json":{"title":"DEM\u0130R III KLOR\u00dcR L\u0130K\u0130T - Akerkimya","robots":{"index":"index","follow":"follow","max-snippet":"max-snippet:-1","max-image-preview":"max-image-preview:large","max-video-preview":"max-video-preview:-1"},"canonical":"https:\/\/akerkimya.com\/eticaret\/urun\/demir-iii-klorur-likit\/","og_locale":"tr_TR","og_type":"article","og_title":"DEM\u0130R III KLOR\u00dcR L\u0130K\u0130T","og_description":"DEM\u0130R III KLOR\u00dcR L\u0130K\u0130T Demir III klor\u00fcr likit, FeCI3 form\u00fcl\u00fcne sahip inorganik bile\u015fiktir. \u00c7\u00f6zeltileri end\u00fcstriyel olarak hem demirden hem de","og_url":"https:\/\/akerkimya.com\/eticaret\/urun\/demir-iii-klorur-likit\/","og_site_name":"Akerkimya","article_modified_time":"2026-03-29T23:24:26+00:00","og_image":[{"width":1000,"height":1000,"url":"https:\/\/akerkimya.com\/eticaret\/wp-content\/uploads\/2025\/01\/DEMIR-III-KLORUR-LIKIT-GUNCEL.png","type":"image\/png"}],"twitter_card":"summary_large_image","twitter_misc":{"Tahmini okuma s\u00fcresi":"2 dakika"},"schema":{"@context":"https:\/\/schema.org","@graph":[{"@type":"WebPage","@id":"https:\/\/akerkimya.com\/eticaret\/urun\/demir-iii-klorur-likit\/","url":"https:\/\/akerkimya.com\/eticaret\/urun\/demir-iii-klorur-likit\/","name":"DEM\u0130R III KLOR\u00dcR L\u0130K\u0130T - Akerkimya","isPartOf":{"@id":"https:\/\/akerkimya.com\/eticaret\/#website"},"datePublished":"2025-01-07T10:45:06+00:00","dateModified":"2026-03-29T23:24:26+00:00","breadcrumb":{"@id":"https:\/\/akerkimya.com\/eticaret\/urun\/demir-iii-klorur-likit\/#breadcrumb"},"inLanguage":"tr","potentialAction":[{"@type":"ReadAction","target":["https:\/\/akerkimya.com\/eticaret\/urun\/demir-iii-klorur-likit\/"]}]},{"@type":"BreadcrumbList","@id":"https:\/\/akerkimya.com\/eticaret\/urun\/demir-iii-klorur-likit\/#breadcrumb","itemListElement":[{"@type":"ListItem","position":1,"name":"Home","item":"https:\/\/akerkimya.com\/eticaret\/"},{"@type":"ListItem","position":2,"name":"Market","item":"https:\/\/akerkimya.com\/eticaret\/market\/"},{"@type":"ListItem","position":3,"name":"DEM\u0130R III KLOR\u00dcR L\u0130K\u0130T"}]},{"@type":"WebSite","@id":"https:\/\/akerkimya.com\/eticaret\/#website","url":"https:\/\/akerkimya.com\/eticaret\/","name":"Akerkimya","description":"","potentialAction":[{"@type":"SearchAction","target":{"@type":"EntryPoint","urlTemplate":"https:\/\/akerkimya.com\/eticaret\/?s={search_term_string}"},"query-input":"required name=search_term_string"}],"inLanguage":"tr"}]}},"_links":{"self":[{"href":"https:\/\/akerkimya.com\/eticaret\/wp-json\/wp\/v2\/product\/17907","targetHints":{"allow":["GET"]}}],"collection":[{"href":"https:\/\/akerkimya.com\/eticaret\/wp-json\/wp\/v2\/product"}],"about":[{"href":"https:\/\/akerkimya.com\/eticaret\/wp-json\/wp\/v2\/types\/product"}],"replies":[{"embeddable":true,"href":"https:\/\/akerkimya.com\/eticaret\/wp-json\/wp\/v2\/comments?post=17907"}],"version-history":[{"count":1,"href":"https:\/\/akerkimya.com\/eticaret\/wp-json\/wp\/v2\/product\/17907\/revisions"}],"predecessor-version":[{"id":17910,"href":"https:\/\/akerkimya.com\/eticaret\/wp-json\/wp\/v2\/product\/17907\/revisions\/17910"}],"wp:featuredmedia":[{"embeddable":true,"href":"https:\/\/akerkimya.com\/eticaret\/wp-json\/wp\/v2\/media\/17909"}],"wp:attachment":[{"href":"https:\/\/akerkimya.com\/eticaret\/wp-json\/wp\/v2\/media?parent=17907"}],"wp:term":[{"taxonomy":"product_cat","embeddable":true,"href":"https:\/\/akerkimya.com\/eticaret\/wp-json\/wp\/v2\/product_cat?post=17907"},{"taxonomy":"product_tag","embeddable":true,"href":"https:\/\/akerkimya.com\/eticaret\/wp-json\/wp\/v2\/product_tag?post=17907"}],"curies":[{"name":"wp","href":"https:\/\/api.w.org\/{rel}","templated":true}]}}