{"id":17930,"date":"2025-01-07T14:17:26","date_gmt":"2025-01-07T11:17:26","guid":{"rendered":"https:\/\/akerkimya.com\/eticaret\/?post_type=product&#038;p=17930"},"modified":"2026-03-30T02:23:23","modified_gmt":"2026-03-29T23:23:23","slug":"kafein","status":"publish","type":"product","link":"https:\/\/akerkimya.com\/eticaret\/urun\/kafein\/","title":{"rendered":"KAFE\u0130N"},"content":{"rendered":"<h1>KAFE\u0130N<\/h1>\n<p><strong>Kafein, matein ve guaranin olarak bilinen bir \u00e7e\u015fit alkaloidtir. Molek\u00fcl form\u00fcl\u00fc C8H10N4O2 olan kafein baz\u0131 i\u00e7eceklerde do\u011fal olarak olu\u015fmaktad\u0131r. Bunun yan\u0131nda farmakolojik ajan olarak kullan\u0131lan metilsantindir.<\/strong><\/p>\n<p><strong>KAFE\u0130N TEKN\u0130K\u00a0\u00d6ZELL\u0130KLER\u00a0<\/strong><\/p>\n<p><strong>FORM\u00dcL: C8H10N4O2<\/strong><\/p>\n<p><strong>CAS NO: 58-08-2\u00a0\u00a0\u00a0<\/strong><\/p>\n<p><strong>K\u0130MYASAL ADI: 1,3,7-trimetilsantin<\/strong><\/p>\n<p><strong>G\u00d6R\u00dcN\u00dcM: Kat\u0131 halde kokusuz toz<\/strong><\/p>\n<p><strong>Renk: Beyaz<\/strong><\/p>\n<p><strong>Kaynama noktas\u0131: 178 \u00b0C \u00a0\u00a0\u00a0\u00a0\u00a0\u00a0\u00a0\u00a0\u00a0\u00a0\u00a0\u00a0\u00a0\u00a0\u00a0\u00a0\u00a0\u00a0\u00a0\u00a0\u00a0\u00a0\u00a0\u00a0\u00a0\u00a0\u00a0\u00a0\u00a0\u00a0\u00a0\u00a0\u00a0\u00a0\u00a0\u00a0\u00a0\u00a0\u00a0\u00a0\u00a0<\/strong><\/p>\n<p><strong>Erime Noktas\u0131: 235 \u00b0C\u00a0\u00a0\u00a0\u00a0\u00a0\u00a0\u00a0\u00a0\u00a0\u00a0\u00a0\u00a0\u00a0\u00a0\u00a0\u00a0\u00a0\u00a0\u00a0\u00a0\u00a0\u00a0\u00a0\u00a0\u00a0\u00a0\u00a0\u00a0\u00a0\u00a0\u00a0\u00a0\u00a0\u00a0\u00a0\u00a0\u00a0\u00a0\u00a0\u00a0\u00a0 \u00a0\u00a0\u00a0\u00a0\u00a0\u00a0\u00a0\u00a0\u00a0\u00a0\u00a0\u00a0\u00a0\u00a0\u00a0\u00a0\u00a0\u00a0\u00a0\u00a0\u00a0\u00a0\u00a0\u00a0\u00a0<\/strong><\/p>\n<p><strong>\u00c7\u00f6z\u00fcn\u00fcrl\u00fck: 21600 mg\/lt 25\u00b0C\u00a0\u00a0\u00a0\u00a0\u00a0\u00a0\u00a0\u00a0\u00a0\u00a0\u00a0\u00a0\u00a0\u00a0\u00a0\u00a0\u00a0\u00a0\u00a0\u00a0\u00a0\u00a0\u00a0\u00a0\u00a0\u00a0\u00a0\u00a0\u00a0\u00a0\u00a0\u00a0\u00a0\u00a0\u00a0\u00a0\u00a0\u00a0\u00a0\u00a0\u00a0 \u00a0\u00a0\u00a0\u00a0\u00a0\u00a0\u00a0\u00a0\u00a0\u00a0\u00a0\u00a0\u00a0\u00a0\u00a0\u00a0\u00a0\u00a0\u00a0\u00a0\u00a0\u00a0\u00a0\u00a0<\/strong><\/p>\n<p><strong>Yo\u011funluk: 1,23 g\/cm3<\/strong><\/p>\n<p><strong>Molek\u00fcl A\u011f\u0131rl\u0131k: 194.194 g\/mol<\/strong><\/p>\n<p><strong>\u00a0<\/strong><\/p>\n<p><strong>KAFE\u0130N \u00d6ZELL\u0130KLER\u0130<\/strong><\/p>\n<p><strong>Kafein kat\u0131 halde kokusuz beyaz parlak toz halinde bulunmaktad\u0131r. Ac\u0131 bir tada sahiptir. Beyaz prizmatik kristal \u00f6zelliklere sahiptir. Piridin i\u00e7inde \u00e7\u00f6z\u00fcnmektedir. Pirol i\u00e7inde serbest\u00e7e \u00e7\u00f6z\u00fcnmektedir. Petrol eteri i\u00e7inde hafif bir \u00e7\u00f6z\u00fcn\u00fcrl\u00fc\u011fe sahiptir. Kafein yap\u0131s\u0131 gere\u011fi merkezi sinir sisteminde uyar\u0131c\u0131 etkisi yapmaktad\u0131r. CNS uyar\u0131c\u0131lar\u0131 fiziksel fiziksel ve zihinsel s\u00fcre\u00e7lere h\u0131z kazand\u0131r\u0131r. V\u00fccuttaki yorgunluk hissinin yok olmas\u0131na alg\u0131lar\u0131n ise \u00e7ok daha \u00e7abuk a\u00e7\u0131lmas\u0131na vesile olur.<\/strong><\/p>\n<p><strong>\u00a0<\/strong><\/p>\n<p><strong>KULLANIM ALANLARI<\/strong><\/p>\n<p><strong>Kafein kahveler, filtre kahveler, gazl\u0131 i\u00e7eceklerin \u00fcretiminde kullan\u0131lmaktad\u0131r.<\/strong><\/p>\n<p><strong>\u0130la\u00e7 sanayisinde a\u011fr\u0131 kesici ila\u00e7larda ve CNS solunum uyar\u0131c\u0131 olarak bulunur.<\/strong><\/p>\n<p><strong>Uyku ve yorgunluk hissiyat\u0131n\u0131 kald\u0131r\u0131r refleksleri canland\u0131r\u0131r.<\/strong><\/p>\n<p><strong>Kas a\u011fr\u0131lar\u0131n\u0131 azalt\u0131r.<\/strong><\/p>\n<p><strong>Sindirim sisteminde aktif rol oynar.<\/strong><\/p>\n<p><strong>Cinsel g\u00fcc\u00fc art\u0131r\u0131r. Baz\u0131 takviye ila\u00e7lar\u0131nda kullan\u0131lmaktad\u0131r.<\/strong><\/p>\n<p><strong>Kan ak\u0131\u015f\u0131n\u0131 h\u0131zland\u0131rd\u0131\u011f\u0131ndan dolay\u0131 spor \u00f6ncesi al\u0131nd\u0131\u011f\u0131nda performans\u0131 art\u0131r\u0131r.<\/strong><\/p>\n<p><strong>Ya\u011f h\u00fccreleri \u00fczerinde lipolitik etkilerinden kaynakl\u0131 ya\u011flar\u0131 par\u00e7alayabilir ve ya\u011f asitlerinin serbest kalmas\u0131na yard\u0131mc\u0131 olur. Kafein bu \u00f6zelli\u011finden dolay\u0131 cildi s\u0131k\u0131la\u015ft\u0131rmak i\u00e7in kullan\u0131lan \u00fcr\u00fcnlerin form\u00fclasyonlar\u0131nda kullan\u0131l\u0131r.<\/strong><\/p>\n<p><strong>G\u00f6z kremlerinde g\u00f6zalt\u0131 \u015fi\u015fli\u011fini azaltmak i\u00e7in kullan\u0131l\u0131r.<\/strong><\/p>\n<p><strong>Kafein kola ve baz\u0131 me\u015frubatlarda kullan\u0131lmaktad\u0131r.<\/strong><\/p>\n<p><strong>Suplement \u00fcretiminde tablet ve kaps\u00fcllerin i\u00e7eri\u011finde etken madde olarak kullan\u0131l\u0131r.<\/strong><\/p>\n<p><strong>Multivitamin takviyesi olarak kaps\u00fcller eklenmektedir.<\/strong><\/p>\n<p><strong>Anti-Sel\u00fclit kremlerinde bir\u00e7ok faydal\u0131 \u00f6zelli\u011finden faydalan\u0131l\u0131r. Kremlerde viskozite, Ph, nemlendirme kabiliyeti gibi \u00f6zelliklerinden faydalan\u0131l\u0131r.<\/strong><\/p>\n<p><strong>\u00a0<\/strong><\/p>\n<p><strong>AMBALAJ <\/strong><\/p>\n<p><strong>1-5-20 kg ambalajlar halinde <\/strong><\/p>\n<p><strong>\u00a0<\/strong><\/p>\n<p><strong>DEPOLAMA<\/strong><\/p>\n<p><strong>G\u00fcne\u015f \u0131\u015f\u0131\u011f\u0131na temas etmeyen kuru ve serin yerlerde muhafaza ediniz.<\/strong><\/p>\n<p><strong>\u00a0<\/strong><\/p>\n","protected":false},"excerpt":{"rendered":"<p>KAFE\u0130N Kafein, matein ve guaranin olarak bilinen bir \u00e7e\u015fit alkaloidtir. Molek\u00fcl form\u00fcl\u00fc C8H10N4O2 olan kafein baz\u0131 i\u00e7eceklerde do\u011fal olarak olu\u015fmaktad\u0131r.<\/p>\n","protected":false},"featured_media":17931,"comment_status":"open","ping_status":"closed","template":"","meta":{"_joinchat":[]},"product_cat":[76,80],"product_tag":[],"class_list":{"0":"post-17930","1":"product","2":"type-product","3":"status-publish","4":"has-post-thumbnail","6":"product_cat-gida-ve-katki-kimyasallari","7":"product_cat-veteriner-ve-ilac-kimyasallari","9":"first","10":"instock","11":"shipping-taxable","12":"purchasable","13":"product-type-variable"},"yoast_head":"<!-- This site is optimized with the Yoast SEO Premium plugin v20.2.1 (Yoast SEO v20.2.1) - https:\/\/yoast.com\/wordpress\/plugins\/seo\/ -->\n<title>KAFE\u0130N - Akerkimya<\/title>\n<meta name=\"robots\" content=\"index, follow, max-snippet:-1, max-image-preview:large, max-video-preview:-1\" \/>\n<link rel=\"canonical\" href=\"https:\/\/akerkimya.com\/eticaret\/urun\/kafein\/\" \/>\n<meta property=\"og:locale\" content=\"tr_TR\" \/>\n<meta property=\"og:type\" content=\"article\" \/>\n<meta property=\"og:title\" content=\"KAFE\u0130N\" \/>\n<meta property=\"og:description\" content=\"KAFE\u0130N Kafein, matein ve guaranin olarak bilinen bir \u00e7e\u015fit alkaloidtir. Molek\u00fcl form\u00fcl\u00fc C8H10N4O2 olan kafein baz\u0131 i\u00e7eceklerde do\u011fal olarak olu\u015fmaktad\u0131r.\" \/>\n<meta property=\"og:url\" content=\"https:\/\/akerkimya.com\/eticaret\/urun\/kafein\/\" \/>\n<meta property=\"og:site_name\" content=\"Akerkimya\" \/>\n<meta property=\"article:modified_time\" content=\"2026-03-29T23:23:23+00:00\" \/>\n<meta property=\"og:image\" content=\"https:\/\/akerkimya.com\/eticaret\/wp-content\/uploads\/2025\/01\/KAFEIN-GUNCEL.png\" \/>\n\t<meta property=\"og:image:width\" content=\"1000\" \/>\n\t<meta property=\"og:image:height\" content=\"1000\" \/>\n\t<meta property=\"og:image:type\" content=\"image\/png\" \/>\n<meta name=\"twitter:card\" content=\"summary_large_image\" \/>\n<meta name=\"twitter:label1\" content=\"Tahmini okuma s\u00fcresi\" \/>\n\t<meta name=\"twitter:data1\" content=\"2 dakika\" \/>\n<script type=\"application\/ld+json\" class=\"yoast-schema-graph\">{\"@context\":\"https:\/\/schema.org\",\"@graph\":[{\"@type\":\"WebPage\",\"@id\":\"https:\/\/akerkimya.com\/eticaret\/urun\/kafein\/\",\"url\":\"https:\/\/akerkimya.com\/eticaret\/urun\/kafein\/\",\"name\":\"KAFE\u0130N - Akerkimya\",\"isPartOf\":{\"@id\":\"https:\/\/akerkimya.com\/eticaret\/#website\"},\"datePublished\":\"2025-01-07T11:17:26+00:00\",\"dateModified\":\"2026-03-29T23:23:23+00:00\",\"breadcrumb\":{\"@id\":\"https:\/\/akerkimya.com\/eticaret\/urun\/kafein\/#breadcrumb\"},\"inLanguage\":\"tr\",\"potentialAction\":[{\"@type\":\"ReadAction\",\"target\":[\"https:\/\/akerkimya.com\/eticaret\/urun\/kafein\/\"]}]},{\"@type\":\"BreadcrumbList\",\"@id\":\"https:\/\/akerkimya.com\/eticaret\/urun\/kafein\/#breadcrumb\",\"itemListElement\":[{\"@type\":\"ListItem\",\"position\":1,\"name\":\"Home\",\"item\":\"https:\/\/akerkimya.com\/eticaret\/\"},{\"@type\":\"ListItem\",\"position\":2,\"name\":\"Market\",\"item\":\"https:\/\/akerkimya.com\/eticaret\/market\/\"},{\"@type\":\"ListItem\",\"position\":3,\"name\":\"KAFE\u0130N\"}]},{\"@type\":\"WebSite\",\"@id\":\"https:\/\/akerkimya.com\/eticaret\/#website\",\"url\":\"https:\/\/akerkimya.com\/eticaret\/\",\"name\":\"Akerkimya\",\"description\":\"\",\"potentialAction\":[{\"@type\":\"SearchAction\",\"target\":{\"@type\":\"EntryPoint\",\"urlTemplate\":\"https:\/\/akerkimya.com\/eticaret\/?s={search_term_string}\"},\"query-input\":\"required name=search_term_string\"}],\"inLanguage\":\"tr\"}]}<\/script>\n<!-- \/ Yoast SEO Premium plugin. -->","yoast_head_json":{"title":"KAFE\u0130N - Akerkimya","robots":{"index":"index","follow":"follow","max-snippet":"max-snippet:-1","max-image-preview":"max-image-preview:large","max-video-preview":"max-video-preview:-1"},"canonical":"https:\/\/akerkimya.com\/eticaret\/urun\/kafein\/","og_locale":"tr_TR","og_type":"article","og_title":"KAFE\u0130N","og_description":"KAFE\u0130N Kafein, matein ve guaranin olarak bilinen bir \u00e7e\u015fit alkaloidtir. Molek\u00fcl form\u00fcl\u00fc C8H10N4O2 olan kafein baz\u0131 i\u00e7eceklerde do\u011fal olarak olu\u015fmaktad\u0131r.","og_url":"https:\/\/akerkimya.com\/eticaret\/urun\/kafein\/","og_site_name":"Akerkimya","article_modified_time":"2026-03-29T23:23:23+00:00","og_image":[{"width":1000,"height":1000,"url":"https:\/\/akerkimya.com\/eticaret\/wp-content\/uploads\/2025\/01\/KAFEIN-GUNCEL.png","type":"image\/png"}],"twitter_card":"summary_large_image","twitter_misc":{"Tahmini okuma s\u00fcresi":"2 dakika"},"schema":{"@context":"https:\/\/schema.org","@graph":[{"@type":"WebPage","@id":"https:\/\/akerkimya.com\/eticaret\/urun\/kafein\/","url":"https:\/\/akerkimya.com\/eticaret\/urun\/kafein\/","name":"KAFE\u0130N - Akerkimya","isPartOf":{"@id":"https:\/\/akerkimya.com\/eticaret\/#website"},"datePublished":"2025-01-07T11:17:26+00:00","dateModified":"2026-03-29T23:23:23+00:00","breadcrumb":{"@id":"https:\/\/akerkimya.com\/eticaret\/urun\/kafein\/#breadcrumb"},"inLanguage":"tr","potentialAction":[{"@type":"ReadAction","target":["https:\/\/akerkimya.com\/eticaret\/urun\/kafein\/"]}]},{"@type":"BreadcrumbList","@id":"https:\/\/akerkimya.com\/eticaret\/urun\/kafein\/#breadcrumb","itemListElement":[{"@type":"ListItem","position":1,"name":"Home","item":"https:\/\/akerkimya.com\/eticaret\/"},{"@type":"ListItem","position":2,"name":"Market","item":"https:\/\/akerkimya.com\/eticaret\/market\/"},{"@type":"ListItem","position":3,"name":"KAFE\u0130N"}]},{"@type":"WebSite","@id":"https:\/\/akerkimya.com\/eticaret\/#website","url":"https:\/\/akerkimya.com\/eticaret\/","name":"Akerkimya","description":"","potentialAction":[{"@type":"SearchAction","target":{"@type":"EntryPoint","urlTemplate":"https:\/\/akerkimya.com\/eticaret\/?s={search_term_string}"},"query-input":"required name=search_term_string"}],"inLanguage":"tr"}]}},"_links":{"self":[{"href":"https:\/\/akerkimya.com\/eticaret\/wp-json\/wp\/v2\/product\/17930","targetHints":{"allow":["GET"]}}],"collection":[{"href":"https:\/\/akerkimya.com\/eticaret\/wp-json\/wp\/v2\/product"}],"about":[{"href":"https:\/\/akerkimya.com\/eticaret\/wp-json\/wp\/v2\/types\/product"}],"replies":[{"embeddable":true,"href":"https:\/\/akerkimya.com\/eticaret\/wp-json\/wp\/v2\/comments?post=17930"}],"version-history":[{"count":1,"href":"https:\/\/akerkimya.com\/eticaret\/wp-json\/wp\/v2\/product\/17930\/revisions"}],"predecessor-version":[{"id":17935,"href":"https:\/\/akerkimya.com\/eticaret\/wp-json\/wp\/v2\/product\/17930\/revisions\/17935"}],"wp:featuredmedia":[{"embeddable":true,"href":"https:\/\/akerkimya.com\/eticaret\/wp-json\/wp\/v2\/media\/17931"}],"wp:attachment":[{"href":"https:\/\/akerkimya.com\/eticaret\/wp-json\/wp\/v2\/media?parent=17930"}],"wp:term":[{"taxonomy":"product_cat","embeddable":true,"href":"https:\/\/akerkimya.com\/eticaret\/wp-json\/wp\/v2\/product_cat?post=17930"},{"taxonomy":"product_tag","embeddable":true,"href":"https:\/\/akerkimya.com\/eticaret\/wp-json\/wp\/v2\/product_tag?post=17930"}],"curies":[{"name":"wp","href":"https:\/\/api.w.org\/{rel}","templated":true}]}}