{"id":17942,"date":"2025-01-07T14:31:31","date_gmt":"2025-01-07T11:31:31","guid":{"rendered":"https:\/\/akerkimya.com\/eticaret\/?post_type=product&#038;p=17942"},"modified":"2026-03-30T02:23:24","modified_gmt":"2026-03-29T23:23:24","slug":"l-karnitin","status":"publish","type":"product","link":"https:\/\/akerkimya.com\/eticaret\/urun\/l-karnitin\/","title":{"rendered":"L-KARN\u0130T\u0130N BASE"},"content":{"rendered":"<h1>L-KARN\u0130T\u0130N<\/h1>\n<p><strong>L-Karnitin, C7H15NO3 form\u00fcl\u00fcne sahip enantiyoselektif y\u00f6ntem ile gliserinden elde edilen vitamin benzeri bir maddedir. \u0130ki stereoizomerden biri olarak bulunur ve her ikisi de biyolojik olarak aktiftir, ancak sadece l-karnitin hayvanlarda do\u011fal olarak bulunur. Ve d-karnitin, l- formunun aktivitesini engelledi\u011fi i\u00e7in toksiktir. <\/strong><\/p>\n<p><strong>\u00a0<\/strong><\/p>\n<p><strong>L-KARN\u0130T\u0130N \u00d6ZELL\u0130KLER\u0130<\/strong><\/p>\n<p><strong>Beyaz renkte kristal formdad\u0131r.<\/strong><\/p>\n<p><strong>Aseton, etil asetat ve butil asetat i\u00e7erisinde \u00e7ok iyi \u00e7\u00f6z\u00fcnmez.<\/strong><\/p>\n<p><strong>Higroskopik bir kimyasald\u0131r.<\/strong><\/p>\n<p><strong>200 \u00b0C y\u00fcksek s\u0131cakl\u0131klara dayanabilir.<\/strong><\/p>\n<p><strong>\u00a0<\/strong><\/p>\n<p><strong>TEKN\u0130K \u00d6ZELL\u0130KLER\u0130<\/strong><\/p>\n<p><strong>CAS NUMARASI: 541-45-1 <\/strong><\/p>\n<p><strong>MOLEK\u00dcLER FORM\u00dcL: C7H15NO3<\/strong><\/p>\n<p><strong>K\u0130MYASAL \u0130SM\u0130: L-Karnitin, Levokarnitin, L- Carnitine, Base <\/strong><\/p>\n<p><strong>PAR\u00c7ACIK BOYUTU: 20 mesh aral\u0131\u011f\u0131ndad\u0131r<\/strong><\/p>\n<p><strong>SPES\u0130F\u0130K ROTASYON: -9,5 ~ -11.0\u00b0<\/strong><\/p>\n<p><strong>PH: 3.0 \u2013 4.5<\/strong><\/p>\n<p><strong>KURUTMA KAYBI: \u22640.50 %<\/strong><\/p>\n<p><strong>ATE\u015eLEME KALINTISI: \u22640.50 %<\/strong><\/p>\n<p><strong>ER\u0130ME DERECES\u0130: 195 \u00b0C ile 198 \u00b0C aras\u0131ndad\u0131r.<\/strong><\/p>\n<p><strong>\u00c7\u00d6Z\u00dcN\u00dcRL\u00dcK: Su ve s\u0131cak alkol ve metil alkol i\u00e7erisinde \u00e7\u00f6z\u00fcnmektedir. <\/strong><\/p>\n<p><strong>\u00a0<\/strong><\/p>\n<p><strong>KULLANIM ALANLARI<\/strong><\/p>\n<p><strong>Sporcu beslenmelerinde ve takviye g\u0131dalar\u0131n\u0131n i\u00e7eri\u011finde kilo verdirici ve enerji yenileyici madde olarak kullan\u0131l\u0131r.<\/strong><\/p>\n<p><strong>K\u00f6pek mamalar\u0131nda kas bozulmas\u0131n\u0131 \u00f6nlemek i\u00e7in kullan\u0131l\u0131r. Ayr\u0131ca kanatl\u0131 ve b\u00fcy\u00fckba\u015f hayvanlar\u0131n yemlerinin i\u00e7eri\u011finde kullan\u0131l\u0131r.<\/strong><\/p>\n<p><strong>L-Karnitin i\u00e7 tuzu, g\u00fc\u00e7l\u00fc bir higroskopik yetene\u011fe sahiptir. Ve zaman zaman kozmetik sekt\u00f6r\u00fcnde nemlendirici olarak kullan\u0131l\u0131r.<\/strong><\/p>\n<p><strong>\u0130\u015ftah a\u00e7t\u0131rmaya y\u00f6nelik ve kandaki trigliserid oran\u0131n\u0131n d\u00fc\u015f\u00fcr\u00fclmesi i\u00e7in ila\u00e7lar\u0131n i\u00e7erisinde kullan\u0131l\u0131r.<\/strong><\/p>\n<p><strong>\u0130nsan ve hayvanlar\u0131n kalp, karaci\u011fer ve kaslar\u0131nda fazla ya\u011f birikimini engellemek i\u00e7in \u00fcretilen ila\u00e7lar\u0131n i\u00e7eri\u011finde kullan\u0131lmaktad\u0131r.<\/strong><\/p>\n<p><strong>Vitamin C ve vitamin E bile\u015fiklerinde antioksidan etkilerin art\u0131r\u0131lmas\u0131 i\u00e7in kullan\u0131l\u0131r.<\/strong><\/p>\n<p><strong>Ya\u011f emilimi i\u00e7in soya i\u00e7eren bebek mamalar\u0131nda L-Karnitin kullan\u0131l\u0131r.<\/strong><\/p>\n<p><strong>Sporcu beslenmelerinde ve takviye g\u0131dalar\u0131n i\u00e7eri\u011finde kilo verdirici ve enerji yenileyici madde olarak kullan\u0131l\u0131r.<\/strong><\/p>\n<p><strong>Diyabet ila\u00e7lar\u0131n\u0131n i\u00e7eri\u011finde kullan\u0131l\u0131r.<\/strong><\/p>\n<p><strong>\u00a0<\/strong><\/p>\n<p><strong>AMBALAJ<\/strong><\/p>\n<p><strong>1-5-25 kg torbalar halinde <\/strong><\/p>\n<p><strong>\u00a0<\/strong><\/p>\n<p><strong>DEPOLAMA <\/strong><\/p>\n<p><strong>Serin ve kuru bir alanda muhafaza edilmelidir.<\/strong><\/p>\n","protected":false},"excerpt":{"rendered":"<p>L-KARN\u0130T\u0130N L-Karnitin, C7H15NO3 form\u00fcl\u00fcne sahip enantiyoselektif y\u00f6ntem ile gliserinden elde edilen vitamin benzeri bir maddedir. \u0130ki stereoizomerden biri olarak bulunur<\/p>\n","protected":false},"featured_media":17943,"comment_status":"open","ping_status":"closed","template":"","meta":{"_joinchat":[]},"product_cat":[76,80,81],"product_tag":[],"class_list":{"0":"post-17942","1":"product","2":"type-product","3":"status-publish","4":"has-post-thumbnail","6":"product_cat-gida-ve-katki-kimyasallari","7":"product_cat-veteriner-ve-ilac-kimyasallari","8":"product_cat-yem-katki-kimyasallari","10":"first","11":"instock","12":"shipping-taxable","13":"purchasable","14":"product-type-variable"},"yoast_head":"<!-- This site is optimized with the Yoast SEO Premium plugin v20.2.1 (Yoast SEO v20.2.1) - https:\/\/yoast.com\/wordpress\/plugins\/seo\/ -->\n<title>L-KARN\u0130T\u0130N BASE - Akerkimya<\/title>\n<meta name=\"robots\" content=\"index, follow, max-snippet:-1, max-image-preview:large, max-video-preview:-1\" \/>\n<link rel=\"canonical\" href=\"https:\/\/akerkimya.com\/eticaret\/urun\/l-karnitin\/\" \/>\n<meta property=\"og:locale\" content=\"tr_TR\" \/>\n<meta property=\"og:type\" content=\"article\" \/>\n<meta property=\"og:title\" content=\"L-KARN\u0130T\u0130N BASE\" \/>\n<meta property=\"og:description\" content=\"L-KARN\u0130T\u0130N L-Karnitin, C7H15NO3 form\u00fcl\u00fcne sahip enantiyoselektif y\u00f6ntem ile gliserinden elde edilen vitamin benzeri bir maddedir. \u0130ki stereoizomerden biri olarak bulunur\" \/>\n<meta property=\"og:url\" content=\"https:\/\/akerkimya.com\/eticaret\/urun\/l-karnitin\/\" \/>\n<meta property=\"og:site_name\" content=\"Akerkimya\" \/>\n<meta property=\"article:modified_time\" content=\"2026-03-29T23:23:24+00:00\" \/>\n<meta property=\"og:image\" content=\"https:\/\/akerkimya.com\/eticaret\/wp-content\/uploads\/2025\/01\/L-KARNITIN-GUNCEL.png\" \/>\n\t<meta property=\"og:image:width\" content=\"1000\" \/>\n\t<meta property=\"og:image:height\" content=\"1000\" \/>\n\t<meta property=\"og:image:type\" content=\"image\/png\" \/>\n<meta name=\"twitter:card\" content=\"summary_large_image\" \/>\n<meta name=\"twitter:label1\" content=\"Tahmini okuma s\u00fcresi\" \/>\n\t<meta name=\"twitter:data1\" content=\"2 dakika\" \/>\n<script type=\"application\/ld+json\" class=\"yoast-schema-graph\">{\"@context\":\"https:\/\/schema.org\",\"@graph\":[{\"@type\":\"WebPage\",\"@id\":\"https:\/\/akerkimya.com\/eticaret\/urun\/l-karnitin\/\",\"url\":\"https:\/\/akerkimya.com\/eticaret\/urun\/l-karnitin\/\",\"name\":\"L-KARN\u0130T\u0130N BASE - Akerkimya\",\"isPartOf\":{\"@id\":\"https:\/\/akerkimya.com\/eticaret\/#website\"},\"datePublished\":\"2025-01-07T11:31:31+00:00\",\"dateModified\":\"2026-03-29T23:23:24+00:00\",\"breadcrumb\":{\"@id\":\"https:\/\/akerkimya.com\/eticaret\/urun\/l-karnitin\/#breadcrumb\"},\"inLanguage\":\"tr\",\"potentialAction\":[{\"@type\":\"ReadAction\",\"target\":[\"https:\/\/akerkimya.com\/eticaret\/urun\/l-karnitin\/\"]}]},{\"@type\":\"BreadcrumbList\",\"@id\":\"https:\/\/akerkimya.com\/eticaret\/urun\/l-karnitin\/#breadcrumb\",\"itemListElement\":[{\"@type\":\"ListItem\",\"position\":1,\"name\":\"Home\",\"item\":\"https:\/\/akerkimya.com\/eticaret\/\"},{\"@type\":\"ListItem\",\"position\":2,\"name\":\"Market\",\"item\":\"https:\/\/akerkimya.com\/eticaret\/market\/\"},{\"@type\":\"ListItem\",\"position\":3,\"name\":\"L-KARN\u0130T\u0130N BASE\"}]},{\"@type\":\"WebSite\",\"@id\":\"https:\/\/akerkimya.com\/eticaret\/#website\",\"url\":\"https:\/\/akerkimya.com\/eticaret\/\",\"name\":\"Akerkimya\",\"description\":\"\",\"potentialAction\":[{\"@type\":\"SearchAction\",\"target\":{\"@type\":\"EntryPoint\",\"urlTemplate\":\"https:\/\/akerkimya.com\/eticaret\/?s={search_term_string}\"},\"query-input\":\"required name=search_term_string\"}],\"inLanguage\":\"tr\"}]}<\/script>\n<!-- \/ Yoast SEO Premium plugin. -->","yoast_head_json":{"title":"L-KARN\u0130T\u0130N BASE - Akerkimya","robots":{"index":"index","follow":"follow","max-snippet":"max-snippet:-1","max-image-preview":"max-image-preview:large","max-video-preview":"max-video-preview:-1"},"canonical":"https:\/\/akerkimya.com\/eticaret\/urun\/l-karnitin\/","og_locale":"tr_TR","og_type":"article","og_title":"L-KARN\u0130T\u0130N BASE","og_description":"L-KARN\u0130T\u0130N L-Karnitin, C7H15NO3 form\u00fcl\u00fcne sahip enantiyoselektif y\u00f6ntem ile gliserinden elde edilen vitamin benzeri bir maddedir. \u0130ki stereoizomerden biri olarak bulunur","og_url":"https:\/\/akerkimya.com\/eticaret\/urun\/l-karnitin\/","og_site_name":"Akerkimya","article_modified_time":"2026-03-29T23:23:24+00:00","og_image":[{"width":1000,"height":1000,"url":"https:\/\/akerkimya.com\/eticaret\/wp-content\/uploads\/2025\/01\/L-KARNITIN-GUNCEL.png","type":"image\/png"}],"twitter_card":"summary_large_image","twitter_misc":{"Tahmini okuma s\u00fcresi":"2 dakika"},"schema":{"@context":"https:\/\/schema.org","@graph":[{"@type":"WebPage","@id":"https:\/\/akerkimya.com\/eticaret\/urun\/l-karnitin\/","url":"https:\/\/akerkimya.com\/eticaret\/urun\/l-karnitin\/","name":"L-KARN\u0130T\u0130N BASE - Akerkimya","isPartOf":{"@id":"https:\/\/akerkimya.com\/eticaret\/#website"},"datePublished":"2025-01-07T11:31:31+00:00","dateModified":"2026-03-29T23:23:24+00:00","breadcrumb":{"@id":"https:\/\/akerkimya.com\/eticaret\/urun\/l-karnitin\/#breadcrumb"},"inLanguage":"tr","potentialAction":[{"@type":"ReadAction","target":["https:\/\/akerkimya.com\/eticaret\/urun\/l-karnitin\/"]}]},{"@type":"BreadcrumbList","@id":"https:\/\/akerkimya.com\/eticaret\/urun\/l-karnitin\/#breadcrumb","itemListElement":[{"@type":"ListItem","position":1,"name":"Home","item":"https:\/\/akerkimya.com\/eticaret\/"},{"@type":"ListItem","position":2,"name":"Market","item":"https:\/\/akerkimya.com\/eticaret\/market\/"},{"@type":"ListItem","position":3,"name":"L-KARN\u0130T\u0130N BASE"}]},{"@type":"WebSite","@id":"https:\/\/akerkimya.com\/eticaret\/#website","url":"https:\/\/akerkimya.com\/eticaret\/","name":"Akerkimya","description":"","potentialAction":[{"@type":"SearchAction","target":{"@type":"EntryPoint","urlTemplate":"https:\/\/akerkimya.com\/eticaret\/?s={search_term_string}"},"query-input":"required name=search_term_string"}],"inLanguage":"tr"}]}},"_links":{"self":[{"href":"https:\/\/akerkimya.com\/eticaret\/wp-json\/wp\/v2\/product\/17942","targetHints":{"allow":["GET"]}}],"collection":[{"href":"https:\/\/akerkimya.com\/eticaret\/wp-json\/wp\/v2\/product"}],"about":[{"href":"https:\/\/akerkimya.com\/eticaret\/wp-json\/wp\/v2\/types\/product"}],"replies":[{"embeddable":true,"href":"https:\/\/akerkimya.com\/eticaret\/wp-json\/wp\/v2\/comments?post=17942"}],"version-history":[{"count":3,"href":"https:\/\/akerkimya.com\/eticaret\/wp-json\/wp\/v2\/product\/17942\/revisions"}],"predecessor-version":[{"id":18352,"href":"https:\/\/akerkimya.com\/eticaret\/wp-json\/wp\/v2\/product\/17942\/revisions\/18352"}],"wp:featuredmedia":[{"embeddable":true,"href":"https:\/\/akerkimya.com\/eticaret\/wp-json\/wp\/v2\/media\/17943"}],"wp:attachment":[{"href":"https:\/\/akerkimya.com\/eticaret\/wp-json\/wp\/v2\/media?parent=17942"}],"wp:term":[{"taxonomy":"product_cat","embeddable":true,"href":"https:\/\/akerkimya.com\/eticaret\/wp-json\/wp\/v2\/product_cat?post=17942"},{"taxonomy":"product_tag","embeddable":true,"href":"https:\/\/akerkimya.com\/eticaret\/wp-json\/wp\/v2\/product_tag?post=17942"}],"curies":[{"name":"wp","href":"https:\/\/api.w.org\/{rel}","templated":true}]}}