{"id":17948,"date":"2025-01-07T14:39:04","date_gmt":"2025-01-07T11:39:04","guid":{"rendered":"https:\/\/akerkimya.com\/eticaret\/?post_type=product&#038;p=17948"},"modified":"2026-03-30T02:24:27","modified_gmt":"2026-03-29T23:24:27","slug":"malik-asit","status":"publish","type":"product","link":"https:\/\/akerkimya.com\/eticaret\/urun\/malik-asit\/","title":{"rendered":"MAL\u0130K AS\u0130T"},"content":{"rendered":"<h1>MAL\u0130K AS\u0130T<\/h1>\n<p><strong>Malik asit, C4H6O5 form\u00fcl\u00fcne sahip meyve asidi olarak da bilinen bir\u00e7ok meyvede do\u011fal olarak bulunan berrak ve renksiz organik bir bile\u015fiktir. En \u00e7ok ek\u015fimsi meyvelerde ve en \u00e7ok elmada bulunur. <\/strong><\/p>\n<p><strong>\u00a0<\/strong><\/p>\n<p><strong>MAL\u0130K AS\u0130T \u00d6ZELL\u0130KLER\u0130<\/strong><\/p>\n<p><strong>Renksiz kristal bir forma sahiptir. Kokusu karakteristiktir. <\/strong><\/p>\n<p><strong>Genel olarak ek\u015fi bir tada sahiptir.<\/strong><\/p>\n<p><strong>Is\u0131t\u0131larak ayr\u0131\u015fmas\u0131 durumunda tahri\u015f edici durumlar meydana gelir.<\/strong><\/p>\n<p><strong>Erimi\u015f \u015fekerlemelere daha kolay d\u00e2hil olmak i\u00e7in di\u011fer asitlerden daha d\u00fc\u015f\u00fck erime noktas\u0131 vard\u0131r.<\/strong><\/p>\n<p><strong>Malik asit, genel ama\u00e7l\u0131 bir asitlik d\u00fczenleyicidir.<\/strong><\/p>\n<p><strong>\u00a0<\/strong><\/p>\n<p><strong>TEKN\u0130K \u00d6ZELL\u0130KLER\u0130<\/strong><\/p>\n<p><strong>CAS NUMARASI: 6915-15-7<\/strong><\/p>\n<p><strong>K\u0130MYASAL ADI: Malik Asit, DL-Formu, Dikarboksilik Asit, Elma Asidi, Hidroksib\u00fctanedioik Asit<\/strong><\/p>\n<p><strong>K\u0130MYASAL FORM\u00dcL\u00dc: C4H6O5<\/strong><\/p>\n<p><strong>MLEK\u00dcL A\u011eIRLI\u011eI: 134,0874 g\/mol<\/strong><\/p>\n<p><strong>ER\u0130ME NOKTASI: 127 \u00b0C- 132 \u00b0C<\/strong><\/p>\n<p><strong>KAYNAMA NOKTASI: 225 \u00b0C \u2013 235 \u00b0C<\/strong><\/p>\n<p><strong>YO\u011eUNLU\u011eU: 20 \u00b0C de 1,601 gr\/cm\u00b3<\/strong><\/p>\n<p><strong>\u00c7\u00d6Z\u00dcN\u00dcRL\u00dcK (SUDA): 20 \u00b0C de 100 gr suda 55.8 gr<\/strong><\/p>\n<p><strong>\u00c7\u00d6Z\u00dcN\u00dcRL\u00dcK: Metanol, etanol, aseton, eter ve di\u011fer polar \u00e7\u00f6z\u00fcc\u00fcler i\u00e7in olduk\u00e7a \u00e7\u00f6z\u00fcn\u00fcrd\u00fcr.<\/strong><\/p>\n<p><strong>\u00a0<\/strong><\/p>\n<p><strong>KULLANIM ALANLARI<\/strong><\/p>\n<p><strong>Meyveli aromalar\u0131 zenginle\u015ftirmek, ph seviyesini dengelemek ve baz\u0131 tuzlar\u0131n tortular\u0131n\u0131 maskelemesi nedeniyle gazs\u0131z i\u00e7eceklerde kullan\u0131l\u0131r.<\/strong><\/p>\n<p><strong>En yayg\u0131n kullan\u0131m alan\u0131 i\u00e7inde meyve lezzeti olan g\u0131dalard\u0131r. Karbonatl\u0131 ve meyve lezzetli i\u00e7ecek ve \u015furuplarda kullan\u0131l\u0131r.<\/strong><\/p>\n<p><strong>Bo\u011faz pastilleri ve \u00f6ks\u00fcr\u00fck \u015furuplar\u0131n\u0131n imalat\u0131nda kullan\u0131l\u0131r.<\/strong><\/p>\n<p><strong>Elma, \u00fcz\u00fcm ve di\u011fer meyve sular\u0131nda suyun rengini stabilize etmek i\u00e7in kullan\u0131l\u0131r. \u0130\u00e7eceklerdeki di\u011fer kullan\u0131m nedeni de kolay \u00e7\u00f6z\u00fcnmesi, damakta uzun s\u00fcreli ve kal\u0131c\u0131 etkide tat b\u0131rakmas\u0131, farkl\u0131 aromalarla uyumlu olmas\u0131d\u0131r.<\/strong><\/p>\n<p><strong>Malik asit, E296 koduyla yo\u011furtta katk\u0131 maddesi olarak kullan\u0131l\u0131r.<\/strong><\/p>\n<p><strong>Alkols\u00fcz i\u00e7eceklerin i\u00e7eri\u011finde kullan\u0131l\u0131r.<\/strong><\/p>\n<p><strong>D\u00fc\u015f\u00fck kalorili i\u00e7eceklerin imalat\u0131nda kullan\u0131l\u0131r.<\/strong><\/p>\n<p><strong>G\u0131da sekt\u00f6r\u00fcnde aroma maddesinin etkisini yo\u011funla\u015ft\u0131rmak amac\u0131yla malik asit kullan\u0131l\u0131r. <\/strong><\/p>\n<p><strong>Metal y\u00fczeylerin temizli\u011finde kullan\u0131l\u0131r. <\/strong><\/p>\n<p><strong>Bir\u00e7ok \u00fcr\u00fcn\u00fcn lezzetini geni\u015fletmede yard\u0131mc\u0131 ajan olarak kullan\u0131l\u0131r.<\/strong><\/p>\n<p><strong>Sert \u015feker \u00fcretiminde, \u00e7iklet yap\u0131m\u0131nda, re\u00e7el, j\u00f6le yap\u0131m\u0131nda ve jelatinli tatl\u0131larda parlakl\u0131k ve berrakl\u0131\u011f\u0131 artt\u0131r\u0131c\u0131 etki g\u00f6stermesinden dolay\u0131 kullan\u0131l\u0131r.<\/strong><\/p>\n<p><strong>Ek\u015fi hamur \u00fcretiminde kullan\u0131l\u0131r.<\/strong><\/p>\n<p><strong>Diyet \u00fcr\u00fcnlerinin tatland\u0131r\u0131c\u0131 etkisini artt\u0131r\u0131r. Ayn\u0131 zamanda, damakta kalan tatl\u0131 tad\u0131n da \u00f6n\u00fcne ge\u00e7er.<\/strong><\/p>\n<p><strong>Bira ve s\u00fct \u00fcr\u00fcnlerinin \u00fczerindeki tortu olu\u015fumunu azaltt\u0131\u011f\u0131 i\u00e7in kullan\u0131l\u0131r.<\/strong><\/p>\n<p><strong>\u0130la\u00e7, boya ve metal sanayinde kullan\u0131m\u0131 mevcuttur.<\/strong><\/p>\n<p><strong>Malik asit, konserve \u00fcr\u00fcnlerinde Ph kontrol\u00fcn\u00fc sa\u011flar ve esmerle\u015fmesini geciktirmek i\u00e7in kullan\u0131l\u0131r.<\/strong><\/p>\n<p><strong>Domates konservelerinde asitlendirici olarak kullan\u0131l\u0131r.<\/strong><\/p>\n<p><strong>Cildi iyile\u015ftirmek ve canl\u0131l\u0131k kazand\u0131rmak i\u00e7in cilt bak\u0131m \u00fcr\u00fcnlerin form\u00fcllerinde kullan\u0131l\u0131r.<\/strong><\/p>\n<p><strong>Petrol end\u00fcstrisinde kullan\u0131l\u0131r. Ham petrol\u00fcn kuyudan rafineye aktar\u0131lmas\u0131n\u0131 sa\u011flar.<\/strong><\/p>\n<p><strong>\u00c7ay demleme s\u0131ras\u0131nda 4 ile 5 Aral\u0131\u011f\u0131nda ph elde etmek i\u00e7in kullan\u0131lmaktad\u0131r.<\/strong><\/p>\n<p><strong>Malik asit, kabart\u0131c\u0131 \u00fcr\u00fcnlerde kolay \u00e7\u00f6z\u00fcnmesi, raf \u00f6mr\u00fcn\u00fc uzatmas\u0131 ve kal\u0131c\u0131 tat verme nitelikleriyle kullan\u0131l\u0131r.<\/strong><\/p>\n<p><strong>Pekmez \u00fcretiminde ek\u015fi tat vermek amac\u0131yla kullan\u0131lmaktad\u0131r.<\/strong><\/p>\n<p><strong>Kahve makinelerinde s\u00fctten kaynakl\u0131 bakterilerin sterilizasyonu amac\u0131yla kullan\u0131l\u0131r.<\/strong><\/p>\n<p><strong>\u00a0<\/strong><\/p>\n<p><strong>AMBALAJ<\/strong><\/p>\n<p><strong>1-5-25 kg torbalar halinde <\/strong><\/p>\n<p><strong>\u00a0<\/strong><\/p>\n<p><strong>DEPOLAMA <\/strong><\/p>\n<p><strong>Serin ve kuru bir alanda torba hava almayacak \u015fekilde muhafaza edilmelidir.<\/strong><\/p>\n","protected":false},"excerpt":{"rendered":"<p>MAL\u0130K AS\u0130T Malik asit, C4H6O5 form\u00fcl\u00fcne sahip meyve asidi olarak da bilinen bir\u00e7ok meyvede do\u011fal olarak bulunan berrak ve renksiz<\/p>\n","protected":false},"featured_media":17949,"comment_status":"open","ping_status":"closed","template":"","meta":{"_joinchat":[]},"product_cat":[76,80],"product_tag":[],"class_list":{"0":"post-17948","1":"product","2":"type-product","3":"status-publish","4":"has-post-thumbnail","6":"product_cat-gida-ve-katki-kimyasallari","7":"product_cat-veteriner-ve-ilac-kimyasallari","9":"first","10":"instock","11":"shipping-taxable","12":"purchasable","13":"product-type-variable"},"yoast_head":"<!-- This site is optimized with the Yoast SEO Premium plugin v20.2.1 (Yoast SEO v20.2.1) - https:\/\/yoast.com\/wordpress\/plugins\/seo\/ -->\n<title>MAL\u0130K AS\u0130T - Akerkimya<\/title>\n<meta name=\"robots\" content=\"index, follow, max-snippet:-1, max-image-preview:large, max-video-preview:-1\" \/>\n<link rel=\"canonical\" href=\"https:\/\/akerkimya.com\/eticaret\/urun\/malik-asit\/\" \/>\n<meta property=\"og:locale\" content=\"tr_TR\" \/>\n<meta property=\"og:type\" content=\"article\" \/>\n<meta property=\"og:title\" content=\"MAL\u0130K AS\u0130T\" \/>\n<meta property=\"og:description\" content=\"MAL\u0130K AS\u0130T Malik asit, C4H6O5 form\u00fcl\u00fcne sahip meyve asidi olarak da bilinen bir\u00e7ok meyvede do\u011fal olarak bulunan berrak ve renksiz\" \/>\n<meta property=\"og:url\" content=\"https:\/\/akerkimya.com\/eticaret\/urun\/malik-asit\/\" \/>\n<meta property=\"og:site_name\" content=\"Akerkimya\" \/>\n<meta property=\"article:modified_time\" content=\"2026-03-29T23:24:27+00:00\" \/>\n<meta property=\"og:image\" content=\"https:\/\/akerkimya.com\/eticaret\/wp-content\/uploads\/2025\/01\/MALIK-ASIT-GUNCEL.png\" \/>\n\t<meta property=\"og:image:width\" content=\"1000\" \/>\n\t<meta property=\"og:image:height\" content=\"1000\" \/>\n\t<meta property=\"og:image:type\" content=\"image\/png\" \/>\n<meta name=\"twitter:card\" content=\"summary_large_image\" \/>\n<meta name=\"twitter:label1\" content=\"Tahmini okuma s\u00fcresi\" \/>\n\t<meta name=\"twitter:data1\" content=\"3 dakika\" \/>\n<script type=\"application\/ld+json\" class=\"yoast-schema-graph\">{\"@context\":\"https:\/\/schema.org\",\"@graph\":[{\"@type\":\"WebPage\",\"@id\":\"https:\/\/akerkimya.com\/eticaret\/urun\/malik-asit\/\",\"url\":\"https:\/\/akerkimya.com\/eticaret\/urun\/malik-asit\/\",\"name\":\"MAL\u0130K AS\u0130T - Akerkimya\",\"isPartOf\":{\"@id\":\"https:\/\/akerkimya.com\/eticaret\/#website\"},\"datePublished\":\"2025-01-07T11:39:04+00:00\",\"dateModified\":\"2026-03-29T23:24:27+00:00\",\"breadcrumb\":{\"@id\":\"https:\/\/akerkimya.com\/eticaret\/urun\/malik-asit\/#breadcrumb\"},\"inLanguage\":\"tr\",\"potentialAction\":[{\"@type\":\"ReadAction\",\"target\":[\"https:\/\/akerkimya.com\/eticaret\/urun\/malik-asit\/\"]}]},{\"@type\":\"BreadcrumbList\",\"@id\":\"https:\/\/akerkimya.com\/eticaret\/urun\/malik-asit\/#breadcrumb\",\"itemListElement\":[{\"@type\":\"ListItem\",\"position\":1,\"name\":\"Home\",\"item\":\"https:\/\/akerkimya.com\/eticaret\/\"},{\"@type\":\"ListItem\",\"position\":2,\"name\":\"Market\",\"item\":\"https:\/\/akerkimya.com\/eticaret\/market\/\"},{\"@type\":\"ListItem\",\"position\":3,\"name\":\"MAL\u0130K AS\u0130T\"}]},{\"@type\":\"WebSite\",\"@id\":\"https:\/\/akerkimya.com\/eticaret\/#website\",\"url\":\"https:\/\/akerkimya.com\/eticaret\/\",\"name\":\"Akerkimya\",\"description\":\"\",\"potentialAction\":[{\"@type\":\"SearchAction\",\"target\":{\"@type\":\"EntryPoint\",\"urlTemplate\":\"https:\/\/akerkimya.com\/eticaret\/?s={search_term_string}\"},\"query-input\":\"required name=search_term_string\"}],\"inLanguage\":\"tr\"}]}<\/script>\n<!-- \/ Yoast SEO Premium plugin. -->","yoast_head_json":{"title":"MAL\u0130K AS\u0130T - Akerkimya","robots":{"index":"index","follow":"follow","max-snippet":"max-snippet:-1","max-image-preview":"max-image-preview:large","max-video-preview":"max-video-preview:-1"},"canonical":"https:\/\/akerkimya.com\/eticaret\/urun\/malik-asit\/","og_locale":"tr_TR","og_type":"article","og_title":"MAL\u0130K AS\u0130T","og_description":"MAL\u0130K AS\u0130T Malik asit, C4H6O5 form\u00fcl\u00fcne sahip meyve asidi olarak da bilinen bir\u00e7ok meyvede do\u011fal olarak bulunan berrak ve renksiz","og_url":"https:\/\/akerkimya.com\/eticaret\/urun\/malik-asit\/","og_site_name":"Akerkimya","article_modified_time":"2026-03-29T23:24:27+00:00","og_image":[{"width":1000,"height":1000,"url":"https:\/\/akerkimya.com\/eticaret\/wp-content\/uploads\/2025\/01\/MALIK-ASIT-GUNCEL.png","type":"image\/png"}],"twitter_card":"summary_large_image","twitter_misc":{"Tahmini okuma s\u00fcresi":"3 dakika"},"schema":{"@context":"https:\/\/schema.org","@graph":[{"@type":"WebPage","@id":"https:\/\/akerkimya.com\/eticaret\/urun\/malik-asit\/","url":"https:\/\/akerkimya.com\/eticaret\/urun\/malik-asit\/","name":"MAL\u0130K AS\u0130T - Akerkimya","isPartOf":{"@id":"https:\/\/akerkimya.com\/eticaret\/#website"},"datePublished":"2025-01-07T11:39:04+00:00","dateModified":"2026-03-29T23:24:27+00:00","breadcrumb":{"@id":"https:\/\/akerkimya.com\/eticaret\/urun\/malik-asit\/#breadcrumb"},"inLanguage":"tr","potentialAction":[{"@type":"ReadAction","target":["https:\/\/akerkimya.com\/eticaret\/urun\/malik-asit\/"]}]},{"@type":"BreadcrumbList","@id":"https:\/\/akerkimya.com\/eticaret\/urun\/malik-asit\/#breadcrumb","itemListElement":[{"@type":"ListItem","position":1,"name":"Home","item":"https:\/\/akerkimya.com\/eticaret\/"},{"@type":"ListItem","position":2,"name":"Market","item":"https:\/\/akerkimya.com\/eticaret\/market\/"},{"@type":"ListItem","position":3,"name":"MAL\u0130K AS\u0130T"}]},{"@type":"WebSite","@id":"https:\/\/akerkimya.com\/eticaret\/#website","url":"https:\/\/akerkimya.com\/eticaret\/","name":"Akerkimya","description":"","potentialAction":[{"@type":"SearchAction","target":{"@type":"EntryPoint","urlTemplate":"https:\/\/akerkimya.com\/eticaret\/?s={search_term_string}"},"query-input":"required name=search_term_string"}],"inLanguage":"tr"}]}},"_links":{"self":[{"href":"https:\/\/akerkimya.com\/eticaret\/wp-json\/wp\/v2\/product\/17948","targetHints":{"allow":["GET"]}}],"collection":[{"href":"https:\/\/akerkimya.com\/eticaret\/wp-json\/wp\/v2\/product"}],"about":[{"href":"https:\/\/akerkimya.com\/eticaret\/wp-json\/wp\/v2\/types\/product"}],"replies":[{"embeddable":true,"href":"https:\/\/akerkimya.com\/eticaret\/wp-json\/wp\/v2\/comments?post=17948"}],"version-history":[{"count":1,"href":"https:\/\/akerkimya.com\/eticaret\/wp-json\/wp\/v2\/product\/17948\/revisions"}],"predecessor-version":[{"id":17953,"href":"https:\/\/akerkimya.com\/eticaret\/wp-json\/wp\/v2\/product\/17948\/revisions\/17953"}],"wp:featuredmedia":[{"embeddable":true,"href":"https:\/\/akerkimya.com\/eticaret\/wp-json\/wp\/v2\/media\/17949"}],"wp:attachment":[{"href":"https:\/\/akerkimya.com\/eticaret\/wp-json\/wp\/v2\/media?parent=17948"}],"wp:term":[{"taxonomy":"product_cat","embeddable":true,"href":"https:\/\/akerkimya.com\/eticaret\/wp-json\/wp\/v2\/product_cat?post=17948"},{"taxonomy":"product_tag","embeddable":true,"href":"https:\/\/akerkimya.com\/eticaret\/wp-json\/wp\/v2\/product_tag?post=17948"}],"curies":[{"name":"wp","href":"https:\/\/api.w.org\/{rel}","templated":true}]}}