{"id":17954,"date":"2025-01-07T14:47:13","date_gmt":"2025-01-07T11:47:13","guid":{"rendered":"https:\/\/akerkimya.com\/eticaret\/?post_type=product&#038;p=17954"},"modified":"2026-03-30T02:24:28","modified_gmt":"2026-03-29T23:24:28","slug":"monosodyum-glutamat","status":"publish","type":"product","link":"https:\/\/akerkimya.com\/eticaret\/urun\/monosodyum-glutamat\/","title":{"rendered":"MONOSODYUM GLUTAMAT"},"content":{"rendered":"<h1>MONOSODYUM GLUTAMAT <\/h1>\n<p><strong>Monosodyum glutamat, C5H8NaNO4.H2O form\u00fcl\u00fcne sahip do\u011fada en \u00e7ok bulunan esansiyel olmayan amino asitlerden biri olan glutamik asidin sodyum tuzudur. Japon, Kore ve \u00c7in mutfa\u011f\u0131nda yayg\u0131n olarak kullan\u0131lmaktad\u0131r. <\/strong><\/p>\n<p><strong>\u00a0<\/strong><\/p>\n<p><strong>MONOSODYUM GLUTAMAT \u00d6ZELL\u0130KLER\u0130<\/strong><\/p>\n<p><strong>Beyaz kristal formdad\u0131r. Kokusuzdur.<\/strong><\/p>\n<p><strong>Suda kolayca \u00e7\u00f6z\u00fcn\u00fcr. Etanol ve eterde hemen \u00e7\u00f6z\u00fcnmez.<\/strong><\/p>\n<p><strong>I\u015f\u0131\u011fa ve \u0131s\u0131ya kar\u015f\u0131 kararl\u0131d\u0131r. <\/strong><\/p>\n<p><strong>MSG, pi\u015firme s\u0131ras\u0131nda ayr\u0131\u015fmaz, ancak di\u011fer amino asitlere benzer \u015fekilde, \u00e7ok y\u00fcksek s\u0131cakl\u0131klarda ve \u015feker varl\u0131\u011f\u0131nda esmerle\u015fme veya Maillard reaksiyonlar\u0131na girebilir. <\/strong><\/p>\n<p><strong>Higroskopik de\u011fildir. <\/strong><\/p>\n<p><strong>\u00a0<\/strong><\/p>\n<p><strong>TEKN\u0130K \u00d6ZELL\u0130KLER\u0130<\/strong><\/p>\n<p><strong>CAS NUMARASI: 142-47-2<\/strong><\/p>\n<p><strong>MOLEK\u00dcLER FORM\u00dcL: C5H8NaNO4.H2O <\/strong><\/p>\n<p><strong>K\u0130MYASAL \u0130SM\u0130: Monosodyum Glutamat, \u00c7in Tuzu, MSG, Glutamik Asit, Sodyum Tuzu<\/strong><\/p>\n<p><strong>MOLEK\u00dcL A\u011eIRLI\u011eI: 169.112 g\/mol<\/strong><\/p>\n<p><strong>KAYNAMA NOKTASI: 225 \u00b0C<\/strong><\/p>\n<p><strong>ER\u0130ME NOKTASI: 450 \u00b0F<\/strong><\/p>\n<p><strong>KURUTMA KAYBI (%): &lt; 0,5<\/strong><\/p>\n<p><strong>PH DE\u011eER\u0130: 6.7-7.5 <\/strong><\/p>\n<p><strong>DEM\u0130R MG\/KG: &lt; 5PPM<\/strong><\/p>\n<p><strong>S\u00dcLFAT (%): &lt; 0.05<\/strong><\/p>\n<p><strong>ARSEN\u0130K MG\/KG: &lt; 0.5PPM<\/strong><\/p>\n<p><strong>KUR\u015eUN MG\/KG:\u00a0 &lt; 1PPM <\/strong><\/p>\n<p><strong>\u00a0<\/strong><\/p>\n<p><strong>KULLANIM ALANLARI <\/strong><\/p>\n<p><strong>Karaci\u011fer fonksiyon bozuklu\u011fu ve \u00e7e\u015fitli nedenlerle koma tedavisinde; epilepsi ve \u00e7ocuk beyin hipoplazisi \u00fczerinde yard\u0131mc\u0131 terap\u00f6tik etkisi nedeniyle kullan\u0131lmaktad\u0131r. <\/strong><\/p>\n<p><strong>Sanayide dolgu maddesi olarak kullan\u0131lmaktad\u0131r.<\/strong><\/p>\n<p><strong>\u0130\u015flenmi\u015f g\u0131dalar\u0131n i\u00e7erisinde katk\u0131 maddesi olarak yayg\u0131n bir \u015fekilde kullan\u0131lmaktad\u0131r.<\/strong><\/p>\n<p><strong>Tat resept\u00f6rlerini artt\u0131rd\u0131\u011f\u0131 i\u00e7in \u00f6zellikle et ve \u00e7orba \u00fcr\u00fcnlerinde kullan\u0131l\u0131r.<\/strong><\/p>\n<p><strong>Az tuzlu g\u0131dalar\u0131n tad\u0131n\u0131 iyile\u015ftirmek i\u00e7in kullan\u0131l\u0131r.<\/strong><\/p>\n<p><strong>Konserve \u00fcr\u00fcnlerde kendilerine has tatlar\u0131n\u0131 artt\u0131rmak amac\u0131yla kullan\u0131l\u0131r.<\/strong><\/p>\n<p><strong>\u00a0<\/strong><\/p>\n<p><strong>AMBALAJ<\/strong><\/p>\n<p><strong>1-5-25 kg ambalajlar halinde<\/strong><\/p>\n<p><strong>\u00a0<\/strong><\/p>\n<p><strong>DEPOLAMA <\/strong><\/p>\n<p><strong>Serin ve kuru bir alanda muhafaza ediniz.<\/strong><\/p>\n","protected":false},"excerpt":{"rendered":"<p>MONOSODYUM GLUTAMAT Monosodyum glutamat, C5H8NaNO4.H2O form\u00fcl\u00fcne sahip do\u011fada en \u00e7ok bulunan esansiyel olmayan amino asitlerden biri olan glutamik asidin sodyum<\/p>\n","protected":false},"featured_media":17955,"comment_status":"open","ping_status":"closed","template":"","meta":{"_joinchat":[]},"product_cat":[76,80],"product_tag":[],"class_list":{"0":"post-17954","1":"product","2":"type-product","3":"status-publish","4":"has-post-thumbnail","6":"product_cat-gida-ve-katki-kimyasallari","7":"product_cat-veteriner-ve-ilac-kimyasallari","9":"first","10":"instock","11":"shipping-taxable","12":"purchasable","13":"product-type-variable"},"yoast_head":"<!-- This site is optimized with the Yoast SEO Premium plugin v20.2.1 (Yoast SEO v20.2.1) - https:\/\/yoast.com\/wordpress\/plugins\/seo\/ -->\n<title>MONOSODYUM GLUTAMAT - Akerkimya<\/title>\n<meta name=\"robots\" content=\"index, follow, max-snippet:-1, max-image-preview:large, max-video-preview:-1\" \/>\n<link rel=\"canonical\" href=\"https:\/\/akerkimya.com\/eticaret\/urun\/monosodyum-glutamat\/\" \/>\n<meta property=\"og:locale\" content=\"tr_TR\" \/>\n<meta property=\"og:type\" content=\"article\" \/>\n<meta property=\"og:title\" content=\"MONOSODYUM GLUTAMAT\" \/>\n<meta property=\"og:description\" content=\"MONOSODYUM GLUTAMAT Monosodyum glutamat, C5H8NaNO4.H2O form\u00fcl\u00fcne sahip do\u011fada en \u00e7ok bulunan esansiyel olmayan amino asitlerden biri olan glutamik asidin sodyum\" \/>\n<meta property=\"og:url\" content=\"https:\/\/akerkimya.com\/eticaret\/urun\/monosodyum-glutamat\/\" \/>\n<meta property=\"og:site_name\" content=\"Akerkimya\" \/>\n<meta property=\"article:modified_time\" content=\"2026-03-29T23:24:28+00:00\" \/>\n<meta property=\"og:image\" content=\"https:\/\/akerkimya.com\/eticaret\/wp-content\/uploads\/2025\/01\/MONOSODYUM-GLUTAMAT-GUNCEL.png\" \/>\n\t<meta property=\"og:image:width\" content=\"1000\" \/>\n\t<meta property=\"og:image:height\" content=\"1000\" \/>\n\t<meta property=\"og:image:type\" content=\"image\/png\" \/>\n<meta name=\"twitter:card\" content=\"summary_large_image\" \/>\n<meta name=\"twitter:label1\" content=\"Tahmini okuma s\u00fcresi\" \/>\n\t<meta name=\"twitter:data1\" content=\"1 dakika\" \/>\n<script type=\"application\/ld+json\" class=\"yoast-schema-graph\">{\"@context\":\"https:\/\/schema.org\",\"@graph\":[{\"@type\":\"WebPage\",\"@id\":\"https:\/\/akerkimya.com\/eticaret\/urun\/monosodyum-glutamat\/\",\"url\":\"https:\/\/akerkimya.com\/eticaret\/urun\/monosodyum-glutamat\/\",\"name\":\"MONOSODYUM GLUTAMAT - Akerkimya\",\"isPartOf\":{\"@id\":\"https:\/\/akerkimya.com\/eticaret\/#website\"},\"datePublished\":\"2025-01-07T11:47:13+00:00\",\"dateModified\":\"2026-03-29T23:24:28+00:00\",\"breadcrumb\":{\"@id\":\"https:\/\/akerkimya.com\/eticaret\/urun\/monosodyum-glutamat\/#breadcrumb\"},\"inLanguage\":\"tr\",\"potentialAction\":[{\"@type\":\"ReadAction\",\"target\":[\"https:\/\/akerkimya.com\/eticaret\/urun\/monosodyum-glutamat\/\"]}]},{\"@type\":\"BreadcrumbList\",\"@id\":\"https:\/\/akerkimya.com\/eticaret\/urun\/monosodyum-glutamat\/#breadcrumb\",\"itemListElement\":[{\"@type\":\"ListItem\",\"position\":1,\"name\":\"Home\",\"item\":\"https:\/\/akerkimya.com\/eticaret\/\"},{\"@type\":\"ListItem\",\"position\":2,\"name\":\"Market\",\"item\":\"https:\/\/akerkimya.com\/eticaret\/market\/\"},{\"@type\":\"ListItem\",\"position\":3,\"name\":\"MONOSODYUM GLUTAMAT\"}]},{\"@type\":\"WebSite\",\"@id\":\"https:\/\/akerkimya.com\/eticaret\/#website\",\"url\":\"https:\/\/akerkimya.com\/eticaret\/\",\"name\":\"Akerkimya\",\"description\":\"\",\"potentialAction\":[{\"@type\":\"SearchAction\",\"target\":{\"@type\":\"EntryPoint\",\"urlTemplate\":\"https:\/\/akerkimya.com\/eticaret\/?s={search_term_string}\"},\"query-input\":\"required name=search_term_string\"}],\"inLanguage\":\"tr\"}]}<\/script>\n<!-- \/ Yoast SEO Premium plugin. -->","yoast_head_json":{"title":"MONOSODYUM GLUTAMAT - Akerkimya","robots":{"index":"index","follow":"follow","max-snippet":"max-snippet:-1","max-image-preview":"max-image-preview:large","max-video-preview":"max-video-preview:-1"},"canonical":"https:\/\/akerkimya.com\/eticaret\/urun\/monosodyum-glutamat\/","og_locale":"tr_TR","og_type":"article","og_title":"MONOSODYUM GLUTAMAT","og_description":"MONOSODYUM GLUTAMAT Monosodyum glutamat, C5H8NaNO4.H2O form\u00fcl\u00fcne sahip do\u011fada en \u00e7ok bulunan esansiyel olmayan amino asitlerden biri olan glutamik asidin sodyum","og_url":"https:\/\/akerkimya.com\/eticaret\/urun\/monosodyum-glutamat\/","og_site_name":"Akerkimya","article_modified_time":"2026-03-29T23:24:28+00:00","og_image":[{"width":1000,"height":1000,"url":"https:\/\/akerkimya.com\/eticaret\/wp-content\/uploads\/2025\/01\/MONOSODYUM-GLUTAMAT-GUNCEL.png","type":"image\/png"}],"twitter_card":"summary_large_image","twitter_misc":{"Tahmini okuma s\u00fcresi":"1 dakika"},"schema":{"@context":"https:\/\/schema.org","@graph":[{"@type":"WebPage","@id":"https:\/\/akerkimya.com\/eticaret\/urun\/monosodyum-glutamat\/","url":"https:\/\/akerkimya.com\/eticaret\/urun\/monosodyum-glutamat\/","name":"MONOSODYUM GLUTAMAT - Akerkimya","isPartOf":{"@id":"https:\/\/akerkimya.com\/eticaret\/#website"},"datePublished":"2025-01-07T11:47:13+00:00","dateModified":"2026-03-29T23:24:28+00:00","breadcrumb":{"@id":"https:\/\/akerkimya.com\/eticaret\/urun\/monosodyum-glutamat\/#breadcrumb"},"inLanguage":"tr","potentialAction":[{"@type":"ReadAction","target":["https:\/\/akerkimya.com\/eticaret\/urun\/monosodyum-glutamat\/"]}]},{"@type":"BreadcrumbList","@id":"https:\/\/akerkimya.com\/eticaret\/urun\/monosodyum-glutamat\/#breadcrumb","itemListElement":[{"@type":"ListItem","position":1,"name":"Home","item":"https:\/\/akerkimya.com\/eticaret\/"},{"@type":"ListItem","position":2,"name":"Market","item":"https:\/\/akerkimya.com\/eticaret\/market\/"},{"@type":"ListItem","position":3,"name":"MONOSODYUM GLUTAMAT"}]},{"@type":"WebSite","@id":"https:\/\/akerkimya.com\/eticaret\/#website","url":"https:\/\/akerkimya.com\/eticaret\/","name":"Akerkimya","description":"","potentialAction":[{"@type":"SearchAction","target":{"@type":"EntryPoint","urlTemplate":"https:\/\/akerkimya.com\/eticaret\/?s={search_term_string}"},"query-input":"required name=search_term_string"}],"inLanguage":"tr"}]}},"_links":{"self":[{"href":"https:\/\/akerkimya.com\/eticaret\/wp-json\/wp\/v2\/product\/17954","targetHints":{"allow":["GET"]}}],"collection":[{"href":"https:\/\/akerkimya.com\/eticaret\/wp-json\/wp\/v2\/product"}],"about":[{"href":"https:\/\/akerkimya.com\/eticaret\/wp-json\/wp\/v2\/types\/product"}],"replies":[{"embeddable":true,"href":"https:\/\/akerkimya.com\/eticaret\/wp-json\/wp\/v2\/comments?post=17954"}],"version-history":[{"count":1,"href":"https:\/\/akerkimya.com\/eticaret\/wp-json\/wp\/v2\/product\/17954\/revisions"}],"predecessor-version":[{"id":17959,"href":"https:\/\/akerkimya.com\/eticaret\/wp-json\/wp\/v2\/product\/17954\/revisions\/17959"}],"wp:featuredmedia":[{"embeddable":true,"href":"https:\/\/akerkimya.com\/eticaret\/wp-json\/wp\/v2\/media\/17955"}],"wp:attachment":[{"href":"https:\/\/akerkimya.com\/eticaret\/wp-json\/wp\/v2\/media?parent=17954"}],"wp:term":[{"taxonomy":"product_cat","embeddable":true,"href":"https:\/\/akerkimya.com\/eticaret\/wp-json\/wp\/v2\/product_cat?post=17954"},{"taxonomy":"product_tag","embeddable":true,"href":"https:\/\/akerkimya.com\/eticaret\/wp-json\/wp\/v2\/product_tag?post=17954"}],"curies":[{"name":"wp","href":"https:\/\/api.w.org\/{rel}","templated":true}]}}