{"id":17966,"date":"2025-01-07T15:00:56","date_gmt":"2025-01-07T12:00:56","guid":{"rendered":"https:\/\/akerkimya.com\/eticaret\/?post_type=product&#038;p=17966"},"modified":"2026-03-30T02:24:28","modified_gmt":"2026-03-29T23:24:28","slug":"sitrik-asit-monohidrat","status":"publish","type":"product","link":"https:\/\/akerkimya.com\/eticaret\/urun\/sitrik-asit-monohidrat\/","title":{"rendered":"S\u0130TR\u0130K AS\u0130T MONOH\u0130DRAT"},"content":{"rendered":"<h1>S\u0130TR\u0130K AS\u0130T MONOH\u0130DRAT<\/h1>\n<p><strong>Sitrik asit 1784 de \u0130sve\u00e7li Carl Wilhelm taraf\u0131ndan limon suyunun kristalle\u015ftirilmesi sonucu elde edildi. Sitrik asit meyvelerde ve turun\u00e7gillerde b\u00fcy\u00fck miktarda bulunur. Monohidratta 1 molek\u00fcl su bulunurken anhidrat ise susuzdur.<\/strong><\/p>\n<p><strong>\u00a0<\/strong><\/p>\n<p><strong>S\u0130TR\u0130K AS\u0130T MONOH\u0130DRAT\u00a0 TEKN\u0130K \u00d6ZELL\u0130KLER\u00a0 \u00a0 \u00a0 \u00a0 \u00a0 \u00a0<\/strong><\/p>\n<p><strong>K\u0130MYASAL ADI: Sitrik Asit Monohidrat<\/strong><\/p>\n<p><strong>K\u0130MYASAL FORM\u00dcL: C6H8O7.H2O<\/strong><\/p>\n<p><strong>G\u00d6R\u00dcN\u00dcM: Beyaz<\/strong><\/p>\n<p><strong>MOLEK\u00dcL A\u011eIRLIK: 192,124 g\/mol<\/strong><\/p>\n<p><strong>YO\u011eUNLUK: 1.54 gr\/cm3(20<\/strong><strong>\u2103<\/strong><strong>)<\/strong><\/p>\n<p><strong>ER\u0130ME NOKTASI: 135-152<\/strong><strong>\u2103<\/strong><\/p>\n<p><strong>KAYNAMA NOKTASI: 310 <\/strong><strong>\u2103<\/strong><\/p>\n<p><strong>\u00a0<\/strong><\/p>\n<p><strong>S\u0130TR\u0130K AS\u0130T MONOH\u0130DRAT KULLANIM ALANLARI<\/strong><\/p>\n<p><strong>G\u0131da ve i\u00e7eceklerde asitleyici olarak, aroma maddesi koruyucu ve ph kontrol ajan\u0131 olarak kullan\u0131l\u0131r.<\/strong><\/p>\n<p><strong>G\u0131dalarda mantar, bakteri ve k\u00fcf olu\u015fmas\u0131n\u0131 engellemede asidik ortam olu\u015fturarak koruyucu ortam sa\u011flar. E 330 olarak kodland\u0131r\u0131l\u0131r.<\/strong><\/p>\n<p><strong>Kimyasal ve kozmetik sanayinde antioksidan plastikle\u015ftirici olarak kullan\u0131l\u0131r.<\/strong><\/p>\n<p><strong>Temizlik sekt\u00f6r\u00fcnde deterjan olarak kullan\u0131l\u0131r.<\/strong><\/p>\n<p><strong>End\u00fcstri alan\u0131nda \u00e7eliklerde pas temizleyici olarak kullan\u0131l\u0131r.<\/strong><\/p>\n<p><strong>Yap\u0131 kimyasallar\u0131 \u00fcretiminde kayganla\u015ft\u0131r\u0131c\u0131 olarak kullan\u0131l\u0131r.<\/strong><\/p>\n<p><strong>Al\u00e7\u0131 \u00fcretiminde imalat safhas\u0131nda kullan\u0131l\u0131r.<\/strong><\/p>\n<p><strong>AMBALAJ<\/strong><\/p>\n<p><strong>1-5-25 kg torbalar halinde <\/strong><\/p>\n<p><strong>DEPOLAMA<\/strong><\/p>\n<p><strong>G\u00fcne\u015f \u0131\u015f\u0131\u011f\u0131na temas etmeyen kuru ve serin yerlerde muhafaza ediniz.<\/strong><\/p>\n<p><strong>\u00a0<\/strong><\/p>\n","protected":false},"excerpt":{"rendered":"<p>S\u0130TR\u0130K AS\u0130T MONOH\u0130DRAT Sitrik asit 1784 de \u0130sve\u00e7li Carl Wilhelm taraf\u0131ndan limon suyunun kristalle\u015ftirilmesi sonucu elde edildi. Sitrik asit meyvelerde<\/p>\n","protected":false},"featured_media":17970,"comment_status":"open","ping_status":"closed","template":"","meta":{"_joinchat":[]},"product_cat":[76],"product_tag":[],"class_list":{"0":"post-17966","1":"product","2":"type-product","3":"status-publish","4":"has-post-thumbnail","6":"product_cat-gida-ve-katki-kimyasallari","8":"first","9":"instock","10":"shipping-taxable","11":"purchasable","12":"product-type-variable"},"yoast_head":"<!-- This site is optimized with the Yoast SEO Premium plugin v20.2.1 (Yoast SEO v20.2.1) - https:\/\/yoast.com\/wordpress\/plugins\/seo\/ -->\n<title>S\u0130TR\u0130K AS\u0130T MONOH\u0130DRAT - Akerkimya<\/title>\n<meta name=\"robots\" content=\"index, follow, max-snippet:-1, max-image-preview:large, max-video-preview:-1\" \/>\n<link rel=\"canonical\" href=\"https:\/\/akerkimya.com\/eticaret\/urun\/sitrik-asit-monohidrat\/\" \/>\n<meta property=\"og:locale\" content=\"tr_TR\" \/>\n<meta property=\"og:type\" content=\"article\" \/>\n<meta property=\"og:title\" content=\"S\u0130TR\u0130K AS\u0130T MONOH\u0130DRAT\" \/>\n<meta property=\"og:description\" content=\"S\u0130TR\u0130K AS\u0130T MONOH\u0130DRAT Sitrik asit 1784 de \u0130sve\u00e7li Carl Wilhelm taraf\u0131ndan limon suyunun kristalle\u015ftirilmesi sonucu elde edildi. Sitrik asit meyvelerde\" \/>\n<meta property=\"og:url\" content=\"https:\/\/akerkimya.com\/eticaret\/urun\/sitrik-asit-monohidrat\/\" \/>\n<meta property=\"og:site_name\" content=\"Akerkimya\" \/>\n<meta property=\"article:modified_time\" content=\"2026-03-29T23:24:28+00:00\" \/>\n<meta property=\"og:image\" content=\"https:\/\/akerkimya.com\/eticaret\/wp-content\/uploads\/2025\/01\/SITRIK-ASIT-MONOHIDRAT-GUNCEL.png\" \/>\n\t<meta property=\"og:image:width\" content=\"1000\" \/>\n\t<meta property=\"og:image:height\" content=\"1000\" \/>\n\t<meta property=\"og:image:type\" content=\"image\/png\" \/>\n<meta name=\"twitter:card\" content=\"summary_large_image\" \/>\n<meta name=\"twitter:label1\" content=\"Tahmini okuma s\u00fcresi\" \/>\n\t<meta name=\"twitter:data1\" content=\"1 dakika\" \/>\n<script type=\"application\/ld+json\" class=\"yoast-schema-graph\">{\"@context\":\"https:\/\/schema.org\",\"@graph\":[{\"@type\":\"WebPage\",\"@id\":\"https:\/\/akerkimya.com\/eticaret\/urun\/sitrik-asit-monohidrat\/\",\"url\":\"https:\/\/akerkimya.com\/eticaret\/urun\/sitrik-asit-monohidrat\/\",\"name\":\"S\u0130TR\u0130K AS\u0130T MONOH\u0130DRAT - Akerkimya\",\"isPartOf\":{\"@id\":\"https:\/\/akerkimya.com\/eticaret\/#website\"},\"datePublished\":\"2025-01-07T12:00:56+00:00\",\"dateModified\":\"2026-03-29T23:24:28+00:00\",\"breadcrumb\":{\"@id\":\"https:\/\/akerkimya.com\/eticaret\/urun\/sitrik-asit-monohidrat\/#breadcrumb\"},\"inLanguage\":\"tr\",\"potentialAction\":[{\"@type\":\"ReadAction\",\"target\":[\"https:\/\/akerkimya.com\/eticaret\/urun\/sitrik-asit-monohidrat\/\"]}]},{\"@type\":\"BreadcrumbList\",\"@id\":\"https:\/\/akerkimya.com\/eticaret\/urun\/sitrik-asit-monohidrat\/#breadcrumb\",\"itemListElement\":[{\"@type\":\"ListItem\",\"position\":1,\"name\":\"Home\",\"item\":\"https:\/\/akerkimya.com\/eticaret\/\"},{\"@type\":\"ListItem\",\"position\":2,\"name\":\"Market\",\"item\":\"https:\/\/akerkimya.com\/eticaret\/market\/\"},{\"@type\":\"ListItem\",\"position\":3,\"name\":\"S\u0130TR\u0130K AS\u0130T MONOH\u0130DRAT\"}]},{\"@type\":\"WebSite\",\"@id\":\"https:\/\/akerkimya.com\/eticaret\/#website\",\"url\":\"https:\/\/akerkimya.com\/eticaret\/\",\"name\":\"Akerkimya\",\"description\":\"\",\"potentialAction\":[{\"@type\":\"SearchAction\",\"target\":{\"@type\":\"EntryPoint\",\"urlTemplate\":\"https:\/\/akerkimya.com\/eticaret\/?s={search_term_string}\"},\"query-input\":\"required name=search_term_string\"}],\"inLanguage\":\"tr\"}]}<\/script>\n<!-- \/ Yoast SEO Premium plugin. -->","yoast_head_json":{"title":"S\u0130TR\u0130K AS\u0130T MONOH\u0130DRAT - Akerkimya","robots":{"index":"index","follow":"follow","max-snippet":"max-snippet:-1","max-image-preview":"max-image-preview:large","max-video-preview":"max-video-preview:-1"},"canonical":"https:\/\/akerkimya.com\/eticaret\/urun\/sitrik-asit-monohidrat\/","og_locale":"tr_TR","og_type":"article","og_title":"S\u0130TR\u0130K AS\u0130T MONOH\u0130DRAT","og_description":"S\u0130TR\u0130K AS\u0130T MONOH\u0130DRAT Sitrik asit 1784 de \u0130sve\u00e7li Carl Wilhelm taraf\u0131ndan limon suyunun kristalle\u015ftirilmesi sonucu elde edildi. Sitrik asit meyvelerde","og_url":"https:\/\/akerkimya.com\/eticaret\/urun\/sitrik-asit-monohidrat\/","og_site_name":"Akerkimya","article_modified_time":"2026-03-29T23:24:28+00:00","og_image":[{"width":1000,"height":1000,"url":"https:\/\/akerkimya.com\/eticaret\/wp-content\/uploads\/2025\/01\/SITRIK-ASIT-MONOHIDRAT-GUNCEL.png","type":"image\/png"}],"twitter_card":"summary_large_image","twitter_misc":{"Tahmini okuma s\u00fcresi":"1 dakika"},"schema":{"@context":"https:\/\/schema.org","@graph":[{"@type":"WebPage","@id":"https:\/\/akerkimya.com\/eticaret\/urun\/sitrik-asit-monohidrat\/","url":"https:\/\/akerkimya.com\/eticaret\/urun\/sitrik-asit-monohidrat\/","name":"S\u0130TR\u0130K AS\u0130T MONOH\u0130DRAT - Akerkimya","isPartOf":{"@id":"https:\/\/akerkimya.com\/eticaret\/#website"},"datePublished":"2025-01-07T12:00:56+00:00","dateModified":"2026-03-29T23:24:28+00:00","breadcrumb":{"@id":"https:\/\/akerkimya.com\/eticaret\/urun\/sitrik-asit-monohidrat\/#breadcrumb"},"inLanguage":"tr","potentialAction":[{"@type":"ReadAction","target":["https:\/\/akerkimya.com\/eticaret\/urun\/sitrik-asit-monohidrat\/"]}]},{"@type":"BreadcrumbList","@id":"https:\/\/akerkimya.com\/eticaret\/urun\/sitrik-asit-monohidrat\/#breadcrumb","itemListElement":[{"@type":"ListItem","position":1,"name":"Home","item":"https:\/\/akerkimya.com\/eticaret\/"},{"@type":"ListItem","position":2,"name":"Market","item":"https:\/\/akerkimya.com\/eticaret\/market\/"},{"@type":"ListItem","position":3,"name":"S\u0130TR\u0130K AS\u0130T MONOH\u0130DRAT"}]},{"@type":"WebSite","@id":"https:\/\/akerkimya.com\/eticaret\/#website","url":"https:\/\/akerkimya.com\/eticaret\/","name":"Akerkimya","description":"","potentialAction":[{"@type":"SearchAction","target":{"@type":"EntryPoint","urlTemplate":"https:\/\/akerkimya.com\/eticaret\/?s={search_term_string}"},"query-input":"required name=search_term_string"}],"inLanguage":"tr"}]}},"_links":{"self":[{"href":"https:\/\/akerkimya.com\/eticaret\/wp-json\/wp\/v2\/product\/17966","targetHints":{"allow":["GET"]}}],"collection":[{"href":"https:\/\/akerkimya.com\/eticaret\/wp-json\/wp\/v2\/product"}],"about":[{"href":"https:\/\/akerkimya.com\/eticaret\/wp-json\/wp\/v2\/types\/product"}],"replies":[{"embeddable":true,"href":"https:\/\/akerkimya.com\/eticaret\/wp-json\/wp\/v2\/comments?post=17966"}],"version-history":[{"count":1,"href":"https:\/\/akerkimya.com\/eticaret\/wp-json\/wp\/v2\/product\/17966\/revisions"}],"predecessor-version":[{"id":17971,"href":"https:\/\/akerkimya.com\/eticaret\/wp-json\/wp\/v2\/product\/17966\/revisions\/17971"}],"wp:featuredmedia":[{"embeddable":true,"href":"https:\/\/akerkimya.com\/eticaret\/wp-json\/wp\/v2\/media\/17970"}],"wp:attachment":[{"href":"https:\/\/akerkimya.com\/eticaret\/wp-json\/wp\/v2\/media?parent=17966"}],"wp:term":[{"taxonomy":"product_cat","embeddable":true,"href":"https:\/\/akerkimya.com\/eticaret\/wp-json\/wp\/v2\/product_cat?post=17966"},{"taxonomy":"product_tag","embeddable":true,"href":"https:\/\/akerkimya.com\/eticaret\/wp-json\/wp\/v2\/product_tag?post=17966"}],"curies":[{"name":"wp","href":"https:\/\/api.w.org\/{rel}","templated":true}]}}