{"id":17984,"date":"2025-01-07T15:27:40","date_gmt":"2025-01-07T12:27:40","guid":{"rendered":"https:\/\/akerkimya.com\/eticaret\/?post_type=product&#038;p=17984"},"modified":"2026-03-30T02:24:28","modified_gmt":"2026-03-29T23:24:28","slug":"soya-lesitin","status":"publish","type":"product","link":"https:\/\/akerkimya.com\/eticaret\/urun\/soya-lesitin\/","title":{"rendered":"SOYA LES\u0130T\u0130N"},"content":{"rendered":"<h1>SOYA LES\u0130T\u0130N <\/h1>\n<p><strong>Soya lesitini, soya ya\u011f\u0131n\u0131n rafinasyonu esnas\u0131nda elde edilebilen \u00e7ok de\u011ferli bir yan \u00fcr\u00fcnd\u00fcr. G\u0131da s\u0131n\u0131f, yem s\u0131n\u0131f, t\u0131bbi s\u0131n\u0131f ve end\u00fcstriyel s\u0131n\u0131f olmak \u00fczere d\u00f6rt s\u0131n\u0131fa ayr\u0131lmaktad\u0131r. G\u0131da end\u00fcstrisinde yayg\u0131n olarak kullan\u0131lan g\u0131da katk\u0131 maddelerindendir. G\u0131dadaki kullan\u0131m\u0131n\u0131n yan\u0131 s\u0131ra, yem, ila\u00e7 end\u00fcstrisinde de kullan\u0131labilen \u00f6nemli bir em\u00fclgat\u00f6rd\u00fcr. <\/strong><\/p>\n<p><strong>\u00a0<\/strong><\/p>\n<p><strong>SOYA LES\u0130T\u0130N \u00d6ZELL\u0130KLER\u0130<\/strong><\/p>\n<p><strong>Koyu kahverengi macun formunda k\u0131vaml\u0131 yap\u0131dad\u0131r.<\/strong><\/p>\n<p><strong>Soya ve ay\u00e7i\u00e7e\u011fi fosfatidil kolin, fosfatidil inositol, fosfatidil etanolamin, fosfatidilserin ve fosfatidik asittir.<\/strong><\/p>\n<p><strong>Su ve asetonda \u00e7\u00f6z\u00fcnmeyen, alkol, kloroform, benzen ve eterde \u00e7\u00f6z\u00fcnen, kendine has tat ve kokudad\u0131r. <\/strong><\/p>\n<p><strong>\u00a0<\/strong><\/p>\n<p><strong>TEKN\u0130K \u00d6ZELL\u0130KLER\u0130<\/strong><\/p>\n<p><strong>CAS NUMARASI: 8002-43-5<\/strong><\/p>\n<p><strong>K\u0130MYASAL FORM\u00dcL\u00dc: C42H80NO8P<\/strong><\/p>\n<p><strong>K\u0130MYASAL \u0130SM\u0130: SOYA LES\u0130T\u0130N<\/strong><\/p>\n<p><strong>MOLEK\u00dcLER A\u011eIRLI\u011eI: 758.1 g\/mol<\/strong><\/p>\n<p><strong>GIDA E KODU: E322<\/strong><\/p>\n<p><strong>\u00a0<\/strong><\/p>\n<p><strong>KULLANIM ALANLARI<\/strong><\/p>\n<p><strong>G\u0131da sekt\u00f6r\u00fcnde ve \u00e7ikolata \u00fcretiminde \u00f6nemli bir hammaddedir. Genellikle g\u0131da da em\u00fclgat\u00f6r olarak kullan\u0131l\u0131r.<\/strong><\/p>\n<p><strong>\u0130la\u00e7 ve margarin \u00fcretimlerinde \u0131slat\u0131c\u0131 ve da\u011f\u0131t\u0131c\u0131 ajan olarak kullan\u0131l\u0131r. <\/strong><\/p>\n<p><strong>Tar\u0131m alan\u0131nda insektisit, fungusit, herbisit veya akarisit ila\u00e7lar \u00fcretilirken, hem \u0131slat\u0131c\u0131 hem da\u011f\u0131t\u0131c\u0131 hem de em\u00fclgat\u00f6r olarak kullan\u0131l\u0131r.<\/strong><\/p>\n<p><strong>\u0130la\u00e7 end\u00fcstrisinde \u0131slatma maddesi, stabilize edici ajan ve kolin zenginle\u015ftirme ta\u015f\u0131y\u0131c\u0131s\u0131 gibi davran\u0131r, em\u00fclsiyonla\u015fmalara ve kaps\u00fcllemeye yard\u0131mc\u0131 olur ve iyi bir da\u011f\u0131t\u0131c\u0131 ajan olu\u015fturur. \u0130ntraven\u00f6z ya\u011f inf\u00fczyonlar\u0131n\u0131n imalat\u0131nda ve terap\u00f6tik kullan\u0131m i\u00e7in kullan\u0131labilir.<\/strong><\/p>\n<p><strong>Hayvan yemlerinde ya\u011f ve protein zenginle\u015ftirmek i\u00e7in kullan\u0131l\u0131r.<\/strong><\/p>\n<p><strong>Boya end\u00fcstrisinde boyama ve m\u00fcrekkep bask\u0131lar\u0131 i\u00e7in koruyucu kaplamalar olu\u015fturur, antioksidan \u00f6zelliklere sahiptir.<\/strong><\/p>\n<p><strong>\u0130la\u00e7 yap\u0131m\u0131nda \u00e7e\u015fitli maddelerin birbirine kar\u0131\u015f\u0131m\u0131n\u0131 sa\u011flamakta kullan\u0131ld\u0131\u011f\u0131 gibi tabletlerin etraf\u0131ndaki koruyucu tabakay\u0131 olu\u015fturmak i\u00e7in de kullan\u0131l\u0131r.<\/strong><\/p>\n<p><strong>\u00dcr\u00fcnlerin raf \u00f6mr\u00fcn\u00fc uzatmada kullan\u0131l\u0131r.<\/strong><\/p>\n<p><strong>\u015eekerleme sekt\u00f6r\u00fcnde viskoziteyi d\u00fc\u015f\u00fcrmede kullan\u0131l\u0131r.<\/strong><\/p>\n<p><strong>Pastac\u0131l\u0131kta hamurun da\u011f\u0131l\u0131m\u0131n\u0131 d\u00fczenler, fermantasyonunu dengeler, hacim kazand\u0131r\u0131r. Hamurun yap\u0131\u015fmas\u0131n\u0131 engeller.<\/strong><\/p>\n<p><strong>Benzinde k\u00f6p\u00fck \u00f6nleyici olarak kullan\u0131lmaktad\u0131r.<\/strong><\/p>\n<p><strong>\u00a0<\/strong><\/p>\n<p><strong>AMBALAJ <\/strong><\/p>\n<p><strong>1-5-30 kg bidonlar ve 200 kilo variller halinde <\/strong><\/p>\n<p><strong>\u00a0<\/strong><\/p>\n<p><strong>DEPOLAMA<\/strong><\/p>\n<p><strong>Kuru ve serin bir ortamda muhafaza edilmelidir.<\/strong><\/p>\n<p><strong>\u00a0<\/strong><\/p>\n","protected":false},"excerpt":{"rendered":"<p>SOYA LES\u0130T\u0130N Soya lesitini, soya ya\u011f\u0131n\u0131n rafinasyonu esnas\u0131nda elde edilebilen \u00e7ok de\u011ferli bir yan \u00fcr\u00fcnd\u00fcr. G\u0131da s\u0131n\u0131f, yem s\u0131n\u0131f, t\u0131bbi<\/p>\n","protected":false},"featured_media":17985,"comment_status":"open","ping_status":"closed","template":"","meta":{"_joinchat":[]},"product_cat":[76,79,80,81],"product_tag":[],"class_list":{"0":"post-17984","1":"product","2":"type-product","3":"status-publish","4":"has-post-thumbnail","6":"product_cat-gida-ve-katki-kimyasallari","7":"product_cat-tarim-kimyasallari","8":"product_cat-veteriner-ve-ilac-kimyasallari","9":"product_cat-yem-katki-kimyasallari","11":"first","12":"instock","13":"shipping-taxable","14":"purchasable","15":"product-type-variable"},"yoast_head":"<!-- This site is optimized with the Yoast SEO Premium plugin v20.2.1 (Yoast SEO v20.2.1) - https:\/\/yoast.com\/wordpress\/plugins\/seo\/ -->\n<title>SOYA LES\u0130T\u0130N - Akerkimya<\/title>\n<meta name=\"robots\" content=\"index, follow, max-snippet:-1, max-image-preview:large, max-video-preview:-1\" \/>\n<link rel=\"canonical\" href=\"https:\/\/akerkimya.com\/eticaret\/urun\/soya-lesitin\/\" \/>\n<meta property=\"og:locale\" content=\"tr_TR\" \/>\n<meta property=\"og:type\" content=\"article\" \/>\n<meta property=\"og:title\" content=\"SOYA LES\u0130T\u0130N\" \/>\n<meta property=\"og:description\" content=\"SOYA LES\u0130T\u0130N Soya lesitini, soya ya\u011f\u0131n\u0131n rafinasyonu esnas\u0131nda elde edilebilen \u00e7ok de\u011ferli bir yan \u00fcr\u00fcnd\u00fcr. G\u0131da s\u0131n\u0131f, yem s\u0131n\u0131f, t\u0131bbi\" \/>\n<meta property=\"og:url\" content=\"https:\/\/akerkimya.com\/eticaret\/urun\/soya-lesitin\/\" \/>\n<meta property=\"og:site_name\" content=\"Akerkimya\" \/>\n<meta property=\"article:modified_time\" content=\"2026-03-29T23:24:28+00:00\" \/>\n<meta property=\"og:image\" content=\"https:\/\/akerkimya.com\/eticaret\/wp-content\/uploads\/2025\/01\/SOYA-LESITIN-GUNCEL.png\" \/>\n\t<meta property=\"og:image:width\" content=\"1000\" \/>\n\t<meta property=\"og:image:height\" content=\"1000\" \/>\n\t<meta property=\"og:image:type\" content=\"image\/png\" \/>\n<meta name=\"twitter:card\" content=\"summary_large_image\" \/>\n<meta name=\"twitter:label1\" content=\"Tahmini okuma s\u00fcresi\" \/>\n\t<meta name=\"twitter:data1\" content=\"2 dakika\" \/>\n<script type=\"application\/ld+json\" class=\"yoast-schema-graph\">{\"@context\":\"https:\/\/schema.org\",\"@graph\":[{\"@type\":\"WebPage\",\"@id\":\"https:\/\/akerkimya.com\/eticaret\/urun\/soya-lesitin\/\",\"url\":\"https:\/\/akerkimya.com\/eticaret\/urun\/soya-lesitin\/\",\"name\":\"SOYA LES\u0130T\u0130N - Akerkimya\",\"isPartOf\":{\"@id\":\"https:\/\/akerkimya.com\/eticaret\/#website\"},\"datePublished\":\"2025-01-07T12:27:40+00:00\",\"dateModified\":\"2026-03-29T23:24:28+00:00\",\"breadcrumb\":{\"@id\":\"https:\/\/akerkimya.com\/eticaret\/urun\/soya-lesitin\/#breadcrumb\"},\"inLanguage\":\"tr\",\"potentialAction\":[{\"@type\":\"ReadAction\",\"target\":[\"https:\/\/akerkimya.com\/eticaret\/urun\/soya-lesitin\/\"]}]},{\"@type\":\"BreadcrumbList\",\"@id\":\"https:\/\/akerkimya.com\/eticaret\/urun\/soya-lesitin\/#breadcrumb\",\"itemListElement\":[{\"@type\":\"ListItem\",\"position\":1,\"name\":\"Home\",\"item\":\"https:\/\/akerkimya.com\/eticaret\/\"},{\"@type\":\"ListItem\",\"position\":2,\"name\":\"Market\",\"item\":\"https:\/\/akerkimya.com\/eticaret\/market\/\"},{\"@type\":\"ListItem\",\"position\":3,\"name\":\"SOYA LES\u0130T\u0130N\"}]},{\"@type\":\"WebSite\",\"@id\":\"https:\/\/akerkimya.com\/eticaret\/#website\",\"url\":\"https:\/\/akerkimya.com\/eticaret\/\",\"name\":\"Akerkimya\",\"description\":\"\",\"potentialAction\":[{\"@type\":\"SearchAction\",\"target\":{\"@type\":\"EntryPoint\",\"urlTemplate\":\"https:\/\/akerkimya.com\/eticaret\/?s={search_term_string}\"},\"query-input\":\"required name=search_term_string\"}],\"inLanguage\":\"tr\"}]}<\/script>\n<!-- \/ Yoast SEO Premium plugin. -->","yoast_head_json":{"title":"SOYA LES\u0130T\u0130N - Akerkimya","robots":{"index":"index","follow":"follow","max-snippet":"max-snippet:-1","max-image-preview":"max-image-preview:large","max-video-preview":"max-video-preview:-1"},"canonical":"https:\/\/akerkimya.com\/eticaret\/urun\/soya-lesitin\/","og_locale":"tr_TR","og_type":"article","og_title":"SOYA LES\u0130T\u0130N","og_description":"SOYA LES\u0130T\u0130N Soya lesitini, soya ya\u011f\u0131n\u0131n rafinasyonu esnas\u0131nda elde edilebilen \u00e7ok de\u011ferli bir yan \u00fcr\u00fcnd\u00fcr. G\u0131da s\u0131n\u0131f, yem s\u0131n\u0131f, t\u0131bbi","og_url":"https:\/\/akerkimya.com\/eticaret\/urun\/soya-lesitin\/","og_site_name":"Akerkimya","article_modified_time":"2026-03-29T23:24:28+00:00","og_image":[{"width":1000,"height":1000,"url":"https:\/\/akerkimya.com\/eticaret\/wp-content\/uploads\/2025\/01\/SOYA-LESITIN-GUNCEL.png","type":"image\/png"}],"twitter_card":"summary_large_image","twitter_misc":{"Tahmini okuma s\u00fcresi":"2 dakika"},"schema":{"@context":"https:\/\/schema.org","@graph":[{"@type":"WebPage","@id":"https:\/\/akerkimya.com\/eticaret\/urun\/soya-lesitin\/","url":"https:\/\/akerkimya.com\/eticaret\/urun\/soya-lesitin\/","name":"SOYA LES\u0130T\u0130N - Akerkimya","isPartOf":{"@id":"https:\/\/akerkimya.com\/eticaret\/#website"},"datePublished":"2025-01-07T12:27:40+00:00","dateModified":"2026-03-29T23:24:28+00:00","breadcrumb":{"@id":"https:\/\/akerkimya.com\/eticaret\/urun\/soya-lesitin\/#breadcrumb"},"inLanguage":"tr","potentialAction":[{"@type":"ReadAction","target":["https:\/\/akerkimya.com\/eticaret\/urun\/soya-lesitin\/"]}]},{"@type":"BreadcrumbList","@id":"https:\/\/akerkimya.com\/eticaret\/urun\/soya-lesitin\/#breadcrumb","itemListElement":[{"@type":"ListItem","position":1,"name":"Home","item":"https:\/\/akerkimya.com\/eticaret\/"},{"@type":"ListItem","position":2,"name":"Market","item":"https:\/\/akerkimya.com\/eticaret\/market\/"},{"@type":"ListItem","position":3,"name":"SOYA LES\u0130T\u0130N"}]},{"@type":"WebSite","@id":"https:\/\/akerkimya.com\/eticaret\/#website","url":"https:\/\/akerkimya.com\/eticaret\/","name":"Akerkimya","description":"","potentialAction":[{"@type":"SearchAction","target":{"@type":"EntryPoint","urlTemplate":"https:\/\/akerkimya.com\/eticaret\/?s={search_term_string}"},"query-input":"required name=search_term_string"}],"inLanguage":"tr"}]}},"_links":{"self":[{"href":"https:\/\/akerkimya.com\/eticaret\/wp-json\/wp\/v2\/product\/17984","targetHints":{"allow":["GET"]}}],"collection":[{"href":"https:\/\/akerkimya.com\/eticaret\/wp-json\/wp\/v2\/product"}],"about":[{"href":"https:\/\/akerkimya.com\/eticaret\/wp-json\/wp\/v2\/types\/product"}],"replies":[{"embeddable":true,"href":"https:\/\/akerkimya.com\/eticaret\/wp-json\/wp\/v2\/comments?post=17984"}],"version-history":[{"count":1,"href":"https:\/\/akerkimya.com\/eticaret\/wp-json\/wp\/v2\/product\/17984\/revisions"}],"predecessor-version":[{"id":17990,"href":"https:\/\/akerkimya.com\/eticaret\/wp-json\/wp\/v2\/product\/17984\/revisions\/17990"}],"wp:featuredmedia":[{"embeddable":true,"href":"https:\/\/akerkimya.com\/eticaret\/wp-json\/wp\/v2\/media\/17985"}],"wp:attachment":[{"href":"https:\/\/akerkimya.com\/eticaret\/wp-json\/wp\/v2\/media?parent=17984"}],"wp:term":[{"taxonomy":"product_cat","embeddable":true,"href":"https:\/\/akerkimya.com\/eticaret\/wp-json\/wp\/v2\/product_cat?post=17984"},{"taxonomy":"product_tag","embeddable":true,"href":"https:\/\/akerkimya.com\/eticaret\/wp-json\/wp\/v2\/product_tag?post=17984"}],"curies":[{"name":"wp","href":"https:\/\/api.w.org\/{rel}","templated":true}]}}