{"id":17991,"date":"2025-01-07T15:36:12","date_gmt":"2025-01-07T12:36:12","guid":{"rendered":"https:\/\/akerkimya.com\/eticaret\/?post_type=product&#038;p=17991"},"modified":"2026-03-30T02:24:28","modified_gmt":"2026-03-29T23:24:28","slug":"trimagnezyum-sitrat","status":"publish","type":"product","link":"https:\/\/akerkimya.com\/eticaret\/urun\/trimagnezyum-sitrat\/","title":{"rendered":"TR\u0130MAGNEZYUM S\u0130TRAT"},"content":{"rendered":"<h1>TR\u0130MAGNEZYUM S\u0130TRAT<\/h1>\n<p><strong>Trimagnezyum sitrat, C12H10Mg3O14 form\u00fcl\u00fcne sahip v\u00fccutta bulunan en yayg\u0131n mineral olarak bilinmektedir. Sitrik asit ve magnezyum karbonattan \u00fcretilir. <\/strong><\/p>\n<p><strong>\u00a0<\/strong><\/p>\n<p><strong>TR\u0130MAGNEZYUM S\u0130TRAT \u00d6ZELL\u0130KLER\u0130<\/strong><\/p>\n<p><strong>Beyaz renkte toz formundad\u0131r.<\/strong><\/p>\n<p><strong>Ac\u0131 bir tada sahiptir.<\/strong><\/p>\n<p><strong>Suda az \u00e7\u00f6z\u00fcn\u00fcr. Etanolde pratik \u00e7\u00f6z\u00fclmez (%96) seyreltik asitte \u00e7\u00f6z\u00fcn\u00fcr.<\/strong><\/p>\n<p><strong>Nemden \u00e7abuk etkilenir.<\/strong><\/p>\n<p><strong>Toksik bir kimyasal de\u011fildir.<\/strong><\/p>\n<p><strong>\u00a0<\/strong><\/p>\n<p><strong>TEKN\u0130K \u00d6ZELL\u0130KLER\u0130<\/strong><\/p>\n<p><strong>CAS NUMARASI: 3344-18-1 <\/strong><\/p>\n<p><strong>EC NUMARASI: 222-093-9<\/strong><\/p>\n<p><strong>K\u0130MYASAL FORM\u00dcL\u00dc: C12H10Mg3O14<\/strong><\/p>\n<p><strong>K\u0130MYASAL \u0130SM\u0130: Trimagnezyum Sitrat, Magnezyum Sitrat <\/strong><\/p>\n<p><strong>MOLEK\u00dcLER A\u011eIRLIK: 451,11<\/strong><\/p>\n<p><strong>ER\u0130ME NOKTASI: 185 \u00b0C<\/strong><\/p>\n<p><strong>\u00a0<\/strong><\/p>\n<p><strong>KULLANIM ALANLARI <\/strong><\/p>\n<p><strong>En yayg\u0131n kullan\u0131m alan\u0131 t\u0131bbi kullan\u0131m\u0131 m\u00fcshildir. Ba\u011f\u0131rsak bo\u015falmas\u0131n\u0131 kolayla\u015ft\u0131rmak i\u00e7in kullan\u0131l\u0131r.,<\/strong><\/p>\n<p><strong>Besinsel materyal kayna\u011f\u0131 olarak kullan\u0131l\u0131r.<\/strong><\/p>\n<p><strong>Tablet form\u00fcllerinde magnezyum kayna\u011f\u0131 olarak kullan\u0131lmaktad\u0131r.<\/strong><\/p>\n<p><strong>Nitrik oksit ve trombosit aktive edici fakt\u00f6r\u00fcn biyosentezinin uyar\u0131lmas\u0131nda \u00f6nemli etkilere sahiptir. <\/strong><\/p>\n<p><strong>\u0130\u00e7me s\u0131v\u0131lar\u0131nda ve s\u00fctl\u00fc i\u00e7eceklerde kullan\u0131l\u0131r.<\/strong><\/p>\n<p><strong>Kalsiyum takviyesi, ph d\u00fczenleyici ve hububat \u00fcr\u00fcnlerinde kullan\u0131l\u0131r.<\/strong><\/p>\n<p><strong>D\u00fc\u015f\u00fck hacme sahip ozmotik \u00f6zellikteki katartik ajand\u0131r. \u0130la\u00e7 uygulamalar\u0131nda kullan\u0131lan inaktif bir bile\u015fendir.<\/strong><\/p>\n<p><strong>\u00a0<\/strong><\/p>\n<p><strong>AMBALAJ <\/strong><\/p>\n<p><strong>1-5-20 kg ambalajlar halindedir.<\/strong><\/p>\n<p><strong>\u00a0<\/strong><\/p>\n<p><strong>DEPOLAMA <\/strong><\/p>\n<p><strong>Serin ve kuru bir alanda paket a\u011fz\u0131 a\u00e7\u0131k olmayacak \u015fekilde <\/strong><\/p>\n<p><strong>Muhafaza ediniz. <\/strong><\/p>\n<p><strong>\u00a0<\/strong><\/p>\n","protected":false},"excerpt":{"rendered":"<p>TR\u0130MAGNEZYUM S\u0130TRAT Trimagnezyum sitrat, C12H10Mg3O14 form\u00fcl\u00fcne sahip v\u00fccutta bulunan en yayg\u0131n mineral olarak bilinmektedir. Sitrik asit ve magnezyum karbonattan \u00fcretilir.<\/p>\n","protected":false},"featured_media":17992,"comment_status":"open","ping_status":"closed","template":"","meta":{"_joinchat":[]},"product_cat":[76,80],"product_tag":[],"class_list":{"0":"post-17991","1":"product","2":"type-product","3":"status-publish","4":"has-post-thumbnail","6":"product_cat-gida-ve-katki-kimyasallari","7":"product_cat-veteriner-ve-ilac-kimyasallari","9":"first","10":"instock","11":"shipping-taxable","12":"purchasable","13":"product-type-variable"},"yoast_head":"<!-- This site is optimized with the Yoast SEO Premium plugin v20.2.1 (Yoast SEO v20.2.1) - https:\/\/yoast.com\/wordpress\/plugins\/seo\/ -->\n<title>TR\u0130MAGNEZYUM S\u0130TRAT - Akerkimya<\/title>\n<meta name=\"robots\" content=\"index, follow, max-snippet:-1, max-image-preview:large, max-video-preview:-1\" \/>\n<link rel=\"canonical\" href=\"https:\/\/akerkimya.com\/eticaret\/urun\/trimagnezyum-sitrat\/\" \/>\n<meta property=\"og:locale\" content=\"tr_TR\" \/>\n<meta property=\"og:type\" content=\"article\" \/>\n<meta property=\"og:title\" content=\"TR\u0130MAGNEZYUM S\u0130TRAT\" \/>\n<meta property=\"og:description\" content=\"TR\u0130MAGNEZYUM S\u0130TRAT Trimagnezyum sitrat, C12H10Mg3O14 form\u00fcl\u00fcne sahip v\u00fccutta bulunan en yayg\u0131n mineral olarak bilinmektedir. Sitrik asit ve magnezyum karbonattan \u00fcretilir.\" \/>\n<meta property=\"og:url\" content=\"https:\/\/akerkimya.com\/eticaret\/urun\/trimagnezyum-sitrat\/\" \/>\n<meta property=\"og:site_name\" content=\"Akerkimya\" \/>\n<meta property=\"article:modified_time\" content=\"2026-03-29T23:24:28+00:00\" \/>\n<meta property=\"og:image\" content=\"https:\/\/akerkimya.com\/eticaret\/wp-content\/uploads\/2025\/01\/TRIMAGNEZYUM-SITRAT-GUNCEL.png\" \/>\n\t<meta property=\"og:image:width\" content=\"1000\" \/>\n\t<meta property=\"og:image:height\" content=\"1000\" \/>\n\t<meta property=\"og:image:type\" content=\"image\/png\" \/>\n<meta name=\"twitter:card\" content=\"summary_large_image\" \/>\n<meta name=\"twitter:label1\" content=\"Tahmini okuma s\u00fcresi\" \/>\n\t<meta name=\"twitter:data1\" content=\"1 dakika\" \/>\n<script type=\"application\/ld+json\" class=\"yoast-schema-graph\">{\"@context\":\"https:\/\/schema.org\",\"@graph\":[{\"@type\":\"WebPage\",\"@id\":\"https:\/\/akerkimya.com\/eticaret\/urun\/trimagnezyum-sitrat\/\",\"url\":\"https:\/\/akerkimya.com\/eticaret\/urun\/trimagnezyum-sitrat\/\",\"name\":\"TR\u0130MAGNEZYUM S\u0130TRAT - Akerkimya\",\"isPartOf\":{\"@id\":\"https:\/\/akerkimya.com\/eticaret\/#website\"},\"datePublished\":\"2025-01-07T12:36:12+00:00\",\"dateModified\":\"2026-03-29T23:24:28+00:00\",\"breadcrumb\":{\"@id\":\"https:\/\/akerkimya.com\/eticaret\/urun\/trimagnezyum-sitrat\/#breadcrumb\"},\"inLanguage\":\"tr\",\"potentialAction\":[{\"@type\":\"ReadAction\",\"target\":[\"https:\/\/akerkimya.com\/eticaret\/urun\/trimagnezyum-sitrat\/\"]}]},{\"@type\":\"BreadcrumbList\",\"@id\":\"https:\/\/akerkimya.com\/eticaret\/urun\/trimagnezyum-sitrat\/#breadcrumb\",\"itemListElement\":[{\"@type\":\"ListItem\",\"position\":1,\"name\":\"Home\",\"item\":\"https:\/\/akerkimya.com\/eticaret\/\"},{\"@type\":\"ListItem\",\"position\":2,\"name\":\"Market\",\"item\":\"https:\/\/akerkimya.com\/eticaret\/market\/\"},{\"@type\":\"ListItem\",\"position\":3,\"name\":\"TR\u0130MAGNEZYUM S\u0130TRAT\"}]},{\"@type\":\"WebSite\",\"@id\":\"https:\/\/akerkimya.com\/eticaret\/#website\",\"url\":\"https:\/\/akerkimya.com\/eticaret\/\",\"name\":\"Akerkimya\",\"description\":\"\",\"potentialAction\":[{\"@type\":\"SearchAction\",\"target\":{\"@type\":\"EntryPoint\",\"urlTemplate\":\"https:\/\/akerkimya.com\/eticaret\/?s={search_term_string}\"},\"query-input\":\"required name=search_term_string\"}],\"inLanguage\":\"tr\"}]}<\/script>\n<!-- \/ Yoast SEO Premium plugin. -->","yoast_head_json":{"title":"TR\u0130MAGNEZYUM S\u0130TRAT - Akerkimya","robots":{"index":"index","follow":"follow","max-snippet":"max-snippet:-1","max-image-preview":"max-image-preview:large","max-video-preview":"max-video-preview:-1"},"canonical":"https:\/\/akerkimya.com\/eticaret\/urun\/trimagnezyum-sitrat\/","og_locale":"tr_TR","og_type":"article","og_title":"TR\u0130MAGNEZYUM S\u0130TRAT","og_description":"TR\u0130MAGNEZYUM S\u0130TRAT Trimagnezyum sitrat, C12H10Mg3O14 form\u00fcl\u00fcne sahip v\u00fccutta bulunan en yayg\u0131n mineral olarak bilinmektedir. Sitrik asit ve magnezyum karbonattan \u00fcretilir.","og_url":"https:\/\/akerkimya.com\/eticaret\/urun\/trimagnezyum-sitrat\/","og_site_name":"Akerkimya","article_modified_time":"2026-03-29T23:24:28+00:00","og_image":[{"width":1000,"height":1000,"url":"https:\/\/akerkimya.com\/eticaret\/wp-content\/uploads\/2025\/01\/TRIMAGNEZYUM-SITRAT-GUNCEL.png","type":"image\/png"}],"twitter_card":"summary_large_image","twitter_misc":{"Tahmini okuma s\u00fcresi":"1 dakika"},"schema":{"@context":"https:\/\/schema.org","@graph":[{"@type":"WebPage","@id":"https:\/\/akerkimya.com\/eticaret\/urun\/trimagnezyum-sitrat\/","url":"https:\/\/akerkimya.com\/eticaret\/urun\/trimagnezyum-sitrat\/","name":"TR\u0130MAGNEZYUM S\u0130TRAT - Akerkimya","isPartOf":{"@id":"https:\/\/akerkimya.com\/eticaret\/#website"},"datePublished":"2025-01-07T12:36:12+00:00","dateModified":"2026-03-29T23:24:28+00:00","breadcrumb":{"@id":"https:\/\/akerkimya.com\/eticaret\/urun\/trimagnezyum-sitrat\/#breadcrumb"},"inLanguage":"tr","potentialAction":[{"@type":"ReadAction","target":["https:\/\/akerkimya.com\/eticaret\/urun\/trimagnezyum-sitrat\/"]}]},{"@type":"BreadcrumbList","@id":"https:\/\/akerkimya.com\/eticaret\/urun\/trimagnezyum-sitrat\/#breadcrumb","itemListElement":[{"@type":"ListItem","position":1,"name":"Home","item":"https:\/\/akerkimya.com\/eticaret\/"},{"@type":"ListItem","position":2,"name":"Market","item":"https:\/\/akerkimya.com\/eticaret\/market\/"},{"@type":"ListItem","position":3,"name":"TR\u0130MAGNEZYUM S\u0130TRAT"}]},{"@type":"WebSite","@id":"https:\/\/akerkimya.com\/eticaret\/#website","url":"https:\/\/akerkimya.com\/eticaret\/","name":"Akerkimya","description":"","potentialAction":[{"@type":"SearchAction","target":{"@type":"EntryPoint","urlTemplate":"https:\/\/akerkimya.com\/eticaret\/?s={search_term_string}"},"query-input":"required name=search_term_string"}],"inLanguage":"tr"}]}},"_links":{"self":[{"href":"https:\/\/akerkimya.com\/eticaret\/wp-json\/wp\/v2\/product\/17991","targetHints":{"allow":["GET"]}}],"collection":[{"href":"https:\/\/akerkimya.com\/eticaret\/wp-json\/wp\/v2\/product"}],"about":[{"href":"https:\/\/akerkimya.com\/eticaret\/wp-json\/wp\/v2\/types\/product"}],"replies":[{"embeddable":true,"href":"https:\/\/akerkimya.com\/eticaret\/wp-json\/wp\/v2\/comments?post=17991"}],"version-history":[{"count":1,"href":"https:\/\/akerkimya.com\/eticaret\/wp-json\/wp\/v2\/product\/17991\/revisions"}],"predecessor-version":[{"id":17996,"href":"https:\/\/akerkimya.com\/eticaret\/wp-json\/wp\/v2\/product\/17991\/revisions\/17996"}],"wp:featuredmedia":[{"embeddable":true,"href":"https:\/\/akerkimya.com\/eticaret\/wp-json\/wp\/v2\/media\/17992"}],"wp:attachment":[{"href":"https:\/\/akerkimya.com\/eticaret\/wp-json\/wp\/v2\/media?parent=17991"}],"wp:term":[{"taxonomy":"product_cat","embeddable":true,"href":"https:\/\/akerkimya.com\/eticaret\/wp-json\/wp\/v2\/product_cat?post=17991"},{"taxonomy":"product_tag","embeddable":true,"href":"https:\/\/akerkimya.com\/eticaret\/wp-json\/wp\/v2\/product_tag?post=17991"}],"curies":[{"name":"wp","href":"https:\/\/api.w.org\/{rel}","templated":true}]}}