{"id":17997,"date":"2025-01-07T15:49:02","date_gmt":"2025-01-07T12:49:02","guid":{"rendered":"https:\/\/akerkimya.com\/eticaret\/?post_type=product&#038;p=17997"},"modified":"2026-03-30T02:23:26","modified_gmt":"2026-03-29T23:23:26","slug":"vitamin-b1-tiamin-hcl","status":"publish","type":"product","link":"https:\/\/akerkimya.com\/eticaret\/urun\/vitamin-b1-tiamin-hcl\/","title":{"rendered":"Vitamin B1 (Tiamin HCL)"},"content":{"rendered":"<h1>Vitamin B1 (Tiamin HCL)<\/h1>\n<p><strong>Tiamin HCL, bir katyon ve bir anyondan olu\u015fan tuzdur. Suda \u00e7\u00f6z\u00fcnebilen B kompleks vitaminlerinden birisidir. B1 vitaminin besin kaynaklar\u0131 tah\u0131llar, et \u00fcr\u00fcnleri, sebzeler, s\u00fct, baklagiller ve meyvelerdir. Tiamin HCL, antioksidan ve eritropetik \u00f6zelliklere sahip bir vitamindir.<\/strong><\/p>\n<p><strong>\u00a0<\/strong><\/p>\n<h3><strong>\u00d6zellikler ve Avantajlar\u0131<\/strong><\/h3>\n<p><strong>Kristaller halinde bulunur ve hafif bir kokuya sahiptir.<\/strong><\/p>\n<p><strong>Suda \u00e7\u00f6z\u00fcn\u00fcr ve berrak, renksiz bir \u00e7\u00f6zelti olu\u015fturur.<\/strong><\/p>\n<p><strong>Alkol ve benzende \u00e7\u00f6z\u00fclmez.<\/strong><\/p>\n<p><strong>Higroskopik bir kimyasald\u0131r.<\/strong><\/p>\n<p><strong>Tiamin monohidrata g\u00f6re daha az istikrarl\u0131d\u0131r.<\/strong><\/p>\n<p><strong>Is\u0131t\u0131ld\u0131\u011f\u0131nda, nitrik asit, k\u00fck\u00fcrt oksit vb. toksik gazlar yayar.<\/strong><\/p>\n<p><em><strong>\u00a0<\/strong><\/em><\/p>\n<h3><strong>Teknik \u00d6zellikleri<\/strong><\/h3>\n<p><strong>CAS NUMARASI: 67-03-8<\/strong><\/p>\n<p><strong>EC NUMARASI: 200-641-8<\/strong><\/p>\n<p><strong>MOLEK\u00dcLER FORM\u00dcL: C12H17CIN40S.HCL<\/strong><\/p>\n<p><strong>K\u0130MYASAL \u0130SM\u0130: Vitamin B1, Tiamin HCL, 3-[(4-Amino-2-metilpirimidin-5-il)] metil], Anorin hidroklor\u00fcr<\/strong><\/p>\n<p><strong>MOLAR K\u00dcTLE: 337.263 g\/mol<\/strong><\/p>\n<p><strong>ER\u0130ME NOKTASI: 250 \u00b0C<\/strong><\/p>\n<p><em><strong>\u00a0<\/strong><\/em><\/p>\n<h3><strong>Kullan\u0131m Alanlar\u0131<\/strong><\/h3>\n<p><strong>Kalp hasar\u0131 gibi \u00e7e\u015fitli sa\u011fl\u0131k sorunlar\u0131n\u0131n \u00f6nlenmesinde kullan\u0131l\u0131r.<\/strong><\/p>\n<p><strong>Yetersiz beslenme veya ba\u011f\u0131rsak emilim bozuklu\u011fu sonucu olu\u015fabilecek tiamin eksikli\u011fi durumlar\u0131n\u0131 \u00f6nlemek ve tedavi etmek i\u00e7in kullan\u0131l\u0131r.<\/strong><\/p>\n<p><strong>G\u0131da sekt\u00f6r\u00fcnde, aroma verici ve g\u0131da takviyesi olarak kullan\u0131l\u0131r.<\/strong><\/p>\n<p><strong>\u0130la\u00e7 sekt\u00f6r\u00fcnde ve besin takviyesi olarak kullan\u0131l\u0131r.<\/strong><\/p>\n<p><strong>Normal b\u00fcy\u00fcme ve geli\u015fme i\u00e7in gerekli bir vitamindir.<\/strong><\/p>\n<p><strong>Sinir h\u00fccresi hastal\u0131klar\u0131n\u0131n tedavisinde kullan\u0131l\u0131r.<\/strong><\/p>\n<p><strong>Kanser yaralar\u0131, katarakt, glokom gibi hastal\u0131klar\u0131n tedavisinde kullan\u0131l\u0131r.<\/strong><\/p>\n<p><strong>\u00a0<\/strong><\/p>\n<p><strong>AMBALAJ<\/strong><\/p>\n<p><strong>50-100-250-500 gr paketler ve 1-5-25 kg torbalar halinde<\/strong><\/p>\n<p><strong>\u00a0<\/strong><\/p>\n<p><strong>DEPOLAMA<\/strong><\/p>\n<p><strong>Serin ve kuru bir alanda muhafaza ediniz.<\/strong><\/p>\n<p><em><strong>\u00a0<\/strong><\/em><\/p>\n","protected":false},"excerpt":{"rendered":"<p>Vitamin B1 (Tiamin HCL) Tiamin HCL, bir katyon ve bir anyondan olu\u015fan tuzdur. Suda \u00e7\u00f6z\u00fcnebilen B kompleks vitaminlerinden birisidir. B1<\/p>\n","protected":false},"featured_media":17998,"comment_status":"open","ping_status":"closed","template":"","meta":{"_joinchat":[]},"product_cat":[76,80],"product_tag":[],"class_list":{"0":"post-17997","1":"product","2":"type-product","3":"status-publish","4":"has-post-thumbnail","6":"product_cat-gida-ve-katki-kimyasallari","7":"product_cat-veteriner-ve-ilac-kimyasallari","9":"first","10":"instock","11":"shipping-taxable","12":"purchasable","13":"product-type-variable"},"yoast_head":"<!-- This site is optimized with the Yoast SEO Premium plugin v20.2.1 (Yoast SEO v20.2.1) - https:\/\/yoast.com\/wordpress\/plugins\/seo\/ -->\n<title>Vitamin B1 (Tiamin HCL) - Akerkimya<\/title>\n<meta name=\"robots\" content=\"index, follow, max-snippet:-1, max-image-preview:large, max-video-preview:-1\" \/>\n<link rel=\"canonical\" href=\"https:\/\/akerkimya.com\/eticaret\/urun\/vitamin-b1-tiamin-hcl\/\" \/>\n<meta property=\"og:locale\" content=\"tr_TR\" \/>\n<meta property=\"og:type\" content=\"article\" \/>\n<meta property=\"og:title\" content=\"Vitamin B1 (Tiamin HCL)\" \/>\n<meta property=\"og:description\" content=\"Vitamin B1 (Tiamin HCL) Tiamin HCL, bir katyon ve bir anyondan olu\u015fan tuzdur. Suda \u00e7\u00f6z\u00fcnebilen B kompleks vitaminlerinden birisidir. B1\" \/>\n<meta property=\"og:url\" content=\"https:\/\/akerkimya.com\/eticaret\/urun\/vitamin-b1-tiamin-hcl\/\" \/>\n<meta property=\"og:site_name\" content=\"Akerkimya\" \/>\n<meta property=\"article:modified_time\" content=\"2026-03-29T23:23:26+00:00\" \/>\n<meta property=\"og:image\" content=\"https:\/\/akerkimya.com\/eticaret\/wp-content\/uploads\/2025\/01\/Vitamin-B1-Tiamin-HCL-GUNCEL.png\" \/>\n\t<meta property=\"og:image:width\" content=\"1000\" \/>\n\t<meta property=\"og:image:height\" content=\"1000\" \/>\n\t<meta property=\"og:image:type\" content=\"image\/png\" \/>\n<meta name=\"twitter:card\" content=\"summary_large_image\" \/>\n<meta name=\"twitter:label1\" content=\"Tahmini okuma s\u00fcresi\" \/>\n\t<meta name=\"twitter:data1\" content=\"1 dakika\" \/>\n<script type=\"application\/ld+json\" class=\"yoast-schema-graph\">{\"@context\":\"https:\/\/schema.org\",\"@graph\":[{\"@type\":\"WebPage\",\"@id\":\"https:\/\/akerkimya.com\/eticaret\/urun\/vitamin-b1-tiamin-hcl\/\",\"url\":\"https:\/\/akerkimya.com\/eticaret\/urun\/vitamin-b1-tiamin-hcl\/\",\"name\":\"Vitamin B1 (Tiamin HCL) - Akerkimya\",\"isPartOf\":{\"@id\":\"https:\/\/akerkimya.com\/eticaret\/#website\"},\"datePublished\":\"2025-01-07T12:49:02+00:00\",\"dateModified\":\"2026-03-29T23:23:26+00:00\",\"breadcrumb\":{\"@id\":\"https:\/\/akerkimya.com\/eticaret\/urun\/vitamin-b1-tiamin-hcl\/#breadcrumb\"},\"inLanguage\":\"tr\",\"potentialAction\":[{\"@type\":\"ReadAction\",\"target\":[\"https:\/\/akerkimya.com\/eticaret\/urun\/vitamin-b1-tiamin-hcl\/\"]}]},{\"@type\":\"BreadcrumbList\",\"@id\":\"https:\/\/akerkimya.com\/eticaret\/urun\/vitamin-b1-tiamin-hcl\/#breadcrumb\",\"itemListElement\":[{\"@type\":\"ListItem\",\"position\":1,\"name\":\"Home\",\"item\":\"https:\/\/akerkimya.com\/eticaret\/\"},{\"@type\":\"ListItem\",\"position\":2,\"name\":\"Market\",\"item\":\"https:\/\/akerkimya.com\/eticaret\/market\/\"},{\"@type\":\"ListItem\",\"position\":3,\"name\":\"Vitamin B1 (Tiamin HCL)\"}]},{\"@type\":\"WebSite\",\"@id\":\"https:\/\/akerkimya.com\/eticaret\/#website\",\"url\":\"https:\/\/akerkimya.com\/eticaret\/\",\"name\":\"Akerkimya\",\"description\":\"\",\"potentialAction\":[{\"@type\":\"SearchAction\",\"target\":{\"@type\":\"EntryPoint\",\"urlTemplate\":\"https:\/\/akerkimya.com\/eticaret\/?s={search_term_string}\"},\"query-input\":\"required name=search_term_string\"}],\"inLanguage\":\"tr\"}]}<\/script>\n<!-- \/ Yoast SEO Premium plugin. -->","yoast_head_json":{"title":"Vitamin B1 (Tiamin HCL) - Akerkimya","robots":{"index":"index","follow":"follow","max-snippet":"max-snippet:-1","max-image-preview":"max-image-preview:large","max-video-preview":"max-video-preview:-1"},"canonical":"https:\/\/akerkimya.com\/eticaret\/urun\/vitamin-b1-tiamin-hcl\/","og_locale":"tr_TR","og_type":"article","og_title":"Vitamin B1 (Tiamin HCL)","og_description":"Vitamin B1 (Tiamin HCL) Tiamin HCL, bir katyon ve bir anyondan olu\u015fan tuzdur. Suda \u00e7\u00f6z\u00fcnebilen B kompleks vitaminlerinden birisidir. B1","og_url":"https:\/\/akerkimya.com\/eticaret\/urun\/vitamin-b1-tiamin-hcl\/","og_site_name":"Akerkimya","article_modified_time":"2026-03-29T23:23:26+00:00","og_image":[{"width":1000,"height":1000,"url":"https:\/\/akerkimya.com\/eticaret\/wp-content\/uploads\/2025\/01\/Vitamin-B1-Tiamin-HCL-GUNCEL.png","type":"image\/png"}],"twitter_card":"summary_large_image","twitter_misc":{"Tahmini okuma s\u00fcresi":"1 dakika"},"schema":{"@context":"https:\/\/schema.org","@graph":[{"@type":"WebPage","@id":"https:\/\/akerkimya.com\/eticaret\/urun\/vitamin-b1-tiamin-hcl\/","url":"https:\/\/akerkimya.com\/eticaret\/urun\/vitamin-b1-tiamin-hcl\/","name":"Vitamin B1 (Tiamin HCL) - Akerkimya","isPartOf":{"@id":"https:\/\/akerkimya.com\/eticaret\/#website"},"datePublished":"2025-01-07T12:49:02+00:00","dateModified":"2026-03-29T23:23:26+00:00","breadcrumb":{"@id":"https:\/\/akerkimya.com\/eticaret\/urun\/vitamin-b1-tiamin-hcl\/#breadcrumb"},"inLanguage":"tr","potentialAction":[{"@type":"ReadAction","target":["https:\/\/akerkimya.com\/eticaret\/urun\/vitamin-b1-tiamin-hcl\/"]}]},{"@type":"BreadcrumbList","@id":"https:\/\/akerkimya.com\/eticaret\/urun\/vitamin-b1-tiamin-hcl\/#breadcrumb","itemListElement":[{"@type":"ListItem","position":1,"name":"Home","item":"https:\/\/akerkimya.com\/eticaret\/"},{"@type":"ListItem","position":2,"name":"Market","item":"https:\/\/akerkimya.com\/eticaret\/market\/"},{"@type":"ListItem","position":3,"name":"Vitamin B1 (Tiamin HCL)"}]},{"@type":"WebSite","@id":"https:\/\/akerkimya.com\/eticaret\/#website","url":"https:\/\/akerkimya.com\/eticaret\/","name":"Akerkimya","description":"","potentialAction":[{"@type":"SearchAction","target":{"@type":"EntryPoint","urlTemplate":"https:\/\/akerkimya.com\/eticaret\/?s={search_term_string}"},"query-input":"required name=search_term_string"}],"inLanguage":"tr"}]}},"_links":{"self":[{"href":"https:\/\/akerkimya.com\/eticaret\/wp-json\/wp\/v2\/product\/17997","targetHints":{"allow":["GET"]}}],"collection":[{"href":"https:\/\/akerkimya.com\/eticaret\/wp-json\/wp\/v2\/product"}],"about":[{"href":"https:\/\/akerkimya.com\/eticaret\/wp-json\/wp\/v2\/types\/product"}],"replies":[{"embeddable":true,"href":"https:\/\/akerkimya.com\/eticaret\/wp-json\/wp\/v2\/comments?post=17997"}],"version-history":[{"count":2,"href":"https:\/\/akerkimya.com\/eticaret\/wp-json\/wp\/v2\/product\/17997\/revisions"}],"predecessor-version":[{"id":18169,"href":"https:\/\/akerkimya.com\/eticaret\/wp-json\/wp\/v2\/product\/17997\/revisions\/18169"}],"wp:featuredmedia":[{"embeddable":true,"href":"https:\/\/akerkimya.com\/eticaret\/wp-json\/wp\/v2\/media\/17998"}],"wp:attachment":[{"href":"https:\/\/akerkimya.com\/eticaret\/wp-json\/wp\/v2\/media?parent=17997"}],"wp:term":[{"taxonomy":"product_cat","embeddable":true,"href":"https:\/\/akerkimya.com\/eticaret\/wp-json\/wp\/v2\/product_cat?post=17997"},{"taxonomy":"product_tag","embeddable":true,"href":"https:\/\/akerkimya.com\/eticaret\/wp-json\/wp\/v2\/product_tag?post=17997"}],"curies":[{"name":"wp","href":"https:\/\/api.w.org\/{rel}","templated":true}]}}