{"id":18017,"date":"2025-01-07T16:11:16","date_gmt":"2025-01-07T13:11:16","guid":{"rendered":"https:\/\/akerkimya.com\/eticaret\/?post_type=product&#038;p=18017"},"modified":"2026-03-30T02:24:30","modified_gmt":"2026-03-29T23:24:30","slug":"vitamin-b5-d-kalsiyum-pantotenat","status":"publish","type":"product","link":"https:\/\/akerkimya.com\/eticaret\/urun\/vitamin-b5-d-kalsiyum-pantotenat\/","title":{"rendered":"Vitamin B5 (D-Kalsiyum Pantotenat)"},"content":{"rendered":"<h1>Vitamin B5 (D-Kalsiyum Pantotenat)<\/h1>\n<p><strong>Pantoteneik asit olarak da bilinen vitamin B5 do\u011fada \u00e7ok yayg\u0131n olarak canl\u0131 her h\u00fccrede bulunur. Koenenzimin bir bile\u015fenidir ve karbonhidratlar\u0131n, ya\u011flar\u0131n ve proteinlerin metabolizmas\u0131na kat\u0131l\u0131r.<\/strong><\/p>\n<p><strong>\u00a0<\/strong><\/p>\n<h3><strong>\u00d6zellikler ve Avantajlar\u0131<\/strong><\/h3>\n<p><strong>Beyaz renkte, toz veya kristal formadad\u0131r.<\/strong><\/p>\n<p><strong>Suda \u00e7\u00f6z\u00fcn\u00fcr. Sulu \u00e7\u00f6zeltisi zay\u0131f alkali olmas\u0131 nedeniyle \u0131\u015f\u0131\u011fa ve havaya kar\u015f\u0131 stabildir.<\/strong><\/p>\n<p><strong>Suda ve gliserolde \u00e7\u00f6z\u00fcn\u00fcr, aseton ve etanolde az \u00e7\u00f6z\u00fcn\u00fcr.<\/strong><\/p>\n<p><strong>Nemli s\u0131ca\u011fa, oksidasyon ve red\u00fcksiyona dayan\u0131kl\u0131 olmas\u0131na kar\u015f\u0131n, alkali ve kuru \u0131s\u0131ya kar\u015f\u0131 dayan\u0131ks\u0131zd\u0131r.<\/strong><\/p>\n<p><em><strong>\u00a0<\/strong><\/em><\/p>\n<h3><strong>Teknik \u00d6zellikleri<\/strong><\/h3>\n<p><strong>CAS NUMARASI: 137-08-6<\/strong><\/p>\n<p><strong>EC NO: 205-278-9<\/strong><\/p>\n<p><strong>MOLEK\u00dcLER FORM\u00dcL: C9H19N04<\/strong><\/p>\n<p><strong>MOLEK\u00dcL A\u011eIRLU\u011eI: 205,25 g\/mol<\/strong><\/p>\n<p><em><strong>\u00a0<\/strong><\/em><\/p>\n<h3><strong>Kullan\u0131m Alanlar\u0131<\/strong><\/h3>\n<p><strong>Yem katk\u0131 maddelerinde b\u00fcy\u00fcme fakt\u00f6r\u00fcnde etkili olmas\u0131 nedeniyle kullan\u0131l\u0131r.<\/strong><\/p>\n<p><strong>G\u0131da end\u00fcstrisinde, g\u0131da zenginle\u015ftirme maddesi olarak,\u00a0 kahvalt\u0131l\u0131k gevrekler, i\u00e7ecekler, diyetetik ve bebek mamalar\u0131nda kullan\u0131l\u0131r.<\/strong><\/p>\n<p><strong>Kozmetik sekt\u00f6r\u00fcnde, cildin ya\u015flanmas\u0131n\u0131 geciktirmesi nedeniyle \u00e7e\u015fitli kremler ve losyonlarda kullan\u0131l\u0131r.<\/strong><\/p>\n<p><strong>Antikor yapma i\u015flevine sahiptir. Sa\u00e7, cilt ve kan sa\u011fl\u0131\u011f\u0131n\u0131 korumak i\u00e7in kullan\u0131l\u0131r.<\/strong><\/p>\n<p><strong>\u0130la\u00e7 sekt\u00f6r\u00fcnde kullan\u0131l\u0131r.<\/strong><\/p>\n<p><strong>Et sekt\u00f6r\u00fcnde, etin rengini iyi hale getirmek i\u00e7in kullan\u0131l\u0131r.<\/strong><\/p>\n<p><em><strong>\u00a0<\/strong><\/em><\/p>\n<p><strong>AMBALAJ<\/strong><\/p>\n<p><strong>50-100-250-500 gr paketler ve 1-5-25 kg torbalar halinde<\/strong><\/p>\n<p><strong>\u00a0<\/strong><\/p>\n<p><strong>DEPOLAMA<\/strong><\/p>\n<p><strong>Serin ve kuru bir alanda muhafaza ediniz.<\/strong><\/p>\n<p><em><strong>\u00a0<\/strong><\/em><\/p>\n","protected":false},"excerpt":{"rendered":"<p>Vitamin B5 (D-Kalsiyum Pantotenat) Pantoteneik asit olarak da bilinen vitamin B5 do\u011fada \u00e7ok yayg\u0131n olarak canl\u0131 her h\u00fccrede bulunur. Koenenzimin<\/p>\n","protected":false},"featured_media":18018,"comment_status":"open","ping_status":"closed","template":"","meta":{"_joinchat":[]},"product_cat":[76,80,81],"product_tag":[],"class_list":{"0":"post-18017","1":"product","2":"type-product","3":"status-publish","4":"has-post-thumbnail","6":"product_cat-gida-ve-katki-kimyasallari","7":"product_cat-veteriner-ve-ilac-kimyasallari","8":"product_cat-yem-katki-kimyasallari","10":"first","11":"instock","12":"shipping-taxable","13":"purchasable","14":"product-type-variable"},"yoast_head":"<!-- This site is optimized with the Yoast SEO Premium plugin v20.2.1 (Yoast SEO v20.2.1) - https:\/\/yoast.com\/wordpress\/plugins\/seo\/ -->\n<title>Vitamin B5 (D-Kalsiyum Pantotenat) - Akerkimya<\/title>\n<meta name=\"robots\" content=\"index, follow, max-snippet:-1, max-image-preview:large, max-video-preview:-1\" \/>\n<link rel=\"canonical\" href=\"https:\/\/akerkimya.com\/eticaret\/urun\/vitamin-b5-d-kalsiyum-pantotenat\/\" \/>\n<meta property=\"og:locale\" content=\"tr_TR\" \/>\n<meta property=\"og:type\" content=\"article\" \/>\n<meta property=\"og:title\" content=\"Vitamin B5 (D-Kalsiyum Pantotenat)\" \/>\n<meta property=\"og:description\" content=\"Vitamin B5 (D-Kalsiyum Pantotenat) Pantoteneik asit olarak da bilinen vitamin B5 do\u011fada \u00e7ok yayg\u0131n olarak canl\u0131 her h\u00fccrede bulunur. Koenenzimin\" \/>\n<meta property=\"og:url\" content=\"https:\/\/akerkimya.com\/eticaret\/urun\/vitamin-b5-d-kalsiyum-pantotenat\/\" \/>\n<meta property=\"og:site_name\" content=\"Akerkimya\" \/>\n<meta property=\"article:modified_time\" content=\"2026-03-29T23:24:30+00:00\" \/>\n<meta property=\"og:image\" content=\"https:\/\/akerkimya.com\/eticaret\/wp-content\/uploads\/2025\/01\/Vitamin-B5-D-Kalsiyum-Pantotenat-GUNCEL.png\" \/>\n\t<meta property=\"og:image:width\" content=\"1000\" \/>\n\t<meta property=\"og:image:height\" content=\"1000\" \/>\n\t<meta property=\"og:image:type\" content=\"image\/png\" \/>\n<meta name=\"twitter:card\" content=\"summary_large_image\" \/>\n<meta name=\"twitter:label1\" content=\"Tahmini okuma s\u00fcresi\" \/>\n\t<meta name=\"twitter:data1\" content=\"1 dakika\" \/>\n<script type=\"application\/ld+json\" class=\"yoast-schema-graph\">{\"@context\":\"https:\/\/schema.org\",\"@graph\":[{\"@type\":\"WebPage\",\"@id\":\"https:\/\/akerkimya.com\/eticaret\/urun\/vitamin-b5-d-kalsiyum-pantotenat\/\",\"url\":\"https:\/\/akerkimya.com\/eticaret\/urun\/vitamin-b5-d-kalsiyum-pantotenat\/\",\"name\":\"Vitamin B5 (D-Kalsiyum Pantotenat) - Akerkimya\",\"isPartOf\":{\"@id\":\"https:\/\/akerkimya.com\/eticaret\/#website\"},\"datePublished\":\"2025-01-07T13:11:16+00:00\",\"dateModified\":\"2026-03-29T23:24:30+00:00\",\"breadcrumb\":{\"@id\":\"https:\/\/akerkimya.com\/eticaret\/urun\/vitamin-b5-d-kalsiyum-pantotenat\/#breadcrumb\"},\"inLanguage\":\"tr\",\"potentialAction\":[{\"@type\":\"ReadAction\",\"target\":[\"https:\/\/akerkimya.com\/eticaret\/urun\/vitamin-b5-d-kalsiyum-pantotenat\/\"]}]},{\"@type\":\"BreadcrumbList\",\"@id\":\"https:\/\/akerkimya.com\/eticaret\/urun\/vitamin-b5-d-kalsiyum-pantotenat\/#breadcrumb\",\"itemListElement\":[{\"@type\":\"ListItem\",\"position\":1,\"name\":\"Home\",\"item\":\"https:\/\/akerkimya.com\/eticaret\/\"},{\"@type\":\"ListItem\",\"position\":2,\"name\":\"Market\",\"item\":\"https:\/\/akerkimya.com\/eticaret\/market\/\"},{\"@type\":\"ListItem\",\"position\":3,\"name\":\"Vitamin B5 (D-Kalsiyum Pantotenat)\"}]},{\"@type\":\"WebSite\",\"@id\":\"https:\/\/akerkimya.com\/eticaret\/#website\",\"url\":\"https:\/\/akerkimya.com\/eticaret\/\",\"name\":\"Akerkimya\",\"description\":\"\",\"potentialAction\":[{\"@type\":\"SearchAction\",\"target\":{\"@type\":\"EntryPoint\",\"urlTemplate\":\"https:\/\/akerkimya.com\/eticaret\/?s={search_term_string}\"},\"query-input\":\"required name=search_term_string\"}],\"inLanguage\":\"tr\"}]}<\/script>\n<!-- \/ Yoast SEO Premium plugin. -->","yoast_head_json":{"title":"Vitamin B5 (D-Kalsiyum Pantotenat) - Akerkimya","robots":{"index":"index","follow":"follow","max-snippet":"max-snippet:-1","max-image-preview":"max-image-preview:large","max-video-preview":"max-video-preview:-1"},"canonical":"https:\/\/akerkimya.com\/eticaret\/urun\/vitamin-b5-d-kalsiyum-pantotenat\/","og_locale":"tr_TR","og_type":"article","og_title":"Vitamin B5 (D-Kalsiyum Pantotenat)","og_description":"Vitamin B5 (D-Kalsiyum Pantotenat) Pantoteneik asit olarak da bilinen vitamin B5 do\u011fada \u00e7ok yayg\u0131n olarak canl\u0131 her h\u00fccrede bulunur. Koenenzimin","og_url":"https:\/\/akerkimya.com\/eticaret\/urun\/vitamin-b5-d-kalsiyum-pantotenat\/","og_site_name":"Akerkimya","article_modified_time":"2026-03-29T23:24:30+00:00","og_image":[{"width":1000,"height":1000,"url":"https:\/\/akerkimya.com\/eticaret\/wp-content\/uploads\/2025\/01\/Vitamin-B5-D-Kalsiyum-Pantotenat-GUNCEL.png","type":"image\/png"}],"twitter_card":"summary_large_image","twitter_misc":{"Tahmini okuma s\u00fcresi":"1 dakika"},"schema":{"@context":"https:\/\/schema.org","@graph":[{"@type":"WebPage","@id":"https:\/\/akerkimya.com\/eticaret\/urun\/vitamin-b5-d-kalsiyum-pantotenat\/","url":"https:\/\/akerkimya.com\/eticaret\/urun\/vitamin-b5-d-kalsiyum-pantotenat\/","name":"Vitamin B5 (D-Kalsiyum Pantotenat) - Akerkimya","isPartOf":{"@id":"https:\/\/akerkimya.com\/eticaret\/#website"},"datePublished":"2025-01-07T13:11:16+00:00","dateModified":"2026-03-29T23:24:30+00:00","breadcrumb":{"@id":"https:\/\/akerkimya.com\/eticaret\/urun\/vitamin-b5-d-kalsiyum-pantotenat\/#breadcrumb"},"inLanguage":"tr","potentialAction":[{"@type":"ReadAction","target":["https:\/\/akerkimya.com\/eticaret\/urun\/vitamin-b5-d-kalsiyum-pantotenat\/"]}]},{"@type":"BreadcrumbList","@id":"https:\/\/akerkimya.com\/eticaret\/urun\/vitamin-b5-d-kalsiyum-pantotenat\/#breadcrumb","itemListElement":[{"@type":"ListItem","position":1,"name":"Home","item":"https:\/\/akerkimya.com\/eticaret\/"},{"@type":"ListItem","position":2,"name":"Market","item":"https:\/\/akerkimya.com\/eticaret\/market\/"},{"@type":"ListItem","position":3,"name":"Vitamin B5 (D-Kalsiyum Pantotenat)"}]},{"@type":"WebSite","@id":"https:\/\/akerkimya.com\/eticaret\/#website","url":"https:\/\/akerkimya.com\/eticaret\/","name":"Akerkimya","description":"","potentialAction":[{"@type":"SearchAction","target":{"@type":"EntryPoint","urlTemplate":"https:\/\/akerkimya.com\/eticaret\/?s={search_term_string}"},"query-input":"required name=search_term_string"}],"inLanguage":"tr"}]}},"_links":{"self":[{"href":"https:\/\/akerkimya.com\/eticaret\/wp-json\/wp\/v2\/product\/18017","targetHints":{"allow":["GET"]}}],"collection":[{"href":"https:\/\/akerkimya.com\/eticaret\/wp-json\/wp\/v2\/product"}],"about":[{"href":"https:\/\/akerkimya.com\/eticaret\/wp-json\/wp\/v2\/types\/product"}],"replies":[{"embeddable":true,"href":"https:\/\/akerkimya.com\/eticaret\/wp-json\/wp\/v2\/comments?post=18017"}],"version-history":[{"count":1,"href":"https:\/\/akerkimya.com\/eticaret\/wp-json\/wp\/v2\/product\/18017\/revisions"}],"predecessor-version":[{"id":18025,"href":"https:\/\/akerkimya.com\/eticaret\/wp-json\/wp\/v2\/product\/18017\/revisions\/18025"}],"wp:featuredmedia":[{"embeddable":true,"href":"https:\/\/akerkimya.com\/eticaret\/wp-json\/wp\/v2\/media\/18018"}],"wp:attachment":[{"href":"https:\/\/akerkimya.com\/eticaret\/wp-json\/wp\/v2\/media?parent=18017"}],"wp:term":[{"taxonomy":"product_cat","embeddable":true,"href":"https:\/\/akerkimya.com\/eticaret\/wp-json\/wp\/v2\/product_cat?post=18017"},{"taxonomy":"product_tag","embeddable":true,"href":"https:\/\/akerkimya.com\/eticaret\/wp-json\/wp\/v2\/product_tag?post=18017"}],"curies":[{"name":"wp","href":"https:\/\/api.w.org\/{rel}","templated":true}]}}