{"id":18026,"date":"2025-01-07T16:18:31","date_gmt":"2025-01-07T13:18:31","guid":{"rendered":"https:\/\/akerkimya.com\/eticaret\/?post_type=product&#038;p=18026"},"modified":"2026-03-30T02:24:30","modified_gmt":"2026-03-29T23:24:30","slug":"vitamin-b6-piridoksin-hidroklorur","status":"publish","type":"product","link":"https:\/\/akerkimya.com\/eticaret\/urun\/vitamin-b6-piridoksin-hidroklorur\/","title":{"rendered":"Vitamin B6 (Piridoksin Hidroklor\u00fcr)"},"content":{"rendered":"<h1>Vitamin B6 (Piridoksin Hidroklor\u00fcr)<\/h1>\n<p><strong>Vitamin B6, C8H11NO3.HCL form\u00fcl\u00fcne sahip organik bir bile\u015fiktir. Et, f\u0131nd\u0131k, tam tah\u0131llar, muz gibi \u00fcr\u00fcnlerde do\u011fal olarak bulunur. Aktif koenzim formudur ve v\u00fccuttaki B6 kan h\u00fccrelerinin en yayg\u0131n \u00f6l\u00e7\u00fcs\u00fcd\u00fcr.<\/strong><\/p>\n<p><strong>\u00a0<\/strong><\/p>\n<h3><strong>\u00d6zellikler ve Avantajlar\u0131<\/strong><\/h3>\n<p><strong>Beyaz renkte toz veya kristal formdad\u0131r. Kokusuzdur. Tad\u0131 ek\u015fi ve ac\u0131d\u0131r.<\/strong><\/p>\n<p><strong>I\u015f\u0131\u011fa maruz kald\u0131\u011f\u0131nda yava\u015f yava\u015f bozulur.<\/strong><\/p>\n<p><strong>Suda ve etanolde kolayca \u00e7\u00f6z\u00fcn\u00fcr.<\/strong><\/p>\n<p><strong>Asit \u00e7\u00f6zeltisinde stabildir, alkali \u00e7\u00f6zeltide kolayca yok edilir.<\/strong><\/p>\n<p><em><strong>\u00a0<\/strong><\/em><\/p>\n<h3><strong>Teknik \u00d6zellikleri<\/strong><\/h3>\n<p><strong>CAS NUMARASI: 58-56-0<\/strong><\/p>\n<p><strong>EC NUMARASI: 200-603-0<\/strong><\/p>\n<p><strong>MOLEK\u00dcLER FORM\u00dcL: C8H11NO3.HCL<\/strong><\/p>\n<p><strong>K\u0130MYASAL \u0130SM\u0130: Vitamin B6, Piridoksin, Piridoksol, Adermin, Gravidoks<\/strong><\/p>\n<p><strong>MOLEK\u00dcLER A\u011eIRLIK: 169.18<\/strong><\/p>\n<p><strong>ERG\u0130ME NOKTASI: 159-162 \u00b0C<\/strong><\/p>\n<p><strong>\u00c7\u00d6Z\u00dcN\u00dcRL\u00dcK: 220000 mg\/L<\/strong><\/p>\n<p><em><strong>\u00a0<\/strong><\/em><\/p>\n<h3><strong>Kullan\u0131m Alanlar\u0131<\/strong><\/h3>\n<p><strong>Alzheimer hastal\u0131\u011f\u0131 h\u00fccre modellerinde antioksidan etkiler g\u00f6sterir. Bu nedenle ila\u00e7 form\u00fclasyonlar\u0131nda kullan\u0131l\u0131r.<\/strong><\/p>\n<p><strong>B6 vitamini, amino asitlerin ve triptofan\u0131n metabolizmas\u0131n\u0131 iyile\u015ftirebilir, emetik kemoresept\u00f6r b\u00f6lgelerin uyar\u0131lmas\u0131n\u0131 azaltabilir, bulant\u0131 ve kusma gibi semptomlar\u0131 hafifleterek beyaz kan h\u00fccrelerinin b\u00fcy\u00fcmesini te\u015fvik edebilir.<\/strong><\/p>\n<p><strong>Kan kolesterol\u00fcn\u00fc d\u00fc\u015f\u00fcrebilir bu nedenle aterosklerozu \u00f6nlemek ve tedavi etmek i\u00e7in kullan\u0131l\u0131r.<\/strong><\/p>\n<p><strong>Dermatit ve periferik nevrit i\u00e7in kullan\u0131l\u0131r.<\/strong><\/p>\n<p><strong>\u0130la\u00e7 zehirlenmelerinin neden oldu\u011fu gastrointestinal reaksiyonlar\u0131 ve kramplar\u0131 tedavi etmek i\u00e7in kullan\u0131l\u0131r.<\/strong><\/p>\n<p><strong>B6 vitamini eksili\u011fini gidermek i\u00e7in hayvan yemlerinde kullan\u0131l\u0131r.<\/strong><\/p>\n<p><strong>K\u0131rm\u0131z\u0131 kan h\u00fccrelerinin eksili\u011fini tedavi etmek i\u00e7in kullan\u0131l\u0131r.<\/strong><\/p>\n<p><strong>S\u00fct \u00fcr\u00fcnlerinde, i\u00e7eceklerde ve \u00e7e\u015fitli sa\u011fl\u0131n \u00fcr\u00fcnlerinde g\u0131da katk\u0131 maddesi olarak kullan\u0131l\u0131r.<\/strong><\/p>\n<p><em><strong>\u00a0<\/strong><\/em><\/p>\n<p><strong>AMBALAJ<\/strong><\/p>\n<p><strong>50-100-250-500 gr paketler ve 1-5-25 kg torbalar halinde<\/strong><\/p>\n<p><strong>\u00a0<\/strong><\/p>\n<p><strong>DEPOLAMA<\/strong><\/p>\n<p><strong>Serin ve kuru bir alanda kapal\u0131 bir kapta muhafaza ediniz.<\/strong><\/p>\n<p><em><strong>\u00a0<\/strong><\/em><\/p>\n","protected":false},"excerpt":{"rendered":"<p>Vitamin B6 (Piridoksin Hidroklor\u00fcr) Vitamin B6, C8H11NO3.HCL form\u00fcl\u00fcne sahip organik bir bile\u015fiktir. Et, f\u0131nd\u0131k, tam tah\u0131llar, muz gibi \u00fcr\u00fcnlerde do\u011fal<\/p>\n","protected":false},"featured_media":18027,"comment_status":"open","ping_status":"closed","template":"","meta":{"_joinchat":[]},"product_cat":[76,80,81],"product_tag":[],"class_list":{"0":"post-18026","1":"product","2":"type-product","3":"status-publish","4":"has-post-thumbnail","6":"product_cat-gida-ve-katki-kimyasallari","7":"product_cat-veteriner-ve-ilac-kimyasallari","8":"product_cat-yem-katki-kimyasallari","10":"first","11":"instock","12":"shipping-taxable","13":"purchasable","14":"product-type-variable"},"yoast_head":"<!-- This site is optimized with the Yoast SEO Premium plugin v20.2.1 (Yoast SEO v20.2.1) - https:\/\/yoast.com\/wordpress\/plugins\/seo\/ -->\n<title>Vitamin B6 (Piridoksin Hidroklor\u00fcr) - Akerkimya<\/title>\n<meta name=\"robots\" content=\"index, follow, max-snippet:-1, max-image-preview:large, max-video-preview:-1\" \/>\n<link rel=\"canonical\" href=\"https:\/\/akerkimya.com\/eticaret\/urun\/vitamin-b6-piridoksin-hidroklorur\/\" \/>\n<meta property=\"og:locale\" content=\"tr_TR\" \/>\n<meta property=\"og:type\" content=\"article\" \/>\n<meta property=\"og:title\" content=\"Vitamin B6 (Piridoksin Hidroklor\u00fcr)\" \/>\n<meta property=\"og:description\" content=\"Vitamin B6 (Piridoksin Hidroklor\u00fcr) Vitamin B6, C8H11NO3.HCL form\u00fcl\u00fcne sahip organik bir bile\u015fiktir. Et, f\u0131nd\u0131k, tam tah\u0131llar, muz gibi \u00fcr\u00fcnlerde do\u011fal\" \/>\n<meta property=\"og:url\" content=\"https:\/\/akerkimya.com\/eticaret\/urun\/vitamin-b6-piridoksin-hidroklorur\/\" \/>\n<meta property=\"og:site_name\" content=\"Akerkimya\" \/>\n<meta property=\"article:modified_time\" content=\"2026-03-29T23:24:30+00:00\" \/>\n<meta property=\"og:image\" content=\"https:\/\/akerkimya.com\/eticaret\/wp-content\/uploads\/2025\/01\/VITAMIN-B6-PIRIDOKSIN-HCL-GUNCEL.png\" \/>\n\t<meta property=\"og:image:width\" content=\"1000\" \/>\n\t<meta property=\"og:image:height\" content=\"1000\" \/>\n\t<meta property=\"og:image:type\" content=\"image\/png\" \/>\n<meta name=\"twitter:card\" content=\"summary_large_image\" \/>\n<meta name=\"twitter:label1\" content=\"Tahmini okuma s\u00fcresi\" \/>\n\t<meta name=\"twitter:data1\" content=\"2 dakika\" \/>\n<script type=\"application\/ld+json\" class=\"yoast-schema-graph\">{\"@context\":\"https:\/\/schema.org\",\"@graph\":[{\"@type\":\"WebPage\",\"@id\":\"https:\/\/akerkimya.com\/eticaret\/urun\/vitamin-b6-piridoksin-hidroklorur\/\",\"url\":\"https:\/\/akerkimya.com\/eticaret\/urun\/vitamin-b6-piridoksin-hidroklorur\/\",\"name\":\"Vitamin B6 (Piridoksin Hidroklor\u00fcr) - Akerkimya\",\"isPartOf\":{\"@id\":\"https:\/\/akerkimya.com\/eticaret\/#website\"},\"datePublished\":\"2025-01-07T13:18:31+00:00\",\"dateModified\":\"2026-03-29T23:24:30+00:00\",\"breadcrumb\":{\"@id\":\"https:\/\/akerkimya.com\/eticaret\/urun\/vitamin-b6-piridoksin-hidroklorur\/#breadcrumb\"},\"inLanguage\":\"tr\",\"potentialAction\":[{\"@type\":\"ReadAction\",\"target\":[\"https:\/\/akerkimya.com\/eticaret\/urun\/vitamin-b6-piridoksin-hidroklorur\/\"]}]},{\"@type\":\"BreadcrumbList\",\"@id\":\"https:\/\/akerkimya.com\/eticaret\/urun\/vitamin-b6-piridoksin-hidroklorur\/#breadcrumb\",\"itemListElement\":[{\"@type\":\"ListItem\",\"position\":1,\"name\":\"Home\",\"item\":\"https:\/\/akerkimya.com\/eticaret\/\"},{\"@type\":\"ListItem\",\"position\":2,\"name\":\"Market\",\"item\":\"https:\/\/akerkimya.com\/eticaret\/market\/\"},{\"@type\":\"ListItem\",\"position\":3,\"name\":\"Vitamin B6 (Piridoksin Hidroklor\u00fcr)\"}]},{\"@type\":\"WebSite\",\"@id\":\"https:\/\/akerkimya.com\/eticaret\/#website\",\"url\":\"https:\/\/akerkimya.com\/eticaret\/\",\"name\":\"Akerkimya\",\"description\":\"\",\"potentialAction\":[{\"@type\":\"SearchAction\",\"target\":{\"@type\":\"EntryPoint\",\"urlTemplate\":\"https:\/\/akerkimya.com\/eticaret\/?s={search_term_string}\"},\"query-input\":\"required name=search_term_string\"}],\"inLanguage\":\"tr\"}]}<\/script>\n<!-- \/ Yoast SEO Premium plugin. -->","yoast_head_json":{"title":"Vitamin B6 (Piridoksin Hidroklor\u00fcr) - Akerkimya","robots":{"index":"index","follow":"follow","max-snippet":"max-snippet:-1","max-image-preview":"max-image-preview:large","max-video-preview":"max-video-preview:-1"},"canonical":"https:\/\/akerkimya.com\/eticaret\/urun\/vitamin-b6-piridoksin-hidroklorur\/","og_locale":"tr_TR","og_type":"article","og_title":"Vitamin B6 (Piridoksin Hidroklor\u00fcr)","og_description":"Vitamin B6 (Piridoksin Hidroklor\u00fcr) Vitamin B6, C8H11NO3.HCL form\u00fcl\u00fcne sahip organik bir bile\u015fiktir. Et, f\u0131nd\u0131k, tam tah\u0131llar, muz gibi \u00fcr\u00fcnlerde do\u011fal","og_url":"https:\/\/akerkimya.com\/eticaret\/urun\/vitamin-b6-piridoksin-hidroklorur\/","og_site_name":"Akerkimya","article_modified_time":"2026-03-29T23:24:30+00:00","og_image":[{"width":1000,"height":1000,"url":"https:\/\/akerkimya.com\/eticaret\/wp-content\/uploads\/2025\/01\/VITAMIN-B6-PIRIDOKSIN-HCL-GUNCEL.png","type":"image\/png"}],"twitter_card":"summary_large_image","twitter_misc":{"Tahmini okuma s\u00fcresi":"2 dakika"},"schema":{"@context":"https:\/\/schema.org","@graph":[{"@type":"WebPage","@id":"https:\/\/akerkimya.com\/eticaret\/urun\/vitamin-b6-piridoksin-hidroklorur\/","url":"https:\/\/akerkimya.com\/eticaret\/urun\/vitamin-b6-piridoksin-hidroklorur\/","name":"Vitamin B6 (Piridoksin Hidroklor\u00fcr) - Akerkimya","isPartOf":{"@id":"https:\/\/akerkimya.com\/eticaret\/#website"},"datePublished":"2025-01-07T13:18:31+00:00","dateModified":"2026-03-29T23:24:30+00:00","breadcrumb":{"@id":"https:\/\/akerkimya.com\/eticaret\/urun\/vitamin-b6-piridoksin-hidroklorur\/#breadcrumb"},"inLanguage":"tr","potentialAction":[{"@type":"ReadAction","target":["https:\/\/akerkimya.com\/eticaret\/urun\/vitamin-b6-piridoksin-hidroklorur\/"]}]},{"@type":"BreadcrumbList","@id":"https:\/\/akerkimya.com\/eticaret\/urun\/vitamin-b6-piridoksin-hidroklorur\/#breadcrumb","itemListElement":[{"@type":"ListItem","position":1,"name":"Home","item":"https:\/\/akerkimya.com\/eticaret\/"},{"@type":"ListItem","position":2,"name":"Market","item":"https:\/\/akerkimya.com\/eticaret\/market\/"},{"@type":"ListItem","position":3,"name":"Vitamin B6 (Piridoksin Hidroklor\u00fcr)"}]},{"@type":"WebSite","@id":"https:\/\/akerkimya.com\/eticaret\/#website","url":"https:\/\/akerkimya.com\/eticaret\/","name":"Akerkimya","description":"","potentialAction":[{"@type":"SearchAction","target":{"@type":"EntryPoint","urlTemplate":"https:\/\/akerkimya.com\/eticaret\/?s={search_term_string}"},"query-input":"required name=search_term_string"}],"inLanguage":"tr"}]}},"_links":{"self":[{"href":"https:\/\/akerkimya.com\/eticaret\/wp-json\/wp\/v2\/product\/18026","targetHints":{"allow":["GET"]}}],"collection":[{"href":"https:\/\/akerkimya.com\/eticaret\/wp-json\/wp\/v2\/product"}],"about":[{"href":"https:\/\/akerkimya.com\/eticaret\/wp-json\/wp\/v2\/types\/product"}],"replies":[{"embeddable":true,"href":"https:\/\/akerkimya.com\/eticaret\/wp-json\/wp\/v2\/comments?post=18026"}],"version-history":[{"count":1,"href":"https:\/\/akerkimya.com\/eticaret\/wp-json\/wp\/v2\/product\/18026\/revisions"}],"predecessor-version":[{"id":18035,"href":"https:\/\/akerkimya.com\/eticaret\/wp-json\/wp\/v2\/product\/18026\/revisions\/18035"}],"wp:featuredmedia":[{"embeddable":true,"href":"https:\/\/akerkimya.com\/eticaret\/wp-json\/wp\/v2\/media\/18027"}],"wp:attachment":[{"href":"https:\/\/akerkimya.com\/eticaret\/wp-json\/wp\/v2\/media?parent=18026"}],"wp:term":[{"taxonomy":"product_cat","embeddable":true,"href":"https:\/\/akerkimya.com\/eticaret\/wp-json\/wp\/v2\/product_cat?post=18026"},{"taxonomy":"product_tag","embeddable":true,"href":"https:\/\/akerkimya.com\/eticaret\/wp-json\/wp\/v2\/product_tag?post=18026"}],"curies":[{"name":"wp","href":"https:\/\/api.w.org\/{rel}","templated":true}]}}