{"id":18042,"date":"2025-01-07T16:53:12","date_gmt":"2025-01-07T13:53:12","guid":{"rendered":"https:\/\/akerkimya.com\/eticaret\/?post_type=product&#038;p=18042"},"modified":"2026-04-08T10:58:10","modified_gmt":"2026-04-08T07:58:10","slug":"sodyum-selenit","status":"publish","type":"product","link":"https:\/\/akerkimya.com\/eticaret\/urun\/sodyum-selenit\/","title":{"rendered":"SODYUM SELEN\u0130T"},"content":{"rendered":"<h1>SODYUM SELEN\u0130T<\/h1>\n<p><strong>Sodyum selenit, Na2SeO3 form\u00fcl\u00fcne sahip inorganik bile\u015fiktir. sodyum, selenyum ve oksijen ile birle\u015fmesinden meydana gelir. Sudan daha y\u00fcksek yo\u011funlu\u011fa sahiptir. <\/strong><\/p>\n<p><strong>\u00a0<\/strong><\/p>\n<p><strong>SODYUM SELEN\u0130T \u00d6ZELL\u0130KLER\u0130<\/strong><\/p>\n<p><strong>Beyaz renkte kat\u0131 formdad\u0131r. <\/strong><\/p>\n<p><strong>Higroskopik kat\u0131d\u0131r.<\/strong><\/p>\n<p><strong>S\u0131cak y\u00fczeylerde veya alevlerle temaslarda bozunur. <\/strong><\/p>\n<p><strong>G\u00fc\u00e7l\u00fc asitlerle tepkimeye girebilir.<\/strong><\/p>\n<p><strong>Suda \u00e7\u00f6z\u00fcn\u00fcr, alkolde \u00e7\u00f6z\u00fcnmez <\/strong><\/p>\n<p><strong>\u00a0<\/strong><\/p>\n<p><strong>TEKN\u0130K \u00d6ZELL\u0130KLER\u0130<\/strong><\/p>\n<p><strong>CAS NUMARASI: 10102-18-8<\/strong><\/p>\n<p><strong>MOLEK\u00dcLER FORM\u00dcL: Na2SeO3<\/strong><\/p>\n<p><strong>K\u0130MYASAL \u0130SM\u0130: Sodyum selenit, Disodyum selenit, Natrium selenit<\/strong><\/p>\n<p><strong>MOLEK\u00dcL A\u011eIRLI\u011eI: 172,95 g\/mol<\/strong><\/p>\n<p><strong>ER\u0130ME NOKTASI: 710 \u00b0C<\/strong><\/p>\n<p><strong>YO\u011eUNLUK: 3.1 g\/cm\u00b3<\/strong><\/p>\n<p><strong>\u00a0<\/strong><\/p>\n<p><strong>KULLANIM ALANLARI<\/strong><\/p>\n<p><strong>Yem end\u00fcstrisinde besin artt\u0131r\u0131c\u0131, do\u011fal antioksidan olarak kullan\u0131l\u0131r. <\/strong><\/p>\n<p><strong>K\u0131rm\u0131z\u0131 cam ve s\u0131r haz\u0131rlanmas\u0131nda kullan\u0131l\u0131r. <\/strong><\/p>\n<p><strong>Tar\u0131m sekt\u00f6r\u00fcnde tohum \u00fcretimi yap\u0131l\u0131rken alkoloidal reaktif olarak selenyum bile\u015fi\u011fi kullan\u0131l\u0131r.<\/strong><\/p>\n<p><strong>K\u00fcmes hayvanlar\u0131n\u0131n yeterince b\u00fcy\u00fcme ve \u00fcreme yapabilmesi i\u00e7in yemlerinde besin takviyesi olarak kullan\u0131l\u0131r.<\/strong><\/p>\n<p><strong>Seramik sekt\u00f6r\u00fcnde porselenlerin s\u00fcslenmesi i\u00e7in kullan\u0131l\u0131r.<\/strong><\/p>\n<p><strong>\u00a0<\/strong><\/p>\n<p><strong>AMBALAJ<\/strong><\/p>\n<p><strong>1-5-25 kg varil ambalajlar halinde <\/strong><\/p>\n<p><strong>\u00a0<\/strong><\/p>\n<p><strong>DEPOLAMA <\/strong><\/p>\n<p><strong>Serin ve kuru bir alanda muhafaza ediniz.<\/strong><\/p>\n","protected":false},"excerpt":{"rendered":"<p>SODYUM SELEN\u0130T Sodyum selenit, Na2SeO3 form\u00fcl\u00fcne sahip inorganik bile\u015fiktir. sodyum, selenyum ve oksijen ile birle\u015fmesinden meydana gelir. Sudan daha y\u00fcksek<\/p>\n","protected":false},"featured_media":18043,"comment_status":"open","ping_status":"closed","template":"","meta":{"_joinchat":[]},"product_cat":[79,81],"product_tag":[],"class_list":{"0":"post-18042","1":"product","2":"type-product","3":"status-publish","4":"has-post-thumbnail","6":"product_cat-tarim-kimyasallari","7":"product_cat-yem-katki-kimyasallari","9":"first","10":"instock","11":"shipping-taxable","12":"purchasable","13":"product-type-variable"},"yoast_head":"<!-- This site is optimized with the Yoast SEO Premium plugin v20.2.1 (Yoast SEO v20.2.1) - https:\/\/yoast.com\/wordpress\/plugins\/seo\/ -->\n<title>SODYUM SELEN\u0130T - Akerkimya<\/title>\n<meta name=\"robots\" content=\"index, follow, max-snippet:-1, max-image-preview:large, max-video-preview:-1\" \/>\n<link rel=\"canonical\" href=\"https:\/\/akerkimya.com\/eticaret\/urun\/sodyum-selenit\/\" \/>\n<meta property=\"og:locale\" content=\"tr_TR\" \/>\n<meta property=\"og:type\" content=\"article\" \/>\n<meta property=\"og:title\" content=\"SODYUM SELEN\u0130T\" \/>\n<meta property=\"og:description\" content=\"SODYUM SELEN\u0130T Sodyum selenit, Na2SeO3 form\u00fcl\u00fcne sahip inorganik bile\u015fiktir. sodyum, selenyum ve oksijen ile birle\u015fmesinden meydana gelir. Sudan daha y\u00fcksek\" \/>\n<meta property=\"og:url\" content=\"https:\/\/akerkimya.com\/eticaret\/urun\/sodyum-selenit\/\" \/>\n<meta property=\"og:site_name\" content=\"Akerkimya\" \/>\n<meta property=\"article:modified_time\" content=\"2026-04-08T07:58:10+00:00\" \/>\n<meta property=\"og:image\" content=\"https:\/\/akerkimya.com\/eticaret\/wp-content\/uploads\/2025\/01\/SODYUM-SELENIT-GUNCEL.png\" \/>\n\t<meta property=\"og:image:width\" content=\"1000\" \/>\n\t<meta property=\"og:image:height\" content=\"1000\" \/>\n\t<meta property=\"og:image:type\" content=\"image\/png\" \/>\n<meta name=\"twitter:card\" content=\"summary_large_image\" \/>\n<meta name=\"twitter:label1\" content=\"Tahmini okuma s\u00fcresi\" \/>\n\t<meta name=\"twitter:data1\" content=\"1 dakika\" \/>\n<script type=\"application\/ld+json\" class=\"yoast-schema-graph\">{\"@context\":\"https:\/\/schema.org\",\"@graph\":[{\"@type\":\"WebPage\",\"@id\":\"https:\/\/akerkimya.com\/eticaret\/urun\/sodyum-selenit\/\",\"url\":\"https:\/\/akerkimya.com\/eticaret\/urun\/sodyum-selenit\/\",\"name\":\"SODYUM SELEN\u0130T - Akerkimya\",\"isPartOf\":{\"@id\":\"https:\/\/akerkimya.com\/eticaret\/#website\"},\"datePublished\":\"2025-01-07T13:53:12+00:00\",\"dateModified\":\"2026-04-08T07:58:10+00:00\",\"breadcrumb\":{\"@id\":\"https:\/\/akerkimya.com\/eticaret\/urun\/sodyum-selenit\/#breadcrumb\"},\"inLanguage\":\"tr\",\"potentialAction\":[{\"@type\":\"ReadAction\",\"target\":[\"https:\/\/akerkimya.com\/eticaret\/urun\/sodyum-selenit\/\"]}]},{\"@type\":\"BreadcrumbList\",\"@id\":\"https:\/\/akerkimya.com\/eticaret\/urun\/sodyum-selenit\/#breadcrumb\",\"itemListElement\":[{\"@type\":\"ListItem\",\"position\":1,\"name\":\"Home\",\"item\":\"https:\/\/akerkimya.com\/eticaret\/\"},{\"@type\":\"ListItem\",\"position\":2,\"name\":\"Market\",\"item\":\"https:\/\/akerkimya.com\/eticaret\/market\/\"},{\"@type\":\"ListItem\",\"position\":3,\"name\":\"SODYUM SELEN\u0130T\"}]},{\"@type\":\"WebSite\",\"@id\":\"https:\/\/akerkimya.com\/eticaret\/#website\",\"url\":\"https:\/\/akerkimya.com\/eticaret\/\",\"name\":\"Akerkimya\",\"description\":\"\",\"potentialAction\":[{\"@type\":\"SearchAction\",\"target\":{\"@type\":\"EntryPoint\",\"urlTemplate\":\"https:\/\/akerkimya.com\/eticaret\/?s={search_term_string}\"},\"query-input\":\"required name=search_term_string\"}],\"inLanguage\":\"tr\"}]}<\/script>\n<!-- \/ Yoast SEO Premium plugin. -->","yoast_head_json":{"title":"SODYUM SELEN\u0130T - Akerkimya","robots":{"index":"index","follow":"follow","max-snippet":"max-snippet:-1","max-image-preview":"max-image-preview:large","max-video-preview":"max-video-preview:-1"},"canonical":"https:\/\/akerkimya.com\/eticaret\/urun\/sodyum-selenit\/","og_locale":"tr_TR","og_type":"article","og_title":"SODYUM SELEN\u0130T","og_description":"SODYUM SELEN\u0130T Sodyum selenit, Na2SeO3 form\u00fcl\u00fcne sahip inorganik bile\u015fiktir. sodyum, selenyum ve oksijen ile birle\u015fmesinden meydana gelir. Sudan daha y\u00fcksek","og_url":"https:\/\/akerkimya.com\/eticaret\/urun\/sodyum-selenit\/","og_site_name":"Akerkimya","article_modified_time":"2026-04-08T07:58:10+00:00","og_image":[{"width":1000,"height":1000,"url":"https:\/\/akerkimya.com\/eticaret\/wp-content\/uploads\/2025\/01\/SODYUM-SELENIT-GUNCEL.png","type":"image\/png"}],"twitter_card":"summary_large_image","twitter_misc":{"Tahmini okuma s\u00fcresi":"1 dakika"},"schema":{"@context":"https:\/\/schema.org","@graph":[{"@type":"WebPage","@id":"https:\/\/akerkimya.com\/eticaret\/urun\/sodyum-selenit\/","url":"https:\/\/akerkimya.com\/eticaret\/urun\/sodyum-selenit\/","name":"SODYUM SELEN\u0130T - Akerkimya","isPartOf":{"@id":"https:\/\/akerkimya.com\/eticaret\/#website"},"datePublished":"2025-01-07T13:53:12+00:00","dateModified":"2026-04-08T07:58:10+00:00","breadcrumb":{"@id":"https:\/\/akerkimya.com\/eticaret\/urun\/sodyum-selenit\/#breadcrumb"},"inLanguage":"tr","potentialAction":[{"@type":"ReadAction","target":["https:\/\/akerkimya.com\/eticaret\/urun\/sodyum-selenit\/"]}]},{"@type":"BreadcrumbList","@id":"https:\/\/akerkimya.com\/eticaret\/urun\/sodyum-selenit\/#breadcrumb","itemListElement":[{"@type":"ListItem","position":1,"name":"Home","item":"https:\/\/akerkimya.com\/eticaret\/"},{"@type":"ListItem","position":2,"name":"Market","item":"https:\/\/akerkimya.com\/eticaret\/market\/"},{"@type":"ListItem","position":3,"name":"SODYUM SELEN\u0130T"}]},{"@type":"WebSite","@id":"https:\/\/akerkimya.com\/eticaret\/#website","url":"https:\/\/akerkimya.com\/eticaret\/","name":"Akerkimya","description":"","potentialAction":[{"@type":"SearchAction","target":{"@type":"EntryPoint","urlTemplate":"https:\/\/akerkimya.com\/eticaret\/?s={search_term_string}"},"query-input":"required name=search_term_string"}],"inLanguage":"tr"}]}},"_links":{"self":[{"href":"https:\/\/akerkimya.com\/eticaret\/wp-json\/wp\/v2\/product\/18042","targetHints":{"allow":["GET"]}}],"collection":[{"href":"https:\/\/akerkimya.com\/eticaret\/wp-json\/wp\/v2\/product"}],"about":[{"href":"https:\/\/akerkimya.com\/eticaret\/wp-json\/wp\/v2\/types\/product"}],"replies":[{"embeddable":true,"href":"https:\/\/akerkimya.com\/eticaret\/wp-json\/wp\/v2\/comments?post=18042"}],"version-history":[{"count":1,"href":"https:\/\/akerkimya.com\/eticaret\/wp-json\/wp\/v2\/product\/18042\/revisions"}],"predecessor-version":[{"id":18047,"href":"https:\/\/akerkimya.com\/eticaret\/wp-json\/wp\/v2\/product\/18042\/revisions\/18047"}],"wp:featuredmedia":[{"embeddable":true,"href":"https:\/\/akerkimya.com\/eticaret\/wp-json\/wp\/v2\/media\/18043"}],"wp:attachment":[{"href":"https:\/\/akerkimya.com\/eticaret\/wp-json\/wp\/v2\/media?parent=18042"}],"wp:term":[{"taxonomy":"product_cat","embeddable":true,"href":"https:\/\/akerkimya.com\/eticaret\/wp-json\/wp\/v2\/product_cat?post=18042"},{"taxonomy":"product_tag","embeddable":true,"href":"https:\/\/akerkimya.com\/eticaret\/wp-json\/wp\/v2\/product_tag?post=18042"}],"curies":[{"name":"wp","href":"https:\/\/api.w.org\/{rel}","templated":true}]}}