{"id":18059,"date":"2025-01-09T16:47:21","date_gmt":"2025-01-09T13:47:21","guid":{"rendered":"https:\/\/akerkimya.com\/eticaret\/?post_type=product&#038;p=18059"},"modified":"2026-05-04T15:58:48","modified_gmt":"2026-05-04T12:58:48","slug":"betain-hcl-betain-hidroklorur","status":"publish","type":"product","link":"https:\/\/akerkimya.com\/eticaret\/urun\/betain-hcl-betain-hidroklorur\/","title":{"rendered":"BETA\u0130N HCL (BETA\u0130N H\u0130DROKLOR\u00dcR)"},"content":{"rendered":"<h1>BETA\u0130N HCL (BETA\u0130N H\u0130DROKLOR\u00dcR)<\/h1>\n<p><strong>Betain HCL, C5H11NO2 form\u00fcl\u00fcne sahip vitamin benzeri bir madde olan betain \u2018in asidik \u015feklidir. Do\u011fal olarak en \u00e7ok bal\u0131k, fasulye ve pancarda bulunur.<\/strong><\/p>\n<p><strong>\u00a0<\/strong><\/p>\n<p><strong>BETA\u0130N HCL \u00d6ZELL\u0130KLER\u0130<\/strong><\/p>\n<p><strong>Beyaz renkte kristal toz formundad\u0131r.<\/strong><\/p>\n<p><strong>Suda, etanolde kolayca \u00e7\u00f6z\u00fcn\u00fcr. Eterde \u00e7\u00f6z\u00fcnmez.<\/strong><\/p>\n<p><strong>Higroskapik bir kimyasald\u0131r.<\/strong><\/p>\n<p><strong>\u00a0<\/strong><\/p>\n<p><strong>TEKN\u0130K \u00d6ZELL\u0130KLER\u0130<\/strong><\/p>\n<p><strong>CAS NUMARASI: 590-46-5<\/strong><\/p>\n<p><strong>EINECS: 209-683-1<\/strong><\/p>\n<p><strong>MOLEK\u00dcLER FORM\u00dcL: C5H11NO2<\/strong><\/p>\n<p><strong>MOLEK\u00dcLER A\u011eIRLIK: 117,15<\/strong><\/p>\n<p><strong>KURUMA KAYBI: %0.20<\/strong><\/p>\n<p><strong>TUTU\u015eMA KALINTISI: %1.49<\/strong><\/p>\n<p><strong>\u00a0<\/strong><\/p>\n<p><strong>KULLANIM ALANLARI<\/strong><\/p>\n<p><strong>Hayvan yemlerinde, b\u00fcy\u00fcmeyi te\u015fvik etmek, yumurtlama haz\u0131n\u0131 ve ya\u011fs\u0131z et oran\u0131n\u0131 azaltmak i\u00e7in kullan\u0131l\u0131r.<\/strong><\/p>\n<p><strong>Hayvan yemlerinde, ya\u011f metabolizmas\u0131n\u0131 h\u0131zland\u0131rabilir. Hayvanlar\u0131n tat ve kokular\u0131n\u0131 uyarabilir.<\/strong><\/p>\n<p>&nbsp;<\/p>\n<p><strong>AMBALAJ<\/strong><\/p>\n<p><strong>1-5-25 g ambalajlar halinde<\/strong><\/p>\n<p><strong>\u00a0<\/strong><\/p>\n<p><strong>DEPOLAMA<\/strong><\/p>\n<p><strong>Serin ve kuru bir alanda muhafaza ediniz.<\/strong><\/p>\n<p><strong>\u00a0<\/strong><\/p>\n","protected":false},"excerpt":{"rendered":"<p>BETA\u0130N HCL (BETA\u0130N H\u0130DROKLOR\u00dcR) Betain HCL, C5H11NO2 form\u00fcl\u00fcne sahip vitamin benzeri bir madde olan betain \u2018in asidik \u015feklidir. Do\u011fal olarak<\/p>\n","protected":false},"featured_media":18060,"comment_status":"open","ping_status":"closed","template":"","meta":{"_joinchat":[]},"product_cat":[81],"product_tag":[],"class_list":{"0":"post-18059","1":"product","2":"type-product","3":"status-publish","4":"has-post-thumbnail","6":"product_cat-yem-katki-kimyasallari","8":"first","9":"instock","10":"shipping-taxable","11":"purchasable","12":"product-type-variable"},"yoast_head":"<!-- This site is optimized with the Yoast SEO Premium plugin v20.2.1 (Yoast SEO v20.2.1) - https:\/\/yoast.com\/wordpress\/plugins\/seo\/ -->\n<title>BETA\u0130N HCL (BETA\u0130N H\u0130DROKLOR\u00dcR) - Akerkimya<\/title>\n<meta name=\"robots\" content=\"index, follow, max-snippet:-1, max-image-preview:large, max-video-preview:-1\" \/>\n<link rel=\"canonical\" href=\"https:\/\/akerkimya.com\/eticaret\/urun\/betain-hcl-betain-hidroklorur\/\" \/>\n<meta property=\"og:locale\" content=\"tr_TR\" \/>\n<meta property=\"og:type\" content=\"article\" \/>\n<meta property=\"og:title\" content=\"BETA\u0130N HCL (BETA\u0130N H\u0130DROKLOR\u00dcR)\" \/>\n<meta property=\"og:description\" content=\"BETA\u0130N HCL (BETA\u0130N H\u0130DROKLOR\u00dcR) Betain HCL, C5H11NO2 form\u00fcl\u00fcne sahip vitamin benzeri bir madde olan betain \u2018in asidik \u015feklidir. Do\u011fal olarak\" \/>\n<meta property=\"og:url\" content=\"https:\/\/akerkimya.com\/eticaret\/urun\/betain-hcl-betain-hidroklorur\/\" \/>\n<meta property=\"og:site_name\" content=\"Akerkimya\" \/>\n<meta property=\"article:modified_time\" content=\"2026-05-04T12:58:48+00:00\" \/>\n<meta property=\"og:image\" content=\"https:\/\/akerkimya.com\/eticaret\/wp-content\/uploads\/2025\/01\/BETAIN-HCL-GUNCEL.png\" \/>\n\t<meta property=\"og:image:width\" content=\"1000\" \/>\n\t<meta property=\"og:image:height\" content=\"1000\" \/>\n\t<meta property=\"og:image:type\" content=\"image\/png\" \/>\n<meta name=\"twitter:card\" content=\"summary_large_image\" \/>\n<meta name=\"twitter:label1\" content=\"Tahmini okuma s\u00fcresi\" \/>\n\t<meta name=\"twitter:data1\" content=\"1 dakika\" \/>\n<script type=\"application\/ld+json\" class=\"yoast-schema-graph\">{\"@context\":\"https:\/\/schema.org\",\"@graph\":[{\"@type\":\"WebPage\",\"@id\":\"https:\/\/akerkimya.com\/eticaret\/urun\/betain-hcl-betain-hidroklorur\/\",\"url\":\"https:\/\/akerkimya.com\/eticaret\/urun\/betain-hcl-betain-hidroklorur\/\",\"name\":\"BETA\u0130N HCL (BETA\u0130N H\u0130DROKLOR\u00dcR) - Akerkimya\",\"isPartOf\":{\"@id\":\"https:\/\/akerkimya.com\/eticaret\/#website\"},\"datePublished\":\"2025-01-09T13:47:21+00:00\",\"dateModified\":\"2026-05-04T12:58:48+00:00\",\"breadcrumb\":{\"@id\":\"https:\/\/akerkimya.com\/eticaret\/urun\/betain-hcl-betain-hidroklorur\/#breadcrumb\"},\"inLanguage\":\"tr\",\"potentialAction\":[{\"@type\":\"ReadAction\",\"target\":[\"https:\/\/akerkimya.com\/eticaret\/urun\/betain-hcl-betain-hidroklorur\/\"]}]},{\"@type\":\"BreadcrumbList\",\"@id\":\"https:\/\/akerkimya.com\/eticaret\/urun\/betain-hcl-betain-hidroklorur\/#breadcrumb\",\"itemListElement\":[{\"@type\":\"ListItem\",\"position\":1,\"name\":\"Home\",\"item\":\"https:\/\/akerkimya.com\/eticaret\/\"},{\"@type\":\"ListItem\",\"position\":2,\"name\":\"Market\",\"item\":\"https:\/\/akerkimya.com\/eticaret\/market\/\"},{\"@type\":\"ListItem\",\"position\":3,\"name\":\"BETA\u0130N HCL (BETA\u0130N H\u0130DROKLOR\u00dcR)\"}]},{\"@type\":\"WebSite\",\"@id\":\"https:\/\/akerkimya.com\/eticaret\/#website\",\"url\":\"https:\/\/akerkimya.com\/eticaret\/\",\"name\":\"Akerkimya\",\"description\":\"\",\"potentialAction\":[{\"@type\":\"SearchAction\",\"target\":{\"@type\":\"EntryPoint\",\"urlTemplate\":\"https:\/\/akerkimya.com\/eticaret\/?s={search_term_string}\"},\"query-input\":\"required name=search_term_string\"}],\"inLanguage\":\"tr\"}]}<\/script>\n<!-- \/ Yoast SEO Premium plugin. -->","yoast_head_json":{"title":"BETA\u0130N HCL (BETA\u0130N H\u0130DROKLOR\u00dcR) - Akerkimya","robots":{"index":"index","follow":"follow","max-snippet":"max-snippet:-1","max-image-preview":"max-image-preview:large","max-video-preview":"max-video-preview:-1"},"canonical":"https:\/\/akerkimya.com\/eticaret\/urun\/betain-hcl-betain-hidroklorur\/","og_locale":"tr_TR","og_type":"article","og_title":"BETA\u0130N HCL (BETA\u0130N H\u0130DROKLOR\u00dcR)","og_description":"BETA\u0130N HCL (BETA\u0130N H\u0130DROKLOR\u00dcR) Betain HCL, C5H11NO2 form\u00fcl\u00fcne sahip vitamin benzeri bir madde olan betain \u2018in asidik \u015feklidir. Do\u011fal olarak","og_url":"https:\/\/akerkimya.com\/eticaret\/urun\/betain-hcl-betain-hidroklorur\/","og_site_name":"Akerkimya","article_modified_time":"2026-05-04T12:58:48+00:00","og_image":[{"width":1000,"height":1000,"url":"https:\/\/akerkimya.com\/eticaret\/wp-content\/uploads\/2025\/01\/BETAIN-HCL-GUNCEL.png","type":"image\/png"}],"twitter_card":"summary_large_image","twitter_misc":{"Tahmini okuma s\u00fcresi":"1 dakika"},"schema":{"@context":"https:\/\/schema.org","@graph":[{"@type":"WebPage","@id":"https:\/\/akerkimya.com\/eticaret\/urun\/betain-hcl-betain-hidroklorur\/","url":"https:\/\/akerkimya.com\/eticaret\/urun\/betain-hcl-betain-hidroklorur\/","name":"BETA\u0130N HCL (BETA\u0130N H\u0130DROKLOR\u00dcR) - Akerkimya","isPartOf":{"@id":"https:\/\/akerkimya.com\/eticaret\/#website"},"datePublished":"2025-01-09T13:47:21+00:00","dateModified":"2026-05-04T12:58:48+00:00","breadcrumb":{"@id":"https:\/\/akerkimya.com\/eticaret\/urun\/betain-hcl-betain-hidroklorur\/#breadcrumb"},"inLanguage":"tr","potentialAction":[{"@type":"ReadAction","target":["https:\/\/akerkimya.com\/eticaret\/urun\/betain-hcl-betain-hidroklorur\/"]}]},{"@type":"BreadcrumbList","@id":"https:\/\/akerkimya.com\/eticaret\/urun\/betain-hcl-betain-hidroklorur\/#breadcrumb","itemListElement":[{"@type":"ListItem","position":1,"name":"Home","item":"https:\/\/akerkimya.com\/eticaret\/"},{"@type":"ListItem","position":2,"name":"Market","item":"https:\/\/akerkimya.com\/eticaret\/market\/"},{"@type":"ListItem","position":3,"name":"BETA\u0130N HCL (BETA\u0130N H\u0130DROKLOR\u00dcR)"}]},{"@type":"WebSite","@id":"https:\/\/akerkimya.com\/eticaret\/#website","url":"https:\/\/akerkimya.com\/eticaret\/","name":"Akerkimya","description":"","potentialAction":[{"@type":"SearchAction","target":{"@type":"EntryPoint","urlTemplate":"https:\/\/akerkimya.com\/eticaret\/?s={search_term_string}"},"query-input":"required name=search_term_string"}],"inLanguage":"tr"}]}},"_links":{"self":[{"href":"https:\/\/akerkimya.com\/eticaret\/wp-json\/wp\/v2\/product\/18059","targetHints":{"allow":["GET"]}}],"collection":[{"href":"https:\/\/akerkimya.com\/eticaret\/wp-json\/wp\/v2\/product"}],"about":[{"href":"https:\/\/akerkimya.com\/eticaret\/wp-json\/wp\/v2\/types\/product"}],"replies":[{"embeddable":true,"href":"https:\/\/akerkimya.com\/eticaret\/wp-json\/wp\/v2\/comments?post=18059"}],"version-history":[{"count":3,"href":"https:\/\/akerkimya.com\/eticaret\/wp-json\/wp\/v2\/product\/18059\/revisions"}],"predecessor-version":[{"id":19479,"href":"https:\/\/akerkimya.com\/eticaret\/wp-json\/wp\/v2\/product\/18059\/revisions\/19479"}],"wp:featuredmedia":[{"embeddable":true,"href":"https:\/\/akerkimya.com\/eticaret\/wp-json\/wp\/v2\/media\/18060"}],"wp:attachment":[{"href":"https:\/\/akerkimya.com\/eticaret\/wp-json\/wp\/v2\/media?parent=18059"}],"wp:term":[{"taxonomy":"product_cat","embeddable":true,"href":"https:\/\/akerkimya.com\/eticaret\/wp-json\/wp\/v2\/product_cat?post=18059"},{"taxonomy":"product_tag","embeddable":true,"href":"https:\/\/akerkimya.com\/eticaret\/wp-json\/wp\/v2\/product_tag?post=18059"}],"curies":[{"name":"wp","href":"https:\/\/api.w.org\/{rel}","templated":true}]}}