{"id":18072,"date":"2025-01-09T16:56:47","date_gmt":"2025-01-09T13:56:47","guid":{"rendered":"https:\/\/akerkimya.com\/eticaret\/?post_type=product&#038;p=18072"},"modified":"2026-03-30T02:24:32","modified_gmt":"2026-03-29T23:24:32","slug":"vitamin-d3-kolekalsiferol","status":"publish","type":"product","link":"https:\/\/akerkimya.com\/eticaret\/urun\/vitamin-d3-kolekalsiferol\/","title":{"rendered":"Vitamin D3 (Kolekalsiferol)"},"content":{"rendered":"<h1>Vitamin D3 (Kolekalsiferol)<\/h1>\n<p><strong>Kolekalsiferol olarak da bilinen D3 vitamini, D vitaminin bir t\u00fcr\u00fcd\u00fcr. V\u00fccuttaki kalsiyum ve fosfar metabolizmas\u0131n\u0131 d\u00fczenleyen en \u00f6nemli vitamin formlar\u0131ndan biridir. D3 vitamini ciltteki 7-dehidrokolesterol taraf\u0131ndan yap\u0131l\u0131r ve ultraviyole radyasyonla d\u00f6n\u00fc\u015ft\u00fcr\u00fcl\u00fcr.<\/strong><\/p>\n<p><strong>\u00a0<\/strong><\/p>\n<h3><strong>\u00d6zellikler ve Avantajlar\u0131<\/strong><\/h3>\n<p><strong>Beyaz veya kirli beyaz renkte toz formdad\u0131r.<\/strong><\/p>\n<p><strong>Ya\u011fda \u00e7\u00f6z\u00fcn\u00fcr ancak suda \u00e7\u00f6z\u00fcnmez.<\/strong><\/p>\n<p><strong>Y\u00fcksek s\u0131cakl\u0131\u011fa ve oksidasyona dayanabilir.<\/strong><\/p>\n<p><em><strong>\u00a0<\/strong><\/em><\/p>\n<h3><strong>Teknik \u00d6zellikleri<\/strong><\/h3>\n<p><strong>CAS NUMARASI: 67-97-0<\/strong><\/p>\n<p><strong>MOLEK\u00dcLER FORM\u00dcL: C27H440<\/strong><\/p>\n<p><strong>K\u0130MYASAL \u0130SM\u0130: Vitamin D3, Kolekalsiferol,<\/strong><\/p>\n<p><strong>MOLEK\u00dcLER A\u011eIRLIK: 384.64<\/strong><\/p>\n<p><strong>ERG\u0130ME NOKTASI: 83-86 \u00b0C<\/strong><\/p>\n<p><strong>SAKLAMA SICAKLI\u011eI: 2-8 \u00b0C<\/strong><\/p>\n<p><strong>KAYNAMA NOKTASI: 496.4 \u00b0C<\/strong><\/p>\n<p><em><strong>\u00a0<\/strong><\/em><\/p>\n<h3><strong>Kullan\u0131m Alanlar\u0131<\/strong><\/h3>\n<p><strong>Silika jel dolgu maddesi olarak kullan\u0131l\u0131r.<\/strong><\/p>\n<p><strong>Akut, kronik ve olas\u0131 ameliyat sonras\u0131nda<\/strong><\/p>\n<p><strong>D3 vitamini, esas olarak ba\u011f\u0131rsakta ve fosforun emilimini ve birikmesini destekleyen ra\u015fitizm ve osteomalaziyi tedavi etmek amac\u0131yla kullan\u0131l\u0131r.<\/strong><\/p>\n<p><strong>D vitaminin yetersiz oldu\u011fu durumlarda besin takviyesi olarak kullan\u0131l\u0131r.<\/strong><\/p>\n<p><strong>Normal h\u00fccrelerin ve kanser h\u00fccrelerinin \u00e7o\u011falmas\u0131n\u0131 ve farkl\u0131la\u015fmas\u0131n\u0131 d\u00fczenleyen b\u00fcy\u00fck bir ligand ba\u011f\u0131ml\u0131 transkriscripton fakt\u00f6r\u00fcn\u00fcn \u00fcyesi olan resept\u00f6rler arac\u0131l\u0131\u011f\u0131yla da i\u015flev g\u00f6r\u00fcr.<\/strong><\/p>\n<p><em><strong>\u00a0<\/strong><\/em><\/p>\n<p><strong>AMBALAJ<\/strong><\/p>\n<p><strong>1-5-25 kg torbalar halindedir.<\/strong><\/p>\n<p><strong>\u00a0<\/strong><\/p>\n<p><strong>DEPOLAMA<\/strong><\/p>\n<p><strong>Serin ve havaland\u0131r\u0131lm\u0131\u015f alanlarda muhafaza ediniz.<\/strong><\/p>\n<p><em><strong>\u00a0<\/strong><\/em><\/p>\n","protected":false},"excerpt":{"rendered":"<p>Vitamin D3 (Kolekalsiferol) Kolekalsiferol olarak da bilinen D3 vitamini, D vitaminin bir t\u00fcr\u00fcd\u00fcr. V\u00fccuttaki kalsiyum ve fosfar metabolizmas\u0131n\u0131 d\u00fczenleyen en<\/p>\n","protected":false},"featured_media":18073,"comment_status":"open","ping_status":"closed","template":"","meta":{"_joinchat":[]},"product_cat":[80],"product_tag":[],"class_list":{"0":"post-18072","1":"product","2":"type-product","3":"status-publish","4":"has-post-thumbnail","6":"product_cat-veteriner-ve-ilac-kimyasallari","8":"first","9":"instock","10":"shipping-taxable","11":"purchasable","12":"product-type-variable"},"yoast_head":"<!-- This site is optimized with the Yoast SEO Premium plugin v20.2.1 (Yoast SEO v20.2.1) - https:\/\/yoast.com\/wordpress\/plugins\/seo\/ -->\n<title>Vitamin D3 (Kolekalsiferol) - Akerkimya<\/title>\n<meta name=\"robots\" content=\"index, follow, max-snippet:-1, max-image-preview:large, max-video-preview:-1\" \/>\n<link rel=\"canonical\" href=\"https:\/\/akerkimya.com\/eticaret\/urun\/vitamin-d3-kolekalsiferol\/\" \/>\n<meta property=\"og:locale\" content=\"tr_TR\" \/>\n<meta property=\"og:type\" content=\"article\" \/>\n<meta property=\"og:title\" content=\"Vitamin D3 (Kolekalsiferol)\" \/>\n<meta property=\"og:description\" content=\"Vitamin D3 (Kolekalsiferol) Kolekalsiferol olarak da bilinen D3 vitamini, D vitaminin bir t\u00fcr\u00fcd\u00fcr. V\u00fccuttaki kalsiyum ve fosfar metabolizmas\u0131n\u0131 d\u00fczenleyen en\" \/>\n<meta property=\"og:url\" content=\"https:\/\/akerkimya.com\/eticaret\/urun\/vitamin-d3-kolekalsiferol\/\" \/>\n<meta property=\"og:site_name\" content=\"Akerkimya\" \/>\n<meta property=\"article:modified_time\" content=\"2026-03-29T23:24:32+00:00\" \/>\n<meta property=\"og:image\" content=\"https:\/\/akerkimya.com\/eticaret\/wp-content\/uploads\/2025\/01\/VITAMIN-D3-KOLEKALSIFEROL-GUNCEL.png\" \/>\n\t<meta property=\"og:image:width\" content=\"1000\" \/>\n\t<meta property=\"og:image:height\" content=\"1000\" \/>\n\t<meta property=\"og:image:type\" content=\"image\/png\" \/>\n<meta name=\"twitter:card\" content=\"summary_large_image\" \/>\n<meta name=\"twitter:label1\" content=\"Tahmini okuma s\u00fcresi\" \/>\n\t<meta name=\"twitter:data1\" content=\"1 dakika\" \/>\n<script type=\"application\/ld+json\" class=\"yoast-schema-graph\">{\"@context\":\"https:\/\/schema.org\",\"@graph\":[{\"@type\":\"WebPage\",\"@id\":\"https:\/\/akerkimya.com\/eticaret\/urun\/vitamin-d3-kolekalsiferol\/\",\"url\":\"https:\/\/akerkimya.com\/eticaret\/urun\/vitamin-d3-kolekalsiferol\/\",\"name\":\"Vitamin D3 (Kolekalsiferol) - Akerkimya\",\"isPartOf\":{\"@id\":\"https:\/\/akerkimya.com\/eticaret\/#website\"},\"datePublished\":\"2025-01-09T13:56:47+00:00\",\"dateModified\":\"2026-03-29T23:24:32+00:00\",\"breadcrumb\":{\"@id\":\"https:\/\/akerkimya.com\/eticaret\/urun\/vitamin-d3-kolekalsiferol\/#breadcrumb\"},\"inLanguage\":\"tr\",\"potentialAction\":[{\"@type\":\"ReadAction\",\"target\":[\"https:\/\/akerkimya.com\/eticaret\/urun\/vitamin-d3-kolekalsiferol\/\"]}]},{\"@type\":\"BreadcrumbList\",\"@id\":\"https:\/\/akerkimya.com\/eticaret\/urun\/vitamin-d3-kolekalsiferol\/#breadcrumb\",\"itemListElement\":[{\"@type\":\"ListItem\",\"position\":1,\"name\":\"Home\",\"item\":\"https:\/\/akerkimya.com\/eticaret\/\"},{\"@type\":\"ListItem\",\"position\":2,\"name\":\"Market\",\"item\":\"https:\/\/akerkimya.com\/eticaret\/market\/\"},{\"@type\":\"ListItem\",\"position\":3,\"name\":\"Vitamin D3 (Kolekalsiferol)\"}]},{\"@type\":\"WebSite\",\"@id\":\"https:\/\/akerkimya.com\/eticaret\/#website\",\"url\":\"https:\/\/akerkimya.com\/eticaret\/\",\"name\":\"Akerkimya\",\"description\":\"\",\"potentialAction\":[{\"@type\":\"SearchAction\",\"target\":{\"@type\":\"EntryPoint\",\"urlTemplate\":\"https:\/\/akerkimya.com\/eticaret\/?s={search_term_string}\"},\"query-input\":\"required name=search_term_string\"}],\"inLanguage\":\"tr\"}]}<\/script>\n<!-- \/ Yoast SEO Premium plugin. -->","yoast_head_json":{"title":"Vitamin D3 (Kolekalsiferol) - Akerkimya","robots":{"index":"index","follow":"follow","max-snippet":"max-snippet:-1","max-image-preview":"max-image-preview:large","max-video-preview":"max-video-preview:-1"},"canonical":"https:\/\/akerkimya.com\/eticaret\/urun\/vitamin-d3-kolekalsiferol\/","og_locale":"tr_TR","og_type":"article","og_title":"Vitamin D3 (Kolekalsiferol)","og_description":"Vitamin D3 (Kolekalsiferol) Kolekalsiferol olarak da bilinen D3 vitamini, D vitaminin bir t\u00fcr\u00fcd\u00fcr. V\u00fccuttaki kalsiyum ve fosfar metabolizmas\u0131n\u0131 d\u00fczenleyen en","og_url":"https:\/\/akerkimya.com\/eticaret\/urun\/vitamin-d3-kolekalsiferol\/","og_site_name":"Akerkimya","article_modified_time":"2026-03-29T23:24:32+00:00","og_image":[{"width":1000,"height":1000,"url":"https:\/\/akerkimya.com\/eticaret\/wp-content\/uploads\/2025\/01\/VITAMIN-D3-KOLEKALSIFEROL-GUNCEL.png","type":"image\/png"}],"twitter_card":"summary_large_image","twitter_misc":{"Tahmini okuma s\u00fcresi":"1 dakika"},"schema":{"@context":"https:\/\/schema.org","@graph":[{"@type":"WebPage","@id":"https:\/\/akerkimya.com\/eticaret\/urun\/vitamin-d3-kolekalsiferol\/","url":"https:\/\/akerkimya.com\/eticaret\/urun\/vitamin-d3-kolekalsiferol\/","name":"Vitamin D3 (Kolekalsiferol) - Akerkimya","isPartOf":{"@id":"https:\/\/akerkimya.com\/eticaret\/#website"},"datePublished":"2025-01-09T13:56:47+00:00","dateModified":"2026-03-29T23:24:32+00:00","breadcrumb":{"@id":"https:\/\/akerkimya.com\/eticaret\/urun\/vitamin-d3-kolekalsiferol\/#breadcrumb"},"inLanguage":"tr","potentialAction":[{"@type":"ReadAction","target":["https:\/\/akerkimya.com\/eticaret\/urun\/vitamin-d3-kolekalsiferol\/"]}]},{"@type":"BreadcrumbList","@id":"https:\/\/akerkimya.com\/eticaret\/urun\/vitamin-d3-kolekalsiferol\/#breadcrumb","itemListElement":[{"@type":"ListItem","position":1,"name":"Home","item":"https:\/\/akerkimya.com\/eticaret\/"},{"@type":"ListItem","position":2,"name":"Market","item":"https:\/\/akerkimya.com\/eticaret\/market\/"},{"@type":"ListItem","position":3,"name":"Vitamin D3 (Kolekalsiferol)"}]},{"@type":"WebSite","@id":"https:\/\/akerkimya.com\/eticaret\/#website","url":"https:\/\/akerkimya.com\/eticaret\/","name":"Akerkimya","description":"","potentialAction":[{"@type":"SearchAction","target":{"@type":"EntryPoint","urlTemplate":"https:\/\/akerkimya.com\/eticaret\/?s={search_term_string}"},"query-input":"required name=search_term_string"}],"inLanguage":"tr"}]}},"_links":{"self":[{"href":"https:\/\/akerkimya.com\/eticaret\/wp-json\/wp\/v2\/product\/18072","targetHints":{"allow":["GET"]}}],"collection":[{"href":"https:\/\/akerkimya.com\/eticaret\/wp-json\/wp\/v2\/product"}],"about":[{"href":"https:\/\/akerkimya.com\/eticaret\/wp-json\/wp\/v2\/types\/product"}],"replies":[{"embeddable":true,"href":"https:\/\/akerkimya.com\/eticaret\/wp-json\/wp\/v2\/comments?post=18072"}],"version-history":[{"count":2,"href":"https:\/\/akerkimya.com\/eticaret\/wp-json\/wp\/v2\/product\/18072\/revisions"}],"predecessor-version":[{"id":18167,"href":"https:\/\/akerkimya.com\/eticaret\/wp-json\/wp\/v2\/product\/18072\/revisions\/18167"}],"wp:featuredmedia":[{"embeddable":true,"href":"https:\/\/akerkimya.com\/eticaret\/wp-json\/wp\/v2\/media\/18073"}],"wp:attachment":[{"href":"https:\/\/akerkimya.com\/eticaret\/wp-json\/wp\/v2\/media?parent=18072"}],"wp:term":[{"taxonomy":"product_cat","embeddable":true,"href":"https:\/\/akerkimya.com\/eticaret\/wp-json\/wp\/v2\/product_cat?post=18072"},{"taxonomy":"product_tag","embeddable":true,"href":"https:\/\/akerkimya.com\/eticaret\/wp-json\/wp\/v2\/product_tag?post=18072"}],"curies":[{"name":"wp","href":"https:\/\/api.w.org\/{rel}","templated":true}]}}