{"id":18078,"date":"2025-01-09T16:59:14","date_gmt":"2025-01-09T13:59:14","guid":{"rendered":"https:\/\/akerkimya.com\/eticaret\/?post_type=product&#038;p=18078"},"modified":"2026-03-30T02:24:32","modified_gmt":"2026-03-29T23:24:32","slug":"vitamin-k3","status":"publish","type":"product","link":"https:\/\/akerkimya.com\/eticaret\/urun\/vitamin-k3\/","title":{"rendered":"Vitamin K3"},"content":{"rendered":"<h1>Vitamin K3<\/h1>\n<p><strong>Vitamin K3, C11H8O2 kimyasal form\u00fcl\u00fcne sahip organik bir bile\u015fiktir. \u0130nsan v\u00fccudu i\u00e7in en yararl\u0131 K vitamini formu olan K2 vitamini i\u00e7in \u00f6nc\u00fc g\u00f6revi g\u00f6ren sentetik bir takviyedir.<\/strong><\/p>\n<p><em><strong>\u00a0<\/strong><\/em><\/p>\n<h3><strong>\u00d6zellikler ve Avantajlar\u0131<\/strong><\/h3>\n<p><strong>Beyaz, sar\u0131mt\u0131rak renkte kristal formdad\u0131r.<\/strong><\/p>\n<p><strong>K3 vitamini do\u011fal olanlardan 2 kat daha g\u00fc\u00e7l\u00fcd\u00fcr.<\/strong><\/p>\n<p><em><strong>\u00a0<\/strong><\/em><\/p>\n<h3><strong>Teknik \u00d6zellikleri<\/strong><\/h3>\n<p><strong>CAS NUMARASI: 58-27-5<\/strong><\/p>\n<p><strong>K\u0130MYASAL FORM\u00dcL: C11H8O2<\/strong><\/p>\n<p><strong>K\u0130MYASAL \u0130SM\u0130: Vitamin K3, Menadion , 2-metil-1, 4-naftokinon<\/strong><\/p>\n<p><strong>MOLEK\u00dcLER A\u011eIRLIK: 172.18<\/strong><\/p>\n<p><strong>PH ARALI\u011eI: %4,55<\/strong><\/p>\n<p><strong>SAFLIK: % 99,66<\/strong><\/p>\n<p><strong>ER\u0130ME NOKTASI: 105-107 \u00b0C<\/strong><\/p>\n<p><strong>KAYNAMA NOKTASI: 304,5 \u00b0C<\/strong><\/p>\n<p><strong>PARLAMA NOKTASI: 113,8 \u00b0C<\/strong><\/p>\n<p><strong>\u00c7\u00d6Z\u00dcN\u00dcRL\u00dcK: Suda \u00e7\u00f6z\u00fcn\u00fcr<\/strong><\/p>\n<p><em><strong>\u00a0<\/strong><\/em><\/p>\n<h3><strong>Kullan\u0131m Alanlar\u0131<\/strong><\/h3>\n<p><strong>Besin i\u00e7eri\u011fini artt\u0131rmak i\u00e7in genellikle hayvan yemlerinde ve baz\u0131 hayvan mamalar\u0131nda kullan\u0131l\u0131r.<\/strong><\/p>\n<p><strong>K3 vitamini bir prokoag\u00fclantt\u0131r ve k vitamini eksikli\u011finin neden oldu\u011fu kanama bozukluklar\u0131n\u0131 tedavi etmek i\u00e7in kullan\u0131l\u0131r.<\/strong><\/p>\n<p><strong>Hemorajik tip hastal\u0131\u011f\u0131n yani koksidiyozun tedavisinde kullan\u0131l\u0131r.<\/strong><\/p>\n<p><strong>Hayvan yemlerinden idrar s\u00f6kt\u00fcr\u00fcc\u00fc ve karaci\u011fer detoksifikasyon fonksiyonunu geli\u015ftirmek i\u00e7in kullan\u0131l\u0131r.<\/strong><\/p>\n<p><em><strong>\u00a0<\/strong><\/em><\/p>\n<p><strong>AMBALAJ<\/strong><\/p>\n<p><strong>1-5-25 kg torbalar halinde<\/strong><\/p>\n<p><strong>\u00a0<\/strong><\/p>\n<p><strong>DEPOLAMA<\/strong><\/p>\n<p><strong>Serin ve kuru bir alanda muhafaza ediniz.<\/strong><\/p>\n<p><em><strong>\u00a0<\/strong><\/em><\/p>\n","protected":false},"excerpt":{"rendered":"<p>Vitamin K3 Vitamin K3, C11H8O2 kimyasal form\u00fcl\u00fcne sahip organik bir bile\u015fiktir. \u0130nsan v\u00fccudu i\u00e7in en yararl\u0131 K vitamini formu olan<\/p>\n","protected":false},"featured_media":18082,"comment_status":"open","ping_status":"closed","template":"","meta":{"_joinchat":[]},"product_cat":[80,81],"product_tag":[],"class_list":{"0":"post-18078","1":"product","2":"type-product","3":"status-publish","4":"has-post-thumbnail","6":"product_cat-veteriner-ve-ilac-kimyasallari","7":"product_cat-yem-katki-kimyasallari","9":"first","10":"instock","11":"shipping-taxable","12":"purchasable","13":"product-type-variable"},"yoast_head":"<!-- This site is optimized with the Yoast SEO Premium plugin v20.2.1 (Yoast SEO v20.2.1) - https:\/\/yoast.com\/wordpress\/plugins\/seo\/ -->\n<title>Vitamin K3 - Akerkimya<\/title>\n<meta name=\"robots\" content=\"index, follow, max-snippet:-1, max-image-preview:large, max-video-preview:-1\" \/>\n<link rel=\"canonical\" href=\"https:\/\/akerkimya.com\/eticaret\/urun\/vitamin-k3\/\" \/>\n<meta property=\"og:locale\" content=\"tr_TR\" \/>\n<meta property=\"og:type\" content=\"article\" \/>\n<meta property=\"og:title\" content=\"Vitamin K3\" \/>\n<meta property=\"og:description\" content=\"Vitamin K3 Vitamin K3, C11H8O2 kimyasal form\u00fcl\u00fcne sahip organik bir bile\u015fiktir. \u0130nsan v\u00fccudu i\u00e7in en yararl\u0131 K vitamini formu olan\" \/>\n<meta property=\"og:url\" content=\"https:\/\/akerkimya.com\/eticaret\/urun\/vitamin-k3\/\" \/>\n<meta property=\"og:site_name\" content=\"Akerkimya\" \/>\n<meta property=\"article:modified_time\" content=\"2026-03-29T23:24:32+00:00\" \/>\n<meta property=\"og:image\" content=\"https:\/\/akerkimya.com\/eticaret\/wp-content\/uploads\/2025\/01\/VITAMIN-K3-GUNCEL.png\" \/>\n\t<meta property=\"og:image:width\" content=\"1000\" \/>\n\t<meta property=\"og:image:height\" content=\"1000\" \/>\n\t<meta property=\"og:image:type\" content=\"image\/png\" \/>\n<meta name=\"twitter:card\" content=\"summary_large_image\" \/>\n<meta name=\"twitter:label1\" content=\"Tahmini okuma s\u00fcresi\" \/>\n\t<meta name=\"twitter:data1\" content=\"1 dakika\" \/>\n<script type=\"application\/ld+json\" class=\"yoast-schema-graph\">{\"@context\":\"https:\/\/schema.org\",\"@graph\":[{\"@type\":\"WebPage\",\"@id\":\"https:\/\/akerkimya.com\/eticaret\/urun\/vitamin-k3\/\",\"url\":\"https:\/\/akerkimya.com\/eticaret\/urun\/vitamin-k3\/\",\"name\":\"Vitamin K3 - Akerkimya\",\"isPartOf\":{\"@id\":\"https:\/\/akerkimya.com\/eticaret\/#website\"},\"datePublished\":\"2025-01-09T13:59:14+00:00\",\"dateModified\":\"2026-03-29T23:24:32+00:00\",\"breadcrumb\":{\"@id\":\"https:\/\/akerkimya.com\/eticaret\/urun\/vitamin-k3\/#breadcrumb\"},\"inLanguage\":\"tr\",\"potentialAction\":[{\"@type\":\"ReadAction\",\"target\":[\"https:\/\/akerkimya.com\/eticaret\/urun\/vitamin-k3\/\"]}]},{\"@type\":\"BreadcrumbList\",\"@id\":\"https:\/\/akerkimya.com\/eticaret\/urun\/vitamin-k3\/#breadcrumb\",\"itemListElement\":[{\"@type\":\"ListItem\",\"position\":1,\"name\":\"Home\",\"item\":\"https:\/\/akerkimya.com\/eticaret\/\"},{\"@type\":\"ListItem\",\"position\":2,\"name\":\"Market\",\"item\":\"https:\/\/akerkimya.com\/eticaret\/market\/\"},{\"@type\":\"ListItem\",\"position\":3,\"name\":\"Vitamin K3\"}]},{\"@type\":\"WebSite\",\"@id\":\"https:\/\/akerkimya.com\/eticaret\/#website\",\"url\":\"https:\/\/akerkimya.com\/eticaret\/\",\"name\":\"Akerkimya\",\"description\":\"\",\"potentialAction\":[{\"@type\":\"SearchAction\",\"target\":{\"@type\":\"EntryPoint\",\"urlTemplate\":\"https:\/\/akerkimya.com\/eticaret\/?s={search_term_string}\"},\"query-input\":\"required name=search_term_string\"}],\"inLanguage\":\"tr\"}]}<\/script>\n<!-- \/ Yoast SEO Premium plugin. -->","yoast_head_json":{"title":"Vitamin K3 - Akerkimya","robots":{"index":"index","follow":"follow","max-snippet":"max-snippet:-1","max-image-preview":"max-image-preview:large","max-video-preview":"max-video-preview:-1"},"canonical":"https:\/\/akerkimya.com\/eticaret\/urun\/vitamin-k3\/","og_locale":"tr_TR","og_type":"article","og_title":"Vitamin K3","og_description":"Vitamin K3 Vitamin K3, C11H8O2 kimyasal form\u00fcl\u00fcne sahip organik bir bile\u015fiktir. \u0130nsan v\u00fccudu i\u00e7in en yararl\u0131 K vitamini formu olan","og_url":"https:\/\/akerkimya.com\/eticaret\/urun\/vitamin-k3\/","og_site_name":"Akerkimya","article_modified_time":"2026-03-29T23:24:32+00:00","og_image":[{"width":1000,"height":1000,"url":"https:\/\/akerkimya.com\/eticaret\/wp-content\/uploads\/2025\/01\/VITAMIN-K3-GUNCEL.png","type":"image\/png"}],"twitter_card":"summary_large_image","twitter_misc":{"Tahmini okuma s\u00fcresi":"1 dakika"},"schema":{"@context":"https:\/\/schema.org","@graph":[{"@type":"WebPage","@id":"https:\/\/akerkimya.com\/eticaret\/urun\/vitamin-k3\/","url":"https:\/\/akerkimya.com\/eticaret\/urun\/vitamin-k3\/","name":"Vitamin K3 - Akerkimya","isPartOf":{"@id":"https:\/\/akerkimya.com\/eticaret\/#website"},"datePublished":"2025-01-09T13:59:14+00:00","dateModified":"2026-03-29T23:24:32+00:00","breadcrumb":{"@id":"https:\/\/akerkimya.com\/eticaret\/urun\/vitamin-k3\/#breadcrumb"},"inLanguage":"tr","potentialAction":[{"@type":"ReadAction","target":["https:\/\/akerkimya.com\/eticaret\/urun\/vitamin-k3\/"]}]},{"@type":"BreadcrumbList","@id":"https:\/\/akerkimya.com\/eticaret\/urun\/vitamin-k3\/#breadcrumb","itemListElement":[{"@type":"ListItem","position":1,"name":"Home","item":"https:\/\/akerkimya.com\/eticaret\/"},{"@type":"ListItem","position":2,"name":"Market","item":"https:\/\/akerkimya.com\/eticaret\/market\/"},{"@type":"ListItem","position":3,"name":"Vitamin K3"}]},{"@type":"WebSite","@id":"https:\/\/akerkimya.com\/eticaret\/#website","url":"https:\/\/akerkimya.com\/eticaret\/","name":"Akerkimya","description":"","potentialAction":[{"@type":"SearchAction","target":{"@type":"EntryPoint","urlTemplate":"https:\/\/akerkimya.com\/eticaret\/?s={search_term_string}"},"query-input":"required name=search_term_string"}],"inLanguage":"tr"}]}},"_links":{"self":[{"href":"https:\/\/akerkimya.com\/eticaret\/wp-json\/wp\/v2\/product\/18078","targetHints":{"allow":["GET"]}}],"collection":[{"href":"https:\/\/akerkimya.com\/eticaret\/wp-json\/wp\/v2\/product"}],"about":[{"href":"https:\/\/akerkimya.com\/eticaret\/wp-json\/wp\/v2\/types\/product"}],"replies":[{"embeddable":true,"href":"https:\/\/akerkimya.com\/eticaret\/wp-json\/wp\/v2\/comments?post=18078"}],"version-history":[{"count":1,"href":"https:\/\/akerkimya.com\/eticaret\/wp-json\/wp\/v2\/product\/18078\/revisions"}],"predecessor-version":[{"id":18083,"href":"https:\/\/akerkimya.com\/eticaret\/wp-json\/wp\/v2\/product\/18078\/revisions\/18083"}],"wp:featuredmedia":[{"embeddable":true,"href":"https:\/\/akerkimya.com\/eticaret\/wp-json\/wp\/v2\/media\/18082"}],"wp:attachment":[{"href":"https:\/\/akerkimya.com\/eticaret\/wp-json\/wp\/v2\/media?parent=18078"}],"wp:term":[{"taxonomy":"product_cat","embeddable":true,"href":"https:\/\/akerkimya.com\/eticaret\/wp-json\/wp\/v2\/product_cat?post=18078"},{"taxonomy":"product_tag","embeddable":true,"href":"https:\/\/akerkimya.com\/eticaret\/wp-json\/wp\/v2\/product_tag?post=18078"}],"curies":[{"name":"wp","href":"https:\/\/api.w.org\/{rel}","templated":true}]}}