{"id":18097,"date":"2025-01-09T17:32:18","date_gmt":"2025-01-09T14:32:18","guid":{"rendered":"https:\/\/akerkimya.com\/eticaret\/?post_type=product&#038;p=18097"},"modified":"2026-03-30T02:24:32","modified_gmt":"2026-03-29T23:24:32","slug":"l-threonine","status":"publish","type":"product","link":"https:\/\/akerkimya.com\/eticaret\/urun\/l-threonine\/","title":{"rendered":"L-THREON\u0130NE"},"content":{"rendered":"<h1>L-THREON\u0130NE<\/h1>\n<p><strong>Aspartat amino asit ailesine ait, do\u011fal olarak olu\u015fan bir amino asittir.<\/strong><\/p>\n<p><strong>\u00a0<\/strong><\/p>\n<p><strong>TEKN\u0130K \u00d6ZELL\u0130KLER\u0130<\/strong><\/p>\n<p><strong>CAS NUMARASI: 72-19-5<\/strong><\/p>\n<p><strong>MOLEK\u00dcLER FORM\u00dcL: C4H9NO3<\/strong><\/p>\n<p><strong>K\u0130MYASAL \u0130SM\u0130: L-Threonine<\/strong><\/p>\n<p><strong>G\u00d6R\u00dcN\u00dcM: Beyazdan sar\u0131ms\u0131 kristale\/toz<\/strong><\/p>\n<p><strong>\u00a0<\/strong><\/p>\n<p><strong>KULLANIM ALANLARI<\/strong><\/p>\n<p><strong>Kanatl\u0131 hayvanlar\u0131n Threonine gereksinimlerini kar\u015f\u0131lamak amac\u0131yla yemlerde kullan\u0131l\u0131r.<\/strong><\/p>\n<p><strong>\u00a0<\/strong><\/p>\n<p><strong>\u00a0<\/strong><\/p>\n<p><strong>AMBALAJ<\/strong><\/p>\n<p><strong>1-5-25 kg ambalajlar halindedir.<\/strong><\/p>\n<p><strong>\u00a0<\/strong><\/p>\n<p><strong>DEPOLAMA<\/strong><\/p>\n<p><strong>Serin ve kuru bir alanda torba a\u011fz\u0131 hava almayacak \u015fekilde muhafaza edilmelidir.<\/strong><\/p>\n<p>&nbsp;<\/p>\n<h1><\/h1>\n<p><strong>\u00a0<\/strong><\/p>\n","protected":false},"excerpt":{"rendered":"<p>L-THREON\u0130NE Aspartat amino asit ailesine ait, do\u011fal olarak olu\u015fan bir amino asittir. \u00a0 TEKN\u0130K \u00d6ZELL\u0130KLER\u0130 CAS NUMARASI: 72-19-5 MOLEK\u00dcLER FORM\u00dcL:<\/p>\n","protected":false},"featured_media":18098,"comment_status":"open","ping_status":"closed","template":"","meta":{"_joinchat":[]},"product_cat":[81],"product_tag":[],"class_list":{"0":"post-18097","1":"product","2":"type-product","3":"status-publish","4":"has-post-thumbnail","6":"product_cat-yem-katki-kimyasallari","8":"first","9":"instock","10":"shipping-taxable","11":"purchasable","12":"product-type-variable"},"yoast_head":"<!-- This site is optimized with the Yoast SEO Premium plugin v20.2.1 (Yoast SEO v20.2.1) - https:\/\/yoast.com\/wordpress\/plugins\/seo\/ -->\n<title>L-THREON\u0130NE - Akerkimya<\/title>\n<meta name=\"robots\" content=\"index, follow, max-snippet:-1, max-image-preview:large, max-video-preview:-1\" \/>\n<link rel=\"canonical\" href=\"https:\/\/akerkimya.com\/eticaret\/urun\/l-threonine\/\" \/>\n<meta property=\"og:locale\" content=\"tr_TR\" \/>\n<meta property=\"og:type\" content=\"article\" \/>\n<meta property=\"og:title\" content=\"L-THREON\u0130NE\" \/>\n<meta property=\"og:description\" content=\"L-THREON\u0130NE Aspartat amino asit ailesine ait, do\u011fal olarak olu\u015fan bir amino asittir. \u00a0 TEKN\u0130K \u00d6ZELL\u0130KLER\u0130 CAS NUMARASI: 72-19-5 MOLEK\u00dcLER FORM\u00dcL:\" \/>\n<meta property=\"og:url\" content=\"https:\/\/akerkimya.com\/eticaret\/urun\/l-threonine\/\" \/>\n<meta property=\"og:site_name\" content=\"Akerkimya\" \/>\n<meta property=\"article:modified_time\" content=\"2026-03-29T23:24:32+00:00\" \/>\n<meta property=\"og:image\" content=\"https:\/\/akerkimya.com\/eticaret\/wp-content\/uploads\/2025\/01\/L-TREONINE-GUNCEL.png\" \/>\n\t<meta property=\"og:image:width\" content=\"1000\" \/>\n\t<meta property=\"og:image:height\" content=\"1000\" \/>\n\t<meta property=\"og:image:type\" content=\"image\/png\" \/>\n<meta name=\"twitter:card\" content=\"summary_large_image\" \/>\n<script type=\"application\/ld+json\" class=\"yoast-schema-graph\">{\"@context\":\"https:\/\/schema.org\",\"@graph\":[{\"@type\":\"WebPage\",\"@id\":\"https:\/\/akerkimya.com\/eticaret\/urun\/l-threonine\/\",\"url\":\"https:\/\/akerkimya.com\/eticaret\/urun\/l-threonine\/\",\"name\":\"L-THREON\u0130NE - Akerkimya\",\"isPartOf\":{\"@id\":\"https:\/\/akerkimya.com\/eticaret\/#website\"},\"datePublished\":\"2025-01-09T14:32:18+00:00\",\"dateModified\":\"2026-03-29T23:24:32+00:00\",\"breadcrumb\":{\"@id\":\"https:\/\/akerkimya.com\/eticaret\/urun\/l-threonine\/#breadcrumb\"},\"inLanguage\":\"tr\",\"potentialAction\":[{\"@type\":\"ReadAction\",\"target\":[\"https:\/\/akerkimya.com\/eticaret\/urun\/l-threonine\/\"]}]},{\"@type\":\"BreadcrumbList\",\"@id\":\"https:\/\/akerkimya.com\/eticaret\/urun\/l-threonine\/#breadcrumb\",\"itemListElement\":[{\"@type\":\"ListItem\",\"position\":1,\"name\":\"Home\",\"item\":\"https:\/\/akerkimya.com\/eticaret\/\"},{\"@type\":\"ListItem\",\"position\":2,\"name\":\"Market\",\"item\":\"https:\/\/akerkimya.com\/eticaret\/market\/\"},{\"@type\":\"ListItem\",\"position\":3,\"name\":\"L-THREON\u0130NE\"}]},{\"@type\":\"WebSite\",\"@id\":\"https:\/\/akerkimya.com\/eticaret\/#website\",\"url\":\"https:\/\/akerkimya.com\/eticaret\/\",\"name\":\"Akerkimya\",\"description\":\"\",\"potentialAction\":[{\"@type\":\"SearchAction\",\"target\":{\"@type\":\"EntryPoint\",\"urlTemplate\":\"https:\/\/akerkimya.com\/eticaret\/?s={search_term_string}\"},\"query-input\":\"required name=search_term_string\"}],\"inLanguage\":\"tr\"}]}<\/script>\n<!-- \/ Yoast SEO Premium plugin. -->","yoast_head_json":{"title":"L-THREON\u0130NE - Akerkimya","robots":{"index":"index","follow":"follow","max-snippet":"max-snippet:-1","max-image-preview":"max-image-preview:large","max-video-preview":"max-video-preview:-1"},"canonical":"https:\/\/akerkimya.com\/eticaret\/urun\/l-threonine\/","og_locale":"tr_TR","og_type":"article","og_title":"L-THREON\u0130NE","og_description":"L-THREON\u0130NE Aspartat amino asit ailesine ait, do\u011fal olarak olu\u015fan bir amino asittir. \u00a0 TEKN\u0130K \u00d6ZELL\u0130KLER\u0130 CAS NUMARASI: 72-19-5 MOLEK\u00dcLER FORM\u00dcL:","og_url":"https:\/\/akerkimya.com\/eticaret\/urun\/l-threonine\/","og_site_name":"Akerkimya","article_modified_time":"2026-03-29T23:24:32+00:00","og_image":[{"width":1000,"height":1000,"url":"https:\/\/akerkimya.com\/eticaret\/wp-content\/uploads\/2025\/01\/L-TREONINE-GUNCEL.png","type":"image\/png"}],"twitter_card":"summary_large_image","schema":{"@context":"https:\/\/schema.org","@graph":[{"@type":"WebPage","@id":"https:\/\/akerkimya.com\/eticaret\/urun\/l-threonine\/","url":"https:\/\/akerkimya.com\/eticaret\/urun\/l-threonine\/","name":"L-THREON\u0130NE - Akerkimya","isPartOf":{"@id":"https:\/\/akerkimya.com\/eticaret\/#website"},"datePublished":"2025-01-09T14:32:18+00:00","dateModified":"2026-03-29T23:24:32+00:00","breadcrumb":{"@id":"https:\/\/akerkimya.com\/eticaret\/urun\/l-threonine\/#breadcrumb"},"inLanguage":"tr","potentialAction":[{"@type":"ReadAction","target":["https:\/\/akerkimya.com\/eticaret\/urun\/l-threonine\/"]}]},{"@type":"BreadcrumbList","@id":"https:\/\/akerkimya.com\/eticaret\/urun\/l-threonine\/#breadcrumb","itemListElement":[{"@type":"ListItem","position":1,"name":"Home","item":"https:\/\/akerkimya.com\/eticaret\/"},{"@type":"ListItem","position":2,"name":"Market","item":"https:\/\/akerkimya.com\/eticaret\/market\/"},{"@type":"ListItem","position":3,"name":"L-THREON\u0130NE"}]},{"@type":"WebSite","@id":"https:\/\/akerkimya.com\/eticaret\/#website","url":"https:\/\/akerkimya.com\/eticaret\/","name":"Akerkimya","description":"","potentialAction":[{"@type":"SearchAction","target":{"@type":"EntryPoint","urlTemplate":"https:\/\/akerkimya.com\/eticaret\/?s={search_term_string}"},"query-input":"required name=search_term_string"}],"inLanguage":"tr"}]}},"_links":{"self":[{"href":"https:\/\/akerkimya.com\/eticaret\/wp-json\/wp\/v2\/product\/18097","targetHints":{"allow":["GET"]}}],"collection":[{"href":"https:\/\/akerkimya.com\/eticaret\/wp-json\/wp\/v2\/product"}],"about":[{"href":"https:\/\/akerkimya.com\/eticaret\/wp-json\/wp\/v2\/types\/product"}],"replies":[{"embeddable":true,"href":"https:\/\/akerkimya.com\/eticaret\/wp-json\/wp\/v2\/comments?post=18097"}],"version-history":[{"count":3,"href":"https:\/\/akerkimya.com\/eticaret\/wp-json\/wp\/v2\/product\/18097\/revisions"}],"predecessor-version":[{"id":18194,"href":"https:\/\/akerkimya.com\/eticaret\/wp-json\/wp\/v2\/product\/18097\/revisions\/18194"}],"wp:featuredmedia":[{"embeddable":true,"href":"https:\/\/akerkimya.com\/eticaret\/wp-json\/wp\/v2\/media\/18098"}],"wp:attachment":[{"href":"https:\/\/akerkimya.com\/eticaret\/wp-json\/wp\/v2\/media?parent=18097"}],"wp:term":[{"taxonomy":"product_cat","embeddable":true,"href":"https:\/\/akerkimya.com\/eticaret\/wp-json\/wp\/v2\/product_cat?post=18097"},{"taxonomy":"product_tag","embeddable":true,"href":"https:\/\/akerkimya.com\/eticaret\/wp-json\/wp\/v2\/product_tag?post=18097"}],"curies":[{"name":"wp","href":"https:\/\/api.w.org\/{rel}","templated":true}]}}