{"id":18550,"date":"2025-08-18T09:29:21","date_gmt":"2025-08-18T06:29:21","guid":{"rendered":"https:\/\/akerkimya.com\/eticaret\/?post_type=product&#038;p=18550"},"modified":"2026-03-30T02:24:34","modified_gmt":"2026-03-29T23:24:34","slug":"granul-klor-v-sodyum-dikloroizosiyanurat-v","status":"publish","type":"product","link":"https:\/\/akerkimya.com\/eticaret\/urun\/granul-klor-v-sodyum-dikloroizosiyanurat-v\/","title":{"rendered":"GRAN\u00dcL KLOR %56 (SODYUM D\u0130KLORO\u0130ZOS\u0130YAN\u00dcRAT %56)"},"content":{"rendered":"<h1><strong>GRAN\u00dcL KLOR %56 (SODYUM D\u0130KLORO\u0130ZOS\u0130YAN\u00dcRAT %56)<\/strong><\/h1>\n<p><strong>Klor %56 C3CI2N3NaO3 molek\u00fcler form\u00fcl\u00fcne sahip organik bir bile\u015fiktir. G\u00fc\u00e7l\u00fc oksitleyici \u00f6zelliklere sahip yayg\u0131n olarak kullan\u0131lan bir dezenfektand\u0131r. Vir\u00fcsler, bakteri, mantarlar vb. gibi \u00e7e\u015fitli patojenik mikroorganizmalar \u00fczerinde g\u00fc\u00e7l\u00fc \u00f6ld\u00fcr\u00fcc\u00fc bir etkiye sahiptir. <\/strong><\/p>\n<p><strong>\u00a0<\/strong><\/p>\n<p><strong>TEKN\u0130K \u00d6ZELL\u0130KLER\u0130<\/strong><\/p>\n<p><strong>K\u0130MYASAL \u0130SM\u0130: Klor %56, Crystalpool Chlor 56, Sod\u0131um D\u0131chloro\u0131socyanature (SDIC 56PCT)<\/strong><\/p>\n<p><strong>MOLEK\u00dcLER FORM\u00dcL: C3CI2N3NaO3<\/strong><\/p>\n<p><strong>CAS NO: 2893-78-9<\/strong><\/p>\n<p><strong>F\u0130Z\u0130KSEL \u00d6ZELL\u0130K: Beyaz renkte gran\u00fcl formdad\u0131r<\/strong><\/p>\n<p><strong>KOKU: Karakteristik Klor<\/strong><\/p>\n<p><strong>PH (%1 \u00c7\u00d6ZELT\u0130): 6.07<\/strong><\/p>\n<p><strong>NEM ORANI: %9.80<\/strong><\/p>\n<p><strong>GRAN\u00dcL BOYUTU: 8-30 Mesh <\/strong><\/p>\n<p><strong>\u00c7\u00d6Z\u00dcN\u00dcRL\u00dcK: Suda kolayca \u00e7\u00f6z\u00fcn\u00fcr <\/strong><\/p>\n<p><strong>\u00a0<\/strong><\/p>\n<p><strong>KULLANIM ALANLARI <\/strong><\/p>\n<p><strong>Y\u00fczme havuzlar\u0131nda dezenfekte etmek i\u00e7in, suyun berrakl\u0131\u011f\u0131n\u0131 artt\u0131rmak i\u00e7in kullan\u0131l\u0131r. \u015eok uygulamada 1000gr\/100 m3 su, g\u00fcnl\u00fck kullan\u0131mda 150 gr\/100 m3 su olarak kullan\u0131l\u0131r.<\/strong><\/p>\n<p><strong>\u0130\u00e7me suyu sistemlerinde dezenfekte amac\u0131yla kirletici molek\u00fclleri yok etmek i\u00e7in kullan\u0131l\u0131r. <\/strong><\/p>\n<p><strong>\u00a0<\/strong><\/p>\n<p><strong>AMBALAJ <\/strong><\/p>\n<p><strong>1-5-25 kg ambalajlar halindedir.<\/strong><\/p>\n<p><strong>\u00a0<\/strong><\/p>\n<p><strong>DEPOLAMA <\/strong><\/p>\n<p><strong>Kuru, serin ve iyi havaland\u0131r\u0131lm\u0131\u015f bir alanda, do\u011frudan g\u00fcne\u015f \u0131\u015f\u0131\u011f\u0131ndan uzakta saklanmal\u0131d\u0131r. <\/strong><\/p>\n","protected":false},"excerpt":{"rendered":"<p>GRAN\u00dcL KLOR %56 (SODYUM D\u0130KLORO\u0130ZOS\u0130YAN\u00dcRAT %56) Klor %56 C3CI2N3NaO3 molek\u00fcler form\u00fcl\u00fcne sahip organik bir bile\u015fiktir. G\u00fc\u00e7l\u00fc oksitleyici \u00f6zelliklere sahip yayg\u0131n<\/p>\n","protected":false},"featured_media":18554,"comment_status":"open","ping_status":"closed","template":"","meta":{"_joinchat":[]},"product_cat":[75],"product_tag":[],"class_list":{"0":"post-18550","1":"product","2":"type-product","3":"status-publish","4":"has-post-thumbnail","6":"product_cat-genel-kimyasallar","8":"first","9":"instock","10":"shipping-taxable","11":"purchasable","12":"product-type-variable"},"yoast_head":"<!-- This site is optimized with the Yoast SEO Premium plugin v20.2.1 (Yoast SEO v20.2.1) - https:\/\/yoast.com\/wordpress\/plugins\/seo\/ -->\n<title>GRAN\u00dcL KLOR %56 (SODYUM D\u0130KLORO\u0130ZOS\u0130YAN\u00dcRAT %56) - Akerkimya<\/title>\n<meta name=\"robots\" content=\"index, follow, max-snippet:-1, max-image-preview:large, max-video-preview:-1\" \/>\n<link rel=\"canonical\" href=\"https:\/\/akerkimya.com\/eticaret\/urun\/granul-klor-v-sodyum-dikloroizosiyanurat-v\/\" \/>\n<meta property=\"og:locale\" content=\"tr_TR\" \/>\n<meta property=\"og:type\" content=\"article\" \/>\n<meta property=\"og:title\" content=\"GRAN\u00dcL KLOR %56 (SODYUM D\u0130KLORO\u0130ZOS\u0130YAN\u00dcRAT %56)\" \/>\n<meta property=\"og:description\" content=\"GRAN\u00dcL KLOR %56 (SODYUM D\u0130KLORO\u0130ZOS\u0130YAN\u00dcRAT %56) Klor %56 C3CI2N3NaO3 molek\u00fcler form\u00fcl\u00fcne sahip organik bir bile\u015fiktir. G\u00fc\u00e7l\u00fc oksitleyici \u00f6zelliklere sahip yayg\u0131n\" \/>\n<meta property=\"og:url\" content=\"https:\/\/akerkimya.com\/eticaret\/urun\/granul-klor-v-sodyum-dikloroizosiyanurat-v\/\" \/>\n<meta property=\"og:site_name\" content=\"Akerkimya\" \/>\n<meta property=\"article:modified_time\" content=\"2026-03-29T23:24:34+00:00\" \/>\n<meta property=\"og:image\" content=\"https:\/\/akerkimya.com\/eticaret\/wp-content\/uploads\/2025\/08\/WhatsApp-Image-2025-08-15-at-14.51.10.jpeg\" \/>\n\t<meta property=\"og:image:width\" content=\"1000\" \/>\n\t<meta property=\"og:image:height\" content=\"1000\" \/>\n\t<meta property=\"og:image:type\" content=\"image\/jpeg\" \/>\n<meta name=\"twitter:card\" content=\"summary_large_image\" \/>\n<meta name=\"twitter:label1\" content=\"Tahmini okuma s\u00fcresi\" \/>\n\t<meta name=\"twitter:data1\" content=\"1 dakika\" \/>\n<script type=\"application\/ld+json\" class=\"yoast-schema-graph\">{\"@context\":\"https:\/\/schema.org\",\"@graph\":[{\"@type\":\"WebPage\",\"@id\":\"https:\/\/akerkimya.com\/eticaret\/urun\/granul-klor-v-sodyum-dikloroizosiyanurat-v\/\",\"url\":\"https:\/\/akerkimya.com\/eticaret\/urun\/granul-klor-v-sodyum-dikloroizosiyanurat-v\/\",\"name\":\"GRAN\u00dcL KLOR %56 (SODYUM D\u0130KLORO\u0130ZOS\u0130YAN\u00dcRAT %56) - Akerkimya\",\"isPartOf\":{\"@id\":\"https:\/\/akerkimya.com\/eticaret\/#website\"},\"datePublished\":\"2025-08-18T06:29:21+00:00\",\"dateModified\":\"2026-03-29T23:24:34+00:00\",\"breadcrumb\":{\"@id\":\"https:\/\/akerkimya.com\/eticaret\/urun\/granul-klor-v-sodyum-dikloroizosiyanurat-v\/#breadcrumb\"},\"inLanguage\":\"tr\",\"potentialAction\":[{\"@type\":\"ReadAction\",\"target\":[\"https:\/\/akerkimya.com\/eticaret\/urun\/granul-klor-v-sodyum-dikloroizosiyanurat-v\/\"]}]},{\"@type\":\"BreadcrumbList\",\"@id\":\"https:\/\/akerkimya.com\/eticaret\/urun\/granul-klor-v-sodyum-dikloroizosiyanurat-v\/#breadcrumb\",\"itemListElement\":[{\"@type\":\"ListItem\",\"position\":1,\"name\":\"Home\",\"item\":\"https:\/\/akerkimya.com\/eticaret\/\"},{\"@type\":\"ListItem\",\"position\":2,\"name\":\"Market\",\"item\":\"https:\/\/akerkimya.com\/eticaret\/market\/\"},{\"@type\":\"ListItem\",\"position\":3,\"name\":\"GRAN\u00dcL KLOR %56 (SODYUM D\u0130KLORO\u0130ZOS\u0130YAN\u00dcRAT %56)\"}]},{\"@type\":\"WebSite\",\"@id\":\"https:\/\/akerkimya.com\/eticaret\/#website\",\"url\":\"https:\/\/akerkimya.com\/eticaret\/\",\"name\":\"Akerkimya\",\"description\":\"\",\"potentialAction\":[{\"@type\":\"SearchAction\",\"target\":{\"@type\":\"EntryPoint\",\"urlTemplate\":\"https:\/\/akerkimya.com\/eticaret\/?s={search_term_string}\"},\"query-input\":\"required name=search_term_string\"}],\"inLanguage\":\"tr\"}]}<\/script>\n<!-- \/ Yoast SEO Premium plugin. -->","yoast_head_json":{"title":"GRAN\u00dcL KLOR %56 (SODYUM D\u0130KLORO\u0130ZOS\u0130YAN\u00dcRAT %56) - Akerkimya","robots":{"index":"index","follow":"follow","max-snippet":"max-snippet:-1","max-image-preview":"max-image-preview:large","max-video-preview":"max-video-preview:-1"},"canonical":"https:\/\/akerkimya.com\/eticaret\/urun\/granul-klor-v-sodyum-dikloroizosiyanurat-v\/","og_locale":"tr_TR","og_type":"article","og_title":"GRAN\u00dcL KLOR %56 (SODYUM D\u0130KLORO\u0130ZOS\u0130YAN\u00dcRAT %56)","og_description":"GRAN\u00dcL KLOR %56 (SODYUM D\u0130KLORO\u0130ZOS\u0130YAN\u00dcRAT %56) Klor %56 C3CI2N3NaO3 molek\u00fcler form\u00fcl\u00fcne sahip organik bir bile\u015fiktir. G\u00fc\u00e7l\u00fc oksitleyici \u00f6zelliklere sahip yayg\u0131n","og_url":"https:\/\/akerkimya.com\/eticaret\/urun\/granul-klor-v-sodyum-dikloroizosiyanurat-v\/","og_site_name":"Akerkimya","article_modified_time":"2026-03-29T23:24:34+00:00","og_image":[{"width":1000,"height":1000,"url":"https:\/\/akerkimya.com\/eticaret\/wp-content\/uploads\/2025\/08\/WhatsApp-Image-2025-08-15-at-14.51.10.jpeg","type":"image\/jpeg"}],"twitter_card":"summary_large_image","twitter_misc":{"Tahmini okuma s\u00fcresi":"1 dakika"},"schema":{"@context":"https:\/\/schema.org","@graph":[{"@type":"WebPage","@id":"https:\/\/akerkimya.com\/eticaret\/urun\/granul-klor-v-sodyum-dikloroizosiyanurat-v\/","url":"https:\/\/akerkimya.com\/eticaret\/urun\/granul-klor-v-sodyum-dikloroizosiyanurat-v\/","name":"GRAN\u00dcL KLOR %56 (SODYUM D\u0130KLORO\u0130ZOS\u0130YAN\u00dcRAT %56) - Akerkimya","isPartOf":{"@id":"https:\/\/akerkimya.com\/eticaret\/#website"},"datePublished":"2025-08-18T06:29:21+00:00","dateModified":"2026-03-29T23:24:34+00:00","breadcrumb":{"@id":"https:\/\/akerkimya.com\/eticaret\/urun\/granul-klor-v-sodyum-dikloroizosiyanurat-v\/#breadcrumb"},"inLanguage":"tr","potentialAction":[{"@type":"ReadAction","target":["https:\/\/akerkimya.com\/eticaret\/urun\/granul-klor-v-sodyum-dikloroizosiyanurat-v\/"]}]},{"@type":"BreadcrumbList","@id":"https:\/\/akerkimya.com\/eticaret\/urun\/granul-klor-v-sodyum-dikloroizosiyanurat-v\/#breadcrumb","itemListElement":[{"@type":"ListItem","position":1,"name":"Home","item":"https:\/\/akerkimya.com\/eticaret\/"},{"@type":"ListItem","position":2,"name":"Market","item":"https:\/\/akerkimya.com\/eticaret\/market\/"},{"@type":"ListItem","position":3,"name":"GRAN\u00dcL KLOR %56 (SODYUM D\u0130KLORO\u0130ZOS\u0130YAN\u00dcRAT %56)"}]},{"@type":"WebSite","@id":"https:\/\/akerkimya.com\/eticaret\/#website","url":"https:\/\/akerkimya.com\/eticaret\/","name":"Akerkimya","description":"","potentialAction":[{"@type":"SearchAction","target":{"@type":"EntryPoint","urlTemplate":"https:\/\/akerkimya.com\/eticaret\/?s={search_term_string}"},"query-input":"required name=search_term_string"}],"inLanguage":"tr"}]}},"_links":{"self":[{"href":"https:\/\/akerkimya.com\/eticaret\/wp-json\/wp\/v2\/product\/18550","targetHints":{"allow":["GET"]}}],"collection":[{"href":"https:\/\/akerkimya.com\/eticaret\/wp-json\/wp\/v2\/product"}],"about":[{"href":"https:\/\/akerkimya.com\/eticaret\/wp-json\/wp\/v2\/types\/product"}],"replies":[{"embeddable":true,"href":"https:\/\/akerkimya.com\/eticaret\/wp-json\/wp\/v2\/comments?post=18550"}],"version-history":[{"count":1,"href":"https:\/\/akerkimya.com\/eticaret\/wp-json\/wp\/v2\/product\/18550\/revisions"}],"predecessor-version":[{"id":18555,"href":"https:\/\/akerkimya.com\/eticaret\/wp-json\/wp\/v2\/product\/18550\/revisions\/18555"}],"wp:featuredmedia":[{"embeddable":true,"href":"https:\/\/akerkimya.com\/eticaret\/wp-json\/wp\/v2\/media\/18554"}],"wp:attachment":[{"href":"https:\/\/akerkimya.com\/eticaret\/wp-json\/wp\/v2\/media?parent=18550"}],"wp:term":[{"taxonomy":"product_cat","embeddable":true,"href":"https:\/\/akerkimya.com\/eticaret\/wp-json\/wp\/v2\/product_cat?post=18550"},{"taxonomy":"product_tag","embeddable":true,"href":"https:\/\/akerkimya.com\/eticaret\/wp-json\/wp\/v2\/product_tag?post=18550"}],"curies":[{"name":"wp","href":"https:\/\/api.w.org\/{rel}","templated":true}]}}