{"id":20103,"date":"2026-03-30T02:06:31","date_gmt":"2026-03-29T23:06:31","guid":{"rendered":"https:\/\/akerkimya.com\/eticaret\/?post_type=product&#038;p=20103"},"modified":"2026-04-03T11:07:46","modified_gmt":"2026-04-03T08:07:46","slug":"melchem-2","status":"publish","type":"product","link":"https:\/\/akerkimya.com\/eticaret\/urun\/melchem-2\/","title":{"rendered":"MELCHEM"},"content":{"rendered":"<h1>MELCHEM<\/h1>\n<p><strong>\u00c7imento esasl\u0131 yap\u0131 kimyasallar\u0131 \u00fcretiminde, \u00fcr\u00fcne ak\u0131\u015fkanl\u0131k vererek i\u015flenebilirli\u011fini artt\u0131ran ve \u00fcr\u00fcn\u00fcn son mekanik direncini artt\u0131ran melamin s\u00fclfonat esasl\u0131 ak\u0131\u015fkanla\u015ft\u0131r\u0131c\u0131d\u0131r.<\/strong><\/p>\n<p><strong>\u00a0<\/strong><\/p>\n<p><strong>\u00d6ZELL\u0130KLER\u0130<\/strong><\/p>\n<p><strong>Y\u00fcksek kalitede sentetik bir \u00fcr\u00fcnd\u00fcr.<\/strong><\/p>\n<p><strong>S\u00fclfonatlanm\u0131\u015f melamin ve formaldehit ile yo\u011funla\u015ft\u0131rarak \u00fcretilmi\u015ftir.<\/strong><\/p>\n<p><strong>Beton \u00fcr\u00fcnlerinde performans\u0131 iyile\u015ftirir.<\/strong><\/p>\n<p><strong>Su-\u00e7imento oran\u0131n\u0131 azaltarak mukavemet art\u0131\u015f\u0131 sa\u011flar.<\/strong><\/p>\n<p><strong>Kar\u0131\u015f\u0131m oran\u0131n\u0131 de\u011fi\u015ftirmeden i\u015flene bilirli\u011fi artt\u0131r\u0131r.<\/strong><\/p>\n<p><strong>Son mekanik g\u00fcc\u00fc artt\u0131r\u0131r.<\/strong><\/p>\n<p><strong>Prefabrik betonda buhar k\u00fcr\u00fcn\u00fc azalt\u0131r veya tamamen ortadan kald\u0131r\u0131r.<\/strong><\/p>\n<p><strong>\u00a0<\/strong><\/p>\n<p><strong>TEKN\u0130K \u00d6ZELL\u0130KLER\u0130<\/strong><\/p>\n<p><strong>G\u00d6R\u00dcN\u00dcM: Gran\u00fcl toz<\/strong><\/p>\n<p><strong>RENK: Beyaz-a\u00e7\u0131k sar\u0131<\/strong><\/p>\n<p><strong>HAC\u0130MSEL YO\u011eUNLUK: 0,70-0,10 g\/ml<\/strong><\/p>\n<p><strong>\u00c7\u00d6Z\u00dcN\u00dcRL\u00dcK: Suda \u00e7\u00f6z\u00fcn\u00fcr.<\/strong><\/p>\n<p><strong>\u00a0<\/strong><\/p>\n<p><strong>KULLANIM ALANLARI<\/strong><\/p>\n<p><strong>Beyaz \u00e7imento ve t\u00fcm \u00e7imento \u00fcr\u00fcnlerinde kullan\u0131l\u0131r.<\/strong><\/p>\n<p><strong>Al\u00e7\u0131 ve har\u00e7 uygulamalar\u0131nda kullan\u0131l\u0131r.<\/strong><\/p>\n<p><strong>Prefabrik beton uygulamas\u0131nda y\u00fcksek erken dayan\u0131m isteyen betonlar elde etmek i\u00e7in kullan\u0131l\u0131r.<\/strong><\/p>\n<p><strong>Prefabrik betonlarda buharla\u015fma h\u0131z\u0131n\u0131n azalt\u0131lmas\u0131 i\u00e7in yap\u0131lan k\u00fcr s\u00fcresinin k\u0131salt\u0131lmas\u0131nda veya k\u00fcr ihtiyac\u0131n\u0131n tamamen giderilmesinde kullan\u0131l\u0131r.<\/strong><\/p>\n<p><strong>AMBALAJ<\/strong><\/p>\n<p><strong>1-5-25 kg torbalar halinde<\/strong><\/p>\n<p><strong>\u00a0<\/strong><\/p>\n<p><strong>\u00a0DEPOLAMA<\/strong><\/p>\n<p><strong>G\u00fcne\u015f \u0131\u015f\u0131\u011f\u0131na temas etmeyen kuru ve serin yerlerde muhafaza ediniz.<\/strong><\/p>\n<p><strong>\u00a0<\/strong><\/p>\n","protected":false},"excerpt":{"rendered":"<p>MELCHEM \u00c7imento esasl\u0131 yap\u0131 kimyasallar\u0131 \u00fcretiminde, \u00fcr\u00fcne ak\u0131\u015fkanl\u0131k vererek i\u015flenebilirli\u011fini artt\u0131ran ve \u00fcr\u00fcn\u00fcn son mekanik direncini artt\u0131ran melamin s\u00fclfonat esasl\u0131<\/p>\n","protected":false},"featured_media":16338,"comment_status":"open","ping_status":"closed","template":"","meta":{"_joinchat":[]},"product_cat":[70],"product_tag":[],"class_list":{"0":"post-20103","1":"product","2":"type-product","3":"status-publish","4":"has-post-thumbnail","6":"product_cat-boya-ve-yapi-kimyasallar","8":"first","9":"outofstock","10":"shipping-taxable","11":"purchasable","12":"product-type-variable"},"yoast_head":"<!-- This site is optimized with the Yoast SEO Premium plugin v20.2.1 (Yoast SEO v20.2.1) - https:\/\/yoast.com\/wordpress\/plugins\/seo\/ -->\n<title>MELCHEM - Akerkimya<\/title>\n<meta name=\"robots\" content=\"index, follow, max-snippet:-1, max-image-preview:large, max-video-preview:-1\" \/>\n<link rel=\"canonical\" href=\"https:\/\/akerkimya.com\/eticaret\/urun\/melchem-2\/\" \/>\n<meta property=\"og:locale\" content=\"tr_TR\" \/>\n<meta property=\"og:type\" content=\"article\" \/>\n<meta property=\"og:title\" content=\"MELCHEM\" \/>\n<meta property=\"og:description\" content=\"MELCHEM \u00c7imento esasl\u0131 yap\u0131 kimyasallar\u0131 \u00fcretiminde, \u00fcr\u00fcne ak\u0131\u015fkanl\u0131k vererek i\u015flenebilirli\u011fini artt\u0131ran ve \u00fcr\u00fcn\u00fcn son mekanik direncini artt\u0131ran melamin s\u00fclfonat esasl\u0131\" \/>\n<meta property=\"og:url\" content=\"https:\/\/akerkimya.com\/eticaret\/urun\/melchem-2\/\" \/>\n<meta property=\"og:site_name\" content=\"Akerkimya\" \/>\n<meta property=\"article:modified_time\" content=\"2026-04-03T08:07:46+00:00\" \/>\n<meta property=\"og:image\" content=\"https:\/\/akerkimya.com\/eticaret\/wp-content\/uploads\/2024\/12\/MELKEM-GUNCEL-.png\" \/>\n\t<meta property=\"og:image:width\" content=\"1000\" \/>\n\t<meta property=\"og:image:height\" content=\"1000\" \/>\n\t<meta property=\"og:image:type\" content=\"image\/png\" \/>\n<meta name=\"twitter:card\" content=\"summary_large_image\" \/>\n<meta name=\"twitter:label1\" content=\"Tahmini okuma s\u00fcresi\" \/>\n\t<meta name=\"twitter:data1\" content=\"1 dakika\" \/>\n<script type=\"application\/ld+json\" class=\"yoast-schema-graph\">{\"@context\":\"https:\/\/schema.org\",\"@graph\":[{\"@type\":\"WebPage\",\"@id\":\"https:\/\/akerkimya.com\/eticaret\/urun\/melchem-2\/\",\"url\":\"https:\/\/akerkimya.com\/eticaret\/urun\/melchem-2\/\",\"name\":\"MELCHEM - Akerkimya\",\"isPartOf\":{\"@id\":\"https:\/\/akerkimya.com\/eticaret\/#website\"},\"datePublished\":\"2026-03-29T23:06:31+00:00\",\"dateModified\":\"2026-04-03T08:07:46+00:00\",\"breadcrumb\":{\"@id\":\"https:\/\/akerkimya.com\/eticaret\/urun\/melchem-2\/#breadcrumb\"},\"inLanguage\":\"tr\",\"potentialAction\":[{\"@type\":\"ReadAction\",\"target\":[\"https:\/\/akerkimya.com\/eticaret\/urun\/melchem-2\/\"]}]},{\"@type\":\"BreadcrumbList\",\"@id\":\"https:\/\/akerkimya.com\/eticaret\/urun\/melchem-2\/#breadcrumb\",\"itemListElement\":[{\"@type\":\"ListItem\",\"position\":1,\"name\":\"Home\",\"item\":\"https:\/\/akerkimya.com\/eticaret\/\"},{\"@type\":\"ListItem\",\"position\":2,\"name\":\"Market\",\"item\":\"https:\/\/akerkimya.com\/eticaret\/market\/\"},{\"@type\":\"ListItem\",\"position\":3,\"name\":\"MELCHEM\"}]},{\"@type\":\"WebSite\",\"@id\":\"https:\/\/akerkimya.com\/eticaret\/#website\",\"url\":\"https:\/\/akerkimya.com\/eticaret\/\",\"name\":\"Akerkimya\",\"description\":\"\",\"potentialAction\":[{\"@type\":\"SearchAction\",\"target\":{\"@type\":\"EntryPoint\",\"urlTemplate\":\"https:\/\/akerkimya.com\/eticaret\/?s={search_term_string}\"},\"query-input\":\"required name=search_term_string\"}],\"inLanguage\":\"tr\"}]}<\/script>\n<!-- \/ Yoast SEO Premium plugin. -->","yoast_head_json":{"title":"MELCHEM - Akerkimya","robots":{"index":"index","follow":"follow","max-snippet":"max-snippet:-1","max-image-preview":"max-image-preview:large","max-video-preview":"max-video-preview:-1"},"canonical":"https:\/\/akerkimya.com\/eticaret\/urun\/melchem-2\/","og_locale":"tr_TR","og_type":"article","og_title":"MELCHEM","og_description":"MELCHEM \u00c7imento esasl\u0131 yap\u0131 kimyasallar\u0131 \u00fcretiminde, \u00fcr\u00fcne ak\u0131\u015fkanl\u0131k vererek i\u015flenebilirli\u011fini artt\u0131ran ve \u00fcr\u00fcn\u00fcn son mekanik direncini artt\u0131ran melamin s\u00fclfonat esasl\u0131","og_url":"https:\/\/akerkimya.com\/eticaret\/urun\/melchem-2\/","og_site_name":"Akerkimya","article_modified_time":"2026-04-03T08:07:46+00:00","og_image":[{"width":1000,"height":1000,"url":"https:\/\/akerkimya.com\/eticaret\/wp-content\/uploads\/2024\/12\/MELKEM-GUNCEL-.png","type":"image\/png"}],"twitter_card":"summary_large_image","twitter_misc":{"Tahmini okuma s\u00fcresi":"1 dakika"},"schema":{"@context":"https:\/\/schema.org","@graph":[{"@type":"WebPage","@id":"https:\/\/akerkimya.com\/eticaret\/urun\/melchem-2\/","url":"https:\/\/akerkimya.com\/eticaret\/urun\/melchem-2\/","name":"MELCHEM - Akerkimya","isPartOf":{"@id":"https:\/\/akerkimya.com\/eticaret\/#website"},"datePublished":"2026-03-29T23:06:31+00:00","dateModified":"2026-04-03T08:07:46+00:00","breadcrumb":{"@id":"https:\/\/akerkimya.com\/eticaret\/urun\/melchem-2\/#breadcrumb"},"inLanguage":"tr","potentialAction":[{"@type":"ReadAction","target":["https:\/\/akerkimya.com\/eticaret\/urun\/melchem-2\/"]}]},{"@type":"BreadcrumbList","@id":"https:\/\/akerkimya.com\/eticaret\/urun\/melchem-2\/#breadcrumb","itemListElement":[{"@type":"ListItem","position":1,"name":"Home","item":"https:\/\/akerkimya.com\/eticaret\/"},{"@type":"ListItem","position":2,"name":"Market","item":"https:\/\/akerkimya.com\/eticaret\/market\/"},{"@type":"ListItem","position":3,"name":"MELCHEM"}]},{"@type":"WebSite","@id":"https:\/\/akerkimya.com\/eticaret\/#website","url":"https:\/\/akerkimya.com\/eticaret\/","name":"Akerkimya","description":"","potentialAction":[{"@type":"SearchAction","target":{"@type":"EntryPoint","urlTemplate":"https:\/\/akerkimya.com\/eticaret\/?s={search_term_string}"},"query-input":"required name=search_term_string"}],"inLanguage":"tr"}]}},"_links":{"self":[{"href":"https:\/\/akerkimya.com\/eticaret\/wp-json\/wp\/v2\/product\/20103","targetHints":{"allow":["GET"]}}],"collection":[{"href":"https:\/\/akerkimya.com\/eticaret\/wp-json\/wp\/v2\/product"}],"about":[{"href":"https:\/\/akerkimya.com\/eticaret\/wp-json\/wp\/v2\/types\/product"}],"replies":[{"embeddable":true,"href":"https:\/\/akerkimya.com\/eticaret\/wp-json\/wp\/v2\/comments?post=20103"}],"version-history":[{"count":1,"href":"https:\/\/akerkimya.com\/eticaret\/wp-json\/wp\/v2\/product\/20103\/revisions"}],"predecessor-version":[{"id":20115,"href":"https:\/\/akerkimya.com\/eticaret\/wp-json\/wp\/v2\/product\/20103\/revisions\/20115"}],"wp:featuredmedia":[{"embeddable":true,"href":"https:\/\/akerkimya.com\/eticaret\/wp-json\/wp\/v2\/media\/16338"}],"wp:attachment":[{"href":"https:\/\/akerkimya.com\/eticaret\/wp-json\/wp\/v2\/media?parent=20103"}],"wp:term":[{"taxonomy":"product_cat","embeddable":true,"href":"https:\/\/akerkimya.com\/eticaret\/wp-json\/wp\/v2\/product_cat?post=20103"},{"taxonomy":"product_tag","embeddable":true,"href":"https:\/\/akerkimya.com\/eticaret\/wp-json\/wp\/v2\/product_tag?post=20103"}],"curies":[{"name":"wp","href":"https:\/\/api.w.org\/{rel}","templated":true}]}}