{"id":20240,"date":"2026-03-30T02:06:59","date_gmt":"2026-03-29T23:06:59","guid":{"rendered":"https:\/\/akerkimya.com\/eticaret\/?post_type=product&#038;p=20240"},"modified":"2026-03-30T02:23:55","modified_gmt":"2026-03-29T23:23:55","slug":"demir-iii-klorur-anhidrit-2","status":"publish","type":"product","link":"https:\/\/akerkimya.com\/eticaret\/urun\/demir-iii-klorur-anhidrit-2\/","title":{"rendered":"DEM\u0130R III KLOR\u00dcR ANH\u0130DR\u0130T"},"content":{"rendered":"<h1>DEM\u0130R III KLOR\u00dcR ANH\u0130DR\u0130T<\/h1>\n<p><strong>Demir III klor\u00fcr, FeCI3 form\u00fcl\u00fcne sahip inorganik bir bile\u015fiktir. Demir III klor\u00fcr, 350\u00b0C s\u0131cakl\u0131ktaki demir tozlar\u0131 \u00fczerinden klor gaz\u0131 ge\u00e7irilerek elde edilmektedir.<\/strong><\/p>\n<p><strong>F\u0130Z\u0130KSEL \u00d6ZELL\u0130KLER<\/strong><\/p>\n<p><strong>Koyu kahverengi ve kokulu bir forma sahiptir.<\/strong><\/p>\n<p><strong>3+ y\u00fckseltgenme basama\u011f\u0131nda bulunan s\u0131k g\u00f6r\u00fclen bir demir bile\u015fi\u011fidir.<\/strong><\/p>\n<p><strong>Sulu formu metaller i\u00e7in a\u015f\u0131nd\u0131r\u0131c\u0131 \u00f6zelli\u011fe sahiptir.<\/strong><\/p>\n<p><strong>Eter, alkol ve aseton i\u00e7erinde y\u00fcksek \u00e7\u00f6z\u00fcn\u00fcrl\u00fc\u011fe sahiptir.<\/strong><\/p>\n<p><strong>\u00a0<\/strong><\/p>\n<p><strong>TEKN\u0130K \u00d6ZELL\u0130KLER<\/strong><\/p>\n<p><strong>CAS NUMARASI: 7705-08-0<\/strong><\/p>\n<p><strong>K\u0130MYASAL FORM\u00dcL: FeCI3<\/strong><\/p>\n<p><strong>K\u0130MYASAL \u0130S\u0130MLER\u0130: Demir III Klor\u00fcr, Ferrik Klor\u00fcr, Ferrik Klor\u00fcr Hegza Hidrat<\/strong><\/p>\n<p><strong>MOLAR K\u00dcTLE: 162.2 g \/mol (susuz), 270.3 g \/mol (hekzahidrat)<\/strong><\/p>\n<p><strong>YO\u011eUNLUK: 2.898 g \/cm\u00b3 (susuz), 1.82 g\/cm\u00b3<\/strong><\/p>\n<p><strong>ER\u0130ME NOKTASI: 306\u00b0C (susuz), 37\u00b0C (hekzahidrat)<\/strong><\/p>\n<p><strong>KAYNAMA NOKTASI: 315\u00b0C (susuz, decomp)<\/strong><\/p>\n<p><strong>SUDA \u00c7\u00d6Z\u00dcN\u00dcRL\u00dcK: 74.4 g \/100 ml (0\u00b0C)<\/strong><\/p>\n<p><strong>\u00a0<\/strong><\/p>\n<p><strong>KULLANIM ALANLARI<\/strong><\/p>\n<p><strong>Demir III klor\u00fcr, kanalizasyon ve i\u00e7me suyu \u00fcretiminde kullan\u0131lmaktad\u0131r.<\/strong><\/p>\n<p><strong>Laboratuvarda aromatik bile\u015fiklerin klorlanmas\u0131 i\u00e7in kullan\u0131l\u0131r.<\/strong><\/p>\n<p><strong>Baz\u0131 reaksiyonlarda kuru reaktif olarak susuz formda kullan\u0131l\u0131r.<\/strong><\/p>\n<p><strong>Tekstil sekt\u00f6r\u00fcnde boya sabitlemek i\u00e7in kullan\u0131l\u0131r.<\/strong><\/p>\n<p><strong>Klor\u00fcr hidormetalurjisinde kimyasal y\u0131kamada kullan\u0131l\u0131r.<\/strong><\/p>\n<p><strong>Demir III klor\u00fcr, veteriner hekimli\u011finde, bir hayvan t\u0131rna\u011f\u0131n\u0131n z\u0131vanas\u0131n\u0131 tedavi etmek i\u00e7in kullan\u0131l\u0131r.<\/strong><\/p>\n<p><strong>Organik sentezde fenol bile\u015fiklerinin varl\u0131\u011f\u0131n\u0131 saptamak i\u00e7in kullan\u0131l\u0131r.<\/strong><\/p>\n<p><strong>\u0130\u00e7me suyu ar\u0131tma sekt\u00f6r\u00fcnde topakla\u015ft\u0131r\u0131c\u0131 olarak kullan\u0131l\u0131r.<\/strong><\/p>\n<p><strong>\u00c7amuru \u015fartland\u0131rmak i\u00e7in kullan\u0131l\u0131r.<\/strong><\/p>\n<p><strong>Bask\u0131l\u0131 devre kartlar\u0131 (PCB) yapmak i\u00e7i kullan\u0131l\u0131r.<\/strong><\/p>\n<p><strong>Demir III klor\u00fcr, metal end\u00fcstrisinde metallerin korozyona dayan\u0131kl\u0131l\u0131k testlerinde kullan\u0131lmaktad\u0131r.<\/strong><\/p>\n<p><strong>Baz\u0131 pigment ve m\u00fcrekkeplerin imalat\u0131nda klorlanma maddesi olarak kullan\u0131l\u0131r.<\/strong><\/p>\n<p><strong>Paslanmaz \u00e7eliklerin ve di\u011fer ala\u015f\u0131mlar\u0131n \u00e7ukur ve \u00e7atlak korozyon direncini test etmek i\u00e7in kullan\u0131l\u0131r.<\/strong><\/p>\n<p><strong>Aromatik maddelerin klorlanmas\u0131 reaksiyonunda kataliz\u00f6r kullan\u0131l\u0131r.<\/strong><\/p>\n<p><strong>Organik asitleri birincil aminlere hafif\u00e7e indirgemek i\u00e7in asetonitril i\u00e7inde NaI ile birlikte kullan\u0131l\u0131r.<\/strong><\/p>\n<p><strong>Demir III klor\u00fcr, bask\u0131 devre \u00e7\u0131karma uygulamas\u0131nda fazla bak\u0131r\u0131n yedirilmesi \/ a\u015f\u0131nd\u0131r\u0131lmas\u0131 amac\u0131yla kullan\u0131lmaktad\u0131r.<\/strong><\/p>\n<p><strong>Hayvan trombozu modelinde kullan\u0131l\u0131r.<\/strong><\/p>\n<p><strong>Bak\u0131r\u0131 a\u015f\u0131nd\u0131rmak i\u00e7in kullan\u0131l\u0131r.<\/strong><\/p>\n<p><strong>Enerji depolama sisteminde kullan\u0131l\u0131r.<\/strong><\/p>\n<p><strong>\u00a0<\/strong><\/p>\n<p><strong>AMBALAJ<\/strong><\/p>\n<p><strong>1-5-30 kg torbalar halinde<\/strong><\/p>\n<p><strong>\u00a0<\/strong><\/p>\n<p><strong>DEPOLAMA<\/strong><\/p>\n<p><strong>Serin ve kuru bir alanda, bidon hava almayacak \u015fekilde muhafaza ediniz<\/strong><strong>.<\/strong><\/p>\n","protected":false},"excerpt":{"rendered":"<p>DEM\u0130R III KLOR\u00dcR ANH\u0130DR\u0130T Demir III klor\u00fcr, FeCI3 form\u00fcl\u00fcne sahip inorganik bir bile\u015fiktir. Demir III klor\u00fcr, 350\u00b0C s\u0131cakl\u0131ktaki demir tozlar\u0131<\/p>\n","protected":false},"featured_media":16804,"comment_status":"open","ping_status":"closed","template":"","meta":{"_joinchat":[]},"product_cat":[73,78,80],"product_tag":[],"class_list":{"0":"post-20240","1":"product","2":"type-product","3":"status-publish","4":"has-post-thumbnail","6":"product_cat-deri-ve-tekstil-kimyasallari","7":"product_cat-metal-dokum-kaplama","8":"product_cat-veteriner-ve-ilac-kimyasallari","10":"first","11":"instock","12":"shipping-taxable","13":"purchasable","14":"product-type-variable"},"yoast_head":"<!-- This site is optimized with the Yoast SEO Premium plugin v20.2.1 (Yoast SEO v20.2.1) - https:\/\/yoast.com\/wordpress\/plugins\/seo\/ -->\n<title>DEM\u0130R III KLOR\u00dcR ANH\u0130DR\u0130T - Akerkimya<\/title>\n<meta name=\"robots\" content=\"index, follow, max-snippet:-1, max-image-preview:large, max-video-preview:-1\" \/>\n<link rel=\"canonical\" href=\"https:\/\/akerkimya.com\/eticaret\/urun\/demir-iii-klorur-anhidrit-2\/\" \/>\n<meta property=\"og:locale\" content=\"tr_TR\" \/>\n<meta property=\"og:type\" content=\"article\" \/>\n<meta property=\"og:title\" content=\"DEM\u0130R III KLOR\u00dcR ANH\u0130DR\u0130T\" \/>\n<meta property=\"og:description\" content=\"DEM\u0130R III KLOR\u00dcR ANH\u0130DR\u0130T Demir III klor\u00fcr, FeCI3 form\u00fcl\u00fcne sahip inorganik bir bile\u015fiktir. Demir III klor\u00fcr, 350\u00b0C s\u0131cakl\u0131ktaki demir tozlar\u0131\" \/>\n<meta property=\"og:url\" content=\"https:\/\/akerkimya.com\/eticaret\/urun\/demir-iii-klorur-anhidrit-2\/\" \/>\n<meta property=\"og:site_name\" content=\"Akerkimya\" \/>\n<meta property=\"article:modified_time\" content=\"2026-03-29T23:23:55+00:00\" \/>\n<meta name=\"twitter:card\" content=\"summary_large_image\" \/>\n<meta name=\"twitter:label1\" content=\"Tahmini okuma s\u00fcresi\" \/>\n\t<meta name=\"twitter:data1\" content=\"2 dakika\" \/>\n<script type=\"application\/ld+json\" class=\"yoast-schema-graph\">{\"@context\":\"https:\/\/schema.org\",\"@graph\":[{\"@type\":\"WebPage\",\"@id\":\"https:\/\/akerkimya.com\/eticaret\/urun\/demir-iii-klorur-anhidrit-2\/\",\"url\":\"https:\/\/akerkimya.com\/eticaret\/urun\/demir-iii-klorur-anhidrit-2\/\",\"name\":\"DEM\u0130R III KLOR\u00dcR ANH\u0130DR\u0130T - Akerkimya\",\"isPartOf\":{\"@id\":\"https:\/\/akerkimya.com\/eticaret\/#website\"},\"datePublished\":\"2026-03-29T23:06:59+00:00\",\"dateModified\":\"2026-03-29T23:23:55+00:00\",\"breadcrumb\":{\"@id\":\"https:\/\/akerkimya.com\/eticaret\/urun\/demir-iii-klorur-anhidrit-2\/#breadcrumb\"},\"inLanguage\":\"tr\",\"potentialAction\":[{\"@type\":\"ReadAction\",\"target\":[\"https:\/\/akerkimya.com\/eticaret\/urun\/demir-iii-klorur-anhidrit-2\/\"]}]},{\"@type\":\"BreadcrumbList\",\"@id\":\"https:\/\/akerkimya.com\/eticaret\/urun\/demir-iii-klorur-anhidrit-2\/#breadcrumb\",\"itemListElement\":[{\"@type\":\"ListItem\",\"position\":1,\"name\":\"Home\",\"item\":\"https:\/\/akerkimya.com\/eticaret\/\"},{\"@type\":\"ListItem\",\"position\":2,\"name\":\"Market\",\"item\":\"https:\/\/akerkimya.com\/eticaret\/market\/\"},{\"@type\":\"ListItem\",\"position\":3,\"name\":\"DEM\u0130R III KLOR\u00dcR ANH\u0130DR\u0130T\"}]},{\"@type\":\"WebSite\",\"@id\":\"https:\/\/akerkimya.com\/eticaret\/#website\",\"url\":\"https:\/\/akerkimya.com\/eticaret\/\",\"name\":\"Akerkimya\",\"description\":\"\",\"potentialAction\":[{\"@type\":\"SearchAction\",\"target\":{\"@type\":\"EntryPoint\",\"urlTemplate\":\"https:\/\/akerkimya.com\/eticaret\/?s={search_term_string}\"},\"query-input\":\"required name=search_term_string\"}],\"inLanguage\":\"tr\"}]}<\/script>\n<!-- \/ Yoast SEO Premium plugin. -->","yoast_head_json":{"title":"DEM\u0130R III KLOR\u00dcR ANH\u0130DR\u0130T - Akerkimya","robots":{"index":"index","follow":"follow","max-snippet":"max-snippet:-1","max-image-preview":"max-image-preview:large","max-video-preview":"max-video-preview:-1"},"canonical":"https:\/\/akerkimya.com\/eticaret\/urun\/demir-iii-klorur-anhidrit-2\/","og_locale":"tr_TR","og_type":"article","og_title":"DEM\u0130R III KLOR\u00dcR ANH\u0130DR\u0130T","og_description":"DEM\u0130R III KLOR\u00dcR ANH\u0130DR\u0130T Demir III klor\u00fcr, FeCI3 form\u00fcl\u00fcne sahip inorganik bir bile\u015fiktir. Demir III klor\u00fcr, 350\u00b0C s\u0131cakl\u0131ktaki demir tozlar\u0131","og_url":"https:\/\/akerkimya.com\/eticaret\/urun\/demir-iii-klorur-anhidrit-2\/","og_site_name":"Akerkimya","article_modified_time":"2026-03-29T23:23:55+00:00","twitter_card":"summary_large_image","twitter_misc":{"Tahmini okuma s\u00fcresi":"2 dakika"},"schema":{"@context":"https:\/\/schema.org","@graph":[{"@type":"WebPage","@id":"https:\/\/akerkimya.com\/eticaret\/urun\/demir-iii-klorur-anhidrit-2\/","url":"https:\/\/akerkimya.com\/eticaret\/urun\/demir-iii-klorur-anhidrit-2\/","name":"DEM\u0130R III KLOR\u00dcR ANH\u0130DR\u0130T - Akerkimya","isPartOf":{"@id":"https:\/\/akerkimya.com\/eticaret\/#website"},"datePublished":"2026-03-29T23:06:59+00:00","dateModified":"2026-03-29T23:23:55+00:00","breadcrumb":{"@id":"https:\/\/akerkimya.com\/eticaret\/urun\/demir-iii-klorur-anhidrit-2\/#breadcrumb"},"inLanguage":"tr","potentialAction":[{"@type":"ReadAction","target":["https:\/\/akerkimya.com\/eticaret\/urun\/demir-iii-klorur-anhidrit-2\/"]}]},{"@type":"BreadcrumbList","@id":"https:\/\/akerkimya.com\/eticaret\/urun\/demir-iii-klorur-anhidrit-2\/#breadcrumb","itemListElement":[{"@type":"ListItem","position":1,"name":"Home","item":"https:\/\/akerkimya.com\/eticaret\/"},{"@type":"ListItem","position":2,"name":"Market","item":"https:\/\/akerkimya.com\/eticaret\/market\/"},{"@type":"ListItem","position":3,"name":"DEM\u0130R III KLOR\u00dcR ANH\u0130DR\u0130T"}]},{"@type":"WebSite","@id":"https:\/\/akerkimya.com\/eticaret\/#website","url":"https:\/\/akerkimya.com\/eticaret\/","name":"Akerkimya","description":"","potentialAction":[{"@type":"SearchAction","target":{"@type":"EntryPoint","urlTemplate":"https:\/\/akerkimya.com\/eticaret\/?s={search_term_string}"},"query-input":"required name=search_term_string"}],"inLanguage":"tr"}]}},"_links":{"self":[{"href":"https:\/\/akerkimya.com\/eticaret\/wp-json\/wp\/v2\/product\/20240","targetHints":{"allow":["GET"]}}],"collection":[{"href":"https:\/\/akerkimya.com\/eticaret\/wp-json\/wp\/v2\/product"}],"about":[{"href":"https:\/\/akerkimya.com\/eticaret\/wp-json\/wp\/v2\/types\/product"}],"replies":[{"embeddable":true,"href":"https:\/\/akerkimya.com\/eticaret\/wp-json\/wp\/v2\/comments?post=20240"}],"version-history":[{"count":1,"href":"https:\/\/akerkimya.com\/eticaret\/wp-json\/wp\/v2\/product\/20240\/revisions"}],"predecessor-version":[{"id":20252,"href":"https:\/\/akerkimya.com\/eticaret\/wp-json\/wp\/v2\/product\/20240\/revisions\/20252"}],"wp:featuredmedia":[{"embeddable":true,"href":"https:\/\/akerkimya.com\/eticaret\/wp-json\/wp\/v2\/media\/16804"}],"wp:attachment":[{"href":"https:\/\/akerkimya.com\/eticaret\/wp-json\/wp\/v2\/media?parent=20240"}],"wp:term":[{"taxonomy":"product_cat","embeddable":true,"href":"https:\/\/akerkimya.com\/eticaret\/wp-json\/wp\/v2\/product_cat?post=20240"},{"taxonomy":"product_tag","embeddable":true,"href":"https:\/\/akerkimya.com\/eticaret\/wp-json\/wp\/v2\/product_tag?post=20240"}],"curies":[{"name":"wp","href":"https:\/\/api.w.org\/{rel}","templated":true}]}}