{"id":20444,"date":"2026-03-30T02:07:44","date_gmt":"2026-03-29T23:07:44","guid":{"rendered":"https:\/\/akerkimya.com\/eticaret\/?post_type=product&#038;p=20444"},"modified":"2026-03-30T02:24:08","modified_gmt":"2026-03-29T23:24:08","slug":"stronsiyum-karbonat-2","status":"publish","type":"product","link":"https:\/\/akerkimya.com\/eticaret\/urun\/stronsiyum-karbonat-2\/","title":{"rendered":"STRONS\u0130YUM KARBONAT"},"content":{"rendered":"<h1>STRONS\u0130YUM KARBONAT <\/h1>\n<p><strong>Stronsiyum karbonat, SrCO3 kimyasal form\u00fcl\u00fcne sahip inorganik bir bile\u015fiktir. S\u0131kl\u0131kla manganez, baryum ve kalsiyum i\u00e7erir. Stronsiyum metali, stronsiyum oksidin metalik al\u00fcminyum ile metalotermik red\u00fcksiyonu sonucu elektrik ark f\u0131r\u0131nlar\u0131nda vakum alt\u0131nda \u00fcretilir. <\/strong><\/p>\n<p><strong>\u00a0<\/strong><\/p>\n<p><strong>STRONS\u0130YUM KARBONAT \u00d6ZELL\u0130KLER\u0130<\/strong><\/p>\n<p><strong>Renksiz ortorombik kristal veya ince toz formundad\u0131r. <\/strong><\/p>\n<p><strong>Amonyum klor\u00fcr ve amonyum nitrat \u00e7\u00f6zeltilerinde kolayca \u00e7\u00f6z\u00fcn\u00fcr. Alkolde \u00e7\u00f6z\u00fcnmez.<\/strong><\/p>\n<p><strong>\u00a0<\/strong><\/p>\n<p><strong>TEKN\u0130K \u00d6ZELL\u0130KLER\u0130<\/strong><\/p>\n<p><strong>CAS NUMARASI: 1633-05-02<\/strong><\/p>\n<p><strong>EC NUMARASI: 216-643-7<\/strong><\/p>\n<p><strong>MOLEK\u00dcLER FORM\u00dcL: SrCO3<\/strong><\/p>\n<p><strong>MOLAR K\u00dcTLE: 147,63 g\/mol<\/strong><\/p>\n<p><strong>YO\u011eUNLUK: 3.74 g\/cm\u00b3<\/strong><\/p>\n<p><strong>ER\u0130ME NOKTASI: 1494 \u00b0C <\/strong><\/p>\n<p><strong>SUDA \u00c7\u00d6Z\u00dcN\u00dcRL\u00dcK: 0,0011 g\/100 mL (18 \u00b0C), 0.065 g\/Ml (100 \u00b0C)<\/strong><\/p>\n<p><strong>KIRILMA \u0130NDEKS\u0130: 1.518<\/strong><\/p>\n<p><strong>\u00a0<\/strong><\/p>\n<p><strong>KULLANIM ALANLARI <\/strong><\/p>\n<p><strong>Renkli TV katot t\u00fcpleri \u00fcretiminde kullan\u0131l\u0131r.<\/strong><\/p>\n<p><strong>Havai fi\u015fek \u00fcretiminde renklendirici madde olarak kullan\u0131l\u0131r.<\/strong><\/p>\n<p><strong>Yol i\u015faret fi\u015feklerinde kullan\u0131l\u0131r.<\/strong><\/p>\n<p><strong>Yanard\u00f6ner cam \u00fcretiminde kullan\u0131l\u0131r.<\/strong><\/p>\n<p><strong>Parlak boya \u00fcretiminde kullan\u0131l\u0131r.<\/strong><\/p>\n<p><strong>Seramik end\u00fcstrinde s\u0131rlarda bir bile\u015fen olarak kullan\u0131l\u0131r.<\/strong><\/p>\n<p><strong>Hoparl\u00f6rde ve kap\u0131 m\u0131knat\u0131slar\u0131nda kullan\u0131lan kal\u0131c\u0131 m\u0131knat\u0131slar i\u00e7in kullan\u0131l\u0131r.<\/strong><\/p>\n<p><strong>\u00a0<\/strong><\/p>\n<p><strong>AMBALAJ<\/strong><\/p>\n<p><strong>1-5- 25 kg Kraft torbalarda bulunur. <\/strong><\/p>\n<p><strong>\u00a0<\/strong><\/p>\n<p><strong>DEPOLAMA<\/strong><\/p>\n<p><strong>\u0130yi bir \u015fekilde havaland\u0131r\u0131lan, serin ve kuru bir mek\u00e2nda a\u011fz\u0131 kapal\u0131 bir \u015fekilde muhafaza edilmelidir.<\/strong><\/p>\n<p><strong>\u00a0<\/strong><\/p>\n","protected":false},"excerpt":{"rendered":"<p>STRONS\u0130YUM KARBONAT Stronsiyum karbonat, SrCO3 kimyasal form\u00fcl\u00fcne sahip inorganik bir bile\u015fiktir. S\u0131kl\u0131kla manganez, baryum ve kalsiyum i\u00e7erir. Stronsiyum metali, stronsiyum<\/p>\n","protected":false},"featured_media":17243,"comment_status":"open","ping_status":"closed","template":"","meta":{"_joinchat":[]},"product_cat":[70,72],"product_tag":[],"class_list":{"0":"post-20444","1":"product","2":"type-product","3":"status-publish","4":"has-post-thumbnail","6":"product_cat-boya-ve-yapi-kimyasallar","7":"product_cat-cam-ve-seramik-kimyasallari","9":"first","10":"instock","11":"shipping-taxable","12":"purchasable","13":"product-type-variable"},"yoast_head":"<!-- This site is optimized with the Yoast SEO Premium plugin v20.2.1 (Yoast SEO v20.2.1) - https:\/\/yoast.com\/wordpress\/plugins\/seo\/ -->\n<title>STRONS\u0130YUM KARBONAT - Akerkimya<\/title>\n<meta name=\"robots\" content=\"index, follow, max-snippet:-1, max-image-preview:large, max-video-preview:-1\" \/>\n<link rel=\"canonical\" href=\"https:\/\/akerkimya.com\/eticaret\/urun\/stronsiyum-karbonat-2\/\" \/>\n<meta property=\"og:locale\" content=\"tr_TR\" \/>\n<meta property=\"og:type\" content=\"article\" \/>\n<meta property=\"og:title\" content=\"STRONS\u0130YUM KARBONAT\" \/>\n<meta property=\"og:description\" content=\"STRONS\u0130YUM KARBONAT Stronsiyum karbonat, SrCO3 kimyasal form\u00fcl\u00fcne sahip inorganik bir bile\u015fiktir. S\u0131kl\u0131kla manganez, baryum ve kalsiyum i\u00e7erir. Stronsiyum metali, stronsiyum\" \/>\n<meta property=\"og:url\" content=\"https:\/\/akerkimya.com\/eticaret\/urun\/stronsiyum-karbonat-2\/\" \/>\n<meta property=\"og:site_name\" content=\"Akerkimya\" \/>\n<meta property=\"article:modified_time\" content=\"2026-03-29T23:24:08+00:00\" \/>\n<meta name=\"twitter:card\" content=\"summary_large_image\" \/>\n<meta name=\"twitter:label1\" content=\"Tahmini okuma s\u00fcresi\" \/>\n\t<meta name=\"twitter:data1\" content=\"1 dakika\" \/>\n<script type=\"application\/ld+json\" class=\"yoast-schema-graph\">{\"@context\":\"https:\/\/schema.org\",\"@graph\":[{\"@type\":\"WebPage\",\"@id\":\"https:\/\/akerkimya.com\/eticaret\/urun\/stronsiyum-karbonat-2\/\",\"url\":\"https:\/\/akerkimya.com\/eticaret\/urun\/stronsiyum-karbonat-2\/\",\"name\":\"STRONS\u0130YUM KARBONAT - Akerkimya\",\"isPartOf\":{\"@id\":\"https:\/\/akerkimya.com\/eticaret\/#website\"},\"datePublished\":\"2026-03-29T23:07:44+00:00\",\"dateModified\":\"2026-03-29T23:24:08+00:00\",\"breadcrumb\":{\"@id\":\"https:\/\/akerkimya.com\/eticaret\/urun\/stronsiyum-karbonat-2\/#breadcrumb\"},\"inLanguage\":\"tr\",\"potentialAction\":[{\"@type\":\"ReadAction\",\"target\":[\"https:\/\/akerkimya.com\/eticaret\/urun\/stronsiyum-karbonat-2\/\"]}]},{\"@type\":\"BreadcrumbList\",\"@id\":\"https:\/\/akerkimya.com\/eticaret\/urun\/stronsiyum-karbonat-2\/#breadcrumb\",\"itemListElement\":[{\"@type\":\"ListItem\",\"position\":1,\"name\":\"Home\",\"item\":\"https:\/\/akerkimya.com\/eticaret\/\"},{\"@type\":\"ListItem\",\"position\":2,\"name\":\"Market\",\"item\":\"https:\/\/akerkimya.com\/eticaret\/market\/\"},{\"@type\":\"ListItem\",\"position\":3,\"name\":\"STRONS\u0130YUM KARBONAT\"}]},{\"@type\":\"WebSite\",\"@id\":\"https:\/\/akerkimya.com\/eticaret\/#website\",\"url\":\"https:\/\/akerkimya.com\/eticaret\/\",\"name\":\"Akerkimya\",\"description\":\"\",\"potentialAction\":[{\"@type\":\"SearchAction\",\"target\":{\"@type\":\"EntryPoint\",\"urlTemplate\":\"https:\/\/akerkimya.com\/eticaret\/?s={search_term_string}\"},\"query-input\":\"required name=search_term_string\"}],\"inLanguage\":\"tr\"}]}<\/script>\n<!-- \/ Yoast SEO Premium plugin. -->","yoast_head_json":{"title":"STRONS\u0130YUM KARBONAT - Akerkimya","robots":{"index":"index","follow":"follow","max-snippet":"max-snippet:-1","max-image-preview":"max-image-preview:large","max-video-preview":"max-video-preview:-1"},"canonical":"https:\/\/akerkimya.com\/eticaret\/urun\/stronsiyum-karbonat-2\/","og_locale":"tr_TR","og_type":"article","og_title":"STRONS\u0130YUM KARBONAT","og_description":"STRONS\u0130YUM KARBONAT Stronsiyum karbonat, SrCO3 kimyasal form\u00fcl\u00fcne sahip inorganik bir bile\u015fiktir. S\u0131kl\u0131kla manganez, baryum ve kalsiyum i\u00e7erir. Stronsiyum metali, stronsiyum","og_url":"https:\/\/akerkimya.com\/eticaret\/urun\/stronsiyum-karbonat-2\/","og_site_name":"Akerkimya","article_modified_time":"2026-03-29T23:24:08+00:00","twitter_card":"summary_large_image","twitter_misc":{"Tahmini okuma s\u00fcresi":"1 dakika"},"schema":{"@context":"https:\/\/schema.org","@graph":[{"@type":"WebPage","@id":"https:\/\/akerkimya.com\/eticaret\/urun\/stronsiyum-karbonat-2\/","url":"https:\/\/akerkimya.com\/eticaret\/urun\/stronsiyum-karbonat-2\/","name":"STRONS\u0130YUM KARBONAT - Akerkimya","isPartOf":{"@id":"https:\/\/akerkimya.com\/eticaret\/#website"},"datePublished":"2026-03-29T23:07:44+00:00","dateModified":"2026-03-29T23:24:08+00:00","breadcrumb":{"@id":"https:\/\/akerkimya.com\/eticaret\/urun\/stronsiyum-karbonat-2\/#breadcrumb"},"inLanguage":"tr","potentialAction":[{"@type":"ReadAction","target":["https:\/\/akerkimya.com\/eticaret\/urun\/stronsiyum-karbonat-2\/"]}]},{"@type":"BreadcrumbList","@id":"https:\/\/akerkimya.com\/eticaret\/urun\/stronsiyum-karbonat-2\/#breadcrumb","itemListElement":[{"@type":"ListItem","position":1,"name":"Home","item":"https:\/\/akerkimya.com\/eticaret\/"},{"@type":"ListItem","position":2,"name":"Market","item":"https:\/\/akerkimya.com\/eticaret\/market\/"},{"@type":"ListItem","position":3,"name":"STRONS\u0130YUM KARBONAT"}]},{"@type":"WebSite","@id":"https:\/\/akerkimya.com\/eticaret\/#website","url":"https:\/\/akerkimya.com\/eticaret\/","name":"Akerkimya","description":"","potentialAction":[{"@type":"SearchAction","target":{"@type":"EntryPoint","urlTemplate":"https:\/\/akerkimya.com\/eticaret\/?s={search_term_string}"},"query-input":"required name=search_term_string"}],"inLanguage":"tr"}]}},"_links":{"self":[{"href":"https:\/\/akerkimya.com\/eticaret\/wp-json\/wp\/v2\/product\/20444","targetHints":{"allow":["GET"]}}],"collection":[{"href":"https:\/\/akerkimya.com\/eticaret\/wp-json\/wp\/v2\/product"}],"about":[{"href":"https:\/\/akerkimya.com\/eticaret\/wp-json\/wp\/v2\/types\/product"}],"replies":[{"embeddable":true,"href":"https:\/\/akerkimya.com\/eticaret\/wp-json\/wp\/v2\/comments?post=20444"}],"version-history":[{"count":1,"href":"https:\/\/akerkimya.com\/eticaret\/wp-json\/wp\/v2\/product\/20444\/revisions"}],"predecessor-version":[{"id":20465,"href":"https:\/\/akerkimya.com\/eticaret\/wp-json\/wp\/v2\/product\/20444\/revisions\/20465"}],"wp:featuredmedia":[{"embeddable":true,"href":"https:\/\/akerkimya.com\/eticaret\/wp-json\/wp\/v2\/media\/17243"}],"wp:attachment":[{"href":"https:\/\/akerkimya.com\/eticaret\/wp-json\/wp\/v2\/media?parent=20444"}],"wp:term":[{"taxonomy":"product_cat","embeddable":true,"href":"https:\/\/akerkimya.com\/eticaret\/wp-json\/wp\/v2\/product_cat?post=20444"},{"taxonomy":"product_tag","embeddable":true,"href":"https:\/\/akerkimya.com\/eticaret\/wp-json\/wp\/v2\/product_tag?post=20444"}],"curies":[{"name":"wp","href":"https:\/\/api.w.org\/{rel}","templated":true}]}}