{"id":20619,"date":"2026-03-30T02:08:22","date_gmt":"2026-03-29T23:08:22","guid":{"rendered":"https:\/\/akerkimya.com\/eticaret\/?post_type=product&#038;p=20619"},"modified":"2026-03-30T02:24:19","modified_gmt":"2026-03-29T23:24:19","slug":"kopuk-kesici-2","status":"publish","type":"product","link":"https:\/\/akerkimya.com\/eticaret\/urun\/kopuk-kesici-2\/","title":{"rendered":"K\u00d6P\u00dcK KES\u0130C\u0130"},"content":{"rendered":"<h1>K\u00d6P\u00dcK KES\u0130C\u0130<\/h1>\n<p><strong>K\u00f6p\u00fck olu\u015fumunu en aza indirmek i\u00e7in kullan\u0131l\u0131r. K\u00f6p\u00fck \u00f6nleyici yada k\u00f6p\u00fck k\u0131r\u0131c\u0131 gibi isimleri de bulunur.<\/strong><\/p>\n<p><strong>\u00a0<\/strong><\/p>\n<p><strong>K\u00d6P\u00dcK KES\u0130C\u0130 \u00d6ZELL\u0130KLER\u0130<\/strong><\/p>\n<p><strong>K\u00f6p\u00fck kesici, silikon omurlara sahip bir polimerdir.<\/strong><\/p>\n<p><strong>Aktiflik oran\u0131na g\u00f6re s\u00fcreklili\u011fi fazlad\u0131r.<\/strong><\/p>\n<p><strong>Ulusal ve uluslararas\u0131 y\u00f6netmeliklere uygundur.<\/strong><\/p>\n<p><strong>Silikon bile\u015fi\u011fi bir silikon ya\u011f\u0131nda da\u011f\u0131t\u0131lm\u0131\u015f hidrofobik bir silikadan olu\u015fur.<\/strong><\/p>\n<p><strong>K\u00f6p\u00fck kesici, filtre t\u0131kanmalar\u0131n\u0131 ve pompalar\u0131n hava yapmas\u0131n\u0131 engeller.<\/strong><\/p>\n<p><strong>Seviye sens\u00f6rlerinin ar\u0131za yapmas\u0131n\u0131n \u00f6n\u00fcne ge\u00e7er.<\/strong><\/p>\n<p><strong>Biyolojik olarak do\u011fada par\u00e7alanabilir \u00f6zelliktedir ve \u00e7evrecidir.<\/strong><\/p>\n<p><strong>Olu\u015fan k\u00f6p\u00fc\u011f\u00fcn indirgenmesinde veya en ba\u015fta k\u00f6p\u00fck olu\u015fmamas\u0131nda etkilidir.<\/strong><\/p>\n<p><strong>S\u0131cak i\u015flemlerde olumlu \u00e7\u00f6z\u00fcmler sunmaktad\u0131r. 1ton suya 1 kg eklemek yeterli olacakt\u0131r.<\/strong><\/p>\n<p><strong>K\u00f6p\u00fck kesici, bir\u00e7ok kimyasal ile uyumludur.<\/strong><\/p>\n<p><strong>\u00c7ok geni\u015f sekt\u00f6rlerde kullan\u0131m \u00f6zelli\u011fine sahiptir.<\/strong><\/p>\n<p><strong>Her t\u00fcr su sertli\u011finde \u00e7al\u0131\u015fma \u00f6zelli\u011fine sahiptir.<\/strong><\/p>\n<p><strong>Tam em\u00fclsiyondur.<\/strong><\/p>\n<p><strong>APEO i\u00e7ermez.<\/strong><\/p>\n<p><strong>\u00a0<\/strong><\/p>\n<p><strong>K\u00d6P\u00dcK KES\u0130C\u0130 TEKN\u0130K \u00d6ZELL\u0130KLER\u0130<\/strong><\/p>\n<p><strong>G\u00d6R\u00dcN\u00dcM: Beyaz <\/strong><\/p>\n<p><strong>PH: 6.0-70.0<\/strong><\/p>\n<p><strong>\u00a0<\/strong><\/p>\n<p><strong>K\u00d6P\u00dcK KES\u0130C\u0130 KULLANIM ALANLARI<\/strong><\/p>\n<p><strong>Su ve at\u0131k su tesislerinde kullan\u0131l\u0131r.<\/strong><\/p>\n<p><strong>\u015eeker \u00fcretim tesislerinde pancar y\u0131kama ve proseslerde kullan\u0131l\u0131r.<\/strong><\/p>\n<p><strong>End\u00fcstride k\u00f6p\u00fck olu\u015fumuna ba\u011fl\u0131 problemlerin giderilmesinde kullan\u0131l\u0131r.<\/strong><\/p>\n<p><strong>Deterjanlar\u0131n baz\u0131lar\u0131nda k\u00f6p\u00fck \u00f6nlemede kullan\u0131l\u0131r.<\/strong><\/p>\n<p><strong>Gliserin ve di\u011fer bitkisel \u00fcr\u00fcnlerde kullan\u0131lmaktad\u0131r.<\/strong><\/p>\n<p><strong>T\u00fcm su ve ya\u011f \u00fcr\u00fcnlerinde kullan\u0131labilir.<\/strong><\/p>\n<p><strong>\u00a0<\/strong><\/p>\n<p><strong>K\u00d6P\u00dcK \u00d6NLEY\u0130C\u0130 MADDE NASIL OLMALIDIR?<\/strong><\/p>\n<p><strong>K\u00f6p\u00fck \u00f6nleyici madde nonyonik olmal\u0131d\u0131r nedeni kullan\u0131laca\u011f\u0131 sistemde birbirine z\u0131t karakterde kimyasallar ile uyumlu olmas\u0131d\u0131r.<\/strong><\/p>\n<p><strong>Nonyonik bazl\u0131 kar\u0131\u015f\u0131m varsa hidrofilik ba\u015fl\u0131k ve sulu \u00e7\u00f6zeltide hidrofilik kuyru\u011fa sahip olmal\u0131d\u0131r.<\/strong><\/p>\n<p><strong>Sistemde e\u011fer anyonik s\u00fcrfektan varsa k\u00f6p\u00fck kesicilerde katyonik ve anyonik madde bulunmamal\u0131d\u0131r.<\/strong><\/p>\n<p><strong>Sistemde katyonik s\u00fcrfektan varsa kesinlikle k\u00f6p\u00fck k\u0131r\u0131c\u0131 nonyonik olmal\u0131d\u0131r.<\/strong><\/p>\n<p><strong>\u00a0<\/strong><\/p>\n<p><strong>AMBALAJ<\/strong><\/p>\n<p><strong>1-5-30 kg bidonlar ve 200 kg variller halinde<\/strong><\/p>\n<p><strong>\u00a0<\/strong><\/p>\n","protected":false},"excerpt":{"rendered":"<p>K\u00d6P\u00dcK KES\u0130C\u0130 K\u00f6p\u00fck olu\u015fumunu en aza indirmek i\u00e7in kullan\u0131l\u0131r. K\u00f6p\u00fck \u00f6nleyici yada k\u00f6p\u00fck k\u0131r\u0131c\u0131 gibi isimleri de bulunur. \u00a0 K\u00d6P\u00dcK<\/p>\n","protected":false},"featured_media":17592,"comment_status":"open","ping_status":"closed","template":"","meta":{"_joinchat":[]},"product_cat":[74],"product_tag":[],"class_list":{"0":"post-20619","1":"product","2":"type-product","3":"status-publish","4":"has-post-thumbnail","6":"product_cat-deterjan-ve-kozmetik-kimyasallari","8":"first","9":"instock","10":"shipping-taxable","11":"purchasable","12":"product-type-variable"},"yoast_head":"<!-- This site is optimized with the Yoast SEO Premium plugin v20.2.1 (Yoast SEO v20.2.1) - https:\/\/yoast.com\/wordpress\/plugins\/seo\/ -->\n<title>K\u00d6P\u00dcK KES\u0130C\u0130 - Akerkimya<\/title>\n<meta name=\"robots\" content=\"index, follow, max-snippet:-1, max-image-preview:large, max-video-preview:-1\" \/>\n<link rel=\"canonical\" href=\"https:\/\/akerkimya.com\/eticaret\/urun\/kopuk-kesici-2\/\" \/>\n<meta property=\"og:locale\" content=\"tr_TR\" \/>\n<meta property=\"og:type\" content=\"article\" \/>\n<meta property=\"og:title\" content=\"K\u00d6P\u00dcK KES\u0130C\u0130\" \/>\n<meta property=\"og:description\" content=\"K\u00d6P\u00dcK KES\u0130C\u0130 K\u00f6p\u00fck olu\u015fumunu en aza indirmek i\u00e7in kullan\u0131l\u0131r. K\u00f6p\u00fck \u00f6nleyici yada k\u00f6p\u00fck k\u0131r\u0131c\u0131 gibi isimleri de bulunur. \u00a0 K\u00d6P\u00dcK\" \/>\n<meta property=\"og:url\" content=\"https:\/\/akerkimya.com\/eticaret\/urun\/kopuk-kesici-2\/\" \/>\n<meta property=\"og:site_name\" content=\"Akerkimya\" \/>\n<meta property=\"article:modified_time\" content=\"2026-03-29T23:24:19+00:00\" \/>\n<meta name=\"twitter:card\" content=\"summary_large_image\" \/>\n<meta name=\"twitter:label1\" content=\"Tahmini okuma s\u00fcresi\" \/>\n\t<meta name=\"twitter:data1\" content=\"2 dakika\" \/>\n<script type=\"application\/ld+json\" class=\"yoast-schema-graph\">{\"@context\":\"https:\/\/schema.org\",\"@graph\":[{\"@type\":\"WebPage\",\"@id\":\"https:\/\/akerkimya.com\/eticaret\/urun\/kopuk-kesici-2\/\",\"url\":\"https:\/\/akerkimya.com\/eticaret\/urun\/kopuk-kesici-2\/\",\"name\":\"K\u00d6P\u00dcK KES\u0130C\u0130 - Akerkimya\",\"isPartOf\":{\"@id\":\"https:\/\/akerkimya.com\/eticaret\/#website\"},\"datePublished\":\"2026-03-29T23:08:22+00:00\",\"dateModified\":\"2026-03-29T23:24:19+00:00\",\"breadcrumb\":{\"@id\":\"https:\/\/akerkimya.com\/eticaret\/urun\/kopuk-kesici-2\/#breadcrumb\"},\"inLanguage\":\"tr\",\"potentialAction\":[{\"@type\":\"ReadAction\",\"target\":[\"https:\/\/akerkimya.com\/eticaret\/urun\/kopuk-kesici-2\/\"]}]},{\"@type\":\"BreadcrumbList\",\"@id\":\"https:\/\/akerkimya.com\/eticaret\/urun\/kopuk-kesici-2\/#breadcrumb\",\"itemListElement\":[{\"@type\":\"ListItem\",\"position\":1,\"name\":\"Home\",\"item\":\"https:\/\/akerkimya.com\/eticaret\/\"},{\"@type\":\"ListItem\",\"position\":2,\"name\":\"Market\",\"item\":\"https:\/\/akerkimya.com\/eticaret\/market\/\"},{\"@type\":\"ListItem\",\"position\":3,\"name\":\"K\u00d6P\u00dcK KES\u0130C\u0130\"}]},{\"@type\":\"WebSite\",\"@id\":\"https:\/\/akerkimya.com\/eticaret\/#website\",\"url\":\"https:\/\/akerkimya.com\/eticaret\/\",\"name\":\"Akerkimya\",\"description\":\"\",\"potentialAction\":[{\"@type\":\"SearchAction\",\"target\":{\"@type\":\"EntryPoint\",\"urlTemplate\":\"https:\/\/akerkimya.com\/eticaret\/?s={search_term_string}\"},\"query-input\":\"required name=search_term_string\"}],\"inLanguage\":\"tr\"}]}<\/script>\n<!-- \/ Yoast SEO Premium plugin. -->","yoast_head_json":{"title":"K\u00d6P\u00dcK KES\u0130C\u0130 - Akerkimya","robots":{"index":"index","follow":"follow","max-snippet":"max-snippet:-1","max-image-preview":"max-image-preview:large","max-video-preview":"max-video-preview:-1"},"canonical":"https:\/\/akerkimya.com\/eticaret\/urun\/kopuk-kesici-2\/","og_locale":"tr_TR","og_type":"article","og_title":"K\u00d6P\u00dcK KES\u0130C\u0130","og_description":"K\u00d6P\u00dcK KES\u0130C\u0130 K\u00f6p\u00fck olu\u015fumunu en aza indirmek i\u00e7in kullan\u0131l\u0131r. K\u00f6p\u00fck \u00f6nleyici yada k\u00f6p\u00fck k\u0131r\u0131c\u0131 gibi isimleri de bulunur. \u00a0 K\u00d6P\u00dcK","og_url":"https:\/\/akerkimya.com\/eticaret\/urun\/kopuk-kesici-2\/","og_site_name":"Akerkimya","article_modified_time":"2026-03-29T23:24:19+00:00","twitter_card":"summary_large_image","twitter_misc":{"Tahmini okuma s\u00fcresi":"2 dakika"},"schema":{"@context":"https:\/\/schema.org","@graph":[{"@type":"WebPage","@id":"https:\/\/akerkimya.com\/eticaret\/urun\/kopuk-kesici-2\/","url":"https:\/\/akerkimya.com\/eticaret\/urun\/kopuk-kesici-2\/","name":"K\u00d6P\u00dcK KES\u0130C\u0130 - Akerkimya","isPartOf":{"@id":"https:\/\/akerkimya.com\/eticaret\/#website"},"datePublished":"2026-03-29T23:08:22+00:00","dateModified":"2026-03-29T23:24:19+00:00","breadcrumb":{"@id":"https:\/\/akerkimya.com\/eticaret\/urun\/kopuk-kesici-2\/#breadcrumb"},"inLanguage":"tr","potentialAction":[{"@type":"ReadAction","target":["https:\/\/akerkimya.com\/eticaret\/urun\/kopuk-kesici-2\/"]}]},{"@type":"BreadcrumbList","@id":"https:\/\/akerkimya.com\/eticaret\/urun\/kopuk-kesici-2\/#breadcrumb","itemListElement":[{"@type":"ListItem","position":1,"name":"Home","item":"https:\/\/akerkimya.com\/eticaret\/"},{"@type":"ListItem","position":2,"name":"Market","item":"https:\/\/akerkimya.com\/eticaret\/market\/"},{"@type":"ListItem","position":3,"name":"K\u00d6P\u00dcK KES\u0130C\u0130"}]},{"@type":"WebSite","@id":"https:\/\/akerkimya.com\/eticaret\/#website","url":"https:\/\/akerkimya.com\/eticaret\/","name":"Akerkimya","description":"","potentialAction":[{"@type":"SearchAction","target":{"@type":"EntryPoint","urlTemplate":"https:\/\/akerkimya.com\/eticaret\/?s={search_term_string}"},"query-input":"required name=search_term_string"}],"inLanguage":"tr"}]}},"_links":{"self":[{"href":"https:\/\/akerkimya.com\/eticaret\/wp-json\/wp\/v2\/product\/20619","targetHints":{"allow":["GET"]}}],"collection":[{"href":"https:\/\/akerkimya.com\/eticaret\/wp-json\/wp\/v2\/product"}],"about":[{"href":"https:\/\/akerkimya.com\/eticaret\/wp-json\/wp\/v2\/types\/product"}],"replies":[{"embeddable":true,"href":"https:\/\/akerkimya.com\/eticaret\/wp-json\/wp\/v2\/comments?post=20619"}],"version-history":[{"count":1,"href":"https:\/\/akerkimya.com\/eticaret\/wp-json\/wp\/v2\/product\/20619\/revisions"}],"predecessor-version":[{"id":20642,"href":"https:\/\/akerkimya.com\/eticaret\/wp-json\/wp\/v2\/product\/20619\/revisions\/20642"}],"wp:featuredmedia":[{"embeddable":true,"href":"https:\/\/akerkimya.com\/eticaret\/wp-json\/wp\/v2\/media\/17592"}],"wp:attachment":[{"href":"https:\/\/akerkimya.com\/eticaret\/wp-json\/wp\/v2\/media?parent=20619"}],"wp:term":[{"taxonomy":"product_cat","embeddable":true,"href":"https:\/\/akerkimya.com\/eticaret\/wp-json\/wp\/v2\/product_cat?post=20619"},{"taxonomy":"product_tag","embeddable":true,"href":"https:\/\/akerkimya.com\/eticaret\/wp-json\/wp\/v2\/product_tag?post=20619"}],"curies":[{"name":"wp","href":"https:\/\/api.w.org\/{rel}","templated":true}]}}