{"id":20634,"date":"2026-03-30T02:08:24","date_gmt":"2026-03-29T23:08:24","guid":{"rendered":"https:\/\/akerkimya.com\/eticaret\/?post_type=product&#038;p=20634"},"modified":"2026-03-30T02:24:19","modified_gmt":"2026-03-29T23:24:19","slug":"l-arginine-hcl-2","status":"publish","type":"product","link":"https:\/\/akerkimya.com\/eticaret\/urun\/l-arginine-hcl-2\/","title":{"rendered":"L-ARG\u0130N\u0130NE HCL"},"content":{"rendered":"<h1>L-ARG\u0130N\u0130NE HCL <\/h1>\n<p><strong>L-Arginin, C6H14N4O2.HCl kimyasal form\u00fcl\u00fcne sahip insan v\u00fccudundaki be\u015f temel amino asittir. \u0130yon de\u011fi\u015ftirme re\u00e7inesi veya baryum hidroksit ile ayr\u0131lan jelatin gibi hidrolizat\u0131ndan elde edilir. L-arginine v\u00fccudun kendi kreatinin \u00fcretiminde rol oynar kreatin kaslara enerji sa\u011flanmas\u0131n\u0131 ve beyne oksijen al\u0131m\u0131n\u0131 destekler. T\u00fcm amino asitleri aras\u0131nda en y\u00fcksek nitrojen i\u00e7eri\u011fine sahiptir ve v\u00fccudun kendi nitrik oksit \u00fcreminde rol oynar <\/strong><\/p>\n<p><strong>\u00a0<\/strong><\/p>\n<p><strong>\u00d6ZELL\u0130KLER\u0130<\/strong><\/p>\n<p><strong>Beyaz renkte toz\/kristal bir formda bulunur.<\/strong><\/p>\n<p><strong>Suda \u00e7\u00f6z\u00fcn\u00fcrl\u00fc\u011f\u00fc g\u00fc\u00e7l\u00fc bir alkaliye sahiptir. <\/strong><\/p>\n<p><strong>Su i\u00e7erisinde 25 \u00b0C de 182 mg\/Mlt \u00e7\u00f6z\u00fcn\u00fcr. Asetik asitte \u00e7\u00f6z\u00fcnmez. Etil alkol i\u00e7erisinde az \u00e7\u00f6z\u00fcn\u00fcr.<\/strong><\/p>\n<p><strong>\u00a0<\/strong><\/p>\n<p><strong>TEKN\u0130K \u00d6ZELL\u0130KLER\u0130<\/strong><\/p>\n<p><strong>CAS NO: <\/strong><strong>1119-34-2<\/strong><\/p>\n<p><strong>MOLEK\u00dcLER FORM\u00dcL: C6H14N4O2.HCl<\/strong><\/p>\n<p><strong>K\u0130MYASAL \u0130SM\u0130: L-Arginine hcl, L-Arjinin, Arginin <\/strong><\/p>\n<p><strong>MOLAR K\u00dcTLE: 174.20 g\/mol <\/strong><\/p>\n<p><strong>ER\u0130ME NOKTASI: 244 \u00b0C<\/strong><\/p>\n<p><strong>\u00a0<\/strong><\/p>\n<p><strong>KULLANIM ALANLARI <\/strong><\/p>\n<p><strong>Kozmetik sekt\u00f6r\u00fcnde alkalin ph ayarlay\u0131c\u0131 olarak kullan\u0131l\u0131r.<\/strong><\/p>\n<p><strong>B\u00fcy\u00fcme fakt\u00f6rlerinin salg\u0131lanmas\u0131nda ve kas \u00fczerinde etki yapmas\u0131 nedeniyle spor beslenmelerinde performans artt\u0131r\u0131c\u0131 \u00fcr\u00fcnlerde kullan\u0131l\u0131r.<\/strong><\/p>\n<p><strong>Cilt bariyerinde olu\u015fan yaralanmalar\u0131 tedavi etmesi ve h\u00fccre \u00fczerinde onar\u0131c\u0131 etkiye sahip oldu\u011funda \u00e7e\u015fitli ila\u00e7 sekt\u00f6r\u00fcnde kullan\u0131l\u0131r.<\/strong><\/p>\n<p><strong>Amonya\u011f\u0131n \u00fcreye d\u00f6n\u00fc\u015f\u00fcm\u00fcn\u00fc destekleyerek kandaki amonyak d\u00fczeyinin azalt\u0131lmas\u0131n\u0131 ve yara iyile\u015fmesini destekler <\/strong><\/p>\n<p><strong>Hipofiz bezini b\u00fcy\u00fcme hormonu salg\u0131lamas\u0131 i\u00e7in uyarabilir bu nedenli hipofiz fonksiyon testlerinde kullan\u0131l\u0131r.<\/strong><\/p>\n<p><strong>\u00a0<\/strong><\/p>\n<p><strong>AMBALAJ <\/strong><\/p>\n<p><strong>1-5-25 kg ambalajlar halindedir.<\/strong><\/p>\n<p><strong>\u00a0<\/strong><\/p>\n<p><strong>DEPOLAMA <\/strong><\/p>\n<p><strong>Oda s\u0131cakl\u0131\u011f\u0131nda, \u0131\u015f\u0131ktan uzakta saklay\u0131n.<\/strong><\/p>\n<p><strong>\u00a0<\/strong><\/p>\n","protected":false},"excerpt":{"rendered":"<p>L-ARG\u0130N\u0130NE HCL L-Arginin, C6H14N4O2.HCl kimyasal form\u00fcl\u00fcne sahip insan v\u00fccudundaki be\u015f temel amino asittir. \u0130yon de\u011fi\u015ftirme re\u00e7inesi veya baryum hidroksit ile<\/p>\n","protected":false},"featured_media":17619,"comment_status":"open","ping_status":"closed","template":"","meta":{"_joinchat":[]},"product_cat":[74,80],"product_tag":[],"class_list":{"0":"post-20634","1":"product","2":"type-product","3":"status-publish","4":"has-post-thumbnail","6":"product_cat-deterjan-ve-kozmetik-kimyasallari","7":"product_cat-veteriner-ve-ilac-kimyasallari","9":"first","10":"instock","11":"shipping-taxable","12":"purchasable","13":"product-type-variable"},"yoast_head":"<!-- This site is optimized with the Yoast SEO Premium plugin v20.2.1 (Yoast SEO v20.2.1) - https:\/\/yoast.com\/wordpress\/plugins\/seo\/ -->\n<title>L-ARG\u0130N\u0130NE HCL - Akerkimya<\/title>\n<meta name=\"robots\" content=\"index, follow, max-snippet:-1, max-image-preview:large, max-video-preview:-1\" \/>\n<link rel=\"canonical\" href=\"https:\/\/akerkimya.com\/eticaret\/urun\/l-arginine-hcl-2\/\" \/>\n<meta property=\"og:locale\" content=\"tr_TR\" \/>\n<meta property=\"og:type\" content=\"article\" \/>\n<meta property=\"og:title\" content=\"L-ARG\u0130N\u0130NE HCL\" \/>\n<meta property=\"og:description\" content=\"L-ARG\u0130N\u0130NE HCL L-Arginin, C6H14N4O2.HCl kimyasal form\u00fcl\u00fcne sahip insan v\u00fccudundaki be\u015f temel amino asittir. \u0130yon de\u011fi\u015ftirme re\u00e7inesi veya baryum hidroksit ile\" \/>\n<meta property=\"og:url\" content=\"https:\/\/akerkimya.com\/eticaret\/urun\/l-arginine-hcl-2\/\" \/>\n<meta property=\"og:site_name\" content=\"Akerkimya\" \/>\n<meta property=\"article:modified_time\" content=\"2026-03-29T23:24:19+00:00\" \/>\n<meta name=\"twitter:card\" content=\"summary_large_image\" \/>\n<meta name=\"twitter:label1\" content=\"Tahmini okuma s\u00fcresi\" \/>\n\t<meta name=\"twitter:data1\" content=\"1 dakika\" \/>\n<script type=\"application\/ld+json\" class=\"yoast-schema-graph\">{\"@context\":\"https:\/\/schema.org\",\"@graph\":[{\"@type\":\"WebPage\",\"@id\":\"https:\/\/akerkimya.com\/eticaret\/urun\/l-arginine-hcl-2\/\",\"url\":\"https:\/\/akerkimya.com\/eticaret\/urun\/l-arginine-hcl-2\/\",\"name\":\"L-ARG\u0130N\u0130NE HCL - Akerkimya\",\"isPartOf\":{\"@id\":\"https:\/\/akerkimya.com\/eticaret\/#website\"},\"datePublished\":\"2026-03-29T23:08:24+00:00\",\"dateModified\":\"2026-03-29T23:24:19+00:00\",\"breadcrumb\":{\"@id\":\"https:\/\/akerkimya.com\/eticaret\/urun\/l-arginine-hcl-2\/#breadcrumb\"},\"inLanguage\":\"tr\",\"potentialAction\":[{\"@type\":\"ReadAction\",\"target\":[\"https:\/\/akerkimya.com\/eticaret\/urun\/l-arginine-hcl-2\/\"]}]},{\"@type\":\"BreadcrumbList\",\"@id\":\"https:\/\/akerkimya.com\/eticaret\/urun\/l-arginine-hcl-2\/#breadcrumb\",\"itemListElement\":[{\"@type\":\"ListItem\",\"position\":1,\"name\":\"Home\",\"item\":\"https:\/\/akerkimya.com\/eticaret\/\"},{\"@type\":\"ListItem\",\"position\":2,\"name\":\"Market\",\"item\":\"https:\/\/akerkimya.com\/eticaret\/market\/\"},{\"@type\":\"ListItem\",\"position\":3,\"name\":\"L-ARG\u0130N\u0130NE HCL\"}]},{\"@type\":\"WebSite\",\"@id\":\"https:\/\/akerkimya.com\/eticaret\/#website\",\"url\":\"https:\/\/akerkimya.com\/eticaret\/\",\"name\":\"Akerkimya\",\"description\":\"\",\"potentialAction\":[{\"@type\":\"SearchAction\",\"target\":{\"@type\":\"EntryPoint\",\"urlTemplate\":\"https:\/\/akerkimya.com\/eticaret\/?s={search_term_string}\"},\"query-input\":\"required name=search_term_string\"}],\"inLanguage\":\"tr\"}]}<\/script>\n<!-- \/ Yoast SEO Premium plugin. -->","yoast_head_json":{"title":"L-ARG\u0130N\u0130NE HCL - Akerkimya","robots":{"index":"index","follow":"follow","max-snippet":"max-snippet:-1","max-image-preview":"max-image-preview:large","max-video-preview":"max-video-preview:-1"},"canonical":"https:\/\/akerkimya.com\/eticaret\/urun\/l-arginine-hcl-2\/","og_locale":"tr_TR","og_type":"article","og_title":"L-ARG\u0130N\u0130NE HCL","og_description":"L-ARG\u0130N\u0130NE HCL L-Arginin, C6H14N4O2.HCl kimyasal form\u00fcl\u00fcne sahip insan v\u00fccudundaki be\u015f temel amino asittir. \u0130yon de\u011fi\u015ftirme re\u00e7inesi veya baryum hidroksit ile","og_url":"https:\/\/akerkimya.com\/eticaret\/urun\/l-arginine-hcl-2\/","og_site_name":"Akerkimya","article_modified_time":"2026-03-29T23:24:19+00:00","twitter_card":"summary_large_image","twitter_misc":{"Tahmini okuma s\u00fcresi":"1 dakika"},"schema":{"@context":"https:\/\/schema.org","@graph":[{"@type":"WebPage","@id":"https:\/\/akerkimya.com\/eticaret\/urun\/l-arginine-hcl-2\/","url":"https:\/\/akerkimya.com\/eticaret\/urun\/l-arginine-hcl-2\/","name":"L-ARG\u0130N\u0130NE HCL - Akerkimya","isPartOf":{"@id":"https:\/\/akerkimya.com\/eticaret\/#website"},"datePublished":"2026-03-29T23:08:24+00:00","dateModified":"2026-03-29T23:24:19+00:00","breadcrumb":{"@id":"https:\/\/akerkimya.com\/eticaret\/urun\/l-arginine-hcl-2\/#breadcrumb"},"inLanguage":"tr","potentialAction":[{"@type":"ReadAction","target":["https:\/\/akerkimya.com\/eticaret\/urun\/l-arginine-hcl-2\/"]}]},{"@type":"BreadcrumbList","@id":"https:\/\/akerkimya.com\/eticaret\/urun\/l-arginine-hcl-2\/#breadcrumb","itemListElement":[{"@type":"ListItem","position":1,"name":"Home","item":"https:\/\/akerkimya.com\/eticaret\/"},{"@type":"ListItem","position":2,"name":"Market","item":"https:\/\/akerkimya.com\/eticaret\/market\/"},{"@type":"ListItem","position":3,"name":"L-ARG\u0130N\u0130NE HCL"}]},{"@type":"WebSite","@id":"https:\/\/akerkimya.com\/eticaret\/#website","url":"https:\/\/akerkimya.com\/eticaret\/","name":"Akerkimya","description":"","potentialAction":[{"@type":"SearchAction","target":{"@type":"EntryPoint","urlTemplate":"https:\/\/akerkimya.com\/eticaret\/?s={search_term_string}"},"query-input":"required name=search_term_string"}],"inLanguage":"tr"}]}},"_links":{"self":[{"href":"https:\/\/akerkimya.com\/eticaret\/wp-json\/wp\/v2\/product\/20634","targetHints":{"allow":["GET"]}}],"collection":[{"href":"https:\/\/akerkimya.com\/eticaret\/wp-json\/wp\/v2\/product"}],"about":[{"href":"https:\/\/akerkimya.com\/eticaret\/wp-json\/wp\/v2\/types\/product"}],"replies":[{"embeddable":true,"href":"https:\/\/akerkimya.com\/eticaret\/wp-json\/wp\/v2\/comments?post=20634"}],"version-history":[{"count":1,"href":"https:\/\/akerkimya.com\/eticaret\/wp-json\/wp\/v2\/product\/20634\/revisions"}],"predecessor-version":[{"id":20644,"href":"https:\/\/akerkimya.com\/eticaret\/wp-json\/wp\/v2\/product\/20634\/revisions\/20644"}],"wp:featuredmedia":[{"embeddable":true,"href":"https:\/\/akerkimya.com\/eticaret\/wp-json\/wp\/v2\/media\/17619"}],"wp:attachment":[{"href":"https:\/\/akerkimya.com\/eticaret\/wp-json\/wp\/v2\/media?parent=20634"}],"wp:term":[{"taxonomy":"product_cat","embeddable":true,"href":"https:\/\/akerkimya.com\/eticaret\/wp-json\/wp\/v2\/product_cat?post=20634"},{"taxonomy":"product_tag","embeddable":true,"href":"https:\/\/akerkimya.com\/eticaret\/wp-json\/wp\/v2\/product_tag?post=20634"}],"curies":[{"name":"wp","href":"https:\/\/api.w.org\/{rel}","templated":true}]}}