{"id":20666,"date":"2026-03-30T02:08:31","date_gmt":"2026-03-29T23:08:31","guid":{"rendered":"https:\/\/akerkimya.com\/eticaret\/?post_type=product&#038;p=20666"},"modified":"2026-03-30T02:24:21","modified_gmt":"2026-03-29T23:24:21","slug":"pea-green-gida-boyasi-2","status":"publish","type":"product","link":"https:\/\/akerkimya.com\/eticaret\/urun\/pea-green-gida-boyasi-2\/","title":{"rendered":"PEA GREEN (GIDA BOYASI)"},"content":{"rendered":"<h1>PEA GREEN (GIDA BOYASI)<\/h1>\n<p><strong>Pea Green, C37H34N2Na2O10S3 kimyasal form\u00fcl\u00fcne sahip sentetik g\u0131da boyas\u0131d\u0131r. G\u0131da end\u00fcstrisinde renklendirme amac\u0131yla kullan\u0131l\u0131r.<\/strong><\/p>\n<p><strong>\u00a0<\/strong><\/p>\n<p><strong>ALLURA RED \u00d6ZELL\u0130KLER\u0130<\/strong><\/p>\n<p><strong>Toz formda, ye\u015fil renktedir.<\/strong><\/p>\n<p><strong>Suda \u00e7\u00f6z\u00fcn\u00fcr.<\/strong><\/p>\n<p><strong>\u00a0<\/strong><\/p>\n<p><strong>TEKN\u0130K \u00d6ZELL\u0130KLER\u0130<\/strong><\/p>\n<p><strong>CAS NUMARASI: 2353-45-9<\/strong><\/p>\n<p><strong>E GIDA KODU: 133+102<\/strong><\/p>\n<p><strong>K\u0130MYASAL \u0130SM\u0130: Pea Green<\/strong><\/p>\n<p><strong>T\u0130CAR\u0130 \u0130SM\u0130: Ye\u015fil g\u0131da boyas\u0131<\/strong><\/p>\n<p><strong>MOLEK\u00dcLER FORM\u00dcL: C37H34N2Na2O10S3<\/strong><\/p>\n<p><strong>MOLEK\u00dcL A\u011eIRLI\u011eI: 582.66 gr\/mol<\/strong><\/p>\n<p><strong>PH ARALI\u011eI: 5-6<\/strong><\/p>\n<p><strong>YO\u011eUNLUK: 0.80 gr\/cm\u00b3<\/strong><\/p>\n<p><strong>\u00a0<\/strong><\/p>\n<p><strong>KULLANIM ALANLARI<\/strong><\/p>\n<p><strong>Kozmetik sekt\u00f6r\u00fcnde, oje, far gibi \u00fcr\u00fcnlerde renklendirme amac\u0131yla kullan\u0131l\u0131r.<\/strong><\/p>\n<p><strong>Renkli ta\u015f yap\u0131m\u0131nda kullan\u0131l\u0131r.<\/strong><\/p>\n<p><strong>Oyun hamuru renklendirmede kullan\u0131l\u0131r.<\/strong><\/p>\n<p><strong>G\u0131da sekt\u00f6r\u00fcnde, \u015fekerlemeler, dondurmalar, j\u00f6leler, marmelatlar, baz\u0131 meyve sular\u0131, pastalar, bisk\u00fcviler gibi bir\u00e7ok \u00fcr\u00fcnde kullan\u0131l\u0131r.<\/strong><\/p>\n<p><strong>Kaps\u00fcl \u00fcretiminde boya olarak kullan\u0131l\u0131r.<\/strong><\/p>\n<p><strong>Katyonik pamuklu kuma\u015flarda boya olarak kullan\u0131l\u0131r.<\/strong><\/p>\n<p><strong>\u00a0<\/strong><\/p>\n<p><strong>AMBALAJ<\/strong><\/p>\n<p><strong>100-250-500 gram ve 1 kg ambalajlar halinde<\/strong><\/p>\n<p><strong>\u00a0<\/strong><\/p>\n<p><strong>DEPOLAMA <\/strong><\/p>\n<p><strong>Serin ve nem olmayan alanlarda muhafaza ediniz.<\/strong><\/p>\n<p><strong>\u00a0<\/strong><\/p>\n<p>&nbsp;<\/p>\n","protected":false},"excerpt":{"rendered":"<p>PEA GREEN (GIDA BOYASI) Pea Green, C37H34N2Na2O10S3 kimyasal form\u00fcl\u00fcne sahip sentetik g\u0131da boyas\u0131d\u0131r. G\u0131da end\u00fcstrisinde renklendirme amac\u0131yla kullan\u0131l\u0131r. \u00a0 ALLURA<\/p>\n","protected":false},"featured_media":17674,"comment_status":"open","ping_status":"closed","template":"","meta":{"_joinchat":[]},"product_cat":[74,76],"product_tag":[],"class_list":{"0":"post-20666","1":"product","2":"type-product","3":"status-publish","4":"has-post-thumbnail","6":"product_cat-deterjan-ve-kozmetik-kimyasallari","7":"product_cat-gida-ve-katki-kimyasallari","9":"first","10":"instock","11":"shipping-taxable","12":"purchasable","13":"product-type-variable"},"yoast_head":"<!-- This site is optimized with the Yoast SEO Premium plugin v20.2.1 (Yoast SEO v20.2.1) - https:\/\/yoast.com\/wordpress\/plugins\/seo\/ -->\n<title>PEA GREEN (GIDA BOYASI) - Akerkimya<\/title>\n<meta name=\"robots\" content=\"index, follow, max-snippet:-1, max-image-preview:large, max-video-preview:-1\" \/>\n<link rel=\"canonical\" href=\"https:\/\/akerkimya.com\/eticaret\/urun\/pea-green-gida-boyasi-2\/\" \/>\n<meta property=\"og:locale\" content=\"tr_TR\" \/>\n<meta property=\"og:type\" content=\"article\" \/>\n<meta property=\"og:title\" content=\"PEA GREEN (GIDA BOYASI)\" \/>\n<meta property=\"og:description\" content=\"PEA GREEN (GIDA BOYASI) Pea Green, C37H34N2Na2O10S3 kimyasal form\u00fcl\u00fcne sahip sentetik g\u0131da boyas\u0131d\u0131r. G\u0131da end\u00fcstrisinde renklendirme amac\u0131yla kullan\u0131l\u0131r. \u00a0 ALLURA\" \/>\n<meta property=\"og:url\" content=\"https:\/\/akerkimya.com\/eticaret\/urun\/pea-green-gida-boyasi-2\/\" \/>\n<meta property=\"og:site_name\" content=\"Akerkimya\" \/>\n<meta property=\"article:modified_time\" content=\"2026-03-29T23:24:21+00:00\" \/>\n<meta name=\"twitter:card\" content=\"summary_large_image\" \/>\n<meta name=\"twitter:label1\" content=\"Tahmini okuma s\u00fcresi\" \/>\n\t<meta name=\"twitter:data1\" content=\"1 dakika\" \/>\n<script type=\"application\/ld+json\" class=\"yoast-schema-graph\">{\"@context\":\"https:\/\/schema.org\",\"@graph\":[{\"@type\":\"WebPage\",\"@id\":\"https:\/\/akerkimya.com\/eticaret\/urun\/pea-green-gida-boyasi-2\/\",\"url\":\"https:\/\/akerkimya.com\/eticaret\/urun\/pea-green-gida-boyasi-2\/\",\"name\":\"PEA GREEN (GIDA BOYASI) - Akerkimya\",\"isPartOf\":{\"@id\":\"https:\/\/akerkimya.com\/eticaret\/#website\"},\"datePublished\":\"2026-03-29T23:08:31+00:00\",\"dateModified\":\"2026-03-29T23:24:21+00:00\",\"breadcrumb\":{\"@id\":\"https:\/\/akerkimya.com\/eticaret\/urun\/pea-green-gida-boyasi-2\/#breadcrumb\"},\"inLanguage\":\"tr\",\"potentialAction\":[{\"@type\":\"ReadAction\",\"target\":[\"https:\/\/akerkimya.com\/eticaret\/urun\/pea-green-gida-boyasi-2\/\"]}]},{\"@type\":\"BreadcrumbList\",\"@id\":\"https:\/\/akerkimya.com\/eticaret\/urun\/pea-green-gida-boyasi-2\/#breadcrumb\",\"itemListElement\":[{\"@type\":\"ListItem\",\"position\":1,\"name\":\"Home\",\"item\":\"https:\/\/akerkimya.com\/eticaret\/\"},{\"@type\":\"ListItem\",\"position\":2,\"name\":\"Market\",\"item\":\"https:\/\/akerkimya.com\/eticaret\/market\/\"},{\"@type\":\"ListItem\",\"position\":3,\"name\":\"PEA GREEN (GIDA BOYASI)\"}]},{\"@type\":\"WebSite\",\"@id\":\"https:\/\/akerkimya.com\/eticaret\/#website\",\"url\":\"https:\/\/akerkimya.com\/eticaret\/\",\"name\":\"Akerkimya\",\"description\":\"\",\"potentialAction\":[{\"@type\":\"SearchAction\",\"target\":{\"@type\":\"EntryPoint\",\"urlTemplate\":\"https:\/\/akerkimya.com\/eticaret\/?s={search_term_string}\"},\"query-input\":\"required name=search_term_string\"}],\"inLanguage\":\"tr\"}]}<\/script>\n<!-- \/ Yoast SEO Premium plugin. -->","yoast_head_json":{"title":"PEA GREEN (GIDA BOYASI) - Akerkimya","robots":{"index":"index","follow":"follow","max-snippet":"max-snippet:-1","max-image-preview":"max-image-preview:large","max-video-preview":"max-video-preview:-1"},"canonical":"https:\/\/akerkimya.com\/eticaret\/urun\/pea-green-gida-boyasi-2\/","og_locale":"tr_TR","og_type":"article","og_title":"PEA GREEN (GIDA BOYASI)","og_description":"PEA GREEN (GIDA BOYASI) Pea Green, C37H34N2Na2O10S3 kimyasal form\u00fcl\u00fcne sahip sentetik g\u0131da boyas\u0131d\u0131r. G\u0131da end\u00fcstrisinde renklendirme amac\u0131yla kullan\u0131l\u0131r. \u00a0 ALLURA","og_url":"https:\/\/akerkimya.com\/eticaret\/urun\/pea-green-gida-boyasi-2\/","og_site_name":"Akerkimya","article_modified_time":"2026-03-29T23:24:21+00:00","twitter_card":"summary_large_image","twitter_misc":{"Tahmini okuma s\u00fcresi":"1 dakika"},"schema":{"@context":"https:\/\/schema.org","@graph":[{"@type":"WebPage","@id":"https:\/\/akerkimya.com\/eticaret\/urun\/pea-green-gida-boyasi-2\/","url":"https:\/\/akerkimya.com\/eticaret\/urun\/pea-green-gida-boyasi-2\/","name":"PEA GREEN (GIDA BOYASI) - Akerkimya","isPartOf":{"@id":"https:\/\/akerkimya.com\/eticaret\/#website"},"datePublished":"2026-03-29T23:08:31+00:00","dateModified":"2026-03-29T23:24:21+00:00","breadcrumb":{"@id":"https:\/\/akerkimya.com\/eticaret\/urun\/pea-green-gida-boyasi-2\/#breadcrumb"},"inLanguage":"tr","potentialAction":[{"@type":"ReadAction","target":["https:\/\/akerkimya.com\/eticaret\/urun\/pea-green-gida-boyasi-2\/"]}]},{"@type":"BreadcrumbList","@id":"https:\/\/akerkimya.com\/eticaret\/urun\/pea-green-gida-boyasi-2\/#breadcrumb","itemListElement":[{"@type":"ListItem","position":1,"name":"Home","item":"https:\/\/akerkimya.com\/eticaret\/"},{"@type":"ListItem","position":2,"name":"Market","item":"https:\/\/akerkimya.com\/eticaret\/market\/"},{"@type":"ListItem","position":3,"name":"PEA GREEN (GIDA BOYASI)"}]},{"@type":"WebSite","@id":"https:\/\/akerkimya.com\/eticaret\/#website","url":"https:\/\/akerkimya.com\/eticaret\/","name":"Akerkimya","description":"","potentialAction":[{"@type":"SearchAction","target":{"@type":"EntryPoint","urlTemplate":"https:\/\/akerkimya.com\/eticaret\/?s={search_term_string}"},"query-input":"required name=search_term_string"}],"inLanguage":"tr"}]}},"_links":{"self":[{"href":"https:\/\/akerkimya.com\/eticaret\/wp-json\/wp\/v2\/product\/20666","targetHints":{"allow":["GET"]}}],"collection":[{"href":"https:\/\/akerkimya.com\/eticaret\/wp-json\/wp\/v2\/product"}],"about":[{"href":"https:\/\/akerkimya.com\/eticaret\/wp-json\/wp\/v2\/types\/product"}],"replies":[{"embeddable":true,"href":"https:\/\/akerkimya.com\/eticaret\/wp-json\/wp\/v2\/comments?post=20666"}],"version-history":[{"count":1,"href":"https:\/\/akerkimya.com\/eticaret\/wp-json\/wp\/v2\/product\/20666\/revisions"}],"predecessor-version":[{"id":20669,"href":"https:\/\/akerkimya.com\/eticaret\/wp-json\/wp\/v2\/product\/20666\/revisions\/20669"}],"wp:featuredmedia":[{"embeddable":true,"href":"https:\/\/akerkimya.com\/eticaret\/wp-json\/wp\/v2\/media\/17674"}],"wp:attachment":[{"href":"https:\/\/akerkimya.com\/eticaret\/wp-json\/wp\/v2\/media?parent=20666"}],"wp:term":[{"taxonomy":"product_cat","embeddable":true,"href":"https:\/\/akerkimya.com\/eticaret\/wp-json\/wp\/v2\/product_cat?post=20666"},{"taxonomy":"product_tag","embeddable":true,"href":"https:\/\/akerkimya.com\/eticaret\/wp-json\/wp\/v2\/product_tag?post=20666"}],"curies":[{"name":"wp","href":"https:\/\/api.w.org\/{rel}","templated":true}]}}