{"id":20728,"date":"2026-03-30T02:08:46","date_gmt":"2026-03-29T23:08:46","guid":{"rendered":"https:\/\/akerkimya.com\/eticaret\/?post_type=product&#038;p=20728"},"modified":"2026-03-30T02:24:24","modified_gmt":"2026-03-29T23:24:24","slug":"tartrazine-gida-boyasi-2","status":"publish","type":"product","link":"https:\/\/akerkimya.com\/eticaret\/urun\/tartrazine-gida-boyasi-2\/","title":{"rendered":"TARTRAZ\u0130NE (GIDA BOYASI)"},"content":{"rendered":"<h1>TARTRAZ\u0130NE (GIDA BOYASI)<\/h1>\n<p><strong>Tartrazine, sentetik toz g\u0131da boyas\u0131d\u0131r. Sar\u0131 renk verir. Benzenden \u00fcretilir. D\u00fcnyada en \u00e7ok kullan\u0131lan renk katk\u0131 maddelerinden biridir.<\/strong><\/p>\n<p><strong>\u00a0<\/strong><\/p>\n<p><strong>TARTRAZ\u0130NE \u00d6ZELL\u0130KLER\u0130<\/strong><\/p>\n<p><strong>Sar\u0131 renkte toz formdad\u0131r.<\/strong><\/p>\n<p><strong>Suda \u00e7\u00f6z\u00fcn\u00fcr.<\/strong><\/p>\n<p><strong>Suda \u00e7\u00f6z\u00fcnd\u00fc\u011f\u00fcnde sar\u0131d\u0131r ve sulu \u00e7\u00f6zeltisi, s\u00fclf\u00fcrik asit, nitrik asit, hidroklorik asit ve sodyum hidroksitle maruz kald\u0131\u011f\u0131nda sar\u0131 kal\u0131r.<\/strong><\/p>\n<p><strong>Tartarik asit ve sitrik asitte stabildir.<\/strong><\/p>\n<p><strong>\u00a0<\/strong><\/p>\n<p><strong>TEKN\u0130K \u00d6ZELL\u0130KLER\u0130<\/strong><\/p>\n<p><strong>CAS NUMARASI: 12225-699-5<\/strong><\/p>\n<p><strong>EC NUMARASI: 217-699-5<\/strong><\/p>\n<p><strong>E-KOD: 102<\/strong><\/p>\n<p><strong>MOLEK\u00dcLER FORM\u00dcL: C16H9N4O9S2Na3 <\/strong><\/p>\n<p><strong>K\u0130MYASAL \u0130SM\u0130: Tartrazine<\/strong><\/p>\n<p><strong>\u00a0<\/strong><\/p>\n<p><strong>KULLANIM ALANLARI<\/strong><\/p>\n<p><strong>G\u0131da sekt\u00f6r\u00fcnde, \u015fekerlemeler, alkols\u00fcz i\u00e7ecekler, haz\u0131r pudingler, kahvalt\u0131l\u0131k gevrekler, dondurma, sak\u0131z vb. \u00fcr\u00fcnlerde kullan\u0131l\u0131r.<\/strong><\/p>\n<p><strong>Kozmetik sekt\u00f6r\u00fcnde, \u015fampuan, oje, yumu\u015fat\u0131c\u0131lar gibi \u00fcr\u00fcnlerde kullan\u0131l\u0131r.<\/strong><\/p>\n<p><strong>Sabun \u00fcretimde renklendirici olarak kullan\u0131l\u0131r.<\/strong><\/p>\n<p><strong>\u00a0<\/strong><\/p>\n<p><strong>AMBALAJ<\/strong><\/p>\n<p><strong>100-250-500 gram ve 1 kg torbalar halinde <\/strong><\/p>\n<p><strong>\u00a0<\/strong><\/p>\n<p><strong>DEPOLAMA <\/strong><\/p>\n<p><strong>Serin ve kuru bir alanda muhafaza ediniz.<\/strong><\/p>\n","protected":false},"excerpt":{"rendered":"<p>TARTRAZ\u0130NE (GIDA BOYASI) Tartrazine, sentetik toz g\u0131da boyas\u0131d\u0131r. Sar\u0131 renk verir. Benzenden \u00fcretilir. D\u00fcnyada en \u00e7ok kullan\u0131lan renk katk\u0131 maddelerinden<\/p>\n","protected":false},"featured_media":17813,"comment_status":"open","ping_status":"closed","template":"","meta":{"_joinchat":[]},"product_cat":[74,76],"product_tag":[],"class_list":{"0":"post-20728","1":"product","2":"type-product","3":"status-publish","4":"has-post-thumbnail","6":"product_cat-deterjan-ve-kozmetik-kimyasallari","7":"product_cat-gida-ve-katki-kimyasallari","9":"first","10":"instock","11":"shipping-taxable","12":"purchasable","13":"product-type-variable"},"yoast_head":"<!-- This site is optimized with the Yoast SEO Premium plugin v20.2.1 (Yoast SEO v20.2.1) - https:\/\/yoast.com\/wordpress\/plugins\/seo\/ -->\n<title>TARTRAZ\u0130NE (GIDA BOYASI) - Akerkimya<\/title>\n<meta name=\"robots\" content=\"index, follow, max-snippet:-1, max-image-preview:large, max-video-preview:-1\" \/>\n<link rel=\"canonical\" href=\"https:\/\/akerkimya.com\/eticaret\/urun\/tartrazine-gida-boyasi-2\/\" \/>\n<meta property=\"og:locale\" content=\"tr_TR\" \/>\n<meta property=\"og:type\" content=\"article\" \/>\n<meta property=\"og:title\" content=\"TARTRAZ\u0130NE (GIDA BOYASI)\" \/>\n<meta property=\"og:description\" content=\"TARTRAZ\u0130NE (GIDA BOYASI) Tartrazine, sentetik toz g\u0131da boyas\u0131d\u0131r. Sar\u0131 renk verir. Benzenden \u00fcretilir. D\u00fcnyada en \u00e7ok kullan\u0131lan renk katk\u0131 maddelerinden\" \/>\n<meta property=\"og:url\" content=\"https:\/\/akerkimya.com\/eticaret\/urun\/tartrazine-gida-boyasi-2\/\" \/>\n<meta property=\"og:site_name\" content=\"Akerkimya\" \/>\n<meta property=\"article:modified_time\" content=\"2026-03-29T23:24:24+00:00\" \/>\n<meta name=\"twitter:card\" content=\"summary_large_image\" \/>\n<meta name=\"twitter:label1\" content=\"Tahmini okuma s\u00fcresi\" \/>\n\t<meta name=\"twitter:data1\" content=\"1 dakika\" \/>\n<script type=\"application\/ld+json\" class=\"yoast-schema-graph\">{\"@context\":\"https:\/\/schema.org\",\"@graph\":[{\"@type\":\"WebPage\",\"@id\":\"https:\/\/akerkimya.com\/eticaret\/urun\/tartrazine-gida-boyasi-2\/\",\"url\":\"https:\/\/akerkimya.com\/eticaret\/urun\/tartrazine-gida-boyasi-2\/\",\"name\":\"TARTRAZ\u0130NE (GIDA BOYASI) - Akerkimya\",\"isPartOf\":{\"@id\":\"https:\/\/akerkimya.com\/eticaret\/#website\"},\"datePublished\":\"2026-03-29T23:08:46+00:00\",\"dateModified\":\"2026-03-29T23:24:24+00:00\",\"breadcrumb\":{\"@id\":\"https:\/\/akerkimya.com\/eticaret\/urun\/tartrazine-gida-boyasi-2\/#breadcrumb\"},\"inLanguage\":\"tr\",\"potentialAction\":[{\"@type\":\"ReadAction\",\"target\":[\"https:\/\/akerkimya.com\/eticaret\/urun\/tartrazine-gida-boyasi-2\/\"]}]},{\"@type\":\"BreadcrumbList\",\"@id\":\"https:\/\/akerkimya.com\/eticaret\/urun\/tartrazine-gida-boyasi-2\/#breadcrumb\",\"itemListElement\":[{\"@type\":\"ListItem\",\"position\":1,\"name\":\"Home\",\"item\":\"https:\/\/akerkimya.com\/eticaret\/\"},{\"@type\":\"ListItem\",\"position\":2,\"name\":\"Market\",\"item\":\"https:\/\/akerkimya.com\/eticaret\/market\/\"},{\"@type\":\"ListItem\",\"position\":3,\"name\":\"TARTRAZ\u0130NE (GIDA BOYASI)\"}]},{\"@type\":\"WebSite\",\"@id\":\"https:\/\/akerkimya.com\/eticaret\/#website\",\"url\":\"https:\/\/akerkimya.com\/eticaret\/\",\"name\":\"Akerkimya\",\"description\":\"\",\"potentialAction\":[{\"@type\":\"SearchAction\",\"target\":{\"@type\":\"EntryPoint\",\"urlTemplate\":\"https:\/\/akerkimya.com\/eticaret\/?s={search_term_string}\"},\"query-input\":\"required name=search_term_string\"}],\"inLanguage\":\"tr\"}]}<\/script>\n<!-- \/ Yoast SEO Premium plugin. -->","yoast_head_json":{"title":"TARTRAZ\u0130NE (GIDA BOYASI) - Akerkimya","robots":{"index":"index","follow":"follow","max-snippet":"max-snippet:-1","max-image-preview":"max-image-preview:large","max-video-preview":"max-video-preview:-1"},"canonical":"https:\/\/akerkimya.com\/eticaret\/urun\/tartrazine-gida-boyasi-2\/","og_locale":"tr_TR","og_type":"article","og_title":"TARTRAZ\u0130NE (GIDA BOYASI)","og_description":"TARTRAZ\u0130NE (GIDA BOYASI) Tartrazine, sentetik toz g\u0131da boyas\u0131d\u0131r. Sar\u0131 renk verir. Benzenden \u00fcretilir. D\u00fcnyada en \u00e7ok kullan\u0131lan renk katk\u0131 maddelerinden","og_url":"https:\/\/akerkimya.com\/eticaret\/urun\/tartrazine-gida-boyasi-2\/","og_site_name":"Akerkimya","article_modified_time":"2026-03-29T23:24:24+00:00","twitter_card":"summary_large_image","twitter_misc":{"Tahmini okuma s\u00fcresi":"1 dakika"},"schema":{"@context":"https:\/\/schema.org","@graph":[{"@type":"WebPage","@id":"https:\/\/akerkimya.com\/eticaret\/urun\/tartrazine-gida-boyasi-2\/","url":"https:\/\/akerkimya.com\/eticaret\/urun\/tartrazine-gida-boyasi-2\/","name":"TARTRAZ\u0130NE (GIDA BOYASI) - Akerkimya","isPartOf":{"@id":"https:\/\/akerkimya.com\/eticaret\/#website"},"datePublished":"2026-03-29T23:08:46+00:00","dateModified":"2026-03-29T23:24:24+00:00","breadcrumb":{"@id":"https:\/\/akerkimya.com\/eticaret\/urun\/tartrazine-gida-boyasi-2\/#breadcrumb"},"inLanguage":"tr","potentialAction":[{"@type":"ReadAction","target":["https:\/\/akerkimya.com\/eticaret\/urun\/tartrazine-gida-boyasi-2\/"]}]},{"@type":"BreadcrumbList","@id":"https:\/\/akerkimya.com\/eticaret\/urun\/tartrazine-gida-boyasi-2\/#breadcrumb","itemListElement":[{"@type":"ListItem","position":1,"name":"Home","item":"https:\/\/akerkimya.com\/eticaret\/"},{"@type":"ListItem","position":2,"name":"Market","item":"https:\/\/akerkimya.com\/eticaret\/market\/"},{"@type":"ListItem","position":3,"name":"TARTRAZ\u0130NE (GIDA BOYASI)"}]},{"@type":"WebSite","@id":"https:\/\/akerkimya.com\/eticaret\/#website","url":"https:\/\/akerkimya.com\/eticaret\/","name":"Akerkimya","description":"","potentialAction":[{"@type":"SearchAction","target":{"@type":"EntryPoint","urlTemplate":"https:\/\/akerkimya.com\/eticaret\/?s={search_term_string}"},"query-input":"required name=search_term_string"}],"inLanguage":"tr"}]}},"_links":{"self":[{"href":"https:\/\/akerkimya.com\/eticaret\/wp-json\/wp\/v2\/product\/20728","targetHints":{"allow":["GET"]}}],"collection":[{"href":"https:\/\/akerkimya.com\/eticaret\/wp-json\/wp\/v2\/product"}],"about":[{"href":"https:\/\/akerkimya.com\/eticaret\/wp-json\/wp\/v2\/types\/product"}],"replies":[{"embeddable":true,"href":"https:\/\/akerkimya.com\/eticaret\/wp-json\/wp\/v2\/comments?post=20728"}],"version-history":[{"count":1,"href":"https:\/\/akerkimya.com\/eticaret\/wp-json\/wp\/v2\/product\/20728\/revisions"}],"predecessor-version":[{"id":20738,"href":"https:\/\/akerkimya.com\/eticaret\/wp-json\/wp\/v2\/product\/20728\/revisions\/20738"}],"wp:featuredmedia":[{"embeddable":true,"href":"https:\/\/akerkimya.com\/eticaret\/wp-json\/wp\/v2\/media\/17813"}],"wp:attachment":[{"href":"https:\/\/akerkimya.com\/eticaret\/wp-json\/wp\/v2\/media?parent=20728"}],"wp:term":[{"taxonomy":"product_cat","embeddable":true,"href":"https:\/\/akerkimya.com\/eticaret\/wp-json\/wp\/v2\/product_cat?post=20728"},{"taxonomy":"product_tag","embeddable":true,"href":"https:\/\/akerkimya.com\/eticaret\/wp-json\/wp\/v2\/product_tag?post=20728"}],"curies":[{"name":"wp","href":"https:\/\/api.w.org\/{rel}","templated":true}]}}