{"id":20736,"date":"2026-03-30T02:08:47","date_gmt":"2026-03-29T23:08:47","guid":{"rendered":"https:\/\/akerkimya.com\/eticaret\/?post_type=product&#038;p=20736"},"modified":"2026-03-30T02:24:25","modified_gmt":"2026-03-29T23:24:25","slug":"vitamin-a-acetat-2","status":"publish","type":"product","link":"https:\/\/akerkimya.com\/eticaret\/urun\/vitamin-a-acetat-2\/","title":{"rendered":"V\u0130TAM\u0130N A (ACETAT)"},"content":{"rendered":"<h1>Vitamin A (Acetat)<\/h1>\n<p><strong>Vitamin A, C22H32O2 form\u00fcl\u00fcne sahip A vitaminin bir ester t\u00fcrevidir. Doymam\u0131\u015f bir esterdir. Potansiyel antineoplastik ve kemopreventif aktivitelere sahiptir.<\/strong><\/p>\n<p><strong>\u00a0<\/strong><\/p>\n<h3><strong>\u00d6zellikler ve Avantajlar\u0131<\/strong><\/h3>\n<p><strong>Hafif sar\u0131 renkte kristal formdad\u0131r.<\/strong><\/p>\n<p><strong>Ya\u011fda veya organik \u00e7\u00f6z\u00fcc\u00fclerde \u00e7\u00f6z\u00fcn\u00fcr. Suda \u00e7\u00f6z\u00fcnmez.<\/strong><\/p>\n<p><strong>Karars\u0131z bir kimyasald\u0131r. Asit, hava, oksitleyici maddeler, y\u00fcksek s\u0131cakl\u0131k ve ultraviyole \u0131\u015f\u0131nlar taraf\u0131nda bozulabilir.<\/strong><\/p>\n<p><em><strong>\u00a0<\/strong><\/em><\/p>\n<h3><strong>Teknik \u00d6zellikleri<\/strong><\/h3>\n<p><strong>CAS NUMARASI: 127-47-9<\/strong><\/p>\n<p><strong>MOLEK\u00dcLER FORM\u00dcL: C22H32O2<\/strong><\/p>\n<p><strong>K\u0130MYASAL \u0130S\u0130MLER\u0130: Vitamin A Acetat, Retinylacetate, Acetik Acid, Retinyl Ester<\/strong><\/p>\n<p><strong>MOLEK\u00dcLER A\u011eIRLIK: 342. 4718<\/strong><\/p>\n<p><strong>ER\u0130ME NOKTASI: 58 \u00b0C<\/strong><\/p>\n<p><strong>KIRILMA \u0130NDEKS\u0130: 1.547-1.555<\/strong><\/p>\n<p><em><strong>\u00a0<\/strong><\/em><\/p>\n<h3><strong>Kullan\u0131m Alanlar\u0131<\/strong><\/h3>\n<p><strong>A vitamini eksili\u011finde besin katk\u0131 maddesi olarak kullan\u0131l\u0131r.<\/strong><\/p>\n<p><strong>Ya\u011fda \u00e7\u00f6z\u00fcn\u00fcr ve epitelyal doku h\u00fccrelerinin b\u00fcy\u00fcmesini sa\u011flar ve sa\u011fl\u0131\u011f\u0131n\u0131 d\u00fczenler.<\/strong><\/p>\n<p><strong>H\u00fccre metabolizmas\u0131n\u0131n normalle\u015fmesi i\u00e7in kullan\u0131l\u0131r.<\/strong><\/p>\n<p><strong>Kozmetik sekt\u00f6r\u00fcnde, cilt k\u0131r\u0131\u015f\u0131kl\u0131klar\u0131n\u0131 giderme etkilerinden dolay\u0131 krem ve losyonlarda kullan\u0131l\u0131r.<\/strong><\/p>\n<p><strong>Cilt bak\u0131m\u0131 ve beyazlatma da kullan\u0131l\u0131r.<\/strong><\/p>\n<p><strong>Yem katk\u0131 maddesi olarak kullan\u0131l\u0131r.<\/strong><\/p>\n<p><strong>Ciltteki ya\u011f dengesini korumada ve g\u00f6zenekleri, siyah noktalar\u0131 azaltmak i\u00e7in kullan\u0131l\u0131r.<\/strong><\/p>\n<p><em><strong>\u00a0<\/strong><\/em><\/p>\n<p><strong>AMBALAJ<\/strong><\/p>\n<p><strong>1-5-25 kg torbalar halindedir.<\/strong><\/p>\n<p><strong>\u00a0<\/strong><\/p>\n<p><strong>DEPOLAMA<\/strong><\/p>\n<p><strong>I\u015f\u0131\u011fa ve neme duyarl\u0131 olup a\u00e7\u0131lmam\u0131\u015f \u00fcr\u00fcn\u00fc oda s\u0131cakl\u0131\u011f\u0131nda muhafaza ediniz. Ambalaj\u0131 a\u00e7\u0131ld\u0131ktan sonra en k\u0131sa s\u00fcrede kullan\u0131n.<\/strong><\/p>\n<p><em><strong>\u00a0<\/strong><\/em><\/p>\n","protected":false},"excerpt":{"rendered":"<p>Vitamin A (Acetat) Vitamin A, C22H32O2 form\u00fcl\u00fcne sahip A vitaminin bir ester t\u00fcrevidir. Doymam\u0131\u015f bir esterdir. Potansiyel antineoplastik ve kemopreventif<\/p>\n","protected":false},"featured_media":17826,"comment_status":"open","ping_status":"closed","template":"","meta":{"_joinchat":[]},"product_cat":[74,76,81],"product_tag":[],"class_list":{"0":"post-20736","1":"product","2":"type-product","3":"status-publish","4":"has-post-thumbnail","6":"product_cat-deterjan-ve-kozmetik-kimyasallari","7":"product_cat-gida-ve-katki-kimyasallari","8":"product_cat-yem-katki-kimyasallari","10":"first","11":"instock","12":"shipping-taxable","13":"purchasable","14":"product-type-variable"},"yoast_head":"<!-- This site is optimized with the Yoast SEO Premium plugin v20.2.1 (Yoast SEO v20.2.1) - https:\/\/yoast.com\/wordpress\/plugins\/seo\/ -->\n<title>V\u0130TAM\u0130N A (ACETAT) - Akerkimya<\/title>\n<meta name=\"robots\" content=\"index, follow, max-snippet:-1, max-image-preview:large, max-video-preview:-1\" \/>\n<link rel=\"canonical\" href=\"https:\/\/akerkimya.com\/eticaret\/urun\/vitamin-a-acetat-2\/\" \/>\n<meta property=\"og:locale\" content=\"tr_TR\" \/>\n<meta property=\"og:type\" content=\"article\" \/>\n<meta property=\"og:title\" content=\"V\u0130TAM\u0130N A (ACETAT)\" \/>\n<meta property=\"og:description\" content=\"Vitamin A (Acetat) Vitamin A, C22H32O2 form\u00fcl\u00fcne sahip A vitaminin bir ester t\u00fcrevidir. Doymam\u0131\u015f bir esterdir. Potansiyel antineoplastik ve kemopreventif\" \/>\n<meta property=\"og:url\" content=\"https:\/\/akerkimya.com\/eticaret\/urun\/vitamin-a-acetat-2\/\" \/>\n<meta property=\"og:site_name\" content=\"Akerkimya\" \/>\n<meta property=\"article:modified_time\" content=\"2026-03-29T23:24:25+00:00\" \/>\n<meta name=\"twitter:card\" content=\"summary_large_image\" \/>\n<meta name=\"twitter:label1\" content=\"Tahmini okuma s\u00fcresi\" \/>\n\t<meta name=\"twitter:data1\" content=\"1 dakika\" \/>\n<script type=\"application\/ld+json\" class=\"yoast-schema-graph\">{\"@context\":\"https:\/\/schema.org\",\"@graph\":[{\"@type\":\"WebPage\",\"@id\":\"https:\/\/akerkimya.com\/eticaret\/urun\/vitamin-a-acetat-2\/\",\"url\":\"https:\/\/akerkimya.com\/eticaret\/urun\/vitamin-a-acetat-2\/\",\"name\":\"V\u0130TAM\u0130N A (ACETAT) - Akerkimya\",\"isPartOf\":{\"@id\":\"https:\/\/akerkimya.com\/eticaret\/#website\"},\"datePublished\":\"2026-03-29T23:08:47+00:00\",\"dateModified\":\"2026-03-29T23:24:25+00:00\",\"breadcrumb\":{\"@id\":\"https:\/\/akerkimya.com\/eticaret\/urun\/vitamin-a-acetat-2\/#breadcrumb\"},\"inLanguage\":\"tr\",\"potentialAction\":[{\"@type\":\"ReadAction\",\"target\":[\"https:\/\/akerkimya.com\/eticaret\/urun\/vitamin-a-acetat-2\/\"]}]},{\"@type\":\"BreadcrumbList\",\"@id\":\"https:\/\/akerkimya.com\/eticaret\/urun\/vitamin-a-acetat-2\/#breadcrumb\",\"itemListElement\":[{\"@type\":\"ListItem\",\"position\":1,\"name\":\"Home\",\"item\":\"https:\/\/akerkimya.com\/eticaret\/\"},{\"@type\":\"ListItem\",\"position\":2,\"name\":\"Market\",\"item\":\"https:\/\/akerkimya.com\/eticaret\/market\/\"},{\"@type\":\"ListItem\",\"position\":3,\"name\":\"V\u0130TAM\u0130N A (ACETAT)\"}]},{\"@type\":\"WebSite\",\"@id\":\"https:\/\/akerkimya.com\/eticaret\/#website\",\"url\":\"https:\/\/akerkimya.com\/eticaret\/\",\"name\":\"Akerkimya\",\"description\":\"\",\"potentialAction\":[{\"@type\":\"SearchAction\",\"target\":{\"@type\":\"EntryPoint\",\"urlTemplate\":\"https:\/\/akerkimya.com\/eticaret\/?s={search_term_string}\"},\"query-input\":\"required name=search_term_string\"}],\"inLanguage\":\"tr\"}]}<\/script>\n<!-- \/ Yoast SEO Premium plugin. -->","yoast_head_json":{"title":"V\u0130TAM\u0130N A (ACETAT) - Akerkimya","robots":{"index":"index","follow":"follow","max-snippet":"max-snippet:-1","max-image-preview":"max-image-preview:large","max-video-preview":"max-video-preview:-1"},"canonical":"https:\/\/akerkimya.com\/eticaret\/urun\/vitamin-a-acetat-2\/","og_locale":"tr_TR","og_type":"article","og_title":"V\u0130TAM\u0130N A (ACETAT)","og_description":"Vitamin A (Acetat) Vitamin A, C22H32O2 form\u00fcl\u00fcne sahip A vitaminin bir ester t\u00fcrevidir. Doymam\u0131\u015f bir esterdir. Potansiyel antineoplastik ve kemopreventif","og_url":"https:\/\/akerkimya.com\/eticaret\/urun\/vitamin-a-acetat-2\/","og_site_name":"Akerkimya","article_modified_time":"2026-03-29T23:24:25+00:00","twitter_card":"summary_large_image","twitter_misc":{"Tahmini okuma s\u00fcresi":"1 dakika"},"schema":{"@context":"https:\/\/schema.org","@graph":[{"@type":"WebPage","@id":"https:\/\/akerkimya.com\/eticaret\/urun\/vitamin-a-acetat-2\/","url":"https:\/\/akerkimya.com\/eticaret\/urun\/vitamin-a-acetat-2\/","name":"V\u0130TAM\u0130N A (ACETAT) - Akerkimya","isPartOf":{"@id":"https:\/\/akerkimya.com\/eticaret\/#website"},"datePublished":"2026-03-29T23:08:47+00:00","dateModified":"2026-03-29T23:24:25+00:00","breadcrumb":{"@id":"https:\/\/akerkimya.com\/eticaret\/urun\/vitamin-a-acetat-2\/#breadcrumb"},"inLanguage":"tr","potentialAction":[{"@type":"ReadAction","target":["https:\/\/akerkimya.com\/eticaret\/urun\/vitamin-a-acetat-2\/"]}]},{"@type":"BreadcrumbList","@id":"https:\/\/akerkimya.com\/eticaret\/urun\/vitamin-a-acetat-2\/#breadcrumb","itemListElement":[{"@type":"ListItem","position":1,"name":"Home","item":"https:\/\/akerkimya.com\/eticaret\/"},{"@type":"ListItem","position":2,"name":"Market","item":"https:\/\/akerkimya.com\/eticaret\/market\/"},{"@type":"ListItem","position":3,"name":"V\u0130TAM\u0130N A (ACETAT)"}]},{"@type":"WebSite","@id":"https:\/\/akerkimya.com\/eticaret\/#website","url":"https:\/\/akerkimya.com\/eticaret\/","name":"Akerkimya","description":"","potentialAction":[{"@type":"SearchAction","target":{"@type":"EntryPoint","urlTemplate":"https:\/\/akerkimya.com\/eticaret\/?s={search_term_string}"},"query-input":"required name=search_term_string"}],"inLanguage":"tr"}]}},"_links":{"self":[{"href":"https:\/\/akerkimya.com\/eticaret\/wp-json\/wp\/v2\/product\/20736","targetHints":{"allow":["GET"]}}],"collection":[{"href":"https:\/\/akerkimya.com\/eticaret\/wp-json\/wp\/v2\/product"}],"about":[{"href":"https:\/\/akerkimya.com\/eticaret\/wp-json\/wp\/v2\/types\/product"}],"replies":[{"embeddable":true,"href":"https:\/\/akerkimya.com\/eticaret\/wp-json\/wp\/v2\/comments?post=20736"}],"version-history":[{"count":1,"href":"https:\/\/akerkimya.com\/eticaret\/wp-json\/wp\/v2\/product\/20736\/revisions"}],"predecessor-version":[{"id":20739,"href":"https:\/\/akerkimya.com\/eticaret\/wp-json\/wp\/v2\/product\/20736\/revisions\/20739"}],"wp:featuredmedia":[{"embeddable":true,"href":"https:\/\/akerkimya.com\/eticaret\/wp-json\/wp\/v2\/media\/17826"}],"wp:attachment":[{"href":"https:\/\/akerkimya.com\/eticaret\/wp-json\/wp\/v2\/media?parent=20736"}],"wp:term":[{"taxonomy":"product_cat","embeddable":true,"href":"https:\/\/akerkimya.com\/eticaret\/wp-json\/wp\/v2\/product_cat?post=20736"},{"taxonomy":"product_tag","embeddable":true,"href":"https:\/\/akerkimya.com\/eticaret\/wp-json\/wp\/v2\/product_tag?post=20736"}],"curies":[{"name":"wp","href":"https:\/\/api.w.org\/{rel}","templated":true}]}}