{"id":20852,"date":"2026-03-30T02:09:17","date_gmt":"2026-03-29T23:09:17","guid":{"rendered":"https:\/\/akerkimya.com\/eticaret\/?post_type=product&#038;p=20852"},"modified":"2026-03-30T02:24:30","modified_gmt":"2026-03-29T23:24:30","slug":"vitamin-b8-inositol-2","status":"publish","type":"product","link":"https:\/\/akerkimya.com\/eticaret\/urun\/vitamin-b8-inositol-2\/","title":{"rendered":"Vitamin B8 (\u0130nositol)"},"content":{"rendered":"<h1>Vitamin B8 (\u0130nositol)<\/h1>\n<p><strong>B8 vitamin, C6H12O6 form\u00fcl\u00fcne sahip miyo-inositol olarak da adland\u0131r\u0131lan beyinde ve di\u011fer memeli dokular\u0131nda bol miktarda bulunan karboksilik \u015fekerdir.<\/strong><\/p>\n<p><strong>\u00a0<\/strong><\/p>\n<h3><strong>\u00d6zellikler ve Avantajlar\u0131<\/strong><\/h3>\n<p><strong>Beyaz kristal toz formundad\u0131r.<\/strong><\/p>\n<p><strong>Suda \u00e7\u00f6z\u00fcn\u00fcr, kloroformda \u00e7ok az \u00e7\u00f6z\u00fcn\u00fcr, etanolde veya eterde \u00e7\u00f6z\u00fcnmez, seyreltik asitte \u00e7\u00f6z\u00fcn\u00fcr.<\/strong><\/p>\n<p><strong>Alkali \u00e7\u00f6zeltide \u0131s\u0131t\u0131ld\u0131\u011f\u0131nda par\u00e7alan\u0131r.<\/strong><\/p>\n<p><strong>S\u0131cak dimetiil formamid veya dimetil s\u00fclfoksit i\u00e7inde \u00e7\u00f6z\u00fcn\u00fcr.<\/strong><\/p>\n<p><strong>Antioksidan \u00f6zellikler ta\u015f\u0131yan kimyasald\u0131r.<\/strong><\/p>\n<p><em><strong>\u00a0<\/strong><\/em><\/p>\n<h3><strong>Teknik \u00d6zellikleri<\/strong><\/h3>\n<p><strong>CAS NUMARASI: 87-89-8<\/strong><\/p>\n<p><strong>EC NUMARASI: 201-781-2<\/strong><\/p>\n<p><strong>MOLEK\u00dcLERFORM\u00dcL: C6H12O6<\/strong><\/p>\n<p><strong>K\u0130MYASAL \u0130SM\u0130: \u0130nositol, B8 vitamini, miyo-inositol, Scyllo- inositol<\/strong><\/p>\n<p><strong>MOLAR K\u00dcTLE: 180,16<\/strong><\/p>\n<p><strong>YO\u011eUNLUK: 1,752 gr \/cm\u00b3<\/strong><\/p>\n<p><strong>ER\u0130ME NOKTASI: 225-227 \u00b0C<\/strong><\/p>\n<p><strong>ALEVLENME NOKTASI: 143 \u00b0C<\/strong><\/p>\n<p><em><strong>\u00a0<\/strong><\/em><\/p>\n<h3><strong>Kullan\u0131m Alanlar\u0131<\/strong><\/h3>\n<p><strong>\u0130ntisol nitrat, bir\u00e7ok modern patlay\u0131c\u0131da ve kat\u0131 roket yak\u0131tlar\u0131nda nitrosel\u00fclozu jelatinle\u015ftirmek i\u00e7in kullan\u0131lmaktad\u0131r.<\/strong><\/p>\n<p><strong>Kompulsif sa\u00e7 yolma ile ilgili bozukluklar\u0131 tedavi etmek i\u00e7in kullan\u0131l\u0131r.<\/strong><\/p>\n<p><strong>\u0130nositol, metabolik sendrom ve polikistik over sendromu i\u00e7in kullan\u0131l\u0131r.<\/strong><\/p>\n<p><strong>\u0130ns\u00fclinin daha iyi \u00e7al\u0131\u015fmas\u0131na yard\u0131mc\u0131 olmak i\u00e7in kullan\u0131l\u0131r.<\/strong><\/p>\n<p><strong>Panik bozuklu\u011fu, depresyon ve obsesif-kampulsif bozukluk gibi zihinsel durumlara yard\u0131mc\u0131 olmak ve v\u00fccuttaki belirli kimyasallar\u0131 dengelemek i\u00e7in kullan\u0131l\u0131r.<\/strong><\/p>\n<p><strong>Y\u00fcksek kaliteli kozmetikler i\u00e7in hammadde olarak kullan\u0131l\u0131r.<\/strong><\/p>\n<p><strong>G\u0131da takviyesi olarak kullan\u0131l\u0131r.<\/strong><\/p>\n<p><strong>\u00a0<\/strong><\/p>\n<p><strong>AMBALAJ<\/strong><\/p>\n<p><strong>1-5-25 kg ambalajlar halindedir.<\/strong><\/p>\n<p><strong>\u00a0<\/strong><\/p>\n<p><strong>DEPOLAMA<\/strong><\/p>\n<p><strong>Serin ve kuru bir alanda muhafaza ediniz.<\/strong><\/p>\n<p><em><strong>\u00a0<\/strong><\/em><\/p>\n","protected":false},"excerpt":{"rendered":"<p>Vitamin B8 (\u0130nositol) B8 vitamin, C6H12O6 form\u00fcl\u00fcne sahip miyo-inositol olarak da adland\u0131r\u0131lan beyinde ve di\u011fer memeli dokular\u0131nda bol miktarda bulunan<\/p>\n","protected":false},"featured_media":18037,"comment_status":"open","ping_status":"closed","template":"","meta":{"_joinchat":[]},"product_cat":[76,80],"product_tag":[],"class_list":{"0":"post-20852","1":"product","2":"type-product","3":"status-publish","4":"has-post-thumbnail","6":"product_cat-gida-ve-katki-kimyasallari","7":"product_cat-veteriner-ve-ilac-kimyasallari","9":"first","10":"instock","11":"shipping-taxable","12":"purchasable","13":"product-type-variable"},"yoast_head":"<!-- This site is optimized with the Yoast SEO Premium plugin v20.2.1 (Yoast SEO v20.2.1) - https:\/\/yoast.com\/wordpress\/plugins\/seo\/ -->\n<title>Vitamin B8 (\u0130nositol) - Akerkimya<\/title>\n<meta name=\"robots\" content=\"index, follow, max-snippet:-1, max-image-preview:large, max-video-preview:-1\" \/>\n<link rel=\"canonical\" href=\"https:\/\/akerkimya.com\/eticaret\/urun\/vitamin-b8-inositol-2\/\" \/>\n<meta property=\"og:locale\" content=\"tr_TR\" \/>\n<meta property=\"og:type\" content=\"article\" \/>\n<meta property=\"og:title\" content=\"Vitamin B8 (\u0130nositol)\" \/>\n<meta property=\"og:description\" content=\"Vitamin B8 (\u0130nositol) B8 vitamin, C6H12O6 form\u00fcl\u00fcne sahip miyo-inositol olarak da adland\u0131r\u0131lan beyinde ve di\u011fer memeli dokular\u0131nda bol miktarda bulunan\" \/>\n<meta property=\"og:url\" content=\"https:\/\/akerkimya.com\/eticaret\/urun\/vitamin-b8-inositol-2\/\" \/>\n<meta property=\"og:site_name\" content=\"Akerkimya\" \/>\n<meta property=\"article:modified_time\" content=\"2026-03-29T23:24:30+00:00\" \/>\n<meta name=\"twitter:card\" content=\"summary_large_image\" \/>\n<meta name=\"twitter:label1\" content=\"Tahmini okuma s\u00fcresi\" \/>\n\t<meta name=\"twitter:data1\" content=\"1 dakika\" \/>\n<script type=\"application\/ld+json\" class=\"yoast-schema-graph\">{\"@context\":\"https:\/\/schema.org\",\"@graph\":[{\"@type\":\"WebPage\",\"@id\":\"https:\/\/akerkimya.com\/eticaret\/urun\/vitamin-b8-inositol-2\/\",\"url\":\"https:\/\/akerkimya.com\/eticaret\/urun\/vitamin-b8-inositol-2\/\",\"name\":\"Vitamin B8 (\u0130nositol) - Akerkimya\",\"isPartOf\":{\"@id\":\"https:\/\/akerkimya.com\/eticaret\/#website\"},\"datePublished\":\"2026-03-29T23:09:17+00:00\",\"dateModified\":\"2026-03-29T23:24:30+00:00\",\"breadcrumb\":{\"@id\":\"https:\/\/akerkimya.com\/eticaret\/urun\/vitamin-b8-inositol-2\/#breadcrumb\"},\"inLanguage\":\"tr\",\"potentialAction\":[{\"@type\":\"ReadAction\",\"target\":[\"https:\/\/akerkimya.com\/eticaret\/urun\/vitamin-b8-inositol-2\/\"]}]},{\"@type\":\"BreadcrumbList\",\"@id\":\"https:\/\/akerkimya.com\/eticaret\/urun\/vitamin-b8-inositol-2\/#breadcrumb\",\"itemListElement\":[{\"@type\":\"ListItem\",\"position\":1,\"name\":\"Home\",\"item\":\"https:\/\/akerkimya.com\/eticaret\/\"},{\"@type\":\"ListItem\",\"position\":2,\"name\":\"Market\",\"item\":\"https:\/\/akerkimya.com\/eticaret\/market\/\"},{\"@type\":\"ListItem\",\"position\":3,\"name\":\"Vitamin B8 (\u0130nositol)\"}]},{\"@type\":\"WebSite\",\"@id\":\"https:\/\/akerkimya.com\/eticaret\/#website\",\"url\":\"https:\/\/akerkimya.com\/eticaret\/\",\"name\":\"Akerkimya\",\"description\":\"\",\"potentialAction\":[{\"@type\":\"SearchAction\",\"target\":{\"@type\":\"EntryPoint\",\"urlTemplate\":\"https:\/\/akerkimya.com\/eticaret\/?s={search_term_string}\"},\"query-input\":\"required name=search_term_string\"}],\"inLanguage\":\"tr\"}]}<\/script>\n<!-- \/ Yoast SEO Premium plugin. -->","yoast_head_json":{"title":"Vitamin B8 (\u0130nositol) - Akerkimya","robots":{"index":"index","follow":"follow","max-snippet":"max-snippet:-1","max-image-preview":"max-image-preview:large","max-video-preview":"max-video-preview:-1"},"canonical":"https:\/\/akerkimya.com\/eticaret\/urun\/vitamin-b8-inositol-2\/","og_locale":"tr_TR","og_type":"article","og_title":"Vitamin B8 (\u0130nositol)","og_description":"Vitamin B8 (\u0130nositol) B8 vitamin, C6H12O6 form\u00fcl\u00fcne sahip miyo-inositol olarak da adland\u0131r\u0131lan beyinde ve di\u011fer memeli dokular\u0131nda bol miktarda bulunan","og_url":"https:\/\/akerkimya.com\/eticaret\/urun\/vitamin-b8-inositol-2\/","og_site_name":"Akerkimya","article_modified_time":"2026-03-29T23:24:30+00:00","twitter_card":"summary_large_image","twitter_misc":{"Tahmini okuma s\u00fcresi":"1 dakika"},"schema":{"@context":"https:\/\/schema.org","@graph":[{"@type":"WebPage","@id":"https:\/\/akerkimya.com\/eticaret\/urun\/vitamin-b8-inositol-2\/","url":"https:\/\/akerkimya.com\/eticaret\/urun\/vitamin-b8-inositol-2\/","name":"Vitamin B8 (\u0130nositol) - Akerkimya","isPartOf":{"@id":"https:\/\/akerkimya.com\/eticaret\/#website"},"datePublished":"2026-03-29T23:09:17+00:00","dateModified":"2026-03-29T23:24:30+00:00","breadcrumb":{"@id":"https:\/\/akerkimya.com\/eticaret\/urun\/vitamin-b8-inositol-2\/#breadcrumb"},"inLanguage":"tr","potentialAction":[{"@type":"ReadAction","target":["https:\/\/akerkimya.com\/eticaret\/urun\/vitamin-b8-inositol-2\/"]}]},{"@type":"BreadcrumbList","@id":"https:\/\/akerkimya.com\/eticaret\/urun\/vitamin-b8-inositol-2\/#breadcrumb","itemListElement":[{"@type":"ListItem","position":1,"name":"Home","item":"https:\/\/akerkimya.com\/eticaret\/"},{"@type":"ListItem","position":2,"name":"Market","item":"https:\/\/akerkimya.com\/eticaret\/market\/"},{"@type":"ListItem","position":3,"name":"Vitamin B8 (\u0130nositol)"}]},{"@type":"WebSite","@id":"https:\/\/akerkimya.com\/eticaret\/#website","url":"https:\/\/akerkimya.com\/eticaret\/","name":"Akerkimya","description":"","potentialAction":[{"@type":"SearchAction","target":{"@type":"EntryPoint","urlTemplate":"https:\/\/akerkimya.com\/eticaret\/?s={search_term_string}"},"query-input":"required name=search_term_string"}],"inLanguage":"tr"}]}},"_links":{"self":[{"href":"https:\/\/akerkimya.com\/eticaret\/wp-json\/wp\/v2\/product\/20852","targetHints":{"allow":["GET"]}}],"collection":[{"href":"https:\/\/akerkimya.com\/eticaret\/wp-json\/wp\/v2\/product"}],"about":[{"href":"https:\/\/akerkimya.com\/eticaret\/wp-json\/wp\/v2\/types\/product"}],"replies":[{"embeddable":true,"href":"https:\/\/akerkimya.com\/eticaret\/wp-json\/wp\/v2\/comments?post=20852"}],"version-history":[{"count":1,"href":"https:\/\/akerkimya.com\/eticaret\/wp-json\/wp\/v2\/product\/20852\/revisions"}],"predecessor-version":[{"id":20869,"href":"https:\/\/akerkimya.com\/eticaret\/wp-json\/wp\/v2\/product\/20852\/revisions\/20869"}],"wp:featuredmedia":[{"embeddable":true,"href":"https:\/\/akerkimya.com\/eticaret\/wp-json\/wp\/v2\/media\/18037"}],"wp:attachment":[{"href":"https:\/\/akerkimya.com\/eticaret\/wp-json\/wp\/v2\/media?parent=20852"}],"wp:term":[{"taxonomy":"product_cat","embeddable":true,"href":"https:\/\/akerkimya.com\/eticaret\/wp-json\/wp\/v2\/product_cat?post=20852"},{"taxonomy":"product_tag","embeddable":true,"href":"https:\/\/akerkimya.com\/eticaret\/wp-json\/wp\/v2\/product_tag?post=20852"}],"curies":[{"name":"wp","href":"https:\/\/api.w.org\/{rel}","templated":true}]}}