{"id":20859,"date":"2026-03-30T02:09:17","date_gmt":"2026-03-29T23:09:17","guid":{"rendered":"https:\/\/akerkimya.com\/eticaret\/?post_type=product&#038;p=20859"},"modified":"2026-03-30T02:24:30","modified_gmt":"2026-03-29T23:24:30","slug":"vitamin-b9-folik-asit-2","status":"publish","type":"product","link":"https:\/\/akerkimya.com\/eticaret\/urun\/vitamin-b9-folik-asit-2\/","title":{"rendered":"V\u0130TAM\u0130N B9 (FOL\u0130K AS\u0130T)"},"content":{"rendered":"<h1>Vitamin B9 (Folik Asit)<\/h1>\n<p><strong>Vitamin B9, C19H19N7O6 form\u00fcl\u00fcne sahip ye\u015fil yapraklarda yayg\u0131n olarak bulundu\u011fundan Folik asitte denilen organik bir bile\u015fiktir. Glutamik asit bile\u015fiminden olu\u015fur.<\/strong><\/p>\n<p><strong>\u00a0<\/strong><br \/>\n<strong>\u00d6zellikler ve Avantajlar\u0131<\/strong><br \/>\n<strong>Sar\u0131 veya turuncu kristal toz formundad\u0131r.<\/strong><\/p>\n<p><strong>Su i\u00e7erisinde m\u0131zrak \u015feklinde kristallenir. 250 \u00b0C \u2018 de esmerle\u015ferek bozunur.<\/strong><\/p>\n<p><strong>Bazik ve n\u00f6tr \u00e7\u00f6zeltilerinde \u0131s\u0131ya pek dayan\u0131kl\u0131 de\u011fildir.<\/strong><\/p>\n<p><strong>Suda ve \u00e7o\u011fu organik \u00e7\u00f6z\u00fcc\u00fcde pratik olarak \u00e7\u00f6z\u00fcnmez. Seyreltik asitlerde ve alkali \u00e7\u00f6zeltilerde \u00e7\u00f6z\u00fcn\u00fcr.<\/strong><\/p>\n<p><em><strong>\u00a0<\/strong><\/em><\/p>\n<h3><strong>Teknik \u00d6zellikleri<\/strong><\/h3>\n<p><strong>CAS NO: 59-30-3<\/strong><\/p>\n<p><strong>EC NO: 200-419-0<\/strong><\/p>\n<p><strong>MOLEK\u00dcLER FORM\u00dcL: C19H19N7O6<\/strong><\/p>\n<p><strong>K\u0130MYASAL \u0130SM\u0130: Vitamin B9, Folik Asit, Asit Folikum, Sitofol, Folasin<\/strong><\/p>\n<p><strong>MOLEK\u00dcLER A\u011eIRLIK: 441,40 gr\/mol<\/strong><\/p>\n<p><strong>SAFLIK: %97<\/strong><\/p>\n<p><strong>ER\u0130ME NOKTASI: 250 \u00b0C<\/strong><\/p>\n<p><strong>PH DE\u011eER\u0130: 4,0- 4,8 (100 g\/L, H2O, 25 \u00b0C)<\/strong><\/p>\n<p><strong>K\u00dcTLE YO\u011eUNLU\u011eU: 110 kg\/m\u00b3<\/strong><\/p>\n<p><strong>\u00c7\u00d6Z\u00dcN\u00dcRL\u00dcK: 0,002 gr\/L<\/strong><\/p>\n<p><em><strong>\u00a0<\/strong><\/em><\/p>\n<h3><strong>Kullan\u0131m Alanlar\u0131<\/strong><\/h3>\n<p><strong>Tar\u0131m sekt\u00f6r\u00fcnde, bitkilerde verimlili\u011fi artt\u0131rmak ve olu\u015fabilecek hastal\u0131klara kar\u015f\u0131 diren\u00e7 kazand\u0131rmak i\u00e7in kullan\u0131l\u0131r.<\/strong><\/p>\n<p><strong>Kandaki d\u00fc\u015f\u00fck folat seviyelerini ve y\u00fcksek kan homosisteinseviyelerini \u00f6nlemek ve tedavi etmek i\u00e7in kullan\u0131l\u0131r.<\/strong><\/p>\n<p><strong>Hamile bireylerde spina bifida gibi sorunlar\u0131 \u00f6nlemek i\u00e7in takviye ila\u00e7lar\u0131nda kullan\u0131l\u0131r.<\/strong><\/p>\n<p><strong>Depresyon, fel\u00e7, haf\u0131za ve d\u00fc\u015f\u00fcnme becerilerinde azalma ve bir\u00e7ok ba\u015fka durumlarda da kullan\u0131l\u0131r.<\/strong><\/p>\n<p><strong>\u015eiddetli artit, crohn hastal\u0131\u011f\u0131 veya sedef hastal\u0131\u011f\u0131n\u0131 tedavi etmek i\u00e7in kullan\u0131lan metotreksat\u0131n yan etkileri azaltmak i\u00e7in kullan\u0131l\u0131r.<\/strong><\/p>\n<p><em><strong>\u00a0<\/strong><\/em><\/p>\n<p><strong>AMBALAJ<\/strong><\/p>\n<p><strong>50-100-250-500 gr paketler ve 1-5-25 kg torbalar halinde<\/strong><\/p>\n<p><strong>\u00a0<\/strong><\/p>\n<p><strong>DEPOLAMA<\/strong><\/p>\n<p><strong>Serin ve kuru bir alanda muhafaza ediniz.<\/strong><\/p>\n","protected":false},"excerpt":{"rendered":"<p>Vitamin B9 (Folik Asit) Vitamin B9, C19H19N7O6 form\u00fcl\u00fcne sahip ye\u015fil yapraklarda yayg\u0131n olarak bulundu\u011fundan Folik asitte denilen organik bir bile\u015fiktir.<\/p>\n","protected":false},"featured_media":18049,"comment_status":"open","ping_status":"closed","template":"","meta":{"_joinchat":[]},"product_cat":[79,80],"product_tag":[],"class_list":{"0":"post-20859","1":"product","2":"type-product","3":"status-publish","4":"has-post-thumbnail","6":"product_cat-tarim-kimyasallari","7":"product_cat-veteriner-ve-ilac-kimyasallari","9":"first","10":"instock","11":"shipping-taxable","12":"purchasable","13":"product-type-variable"},"yoast_head":"<!-- This site is optimized with the Yoast SEO Premium plugin v20.2.1 (Yoast SEO v20.2.1) - https:\/\/yoast.com\/wordpress\/plugins\/seo\/ -->\n<title>V\u0130TAM\u0130N B9 (FOL\u0130K AS\u0130T) - Akerkimya<\/title>\n<meta name=\"robots\" content=\"index, follow, max-snippet:-1, max-image-preview:large, max-video-preview:-1\" \/>\n<link rel=\"canonical\" href=\"https:\/\/akerkimya.com\/eticaret\/urun\/vitamin-b9-folik-asit-2\/\" \/>\n<meta property=\"og:locale\" content=\"tr_TR\" \/>\n<meta property=\"og:type\" content=\"article\" \/>\n<meta property=\"og:title\" content=\"V\u0130TAM\u0130N B9 (FOL\u0130K AS\u0130T)\" \/>\n<meta property=\"og:description\" content=\"Vitamin B9 (Folik Asit) Vitamin B9, C19H19N7O6 form\u00fcl\u00fcne sahip ye\u015fil yapraklarda yayg\u0131n olarak bulundu\u011fundan Folik asitte denilen organik bir bile\u015fiktir.\" \/>\n<meta property=\"og:url\" content=\"https:\/\/akerkimya.com\/eticaret\/urun\/vitamin-b9-folik-asit-2\/\" \/>\n<meta property=\"og:site_name\" content=\"Akerkimya\" \/>\n<meta property=\"article:modified_time\" content=\"2026-03-29T23:24:30+00:00\" \/>\n<meta name=\"twitter:card\" content=\"summary_large_image\" \/>\n<meta name=\"twitter:label1\" content=\"Tahmini okuma s\u00fcresi\" \/>\n\t<meta name=\"twitter:data1\" content=\"1 dakika\" \/>\n<script type=\"application\/ld+json\" class=\"yoast-schema-graph\">{\"@context\":\"https:\/\/schema.org\",\"@graph\":[{\"@type\":\"WebPage\",\"@id\":\"https:\/\/akerkimya.com\/eticaret\/urun\/vitamin-b9-folik-asit-2\/\",\"url\":\"https:\/\/akerkimya.com\/eticaret\/urun\/vitamin-b9-folik-asit-2\/\",\"name\":\"V\u0130TAM\u0130N B9 (FOL\u0130K AS\u0130T) - Akerkimya\",\"isPartOf\":{\"@id\":\"https:\/\/akerkimya.com\/eticaret\/#website\"},\"datePublished\":\"2026-03-29T23:09:17+00:00\",\"dateModified\":\"2026-03-29T23:24:30+00:00\",\"breadcrumb\":{\"@id\":\"https:\/\/akerkimya.com\/eticaret\/urun\/vitamin-b9-folik-asit-2\/#breadcrumb\"},\"inLanguage\":\"tr\",\"potentialAction\":[{\"@type\":\"ReadAction\",\"target\":[\"https:\/\/akerkimya.com\/eticaret\/urun\/vitamin-b9-folik-asit-2\/\"]}]},{\"@type\":\"BreadcrumbList\",\"@id\":\"https:\/\/akerkimya.com\/eticaret\/urun\/vitamin-b9-folik-asit-2\/#breadcrumb\",\"itemListElement\":[{\"@type\":\"ListItem\",\"position\":1,\"name\":\"Home\",\"item\":\"https:\/\/akerkimya.com\/eticaret\/\"},{\"@type\":\"ListItem\",\"position\":2,\"name\":\"Market\",\"item\":\"https:\/\/akerkimya.com\/eticaret\/market\/\"},{\"@type\":\"ListItem\",\"position\":3,\"name\":\"V\u0130TAM\u0130N B9 (FOL\u0130K AS\u0130T)\"}]},{\"@type\":\"WebSite\",\"@id\":\"https:\/\/akerkimya.com\/eticaret\/#website\",\"url\":\"https:\/\/akerkimya.com\/eticaret\/\",\"name\":\"Akerkimya\",\"description\":\"\",\"potentialAction\":[{\"@type\":\"SearchAction\",\"target\":{\"@type\":\"EntryPoint\",\"urlTemplate\":\"https:\/\/akerkimya.com\/eticaret\/?s={search_term_string}\"},\"query-input\":\"required name=search_term_string\"}],\"inLanguage\":\"tr\"}]}<\/script>\n<!-- \/ Yoast SEO Premium plugin. -->","yoast_head_json":{"title":"V\u0130TAM\u0130N B9 (FOL\u0130K AS\u0130T) - Akerkimya","robots":{"index":"index","follow":"follow","max-snippet":"max-snippet:-1","max-image-preview":"max-image-preview:large","max-video-preview":"max-video-preview:-1"},"canonical":"https:\/\/akerkimya.com\/eticaret\/urun\/vitamin-b9-folik-asit-2\/","og_locale":"tr_TR","og_type":"article","og_title":"V\u0130TAM\u0130N B9 (FOL\u0130K AS\u0130T)","og_description":"Vitamin B9 (Folik Asit) Vitamin B9, C19H19N7O6 form\u00fcl\u00fcne sahip ye\u015fil yapraklarda yayg\u0131n olarak bulundu\u011fundan Folik asitte denilen organik bir bile\u015fiktir.","og_url":"https:\/\/akerkimya.com\/eticaret\/urun\/vitamin-b9-folik-asit-2\/","og_site_name":"Akerkimya","article_modified_time":"2026-03-29T23:24:30+00:00","twitter_card":"summary_large_image","twitter_misc":{"Tahmini okuma s\u00fcresi":"1 dakika"},"schema":{"@context":"https:\/\/schema.org","@graph":[{"@type":"WebPage","@id":"https:\/\/akerkimya.com\/eticaret\/urun\/vitamin-b9-folik-asit-2\/","url":"https:\/\/akerkimya.com\/eticaret\/urun\/vitamin-b9-folik-asit-2\/","name":"V\u0130TAM\u0130N B9 (FOL\u0130K AS\u0130T) - Akerkimya","isPartOf":{"@id":"https:\/\/akerkimya.com\/eticaret\/#website"},"datePublished":"2026-03-29T23:09:17+00:00","dateModified":"2026-03-29T23:24:30+00:00","breadcrumb":{"@id":"https:\/\/akerkimya.com\/eticaret\/urun\/vitamin-b9-folik-asit-2\/#breadcrumb"},"inLanguage":"tr","potentialAction":[{"@type":"ReadAction","target":["https:\/\/akerkimya.com\/eticaret\/urun\/vitamin-b9-folik-asit-2\/"]}]},{"@type":"BreadcrumbList","@id":"https:\/\/akerkimya.com\/eticaret\/urun\/vitamin-b9-folik-asit-2\/#breadcrumb","itemListElement":[{"@type":"ListItem","position":1,"name":"Home","item":"https:\/\/akerkimya.com\/eticaret\/"},{"@type":"ListItem","position":2,"name":"Market","item":"https:\/\/akerkimya.com\/eticaret\/market\/"},{"@type":"ListItem","position":3,"name":"V\u0130TAM\u0130N B9 (FOL\u0130K AS\u0130T)"}]},{"@type":"WebSite","@id":"https:\/\/akerkimya.com\/eticaret\/#website","url":"https:\/\/akerkimya.com\/eticaret\/","name":"Akerkimya","description":"","potentialAction":[{"@type":"SearchAction","target":{"@type":"EntryPoint","urlTemplate":"https:\/\/akerkimya.com\/eticaret\/?s={search_term_string}"},"query-input":"required name=search_term_string"}],"inLanguage":"tr"}]}},"_links":{"self":[{"href":"https:\/\/akerkimya.com\/eticaret\/wp-json\/wp\/v2\/product\/20859","targetHints":{"allow":["GET"]}}],"collection":[{"href":"https:\/\/akerkimya.com\/eticaret\/wp-json\/wp\/v2\/product"}],"about":[{"href":"https:\/\/akerkimya.com\/eticaret\/wp-json\/wp\/v2\/types\/product"}],"replies":[{"embeddable":true,"href":"https:\/\/akerkimya.com\/eticaret\/wp-json\/wp\/v2\/comments?post=20859"}],"version-history":[{"count":1,"href":"https:\/\/akerkimya.com\/eticaret\/wp-json\/wp\/v2\/product\/20859\/revisions"}],"predecessor-version":[{"id":20870,"href":"https:\/\/akerkimya.com\/eticaret\/wp-json\/wp\/v2\/product\/20859\/revisions\/20870"}],"wp:featuredmedia":[{"embeddable":true,"href":"https:\/\/akerkimya.com\/eticaret\/wp-json\/wp\/v2\/media\/18049"}],"wp:attachment":[{"href":"https:\/\/akerkimya.com\/eticaret\/wp-json\/wp\/v2\/media?parent=20859"}],"wp:term":[{"taxonomy":"product_cat","embeddable":true,"href":"https:\/\/akerkimya.com\/eticaret\/wp-json\/wp\/v2\/product_cat?post=20859"},{"taxonomy":"product_tag","embeddable":true,"href":"https:\/\/akerkimya.com\/eticaret\/wp-json\/wp\/v2\/product_tag?post=20859"}],"curies":[{"name":"wp","href":"https:\/\/api.w.org\/{rel}","templated":true}]}}