{"id":20893,"date":"2026-03-30T02:09:22","date_gmt":"2026-03-29T23:09:22","guid":{"rendered":"https:\/\/akerkimya.com\/eticaret\/?post_type=product&#038;p=20893"},"modified":"2026-03-30T02:24:32","modified_gmt":"2026-03-29T23:24:32","slug":"selenometihionine-03-selsaf-3000-2","status":"publish","type":"product","link":"https:\/\/akerkimya.com\/eticaret\/urun\/selenometihionine-03-selsaf-3000-2\/","title":{"rendered":"SELENOMET\u0130H\u0130ON\u0130NE %0,3 (SELSAF 3000)"},"content":{"rendered":"<h1>SELENOMET\u0130H\u0130ON\u0130NE %0,3 (SELSAF 3000)<\/h1>\n<p><strong>Selenometionin, do\u011fal olarak olu\u015fan bir amino asittir. Biyoyararlan\u0131m\u0131 y\u00fcksek oranda do\u011fal bir organik selenyum kayna\u011f\u0131d\u0131r. <\/strong><\/p>\n<p><strong>\u00a0<\/strong><\/p>\n<p><strong>SELENOMETH\u0130ON\u0130NE %0,3 \u00d6ZELL\u0130KLER\u0130<\/strong><\/p>\n<p><strong>Bej renginde toz formdad\u0131r. <\/strong><\/p>\n<p><strong>Suda hafif \u00e7\u00f6z\u00fcn\u00fcr ancak ya\u011flarda \u00e7\u00f6z\u00fcnmez.<\/strong><\/p>\n<p><strong>\u00a0<\/strong><\/p>\n<p><strong>TEKN\u0130K \u00d6ZELL\u0130KLER\u0130 <\/strong><\/p>\n<p><strong>CAS NUMARASI: 1217470-45-5<\/strong><\/p>\n<p><strong>EC NUMARASI: 694-206-3<\/strong><\/p>\n<p><strong>MOLEK\u00dcLER FORM\u00dcL: C5H11NO2Se<\/strong><\/p>\n<p><strong>K\u0130MYASAL \u0130SM\u0130: Selenomethionine, Selsaf 3000<\/strong><\/p>\n<p><strong>YO\u011eUNLUK: 0,6<\/strong><\/p>\n<p><strong>ATE\u015eLENME SICAKLI\u011eI: &gt;195 \u00b0C<\/strong><\/p>\n<p><strong>PATLAYICI \u00d6ZELL\u0130\u011e\u0130: 60 g\/m\u00b3<\/strong><\/p>\n<p><strong>KURU MADDE: %96,22<\/strong><\/p>\n<p><strong>SELENYUM: 2822<\/strong><\/p>\n<p><strong>\u00a0<\/strong><\/p>\n<p><strong>KULLANIM ALANLARI <\/strong><\/p>\n<p><strong>\u0130nek, ke\u00e7i koyun, k\u0131srak gibi hayvanlarda olu\u015fan s\u00fctlerin kolostrum ve s\u00fctteki Se i\u00e7eri\u011fini artt\u0131rmada, oksidatif strese kar\u015f\u0131 diren\u00e7 kazan\u0131lmas\u0131nda ve fonksiyonel g\u0131dada selenyumlu s\u00fct\u00fcn zenginle\u015ftirilmesinde kullan\u0131l\u0131r.<\/strong><\/p>\n<p><strong>Yumurta \u00fcretiminde, kulun\u00e7ka rand\u0131man\u0131, yumurtalardaki Se i\u00e7eri\u011fi artt\u0131rmada ve fonksiyonel g\u0131da da selenyumlu yumurta zenginle\u015ftirilmesi i\u00e7in kullan\u0131l\u0131r.<\/strong><\/p>\n<p><strong>Evcil hayvan yemlerinde, ya\u015flanma veya inflamatuar durumlarda oksidatif strese kar\u015f\u0131 diren\u00e7 kazan\u0131lmas\u0131 i\u00e7in kullan\u0131l\u0131r.<\/strong><\/p>\n<p><strong>Su \u00fcr\u00fcnlerinde (bal\u0131k, karides vs.) fileto kalitesini artt\u0131rmak, gamet korumas\u0131 ve do\u011furganl\u0131\u011f\u0131 artt\u0131rmak, bal\u0131k unu yenileme stratejisinde anti-oksidatif aktivitenin s\u00fcrd\u00fcr\u00fclmesinde kullan\u0131l\u0131r.<\/strong><\/p>\n<p><strong>Et \u00fcretiminde (s\u0131\u011f\u0131r eti, kuzu, k\u00fcmes hayvanlar\u0131 vs.) etteki Se i\u00e7eri\u011fini artt\u0131rmak, et kesiminden sonra y\u00fcksek asitlenme ve daha iyi yumu\u015fakl\u0131k sa\u011flamak i\u00e7in kullan\u0131l\u0131r.<\/strong><\/p>\n<p><strong>Atlarda, ta\u015f\u0131ma s\u0131ras\u0131nda \u00fcreme veya beden e\u011fitimi s\u0131ras\u0131nda oksidatif strese kar\u015f\u0131 diren\u00e7 artt\u0131rmada kullan\u0131l\u0131r.<\/strong><\/p>\n<p><strong>\u00a0<\/strong><\/p>\n<p><strong>AMBALAJ<\/strong><\/p>\n<p><strong>1-5-25 kg ambalajlar halinde<\/strong><\/p>\n<p><strong>\u00a0<\/strong><\/p>\n<p><strong>DEPOLAMA <\/strong><\/p>\n<p><strong>Serin ve kuru bir alanda muhafaza ediniz.<\/strong><\/p>\n","protected":false},"excerpt":{"rendered":"<p>SELENOMET\u0130H\u0130ON\u0130NE %0,3 (SELSAF 3000) Selenometionin, do\u011fal olarak olu\u015fan bir amino asittir. Biyoyararlan\u0131m\u0131 y\u00fcksek oranda do\u011fal bir organik selenyum kayna\u011f\u0131d\u0131r. \u00a0<\/p>\n","protected":false},"featured_media":18110,"comment_status":"open","ping_status":"closed","template":"","meta":{"_joinchat":[]},"product_cat":[81],"product_tag":[],"class_list":{"0":"post-20893","1":"product","2":"type-product","3":"status-publish","4":"has-post-thumbnail","6":"product_cat-yem-katki-kimyasallari","8":"first","9":"instock","10":"shipping-taxable","11":"purchasable","12":"product-type-variable"},"yoast_head":"<!-- This site is optimized with the Yoast SEO Premium plugin v20.2.1 (Yoast SEO v20.2.1) - https:\/\/yoast.com\/wordpress\/plugins\/seo\/ -->\n<title>SELENOMET\u0130H\u0130ON\u0130NE %0,3 (SELSAF 3000) - Akerkimya<\/title>\n<meta name=\"robots\" content=\"index, follow, max-snippet:-1, max-image-preview:large, max-video-preview:-1\" \/>\n<link rel=\"canonical\" href=\"https:\/\/akerkimya.com\/eticaret\/urun\/selenometihionine-03-selsaf-3000-2\/\" \/>\n<meta property=\"og:locale\" content=\"tr_TR\" \/>\n<meta property=\"og:type\" content=\"article\" \/>\n<meta property=\"og:title\" content=\"SELENOMET\u0130H\u0130ON\u0130NE %0,3 (SELSAF 3000)\" \/>\n<meta property=\"og:description\" content=\"SELENOMET\u0130H\u0130ON\u0130NE %0,3 (SELSAF 3000) Selenometionin, do\u011fal olarak olu\u015fan bir amino asittir. Biyoyararlan\u0131m\u0131 y\u00fcksek oranda do\u011fal bir organik selenyum kayna\u011f\u0131d\u0131r. \u00a0\" \/>\n<meta property=\"og:url\" content=\"https:\/\/akerkimya.com\/eticaret\/urun\/selenometihionine-03-selsaf-3000-2\/\" \/>\n<meta property=\"og:site_name\" content=\"Akerkimya\" \/>\n<meta property=\"article:modified_time\" content=\"2026-03-29T23:24:32+00:00\" \/>\n<meta name=\"twitter:card\" content=\"summary_large_image\" \/>\n<meta name=\"twitter:label1\" content=\"Tahmini okuma s\u00fcresi\" \/>\n\t<meta name=\"twitter:data1\" content=\"1 dakika\" \/>\n<script type=\"application\/ld+json\" class=\"yoast-schema-graph\">{\"@context\":\"https:\/\/schema.org\",\"@graph\":[{\"@type\":\"WebPage\",\"@id\":\"https:\/\/akerkimya.com\/eticaret\/urun\/selenometihionine-03-selsaf-3000-2\/\",\"url\":\"https:\/\/akerkimya.com\/eticaret\/urun\/selenometihionine-03-selsaf-3000-2\/\",\"name\":\"SELENOMET\u0130H\u0130ON\u0130NE %0,3 (SELSAF 3000) - Akerkimya\",\"isPartOf\":{\"@id\":\"https:\/\/akerkimya.com\/eticaret\/#website\"},\"datePublished\":\"2026-03-29T23:09:22+00:00\",\"dateModified\":\"2026-03-29T23:24:32+00:00\",\"breadcrumb\":{\"@id\":\"https:\/\/akerkimya.com\/eticaret\/urun\/selenometihionine-03-selsaf-3000-2\/#breadcrumb\"},\"inLanguage\":\"tr\",\"potentialAction\":[{\"@type\":\"ReadAction\",\"target\":[\"https:\/\/akerkimya.com\/eticaret\/urun\/selenometihionine-03-selsaf-3000-2\/\"]}]},{\"@type\":\"BreadcrumbList\",\"@id\":\"https:\/\/akerkimya.com\/eticaret\/urun\/selenometihionine-03-selsaf-3000-2\/#breadcrumb\",\"itemListElement\":[{\"@type\":\"ListItem\",\"position\":1,\"name\":\"Home\",\"item\":\"https:\/\/akerkimya.com\/eticaret\/\"},{\"@type\":\"ListItem\",\"position\":2,\"name\":\"Market\",\"item\":\"https:\/\/akerkimya.com\/eticaret\/market\/\"},{\"@type\":\"ListItem\",\"position\":3,\"name\":\"SELENOMET\u0130H\u0130ON\u0130NE %0,3 (SELSAF 3000)\"}]},{\"@type\":\"WebSite\",\"@id\":\"https:\/\/akerkimya.com\/eticaret\/#website\",\"url\":\"https:\/\/akerkimya.com\/eticaret\/\",\"name\":\"Akerkimya\",\"description\":\"\",\"potentialAction\":[{\"@type\":\"SearchAction\",\"target\":{\"@type\":\"EntryPoint\",\"urlTemplate\":\"https:\/\/akerkimya.com\/eticaret\/?s={search_term_string}\"},\"query-input\":\"required name=search_term_string\"}],\"inLanguage\":\"tr\"}]}<\/script>\n<!-- \/ Yoast SEO Premium plugin. -->","yoast_head_json":{"title":"SELENOMET\u0130H\u0130ON\u0130NE %0,3 (SELSAF 3000) - Akerkimya","robots":{"index":"index","follow":"follow","max-snippet":"max-snippet:-1","max-image-preview":"max-image-preview:large","max-video-preview":"max-video-preview:-1"},"canonical":"https:\/\/akerkimya.com\/eticaret\/urun\/selenometihionine-03-selsaf-3000-2\/","og_locale":"tr_TR","og_type":"article","og_title":"SELENOMET\u0130H\u0130ON\u0130NE %0,3 (SELSAF 3000)","og_description":"SELENOMET\u0130H\u0130ON\u0130NE %0,3 (SELSAF 3000) Selenometionin, do\u011fal olarak olu\u015fan bir amino asittir. Biyoyararlan\u0131m\u0131 y\u00fcksek oranda do\u011fal bir organik selenyum kayna\u011f\u0131d\u0131r. \u00a0","og_url":"https:\/\/akerkimya.com\/eticaret\/urun\/selenometihionine-03-selsaf-3000-2\/","og_site_name":"Akerkimya","article_modified_time":"2026-03-29T23:24:32+00:00","twitter_card":"summary_large_image","twitter_misc":{"Tahmini okuma s\u00fcresi":"1 dakika"},"schema":{"@context":"https:\/\/schema.org","@graph":[{"@type":"WebPage","@id":"https:\/\/akerkimya.com\/eticaret\/urun\/selenometihionine-03-selsaf-3000-2\/","url":"https:\/\/akerkimya.com\/eticaret\/urun\/selenometihionine-03-selsaf-3000-2\/","name":"SELENOMET\u0130H\u0130ON\u0130NE %0,3 (SELSAF 3000) - Akerkimya","isPartOf":{"@id":"https:\/\/akerkimya.com\/eticaret\/#website"},"datePublished":"2026-03-29T23:09:22+00:00","dateModified":"2026-03-29T23:24:32+00:00","breadcrumb":{"@id":"https:\/\/akerkimya.com\/eticaret\/urun\/selenometihionine-03-selsaf-3000-2\/#breadcrumb"},"inLanguage":"tr","potentialAction":[{"@type":"ReadAction","target":["https:\/\/akerkimya.com\/eticaret\/urun\/selenometihionine-03-selsaf-3000-2\/"]}]},{"@type":"BreadcrumbList","@id":"https:\/\/akerkimya.com\/eticaret\/urun\/selenometihionine-03-selsaf-3000-2\/#breadcrumb","itemListElement":[{"@type":"ListItem","position":1,"name":"Home","item":"https:\/\/akerkimya.com\/eticaret\/"},{"@type":"ListItem","position":2,"name":"Market","item":"https:\/\/akerkimya.com\/eticaret\/market\/"},{"@type":"ListItem","position":3,"name":"SELENOMET\u0130H\u0130ON\u0130NE %0,3 (SELSAF 3000)"}]},{"@type":"WebSite","@id":"https:\/\/akerkimya.com\/eticaret\/#website","url":"https:\/\/akerkimya.com\/eticaret\/","name":"Akerkimya","description":"","potentialAction":[{"@type":"SearchAction","target":{"@type":"EntryPoint","urlTemplate":"https:\/\/akerkimya.com\/eticaret\/?s={search_term_string}"},"query-input":"required name=search_term_string"}],"inLanguage":"tr"}]}},"_links":{"self":[{"href":"https:\/\/akerkimya.com\/eticaret\/wp-json\/wp\/v2\/product\/20893","targetHints":{"allow":["GET"]}}],"collection":[{"href":"https:\/\/akerkimya.com\/eticaret\/wp-json\/wp\/v2\/product"}],"about":[{"href":"https:\/\/akerkimya.com\/eticaret\/wp-json\/wp\/v2\/types\/product"}],"replies":[{"embeddable":true,"href":"https:\/\/akerkimya.com\/eticaret\/wp-json\/wp\/v2\/comments?post=20893"}],"version-history":[{"count":1,"href":"https:\/\/akerkimya.com\/eticaret\/wp-json\/wp\/v2\/product\/20893\/revisions"}],"predecessor-version":[{"id":20894,"href":"https:\/\/akerkimya.com\/eticaret\/wp-json\/wp\/v2\/product\/20893\/revisions\/20894"}],"wp:featuredmedia":[{"embeddable":true,"href":"https:\/\/akerkimya.com\/eticaret\/wp-json\/wp\/v2\/media\/18110"}],"wp:attachment":[{"href":"https:\/\/akerkimya.com\/eticaret\/wp-json\/wp\/v2\/media?parent=20893"}],"wp:term":[{"taxonomy":"product_cat","embeddable":true,"href":"https:\/\/akerkimya.com\/eticaret\/wp-json\/wp\/v2\/product_cat?post=20893"},{"taxonomy":"product_tag","embeddable":true,"href":"https:\/\/akerkimya.com\/eticaret\/wp-json\/wp\/v2\/product_tag?post=20893"}],"curies":[{"name":"wp","href":"https:\/\/api.w.org\/{rel}","templated":true}]}}